{"id":409,"date":"2023-10-31T10:13:33","date_gmt":"2023-10-31T10:13:33","guid":{"rendered":"https:\/\/polysmarts.com\/?post_type=product&#038;p=409"},"modified":"2023-10-31T10:13:34","modified_gmt":"2023-10-31T10:13:34","slug":"le-cafe-tient-des-sacs-demballage-de-mylar-de-tirette","status":"publish","type":"product","link":"https:\/\/polysmarts.com\/fr\/product\/coffee-stand-up-zipper-mylar-packaging-bags\/","title":{"rendered":"Le caf\u00e9 tient des sacs d&#039;emballage de Mylar de tirette"},"content":{"rendered":"<ul class=\"a-unordered-list a-vertical a-spacing-mini\">\n<li class=\"a-spacing-mini\"><span class=\"a-list-item\">VOLUME\u00a0: La canette peut contenir 250\u00a0g de fruits secs et jusqu&#039;\u00e0 350\u00a0grammes de substances en poudre. En fonction de la taille de votre produit, la capacit\u00e9 du sachet peut varier. Il mesure 5 pouces (13 cm) de largeur et 7 pouces (18 cm) de longueur. Il a 115 microns d&#039;\u00e9paisseur<\/span><\/li>\n<li class=\"a-spacing-mini\"><span class=\"a-list-item\">EMBALLAGE ET STOCKAGE DANS LA CUISINE (SOLIDE et LIQUIDE) - La pochette Ziplock est utilis\u00e9e pour emballer des \u00e9pices, des cornichons, des l\u00e9gumineuses, de la p\u00e2te dosa, des l\u00e9gumes frais, des c\u00e9r\u00e9ales, des noix, de la poudre de masala, des fruits secs, des chocolats, des bonbons, du th\u00e9, du caf\u00e9, des coquilles, des herbes. , bijoux, poudres de prot\u00e9ines et conservation au r\u00e9frig\u00e9rateur. Peut \u00e9galement stocker des sauces et des liquides.<\/span><\/li>\n<li class=\"a-spacing-mini\"><span class=\"a-list-item\">QUALIT\u00c9 SUP\u00c9RIEURE - Ces pochettes zipp\u00e9es haut de gamme sont fabriqu\u00e9es dans un mat\u00e9riau de haute qualit\u00e9, ce qui augmente leur r\u00e9sistance et leur transparence. Les deux c\u00f4t\u00e9s de cette pochette sont transparents et sont munis d&#039;une fermeture \u00e9clair pour pouvoir \u00eatre r\u00e9utilis\u00e9s.<\/span><\/li>\n<li class=\"a-spacing-mini\"><span class=\"a-list-item\">POCHETTE \u00c9TANCHE \u00c0 L&#039;AIR LONGUE DUR\u00c9E - Fabriqu\u00e9e dans un mat\u00e9riau de haute qualit\u00e9 et donc tr\u00e8s r\u00e9sistante. Cela garantit un emballage s\u00fbr et maintient l&#039;article dans son \u00e9tat d&#039;origine pendant longtemps, ce qui les rend largement demand\u00e9s dans les industries alimentaires et chimiques.<\/span><\/li>\n<li class=\"a-spacing-mini\"><span class=\"a-list-item\">COULEUR \u2013 Recto et verso transparents, couleur transparente pour que vous puissiez voir ce qui est emball\u00e9 \u00e0 l&#039;int\u00e9rieur du paquet. Vous pouvez facilement coller votre \u00e9tiquette personnalis\u00e9e sur l&#039;emballage si vous souhaitez vendre vos produits de marque.<\/span><\/li>\n<\/ul>\n<p><img fetchpriority=\"high\" decoding=\"async\" class=\"alignnone wp-image-415 size-full\" src=\"https:\/\/polysmarts.com\/wp-content\/uploads\/2023\/10\/Detail-05.jpg\" alt=\"\" width=\"750\" height=\"211\" srcset=\"\/\/polysmarts.com\/wp-content\/uploads\/2023\/10\/Detail-05.jpg 750w, \/\/polysmarts.com\/wp-content\/uploads\/2023\/10\/Detail-05-600x169.jpg 600w, \/\/polysmarts.com\/wp-content\/uploads\/2023\/10\/Detail-05-300x84.jpg 300w\" sizes=\"(max-width: 750px) 100vw, 750px\" \/><\/p>\n<p><img decoding=\"async\" class=\"alignnone wp-image-416 size-full\" src=\"https:\/\/polysmarts.com\/wp-content\/uploads\/2023\/10\/Detail-06.jpg\" alt=\"\" width=\"750\" height=\"224\" srcset=\"\/\/polysmarts.com\/wp-content\/uploads\/2023\/10\/Detail-06.jpg 750w, \/\/polysmarts.com\/wp-content\/uploads\/2023\/10\/Detail-06-600x179.jpg 600w, \/\/polysmarts.com\/wp-content\/uploads\/2023\/10\/Detail-06-300x90.jpg 300w\" sizes=\"(max-width: 750px) 100vw, 750px\" \/><\/p>\n<p><img decoding=\"async\" class=\"alignnone wp-image-417 size-full\" src=\"https:\/\/polysmarts.com\/wp-content\/uploads\/2023\/10\/Detail-07.jpg\" alt=\"\" width=\"750\" height=\"219\" srcset=\"\/\/polysmarts.com\/wp-content\/uploads\/2023\/10\/Detail-07.jpg 750w, \/\/polysmarts.com\/wp-content\/uploads\/2023\/10\/Detail-07-600x175.jpg 600w, \/\/polysmarts.com\/wp-content\/uploads\/2023\/10\/Detail-07-300x88.jpg 300w\" sizes=\"(max-width: 750px) 100vw, 750px\" \/><\/p>\n<p><img loading=\"lazy\" decoding=\"async\" class=\"alignnone wp-image-418 size-full\" src=\"https:\/\/polysmarts.com\/wp-content\/uploads\/2023\/10\/Detail-08.jpg\" alt=\"\" width=\"750\" height=\"225\" srcset=\"\/\/polysmarts.com\/wp-content\/uploads\/2023\/10\/Detail-08.jpg 750w, \/\/polysmarts.com\/wp-content\/uploads\/2023\/10\/Detail-08-600x180.jpg 600w, \/\/polysmarts.com\/wp-content\/uploads\/2023\/10\/Detail-08-300x90.jpg 300w\" sizes=\"(max-width: 750px) 100vw, 750px\" \/><\/p>\n<p><img loading=\"lazy\" decoding=\"async\" class=\"alignnone wp-image-419 size-full\" src=\"https:\/\/polysmarts.com\/wp-content\/uploads\/2023\/10\/Detail-09.jpg\" alt=\"\" width=\"750\" height=\"320\" srcset=\"\/\/polysmarts.com\/wp-content\/uploads\/2023\/10\/Detail-09.jpg 750w, \/\/polysmarts.com\/wp-content\/uploads\/2023\/10\/Detail-09-600x256.jpg 600w, \/\/polysmarts.com\/wp-content\/uploads\/2023\/10\/Detail-09-300x128.jpg 300w\" sizes=\"(max-width: 750px) 100vw, 750px\" \/><\/p>\n<p style=\"text-align: left;\"><span style=\"font-family: arial, helvetica, sans-serif; font-size: 18pt;\">Utilisation du produit<\/span><br \/>\nPour les bonbons Pour le th\u00e9 aux fleurs<br \/>\nPour l&#039;alimentation \/<br \/>\nPour les produits \u00e9lectroniques<br \/>\nPour les noix<br \/>\nPour le riz<\/p>\n<p><img loading=\"lazy\" decoding=\"async\" class=\"alignnone size-full wp-image-423\" src=\"https:\/\/polysmarts.com\/wp-content\/uploads\/2023\/10\/Detail-13.jpg\" alt=\"Tenez les sacs \u00e0 fermeture \u00e9clair\" width=\"750\" height=\"858\" srcset=\"\/\/polysmarts.com\/wp-content\/uploads\/2023\/10\/Detail-13.jpg 750w, \/\/polysmarts.com\/wp-content\/uploads\/2023\/10\/Detail-13-600x686.jpg 600w, \/\/polysmarts.com\/wp-content\/uploads\/2023\/10\/Detail-13-262x300.jpg 262w\" sizes=\"(max-width: 750px) 100vw, 750px\" \/><\/p>","protected":false},"excerpt":{"rendered":"<table style=\"height: 360px; width: 99.8505%; border-collapse: collapse;\" border=\"2\">\n<tbody>\n<tr style=\"height: 40px;\">\n<td style=\"width: 22.6796%; height: 30px; background-color: #99ccff;\"><span style=\"font-family: arial, helvetica, sans-serif; font-size: 12pt;\"><strong>Dimensions et style<\/strong><\/span><\/td>\n<td style=\"width: 77.3204%; height: 30px; background-color: #99ccff;\"><span style=\"font-family: arial, helvetica, sans-serif; font-size: 12pt;\">Formes et tailles personnalis\u00e9es<\/span><\/td>\n<\/tr>\n<tr style=\"height: 40px;\">\n<td style=\"width: 22.6796%; height: 34px; background-color: #ebebeb;\"><span style=\"font-size: 12pt;\"><strong><span style=\"font-family: arial, helvetica, sans-serif;\">Quantit\u00e9 minimum d&#039;achat<\/span><\/strong><\/span><\/td>\n<td style=\"width: 77.3204%; height: 34px; background-color: #ebebeb;\"><span style=\"font-family: arial, helvetica, sans-serif; font-size: 12pt;\">1000 pi\u00e8ces sans personnalisation, 10000 pi\u00e8ces pour personnalisation<\/span><\/td>\n<\/tr>\n<tr style=\"height: 40px; background-color: #99ccff;\">\n<td style=\"width: 22.6796%; height: 24px;\"><span style=\"font-size: 12pt;\"><strong><span style=\"font-family: arial, helvetica, sans-serif;\">Type d&#039;emballage<\/span><\/strong><\/span><\/td>\n<td style=\"width: 77.3204%; height: 24px;\"><span style=\"font-family: arial, helvetica, sans-serif; font-size: 12pt;\">Tenez les sacs en papier kraft<\/span><\/td>\n<\/tr>\n<tr style=\"height: 40px; background-color: #ebebeb;\">\n<td style=\"width: 22.6796%; height: 24px;\"><span style=\"font-size: 12pt;\"><strong><span style=\"font-family: arial, helvetica, sans-serif;\">Impression<\/span><\/strong><\/span><\/td>\n<td style=\"width: 77.3204%; height: 24px;\"><span style=\"font-family: arial, helvetica, sans-serif; font-size: 12pt;\">CMJN (1 \u00e0 4 couleurs), PMS, CMJN+PMS, pas d&#039;impression (ordinaire)<\/span><\/td>\n<\/tr>\n<tr style=\"height: 40px; background-color: #99ccff;\">\n<td style=\"width: 22.6796%; height: 24px;\"><span style=\"font-size: 12pt;\"><strong><span style=\"font-family: arial, helvetica, sans-serif;\">Finition<\/span><\/strong><\/span><\/td>\n<td style=\"width: 77.3204%; height: 24px;\"><span style=\"font-family: arial, helvetica, sans-serif; font-size: 12pt;\">Stratification brillante\/mate, rev\u00eatement aqueux, vernis ponctuel, rev\u00eatement UV, gaufrage, gaufrage, impression sur feuille<\/span><\/td>\n<\/tr>\n<tr style=\"height: 40px; background-color: #ebebeb;\">\n<td style=\"width: 22.6796%; height: 24px;\"><span style=\"font-size: 12pt;\"><strong><span style=\"font-family: arial, helvetica, sans-serif;\">Options incluses<\/span><\/strong><\/span><\/td>\n<td style=\"width: 77.3204%; height: 24px;\"><span style=\"font-family: arial, helvetica, sans-serif; font-size: 12pt;\">D\u00e9coupe, Perforation, Marquage, Collage<\/span><\/td>\n<\/tr>\n<tr style=\"height: 40px; background-color: #99ccff;\">\n<td style=\"width: 22.6796%; height: 24px;\"><span style=\"font-size: 12pt;\"><strong><span style=\"font-family: arial, helvetica, sans-serif;\">Preuve<\/span><\/strong><\/span><\/td>\n<td style=\"width: 77.3204%; height: 24px;\"><span style=\"font-family: arial, helvetica, sans-serif; font-size: 12pt;\">\u00c9preuves \u00e9lectroniques (vue \u00e0 plat\/maquette 3D), \u00e9preuves imprim\u00e9es num\u00e9riquement (sans effets de finition majeurs), \u00e9chantillonnage physique (sur demande)<\/span><\/td>\n<\/tr>\n<tr style=\"height: 40px; background-color: #ebebeb;\">\n<td style=\"width: 22.6796%; height: 24px;\"><span style=\"font-size: 12pt;\"><strong><span style=\"font-family: arial, helvetica, sans-serif;\">D\u00e9lai d&#039;ex\u00e9cution<\/span><\/strong><\/span><\/td>\n<td style=\"width: 77.3204%; height: 24px;\"><span style=\"font-family: arial, helvetica, sans-serif; font-size: 12pt;\">6 \u00e0 8 jours ouvrables, RUSH<\/span><\/td>\n<\/tr>\n<tr style=\"height: 40px; background-color: #99ccff;\">\n<td style=\"width: 22.6796%; height: 24px;\"><span style=\"font-size: 12pt;\"><strong><span style=\"font-family: arial, helvetica, sans-serif;\">Exp\u00e9dition<\/span><\/strong><\/span><\/td>\n<td style=\"width: 77.3204%; height: 24px;\"><span style=\"font-family: arial, helvetica, sans-serif; font-size: 12pt;\">Air, Mer, Express<\/span><\/td>\n<\/tr>\n<\/tbody>\n<\/table>\n<p>&nbsp;<\/p>","protected":false},"featured_media":437,"comment_status":"open","ping_status":"closed","template":"","meta":[],"product_brand":[],"product_cat":[18],"product_tag":[],"class_list":{"0":"post-409","1":"product","2":"type-product","3":"status-publish","4":"has-post-thumbnail","6":"product_cat-zipper-bags","8":"first","9":"instock","10":"shipping-taxable","11":"product-type-simple"},"_links":{"self":[{"href":"https:\/\/polysmarts.com\/fr\/wp-json\/wp\/v2\/product\/409","targetHints":{"allow":["GET"]}}],"collection":[{"href":"https:\/\/polysmarts.com\/fr\/wp-json\/wp\/v2\/product"}],"about":[{"href":"https:\/\/polysmarts.com\/fr\/wp-json\/wp\/v2\/types\/product"}],"replies":[{"embeddable":true,"href":"https:\/\/polysmarts.com\/fr\/wp-json\/wp\/v2\/comments?post=409"}],"version-history":[{"count":2,"href":"https:\/\/polysmarts.com\/fr\/wp-json\/wp\/v2\/product\/409\/revisions"}],"predecessor-version":[{"id":440,"href":"https:\/\/polysmarts.com\/fr\/wp-json\/wp\/v2\/product\/409\/revisions\/440"}],"wp:featuredmedia":[{"embeddable":true,"href":"https:\/\/polysmarts.com\/fr\/wp-json\/wp\/v2\/media\/437"}],"wp:attachment":[{"href":"https:\/\/polysmarts.com\/fr\/wp-json\/wp\/v2\/media?parent=409"}],"wp:term":[{"taxonomy":"product_brand","embeddable":true,"href":"https:\/\/polysmarts.com\/fr\/wp-json\/wp\/v2\/product_brand?post=409"},{"taxonomy":"product_cat","embeddable":true,"href":"https:\/\/polysmarts.com\/fr\/wp-json\/wp\/v2\/product_cat?post=409"},{"taxonomy":"product_tag","embeddable":true,"href":"https:\/\/polysmarts.com\/fr\/wp-json\/wp\/v2\/product_tag?post=409"}],"curies":[{"name":"wp","href":"https:\/\/api.w.org\/{rel}","templated":true}]}}