{"id":3663,"date":"2024-07-30T15:37:35","date_gmt":"2024-07-30T07:37:35","guid":{"rendered":"https:\/\/polysmarts.com\/?post_type=product&#038;p=3663"},"modified":"2024-10-04T02:39:47","modified_gmt":"2024-10-03T18:39:47","slug":"sacs-de-grains-de-cafe-a-fond-plat-avec-valve-4","status":"publish","type":"product","link":"https:\/\/polysmarts.com\/fr\/product\/reusable-flat-bottom-coffee-packaging-pouch\/","title":{"rendered":"Pochette d&#039;emballage de caf\u00e9 \u00e0 fond plat r\u00e9utilisable"},"content":{"rendered":"<p><strong>Pochette d&#039;emballage de caf\u00e9 \u00e0 fond plat r\u00e9utilisable\u00a0:<\/strong><\/p>\n<p><strong>Caf\u00e9 Fra\u00eecheur\u00a0:<\/strong> Gardez vos grains de caf\u00e9 secs et savoureux pendant de longues p\u00e9riodes gr\u00e2ce \u00e0 nos sacs de caf\u00e9 sp\u00e9cialement con\u00e7us. Dot\u00e9s d&#039;une valve unidirectionnelle, ces sacs \u00e0 grains de caf\u00e9 lib\u00e8rent l&#039;exc\u00e8s de gaz tout en gardant l&#039;humidit\u00e9 \u00e0 l&#039;ext\u00e9rieur, garantissant ainsi que votre caf\u00e9 reste frais et aromatique.<\/p>\n<p><strong>Solution \u00e9cologique\u00a0:<\/strong> Rejoignez le mouvement durable avec nos sacs \u00e0 grains de caf\u00e9 r\u00e9utilisables, offrant une alternative \u00e9cologique aux emballages en plastique \u00e0 usage unique. Parfaits pour les amateurs de caf\u00e9 soucieux de l&#039;environnement, ces sacs aident \u00e0 r\u00e9duire les d\u00e9chets tout en pr\u00e9servant vos infusions pr\u00e9f\u00e9r\u00e9es.<\/p>\n<p><strong>S\u00fbr et durable :<\/strong> Fabriqu\u00e9es avec des mat\u00e9riaux de qualit\u00e9, notamment du BOPP mat, du papier d&#039;aluminium PET et du PE de qualit\u00e9 alimentaire, nos pochettes zipp\u00e9es offrent une durabilit\u00e9 et une protection exceptionnelles. Ils sont thermoscellables et prot\u00e8gent efficacement votre caf\u00e9 de la lumi\u00e8re, de l&#039;air et de l&#039;humidit\u00e9, conservant ainsi sa qualit\u00e9 dans le temps.<\/p>\n<p><strong>Joint herm\u00e9tique\u00a0:<\/strong> Faites l&#039;exp\u00e9rience d&#039;une fra\u00eecheur ultime gr\u00e2ce \u00e0 la fermeture \u00e9clair lat\u00e9rale de nos sacs et \u00e0 la fonction thermoscellable, garantissant une fermeture herm\u00e9tique qui pr\u00e9serve la saveur et l&#039;ar\u00f4me de vos grains de caf\u00e9. Ce joint emp\u00eache \u00e9galement le transfert des odeurs et des saveurs, garantissant ainsi une exp\u00e9rience de caf\u00e9 pure \u00e0 chaque infusion.<\/p>\n<p><strong>Sac \u00e0 caf\u00e9 polyvalent :<\/strong> Au-del\u00e0 du stockage des grains de caf\u00e9, nos sacs sont suffisamment polyvalents pour stocker d&#039;autres petits objets tels que des herbes, des \u00e9pices et des collations. Que ce soit pour les caf\u00e9s, les torr\u00e9facteurs ou pour un usage domestique, ces sacs offrent praticit\u00e9 et commodit\u00e9 pour divers besoins de stockage.<\/p>\n<p>Am\u00e9liorez votre exp\u00e9rience de stockage du caf\u00e9 avec nos sacs \u00e0 grains de caf\u00e9 \u00e0 fond plat avec valve. De la pr\u00e9servation de la fra\u00eecheur \u00e0 l&#039;\u00e9co-conscience et \u00e0 la polyvalence, ces sacs offrent tout ce dont vous avez besoin pour une d\u00e9licieuse exp\u00e9rience de caf\u00e9.<\/p>","protected":false},"excerpt":{"rendered":"<table style=\"height: 360px; width: 99.8505%; border-collapse: collapse;\" border=\"2\">\n<tbody>\n<tr style=\"height: 40px;\">\n<td style=\"width: 22.6796%; height: 30px; background-color: #99ccff;\"><span style=\"font-family: arial, helvetica, sans-serif; font-size: 12pt;\"><strong>Dimensions et style<\/strong><\/span><\/td>\n<td style=\"width: 77.3204%; height: 30px; background-color: #99ccff;\"><span style=\"font-family: arial, helvetica, sans-serif; font-size: 12pt;\">Formes et tailles personnalis\u00e9es<\/span><\/td>\n<\/tr>\n<tr style=\"height: 40px;\">\n<td style=\"width: 22.6796%; height: 34px; background-color: #ebebeb;\"><span style=\"font-size: 12pt;\"><strong><span style=\"font-family: arial, helvetica, sans-serif;\">Quantit\u00e9 minimum d&#039;achat<\/span><\/strong><\/span><\/td>\n<td style=\"width: 77.3204%; height: 34px; background-color: #ebebeb;\"><span style=\"font-family: arial, helvetica, sans-serif; font-size: 12pt;\">1000 pi\u00e8ces sans personnalisation, 10000 pi\u00e8ces pour personnalisation<\/span><\/td>\n<\/tr>\n<tr style=\"height: 40px; background-color: #99ccff;\">\n<td style=\"width: 22.6796%; height: 24px;\"><span style=\"font-size: 12pt;\"><strong><span style=\"font-family: arial, helvetica, sans-serif;\">Type d&#039;emballage<\/span><\/strong><\/span><\/td>\n<td style=\"width: 77.3204%; height: 24px;\"><span style=\"font-family: arial, helvetica, sans-serif; font-size: 12pt;\">Sacs de grains de caf\u00e9<\/span><\/td>\n<\/tr>\n<tr style=\"height: 40px; background-color: #ebebeb;\">\n<td style=\"width: 22.6796%; height: 24px;\"><span style=\"font-size: 12pt;\"><strong><span style=\"font-family: arial, helvetica, sans-serif;\">Impression<\/span><\/strong><\/span><\/td>\n<td style=\"width: 77.3204%; height: 24px;\"><span style=\"font-family: arial, helvetica, sans-serif; font-size: 12pt;\">CMJN (1 \u00e0 10 couleurs), pas d&#039;impression (ordinaire)<\/span><\/td>\n<\/tr>\n<tr style=\"height: 40px; background-color: #99ccff;\">\n<td style=\"width: 22.6796%; height: 24px;\"><span style=\"font-size: 12pt;\"><strong><span style=\"font-family: arial, helvetica, sans-serif;\">Finition<\/span><\/strong><\/span><\/td>\n<td style=\"width: 77.3204%; height: 24px;\"><span style=\"font-family: arial, helvetica, sans-serif; font-size: 12pt;\">Stratification brillante\/mate, impression offset<\/span><\/td>\n<\/tr>\n<tr style=\"height: 40px; background-color: #ebebeb;\">\n<td style=\"width: 22.6796%; height: 24px;\"><span style=\"font-size: 12pt;\"><strong><span style=\"font-family: arial, helvetica, sans-serif;\">Options incluses<\/span><\/strong><\/span><\/td>\n<td style=\"width: 77.3204%; height: 24px;\"><span style=\"font-family: arial, helvetica, sans-serif; font-size: 12pt;\">D\u00e9coupe, thermoscellage<\/span><\/td>\n<\/tr>\n<tr style=\"height: 40px; background-color: #99ccff;\">\n<td style=\"width: 22.6796%; height: 24px;\"><span style=\"font-size: 12pt;\"><strong><span style=\"font-family: arial, helvetica, sans-serif;\">Preuve<\/span><\/strong><\/span><\/td>\n<td style=\"width: 77.3204%; height: 24px;\"><span style=\"font-family: arial, helvetica, sans-serif; font-size: 12pt;\">Preuves d&#039;odeur\u00a0<\/span><\/td>\n<\/tr>\n<tr style=\"height: 40px; background-color: #ebebeb;\">\n<td style=\"width: 22.6796%; height: 24px;\"><span style=\"font-size: 12pt;\"><strong><span style=\"font-family: arial, helvetica, sans-serif;\">D\u00e9lai d&#039;ex\u00e9cution<\/span><\/strong><\/span><\/td>\n<td style=\"width: 77.3204%; height: 24px;\"><span style=\"font-family: arial, helvetica, sans-serif; font-size: 12pt;\">7 \u00e0 15 jours ouvrables, RUSH<\/span><\/td>\n<\/tr>\n<tr style=\"height: 40px; background-color: #99ccff;\">\n<td style=\"width: 22.6796%; height: 24px;\"><span style=\"font-size: 12pt;\"><strong><span style=\"font-family: arial, helvetica, sans-serif;\">Exp\u00e9dition<\/span><\/strong><\/span><\/td>\n<td style=\"width: 77.3204%; height: 24px;\"><span style=\"font-family: arial, helvetica, sans-serif; font-size: 12pt;\">Air, Mer, Express<\/span><\/td>\n<\/tr>\n<\/tbody>\n<\/table>\n<p>&nbsp;<\/p>","protected":false},"featured_media":3667,"comment_status":"open","ping_status":"closed","template":"","meta":[],"product_brand":[],"product_cat":[26,27,18],"product_tag":[],"class_list":{"0":"post-3663","1":"product","2":"type-product","3":"status-publish","4":"has-post-thumbnail","6":"product_cat-food-packaging","7":"product_cat-coffee-and-tea-packaging","8":"product_cat-zipper-bags","10":"first","11":"instock","12":"shipping-taxable","13":"product-type-simple"},"_links":{"self":[{"href":"https:\/\/polysmarts.com\/fr\/wp-json\/wp\/v2\/product\/3663","targetHints":{"allow":["GET"]}}],"collection":[{"href":"https:\/\/polysmarts.com\/fr\/wp-json\/wp\/v2\/product"}],"about":[{"href":"https:\/\/polysmarts.com\/fr\/wp-json\/wp\/v2\/types\/product"}],"replies":[{"embeddable":true,"href":"https:\/\/polysmarts.com\/fr\/wp-json\/wp\/v2\/comments?post=3663"}],"version-history":[{"count":1,"href":"https:\/\/polysmarts.com\/fr\/wp-json\/wp\/v2\/product\/3663\/revisions"}],"predecessor-version":[{"id":3670,"href":"https:\/\/polysmarts.com\/fr\/wp-json\/wp\/v2\/product\/3663\/revisions\/3670"}],"wp:featuredmedia":[{"embeddable":true,"href":"https:\/\/polysmarts.com\/fr\/wp-json\/wp\/v2\/media\/3667"}],"wp:attachment":[{"href":"https:\/\/polysmarts.com\/fr\/wp-json\/wp\/v2\/media?parent=3663"}],"wp:term":[{"taxonomy":"product_brand","embeddable":true,"href":"https:\/\/polysmarts.com\/fr\/wp-json\/wp\/v2\/product_brand?post=3663"},{"taxonomy":"product_cat","embeddable":true,"href":"https:\/\/polysmarts.com\/fr\/wp-json\/wp\/v2\/product_cat?post=3663"},{"taxonomy":"product_tag","embeddable":true,"href":"https:\/\/polysmarts.com\/fr\/wp-json\/wp\/v2\/product_tag?post=3663"}],"curies":[{"name":"wp","href":"https:\/\/api.w.org\/{rel}","templated":true}]}}