{"id":3461,"date":"2024-06-28T14:35:18","date_gmt":"2024-06-28T06:35:18","guid":{"rendered":"https:\/\/polysmarts.com\/?post_type=product&#038;p=3461"},"modified":"2024-10-04T02:39:48","modified_gmt":"2024-10-03T18:39:48","slug":"sacs-a-fermeture-eclair-blancs-transparents-pour-telephone-portable-avec-trou-de-suspension-5","status":"publish","type":"product","link":"https:\/\/polysmarts.com\/fr\/product\/custom-data-cable-3c-plastic-package-bags\/","title":{"rendered":"Sacs d&#039;emballage en plastique personnalis\u00e9s pour c\u00e2ble de donn\u00e9es 3C"},"content":{"rendered":"<h3><strong>Sacs personnalisables d&#039;emballage en plastique du c\u00e2ble de donn\u00e9es 3C<\/strong><\/h3>\n<p class=\"whitespace-pre-wrap break-words\"><strong>Prot\u00e9gez et organisez vos accessoires \u00e9lectroniques 3C avec nos sacs d&#039;emballage polyvalents et de haute qualit\u00e9 :<\/strong><\/p>\n<ol class=\"-mt-1 list-decimal space-y-2 pl-8\">\n<li class=\"whitespace-normal break-words\">Options de double \u00e9tanch\u00e9it\u00e9\u00a0:\n<ul class=\"-mt-1 list-disc space-y-2 pl-8\">\n<li class=\"whitespace-normal break-words\">Fermeture zipp\u00e9e manuelle pour un acc\u00e8s rapide<\/li>\n<li class=\"whitespace-normal break-words\">Partie sup\u00e9rieure thermoscellable pour une s\u00e9curit\u00e9 renforc\u00e9e<\/li>\n<\/ul>\n<\/li>\n<li class=\"whitespace-normal break-words\">Conception conviviale\u00a0:\n<ul class=\"-mt-1 list-disc space-y-2 pl-8\">\n<li class=\"whitespace-normal break-words\">M\u00e9canisme d&#039;ouverture et de fermeture facile<\/li>\n<li class=\"whitespace-normal break-words\">Fen\u00eatre transparente pour une visibilit\u00e9 du contenu en un coup d&#039;\u0153il<\/li>\n<li class=\"whitespace-normal break-words\">Le joint \u00e0 fermeture \u00e9clair robuste emp\u00eache les fuites et pr\u00e9serve le contenu<\/li>\n<\/ul>\n<\/li>\n<li class=\"whitespace-normal break-words\">Mat\u00e9riaux haut de gamme\u00a0:\n<ul class=\"-mt-1 list-disc space-y-2 pl-8\">\n<li class=\"whitespace-normal break-words\">Construction durable en poly\u00e9thyl\u00e8ne de qualit\u00e9 alimentaire<\/li>\n<li class=\"whitespace-normal break-words\">Non toxique et sans danger pour stocker divers objets<\/li>\n<\/ul>\n<\/li>\n<li class=\"whitespace-normal break-words\">Personnalisation disponible\u00a0:\n<ul class=\"-mt-1 list-disc space-y-2 pl-8\">\n<li class=\"whitespace-normal break-words\">Options de dimensionnement flexibles pour r\u00e9pondre \u00e0 vos besoins<\/li>\n<li class=\"whitespace-normal break-words\">Impression de logo pour la repr\u00e9sentation de la marque<\/li>\n<\/ul>\n<\/li>\n<li class=\"whitespace-normal break-words\">Id\u00e9al pour l&#039;\u00e9lectronique 3C\u00a0:\n<ul class=\"-mt-1 list-disc space-y-2 pl-8\">\n<li class=\"whitespace-normal break-words\">Parfait pour les \u00e9couteurs, les c\u00e2bles de donn\u00e9es, les cl\u00e9s USB et bien plus encore<\/li>\n<\/ul>\n<\/li>\n<\/ol>\n<p class=\"whitespace-pre-wrap break-words\">Contactez-nous d\u00e8s aujourd&#039;hui pour discuter de vos exigences en mati\u00e8re de taille personnalis\u00e9e et de vos options de marque. Am\u00e9liorez l&#039;emballage de vos accessoires \u00e9lectroniques avec nos sacs fiables et r\u00e9utilisables.<\/p>\n<p class=\"whitespace-pre-wrap break-words\">Cette version r\u00e9vis\u00e9e vise \u00e0\u00a0:<\/p>\n<ul class=\"-mt-1 list-disc space-y-2 pl-8\">\n<li class=\"whitespace-normal break-words\">Mettre en \u00e9vidence plus clairement les principales fonctionnalit\u00e9s du produit<\/li>\n<li class=\"whitespace-normal break-words\">Utiliser un langage plus professionnel et engageant<\/li>\n<li class=\"whitespace-normal break-words\">Organiser les informations dans un format plus lisible<\/li>\n<li class=\"whitespace-normal break-words\">Concentrez-vous sur les avantages pour le client<\/li>\n<\/ul>","protected":false},"excerpt":{"rendered":"<table style=\"height: 360px; width: 99.8505%; border-collapse: collapse;\" border=\"2\">\n<tbody>\n<tr style=\"height: 40px;\">\n<td style=\"width: 22.6796%; height: 30px; background-color: #99ccff;\"><span style=\"font-family: arial, helvetica, sans-serif; font-size: 12pt;\"><strong>Dimensions et style<\/strong><\/span><\/td>\n<td style=\"width: 77.3204%; height: 30px; background-color: #99ccff;\"><span style=\"font-family: arial, helvetica, sans-serif; font-size: 12pt;\">Formes et tailles personnalis\u00e9es<\/span><\/td>\n<\/tr>\n<tr style=\"height: 40px;\">\n<td style=\"width: 22.6796%; height: 34px; background-color: #ebebeb;\"><span style=\"font-size: 12pt;\"><strong><span style=\"font-family: arial, helvetica, sans-serif;\">Quantit\u00e9 minimum d&#039;achat<\/span><\/strong><\/span><\/td>\n<td style=\"width: 77.3204%; height: 34px; background-color: #ebebeb;\"><span style=\"font-family: arial, helvetica, sans-serif; font-size: 12pt;\">1000 pi\u00e8ces sans personnalisation, 10000 pi\u00e8ces pour personnalisation<\/span><\/td>\n<\/tr>\n<tr style=\"height: 40px; background-color: #99ccff;\">\n<td style=\"width: 22.6796%; height: 24px;\"><span style=\"font-size: 12pt;\"><strong><span style=\"font-family: arial, helvetica, sans-serif;\">Type d&#039;emballage<\/span><\/strong><\/span><\/td>\n<td style=\"width: 77.3204%; height: 24px;\"><span style=\"font-family: arial, helvetica, sans-serif; font-size: 12pt;\">3C Packaging Bags<\/span><\/td>\n<\/tr>\n<tr style=\"height: 40px; background-color: #ebebeb;\">\n<td style=\"width: 22.6796%; height: 24px;\"><span style=\"font-size: 12pt;\"><strong><span style=\"font-family: arial, helvetica, sans-serif;\">Impression<\/span><\/strong><\/span><\/td>\n<td style=\"width: 77.3204%; height: 24px;\"><span style=\"font-family: arial, helvetica, sans-serif; font-size: 12pt;\">CMJN (1 \u00e0 10 couleurs selon vos besoins), pas d&#039;impression (ordinaire)<\/span><\/td>\n<\/tr>\n<tr style=\"height: 40px; background-color: #99ccff;\">\n<td style=\"width: 22.6796%; height: 24px;\"><span style=\"font-size: 12pt;\"><strong><span style=\"font-family: arial, helvetica, sans-serif;\">Finition<\/span><\/strong><\/span><\/td>\n<td style=\"width: 77.3204%; height: 24px;\"><span style=\"font-family: arial, helvetica, sans-serif; font-size: 12pt;\">Stratification brillante, impression offset<\/span><\/td>\n<\/tr>\n<tr style=\"height: 40px; background-color: #ebebeb;\">\n<td style=\"width: 22.6796%; height: 24px;\"><span style=\"font-size: 12pt;\"><strong><span style=\"font-family: arial, helvetica, sans-serif;\">Material<\/span><\/strong><\/span><\/td>\n<td style=\"width: 77.3204%; height: 24px;\"><span style=\"font-family: arial, helvetica, sans-serif; font-size: 12pt;\">OPP\/PET\/RPC<\/span><\/td>\n<\/tr>\n<tr style=\"height: 40px; background-color: #99ccff;\">\n<td style=\"width: 22.6796%; height: 24px;\"><span style=\"font-size: 12pt;\"><strong><span style=\"font-family: arial, helvetica, sans-serif;\">Fonctionnalit\u00e9<\/span><\/strong><\/span><\/td>\n<td style=\"width: 77.3204%; height: 24px;\"><span style=\"font-family: arial, helvetica, sans-serif; font-size: 12pt;\">\u00c9tanche et refermable<\/span><\/td>\n<\/tr>\n<tr style=\"height: 40px; background-color: #ebebeb;\">\n<td style=\"width: 22.6796%; height: 24px;\"><span style=\"font-size: 12pt;\"><strong><span style=\"font-family: arial, helvetica, sans-serif;\">D\u00e9lai d&#039;ex\u00e9cution<\/span><\/strong><\/span><\/td>\n<td style=\"width: 77.3204%; height: 24px;\"><span style=\"font-family: arial, helvetica, sans-serif; font-size: 12pt;\">7 \u00e0 15 jours ouvrables, RUSH<\/span><\/td>\n<\/tr>\n<tr style=\"height: 40px; background-color: #99ccff;\">\n<td style=\"width: 22.6796%; height: 24px;\"><span style=\"font-size: 12pt;\"><strong><span style=\"font-family: arial, helvetica, sans-serif;\">Exp\u00e9dition<\/span><\/strong><\/span><\/td>\n<td style=\"width: 77.3204%; height: 24px;\"><span style=\"font-family: arial, helvetica, sans-serif; font-size: 12pt;\">Air, Mer, Express<\/span><\/td>\n<\/tr>\n<\/tbody>\n<\/table>\n<p>&nbsp;<\/p>","protected":false},"featured_media":3462,"comment_status":"open","ping_status":"closed","template":"","meta":[],"product_brand":[],"product_cat":[32],"product_tag":[],"class_list":{"0":"post-3461","1":"product","2":"type-product","3":"status-publish","4":"has-post-thumbnail","6":"product_cat-3c-packaging","8":"first","9":"instock","10":"shipping-taxable","11":"product-type-simple"},"_links":{"self":[{"href":"https:\/\/polysmarts.com\/fr\/wp-json\/wp\/v2\/product\/3461","targetHints":{"allow":["GET"]}}],"collection":[{"href":"https:\/\/polysmarts.com\/fr\/wp-json\/wp\/v2\/product"}],"about":[{"href":"https:\/\/polysmarts.com\/fr\/wp-json\/wp\/v2\/types\/product"}],"replies":[{"embeddable":true,"href":"https:\/\/polysmarts.com\/fr\/wp-json\/wp\/v2\/comments?post=3461"}],"version-history":[{"count":1,"href":"https:\/\/polysmarts.com\/fr\/wp-json\/wp\/v2\/product\/3461\/revisions"}],"predecessor-version":[{"id":3469,"href":"https:\/\/polysmarts.com\/fr\/wp-json\/wp\/v2\/product\/3461\/revisions\/3469"}],"wp:featuredmedia":[{"embeddable":true,"href":"https:\/\/polysmarts.com\/fr\/wp-json\/wp\/v2\/media\/3462"}],"wp:attachment":[{"href":"https:\/\/polysmarts.com\/fr\/wp-json\/wp\/v2\/media?parent=3461"}],"wp:term":[{"taxonomy":"product_brand","embeddable":true,"href":"https:\/\/polysmarts.com\/fr\/wp-json\/wp\/v2\/product_brand?post=3461"},{"taxonomy":"product_cat","embeddable":true,"href":"https:\/\/polysmarts.com\/fr\/wp-json\/wp\/v2\/product_cat?post=3461"},{"taxonomy":"product_tag","embeddable":true,"href":"https:\/\/polysmarts.com\/fr\/wp-json\/wp\/v2\/product_tag?post=3461"}],"curies":[{"name":"wp","href":"https:\/\/api.w.org\/{rel}","templated":true}]}}