{"id":3427,"date":"2024-06-24T15:03:38","date_gmt":"2024-06-24T07:03:38","guid":{"rendered":"https:\/\/polysmarts.com\/?post_type=product&#038;p=3427"},"modified":"2024-10-04T02:39:49","modified_gmt":"2024-10-03T18:39:49","slug":"sacs-demballage-de-cartes-a-collectionner-pokemon-personnalises-6","status":"publish","type":"product","link":"https:\/\/polysmarts.com\/fr\/product\/custom-card-sleeves-halloween-game-cards-pouches\/","title":{"rendered":"Pochettes de cartes personnalis\u00e9es Pochettes de cartes de jeu d&#039;Halloween"},"content":{"rendered":"<p>Pr\u00e9sentation et emballage de pochettes de cartes personnalis\u00e9es avec Polysmarts, votre destination incontournable pour des solutions simples mais \u00e9l\u00e9gantes. Nos sacs d&#039;emballage de cartes thermoscell\u00e9es Polysmarts red\u00e9finissent la norme, offrant une excellente toile pour la marque de votre entreprise. Id\u00e9als pour les commerces de d\u00e9tail, ces sacs s&#039;adaptent parfaitement aux tissus pour la pr\u00e9sentation de produits haut de gamme.<\/p>\n<p>Si vous \u00eates \u00e0 la recherche de cartons de stockage et de d\u00e9m\u00e9nagement, ne cherchez pas plus loin que les sacs Polysmarts Heat Seal. Nos options pliables et empilables offrent une commodit\u00e9 in\u00e9gal\u00e9e, garantissant une exp\u00e9rience de stockage sans tracas.<\/p>\n<p>Pour tous vos besoins en mati\u00e8re d&#039;emballage de cartes \u00e0 collectionner, Polysmarts est l\u00e0 pour vous aider. Soumettez vos requ\u00eates sans effort via notre fonction de chat ou par e-mail et laissez-nous vous aider \u00e0 trouver pr\u00e9cis\u00e9ment ce que vous recherchez. D\u00e9couvrez les d\u00e9tails sur les commandes group\u00e9es et les d\u00e9lais de livraison, et profitez de nos prix bas et de notre livraison rapide.<\/p>\n<p>Chez Polysmarts, la personnalisation est la cl\u00e9. Connectez-vous avec nos fournisseurs en gros pour d\u00e9couvrir la myriade d\u2019options disponibles pour votre entreprise. Nos produits sont non seulement abordables, mais \u00e9galement respectueux de l&#039;environnement, s&#039;adressant au consommateur moderne et conscient. Choisissez parmi diff\u00e9rentes \u00e9paisseurs, couleurs et finitions pour trouver la solution d&#039;emballage parfaite qui correspond \u00e0 l&#039;identit\u00e9 de votre marque.<\/p>\n<p>Visitez polysmarts.com pour d\u00e9couvrir une gamme diversifi\u00e9e de fournitures d&#039;emballage de cartes \u00e0 collectionner, soigneusement s\u00e9lectionn\u00e9es par nos grossistes mondiaux motiv\u00e9s. Que ce soit pour un usage professionnel ou personnel, nos produits offrent polyvalence et attractivit\u00e9 \u00e0 un prix comp\u00e9titif. Faites confiance \u00e0 Polysmarts pour r\u00e9pondre \u00e0 vos besoins en mati\u00e8re d&#039;emballage de cartes \u00e0 collectionner, en garantissant que vos produits ne sont pas seulement stock\u00e9s mais pr\u00e9sent\u00e9s avec style et soin.<\/p>","protected":false},"excerpt":{"rendered":"<table style=\"height: 360px; width: 99.8505%; border-collapse: collapse;\" border=\"2\">\n<tbody>\n<tr style=\"height: 40px;\">\n<td style=\"width: 22.6796%; height: 30px; background-color: #99ccff;\"><span style=\"font-family: arial, helvetica, sans-serif; font-size: 12pt;\"><strong>Dimensions et style<\/strong><\/span><\/td>\n<td style=\"width: 77.3204%; height: 30px; background-color: #99ccff;\"><span style=\"font-family: arial, helvetica, sans-serif; font-size: 12pt;\">Formes et tailles personnalis\u00e9es<\/span><\/td>\n<\/tr>\n<tr style=\"height: 40px;\">\n<td style=\"width: 22.6796%; height: 34px; background-color: #ebebeb;\"><span style=\"font-size: 12pt;\"><strong><span style=\"font-family: arial, helvetica, sans-serif;\">Quantit\u00e9 minimum d&#039;achat<\/span><\/strong><\/span><\/td>\n<td style=\"width: 77.3204%; height: 34px; background-color: #ebebeb;\"><span style=\"font-family: arial, helvetica, sans-serif; font-size: 12pt;\">1000 pi\u00e8ces sans personnalisation, 10000 pi\u00e8ces pour personnalisation<\/span><\/td>\n<\/tr>\n<tr style=\"height: 40px; background-color: #99ccff;\">\n<td style=\"width: 22.6796%; height: 24px;\"><span style=\"font-size: 12pt;\"><strong><span style=\"font-family: arial, helvetica, sans-serif;\">Type d&#039;emballage<\/span><\/strong><\/span><\/td>\n<td style=\"width: 77.3204%; height: 24px;\"><span style=\"font-family: arial, helvetica, sans-serif; font-size: 12pt;\">Pack de pochettes pour cartes en aluminium<\/span><\/td>\n<\/tr>\n<tr style=\"height: 40px; background-color: #ebebeb;\">\n<td style=\"width: 22.6796%; height: 24px;\"><span style=\"font-size: 12pt;\"><strong><span style=\"font-family: arial, helvetica, sans-serif;\">Impression<\/span><\/strong><\/span><\/td>\n<td style=\"width: 77.3204%; height: 24px;\"><span style=\"font-family: arial, helvetica, sans-serif; font-size: 12pt;\">CMJN (1 \u00e0 10 couleurs selon vos besoins), pas d&#039;impression (ordinaire)<\/span><\/td>\n<\/tr>\n<tr style=\"height: 40px; background-color: #99ccff;\">\n<td style=\"width: 22.6796%; height: 24px;\"><span style=\"font-size: 12pt;\"><strong><span style=\"font-family: arial, helvetica, sans-serif;\">Finition<\/span><\/strong><\/span><\/td>\n<td style=\"width: 77.3204%; height: 24px;\"><span style=\"font-family: arial, helvetica, sans-serif; font-size: 12pt;\">Stratification brillante, impression offset<\/span><\/td>\n<\/tr>\n<tr style=\"height: 40px; background-color: #ebebeb;\">\n<td style=\"width: 22.6796%; height: 24px;\"><span style=\"font-size: 12pt;\"><strong><span style=\"font-family: arial, helvetica, sans-serif;\">Material<\/span><\/strong><\/span><\/td>\n<td style=\"width: 77.3204%; height: 24px;\"><span style=\"font-family: arial, helvetica, sans-serif; font-size: 12pt;\">OPP\/VMPET\/RPC<\/span><\/td>\n<\/tr>\n<tr style=\"height: 40px; background-color: #99ccff;\">\n<td style=\"width: 22.6796%; height: 24px;\"><span style=\"font-size: 12pt;\"><strong><span style=\"font-family: arial, helvetica, sans-serif;\">Fonctionnalit\u00e9<\/span><\/strong><\/span><\/td>\n<td style=\"width: 77.3204%; height: 24px;\"><span style=\"font-family: arial, helvetica, sans-serif; font-size: 12pt;\">Imperm\u00e9able<\/span><\/td>\n<\/tr>\n<tr style=\"height: 40px; background-color: #ebebeb;\">\n<td style=\"width: 22.6796%; height: 24px;\"><span style=\"font-size: 12pt;\"><strong><span style=\"font-family: arial, helvetica, sans-serif;\">D\u00e9lai d&#039;ex\u00e9cution<\/span><\/strong><\/span><\/td>\n<td style=\"width: 77.3204%; height: 24px;\"><span style=\"font-family: arial, helvetica, sans-serif; font-size: 12pt;\">7 \u00e0 15 jours ouvrables, RUSH<\/span><\/td>\n<\/tr>\n<tr style=\"height: 40px; background-color: #99ccff;\">\n<td style=\"width: 22.6796%; height: 24px;\"><span style=\"font-size: 12pt;\"><strong><span style=\"font-family: arial, helvetica, sans-serif;\">Exp\u00e9dition<\/span><\/strong><\/span><\/td>\n<td style=\"width: 77.3204%; height: 24px;\"><span style=\"font-family: arial, helvetica, sans-serif; font-size: 12pt;\">Air, Mer, Express<\/span><\/td>\n<\/tr>\n<\/tbody>\n<\/table>\n<p>&nbsp;<\/p>","protected":false},"featured_media":3429,"comment_status":"open","ping_status":"closed","template":"","meta":[],"product_brand":[],"product_cat":[29,19],"product_tag":[],"class_list":{"0":"post-3427","1":"product","2":"type-product","3":"status-publish","4":"has-post-thumbnail","6":"product_cat-trading-card-packaging","7":"product_cat-heat-sealing-bag","9":"first","10":"instock","11":"shipping-taxable","12":"product-type-simple"},"_links":{"self":[{"href":"https:\/\/polysmarts.com\/fr\/wp-json\/wp\/v2\/product\/3427","targetHints":{"allow":["GET"]}}],"collection":[{"href":"https:\/\/polysmarts.com\/fr\/wp-json\/wp\/v2\/product"}],"about":[{"href":"https:\/\/polysmarts.com\/fr\/wp-json\/wp\/v2\/types\/product"}],"replies":[{"embeddable":true,"href":"https:\/\/polysmarts.com\/fr\/wp-json\/wp\/v2\/comments?post=3427"}],"version-history":[{"count":2,"href":"https:\/\/polysmarts.com\/fr\/wp-json\/wp\/v2\/product\/3427\/revisions"}],"predecessor-version":[{"id":3433,"href":"https:\/\/polysmarts.com\/fr\/wp-json\/wp\/v2\/product\/3427\/revisions\/3433"}],"wp:featuredmedia":[{"embeddable":true,"href":"https:\/\/polysmarts.com\/fr\/wp-json\/wp\/v2\/media\/3429"}],"wp:attachment":[{"href":"https:\/\/polysmarts.com\/fr\/wp-json\/wp\/v2\/media?parent=3427"}],"wp:term":[{"taxonomy":"product_brand","embeddable":true,"href":"https:\/\/polysmarts.com\/fr\/wp-json\/wp\/v2\/product_brand?post=3427"},{"taxonomy":"product_cat","embeddable":true,"href":"https:\/\/polysmarts.com\/fr\/wp-json\/wp\/v2\/product_cat?post=3427"},{"taxonomy":"product_tag","embeddable":true,"href":"https:\/\/polysmarts.com\/fr\/wp-json\/wp\/v2\/product_tag?post=3427"}],"curies":[{"name":"wp","href":"https:\/\/api.w.org\/{rel}","templated":true}]}}