{"id":3173,"date":"2024-05-11T08:20:25","date_gmt":"2024-05-11T08:20:25","guid":{"rendered":"https:\/\/polysmarts.com\/?post_type=product&#038;p=3173"},"modified":"2025-10-14T09:34:38","modified_gmt":"2025-10-14T01:34:38","slug":"sac-transparent-a-fermeture-eclair-sur-un-cote-pour-les-vetements","status":"publish","type":"product","link":"https:\/\/polysmarts.com\/fr\/product\/clear-one-side-frost-zipper-bag-for-clothing\/","title":{"rendered":"Sac transparent \u00e0 fermeture \u00e9clair sur un c\u00f4t\u00e9 pour v\u00eatements"},"content":{"rendered":"<p class=\"whitespace-pre-wrap break-words\">Am\u00e9liorez vos solutions de stockage et d&#039;organisation avec notre sac transparent \u00e0 fermeture \u00e9clair sur un c\u00f4t\u00e9 pour v\u00eatements. Con\u00e7us avec des mat\u00e9riaux haut de gamme et des fonctionnalit\u00e9s innovantes, ces sacs offrent un moyen pratique et pratique de prot\u00e9ger vos effets personnels tout en les gardant bien organis\u00e9s.<\/p>\n<p class=\"whitespace-pre-wrap break-words\">Principales caract\u00e9ristiques:<\/p>\n<ol class=\"list-decimal pl-8 space-y-2 -mt-1\">\n<li class=\"whitespace-normal break-words\">Mat\u00e9riau de qualit\u00e9 sup\u00e9rieure : fabriqu\u00e9s \u00e0 partir d&#039;un mat\u00e9riau CPE exceptionnel, ces sacs \u00e0 fermeture \u00e9clair Black Frost pour v\u00eatements sont doux, flexibles, respectueux de l&#039;environnement, l\u00e9gers et durables pour une utilisation durable. Le mat\u00e9riau garantit que vos articles restent propres et sans poussi\u00e8re, offrant ainsi une protection sup\u00e9rieure.<\/li>\n<li class=\"whitespace-normal break-words\">Conception \u00e0 fermeture \u00e9clair refermable : tous les sacs ziplock pour v\u00eatements sont dot\u00e9s de fermetures \u00e9clair robustes et refermables qui permettent un acc\u00e8s facile et une fermeture s\u00e9curis\u00e9e. Faites simplement glisser la fermeture \u00e9clair pour ouvrir ou sceller le sac, garantissant ainsi que vos effets personnels restent bien rang\u00e9s. Chaque sac de rangement ziplock dispose \u00e9galement d&#039;un trou d&#039;a\u00e9ration, favorisant la respirabilit\u00e9 et gardant vos articles frais.<\/li>\n<li class=\"whitespace-normal break-words\">Design givr\u00e9 : la finition opaque sur un c\u00f4t\u00e9 du sac vous permet de voir facilement le contenu \u00e0 l&#039;int\u00e9rieur, ce qui facilite l&#039;organisation de chaque tenue dans un sac s\u00e9par\u00e9. Cette conception permet non seulement d&#039;\u00e9conomiser de l&#039;espace dans vos bagages, mais facilite \u00e9galement le transport et le stockage de vos objets.<\/li>\n<li class=\"whitespace-normal break-words\">Applications larges : nos sacs ziplock pour v\u00eatements givr\u00e9s sont polyvalents et adapt\u00e9s pour ranger une vari\u00e9t\u00e9 d&#039;articles de voyage, y compris des sous-v\u00eatements, des serviettes, des chaussures, des v\u00eatements, des cosm\u00e9tiques, des articles de toilette, et plus encore. Que vous voyagiez ou organisiez \u00e0 la maison, ces sacs \u00e0 fermeture \u00e9clair pour v\u00eatements sont une solution id\u00e9ale pour garder vos affaires soigneusement rang\u00e9es et prot\u00e9g\u00e9es.<\/li>\n<li class=\"whitespace-normal break-words\">Emballage pratique : vous recevrez un total de 100 sacs de rangement de voyage avec fermetures \u00e9clair, disponibles en deux options de taille : 25x35 cm (9,8\u2033x13,4\u2033) et 30x40 cm (11,8\u2033x15,7\u2033). Cette vari\u00e9t\u00e9 de tailles vous garantit d&#039;avoir le sac parfait pour tous vos besoins de stockage.<\/li>\n<\/ol>\n<p class=\"whitespace-pre-wrap break-words\">D\u00e9couvrez la commodit\u00e9 et l&#039;efficacit\u00e9 de notre sac transparent \u00e0 fermeture \u00e9clair sur un c\u00f4t\u00e9 pour v\u00eatements. Prot\u00e9gez vos affaires, restez organis\u00e9 et profitez d&#039;un environnement sans encombrement gr\u00e2ce \u00e0 ces solutions de stockage haut de gamme.<\/p>","protected":false},"excerpt":{"rendered":"<table style=\"height: 360px; width: 99.8505%; border-collapse: collapse;\" border=\"2\">\n<tbody>\n<tr style=\"height: 40px;\">\n<td style=\"width: 38.0988%; height: 30px; background-color: #99ccff;\"><span style=\"font-family: arial, helvetica, sans-serif; font-size: 12pt;\"><strong>Dimensions et style<\/strong><\/span><\/td>\n<td style=\"width: 61.9012%; height: 30px; background-color: #99ccff;\"><span style=\"font-family: arial, helvetica, sans-serif; font-size: 12pt;\">25*35\/30*40cm<\/span><\/td>\n<\/tr>\n<tr style=\"height: 40px;\">\n<td style=\"width: 38.0988%; height: 34px; background-color: #ebebeb;\"><span style=\"font-size: 12pt;\"><strong><span style=\"font-family: arial, helvetica, sans-serif;\">Poids de 1 paquet = 100 pi\u00e8ces<\/span><\/strong><\/span><\/td>\n<td style=\"width: 61.9012%; height: 34px; background-color: #ebebeb;\"><span style=\"font-family: arial, helvetica, sans-serif; font-size: 12pt;\">Environ 1,26\/1,73kg<\/span><\/td>\n<\/tr>\n<tr style=\"height: 40px; background-color: #99ccff;\">\n<td style=\"width: 38.0988%; height: 24px;\"><span style=\"font-size: 12pt;\"><strong><span style=\"font-family: arial, helvetica, sans-serif;\">Type d&#039;emballage<\/span><\/strong><\/span><\/td>\n<td style=\"width: 61.9012%; height: 24px;\"><span style=\"font-family: arial, helvetica, sans-serif; font-size: 12pt;\">Sac \u00e0 fermeture \u00e9clair pour v\u00eatements<\/span><\/td>\n<\/tr>\n<tr style=\"height: 40px; background-color: #ebebeb;\">\n<td style=\"width: 38.0988%; height: 24px;\"><span style=\"font-size: 12pt;\"><strong><span style=\"font-family: arial, helvetica, sans-serif;\">\u00c9paisseur<\/span><\/strong><\/span><\/td>\n<td style=\"width: 61.9012%; height: 24px;\"><span style=\"font-family: arial, helvetica, sans-serif; font-size: 12pt;\">60 microns<\/span><\/td>\n<\/tr>\n<tr style=\"height: 40px; background-color: #99ccff;\">\n<td style=\"width: 38.0988%; height: 24px;\"><span style=\"font-size: 12pt;\"><strong><span style=\"font-family: arial, helvetica, sans-serif;\">Finition<\/span><\/strong><\/span><\/td>\n<td style=\"width: 61.9012%; height: 24px;\"><span style=\"font-family: arial, helvetica, sans-serif; font-size: 12pt;\">Clair<\/span><\/td>\n<\/tr>\n<tr style=\"height: 40px; background-color: #ebebeb;\">\n<td style=\"width: 38.0988%; height: 24px;\"><span style=\"font-size: 12pt;\"><strong><span style=\"font-family: arial, helvetica, sans-serif;\">Material<\/span><\/strong><\/span><\/td>\n<td style=\"width: 61.9012%; height: 24px;\"><span style=\"font-family: arial, helvetica, sans-serif; font-size: 12pt;\">CPE<\/span><\/td>\n<\/tr>\n<tr style=\"height: 40px; background-color: #99ccff;\">\n<td style=\"width: 38.0988%; height: 24px;\"><span style=\"font-size: 12pt;\"><strong><span style=\"font-family: arial, helvetica, sans-serif;\">Preuve<\/span><\/strong><\/span><\/td>\n<td style=\"width: 61.9012%; height: 24px;\"><span style=\"font-family: arial, helvetica, sans-serif; font-size: 12pt;\">R\u00e9siste \u00e0 l&#039;humidit\u00e9<\/span><\/td>\n<\/tr>\n<tr style=\"height: 40px; background-color: #ebebeb;\">\n<td style=\"width: 38.0988%; height: 24px;\"><span style=\"font-size: 12pt;\"><strong><span style=\"font-family: arial, helvetica, sans-serif;\">Temps d&#039;exp\u00e9dition<\/span><\/strong><\/span><\/td>\n<td style=\"width: 61.9012%; height: 24px;\"><span style=\"font-family: arial, helvetica, sans-serif; font-size: 12pt;\">7 \u00e0 15 jours ouvrables, RUSH<\/span><\/td>\n<\/tr>\n<tr style=\"height: 40px; background-color: #99ccff;\">\n<td style=\"width: 38.0988%; height: 24px;\"><span style=\"font-size: 12pt;\"><strong><span style=\"font-family: arial, helvetica, sans-serif;\">Mode de livraison<\/span><\/strong><\/span><\/td>\n<td style=\"width: 61.9012%; height: 24px;\"><span style=\"font-family: arial, helvetica, sans-serif; font-size: 12pt;\">Exprimer<\/span><\/td>\n<\/tr>\n<\/tbody>\n<\/table>\n<p>&nbsp;<\/p>","protected":false},"featured_media":3174,"comment_status":"open","ping_status":"closed","template":"","meta":[],"product_brand":[],"product_cat":[64],"product_tag":[],"class_list":{"0":"post-3173","1":"product","2":"type-product","3":"status-publish","4":"has-post-thumbnail","6":"product_cat-stock-pouches","8":"first","9":"instock","10":"shipping-taxable","11":"purchasable","12":"product-type-variable"},"_links":{"self":[{"href":"https:\/\/polysmarts.com\/fr\/wp-json\/wp\/v2\/product\/3173","targetHints":{"allow":["GET"]}}],"collection":[{"href":"https:\/\/polysmarts.com\/fr\/wp-json\/wp\/v2\/product"}],"about":[{"href":"https:\/\/polysmarts.com\/fr\/wp-json\/wp\/v2\/types\/product"}],"replies":[{"embeddable":true,"href":"https:\/\/polysmarts.com\/fr\/wp-json\/wp\/v2\/comments?post=3173"}],"version-history":[{"count":1,"href":"https:\/\/polysmarts.com\/fr\/wp-json\/wp\/v2\/product\/3173\/revisions"}],"predecessor-version":[{"id":3183,"href":"https:\/\/polysmarts.com\/fr\/wp-json\/wp\/v2\/product\/3173\/revisions\/3183"}],"wp:featuredmedia":[{"embeddable":true,"href":"https:\/\/polysmarts.com\/fr\/wp-json\/wp\/v2\/media\/3174"}],"wp:attachment":[{"href":"https:\/\/polysmarts.com\/fr\/wp-json\/wp\/v2\/media?parent=3173"}],"wp:term":[{"taxonomy":"product_brand","embeddable":true,"href":"https:\/\/polysmarts.com\/fr\/wp-json\/wp\/v2\/product_brand?post=3173"},{"taxonomy":"product_cat","embeddable":true,"href":"https:\/\/polysmarts.com\/fr\/wp-json\/wp\/v2\/product_cat?post=3173"},{"taxonomy":"product_tag","embeddable":true,"href":"https:\/\/polysmarts.com\/fr\/wp-json\/wp\/v2\/product_tag?post=3173"}],"curies":[{"name":"wp","href":"https:\/\/api.w.org\/{rel}","templated":true}]}}