{"id":3164,"date":"2024-05-10T08:39:48","date_gmt":"2024-05-10T08:39:48","guid":{"rendered":"https:\/\/polysmarts.com\/?post_type=product&#038;p=3164"},"modified":"2024-05-10T08:49:26","modified_gmt":"2024-05-10T08:49:26","slug":"sac-en-papier-de-vernissage-cadeau-fourre-tout-shopping-personnalise","status":"publish","type":"product","link":"https:\/\/polysmarts.com\/fr\/product\/custom-shopping-tote-gift-varnishing-paper-bag\/","title":{"rendered":"Sac en papier de vernissage cadeau fourre-tout shopping personnalis\u00e9"},"content":{"rendered":"<p class=\"whitespace-pre-wrap break-words\">Am\u00e9liorez votre exp\u00e9rience de marque et de cadeaux avec notre sac en papier vernis cadeau fourre-tout personnalis\u00e9. Ces sacs en papier haut de gamme sont con\u00e7us pour combiner style, fonctionnalit\u00e9 et respect de l&#039;environnement, ce qui en fait le choix parfait pour vos besoins professionnels ou personnels en mati\u00e8re de cadeaux.<\/p>\n<p class=\"whitespace-pre-wrap break-words\">Principales caract\u00e9ristiques:<\/p>\n<ol class=\"list-decimal pl-8 space-y-2 -mt-1\">\n<li class=\"whitespace-normal break-words\">Mat\u00e9riaux de haute qualit\u00e9 et respectueux de l&#039;environnement : nos sacs cadeaux sont fabriqu\u00e9s \u00e0 partir de papier naturel de haute qualit\u00e9, de 260 g\/m\u00b2 d&#039;\u00e9paisseur, garantissant durabilit\u00e9 et long\u00e9vit\u00e9. De plus, le papier est recyclable et respectueux de l\u2019environnement, ce qui correspond \u00e0 votre engagement en faveur du d\u00e9veloppement durable.<\/li>\n<li class=\"whitespace-normal break-words\">Robustes et r\u00e9utilisables : construits avec des mat\u00e9riaux de qualit\u00e9 sup\u00e9rieure, ces sacs sont robustes et durables, permettant de multiples utilisations. Que ce soit pour offrir ou faire du shopping, ces sacs peuvent r\u00e9sister aux exigences de transport et de manutention, garantissant que vos articles arrivent en parfait \u00e9tat.<\/li>\n<li class=\"whitespace-normal break-words\">Poign\u00e9e en ruban et papier de soie : chaque sac dispose d&#039;une poign\u00e9e en ruban \u00e9largie, vous permettant de transporter des objets lourds avec facilit\u00e9 et confort. De plus, chaque sac comprend deux morceaux de papier de soie \u2013 un blanc et un noir \u2013 ajoutant une touche d&#039;\u00e9l\u00e9gance suppl\u00e9mentaire et garantissant que vos cadeaux soient \u00e0 leur meilleur.<\/li>\n<li class=\"whitespace-normal break-words\">Options de personnalisation : personnalisez vos sacs avec votre propre logo, design ou message en utilisant nos services d&#039;impression personnalis\u00e9s. Cette fonctionnalit\u00e9 vous permet de cr\u00e9er un emballage v\u00e9ritablement unique et de marque qui correspond \u00e0 votre identit\u00e9 de marque ou au th\u00e8me de votre \u00e9v\u00e9nement, faisant une impression durable sur vos clients ou destinataires.<\/li>\n<li class=\"whitespace-normal break-words\">Applications polyvalentes : ces sacs en papier peuvent \u00eatre utilis\u00e9s \u00e0 des fins diverses pour diverses occasions, telles que l&#039;emballage de pain, de nourriture, de livres, ou comme sacs cadeaux pour v\u00eatements, jouets, fleurs, etc. Ils sont parfaits pour les mariages, les f\u00eates d&#039;anniversaire, les baby showers, les soir\u00e9es \u00e0 th\u00e8me, les petites entreprises, les supermarch\u00e9s, les \u00e9piceries et bien d&#039;autres \u00e9v\u00e9nements et \u00e9tablissements.<\/li>\n<\/ol>","protected":false},"excerpt":{"rendered":"<table style=\"height: 360px; width: 99.8505%; border-collapse: collapse;\" border=\"2\">\n<tbody>\n<tr style=\"height: 40px;\">\n<td style=\"width: 22.6796%; height: 30px; background-color: #99ccff;\"><span style=\"font-family: arial, helvetica, sans-serif; font-size: 12pt;\"><strong>Dimensions et style<\/strong><\/span><\/td>\n<td style=\"width: 77.3204%; height: 30px; background-color: #99ccff;\"><span style=\"font-family: arial, helvetica, sans-serif; font-size: 12pt;\">Formes et tailles personnalis\u00e9es<\/span><\/td>\n<\/tr>\n<tr style=\"height: 40px;\">\n<td style=\"width: 22.6796%; height: 34px; background-color: #ebebeb;\"><span style=\"font-size: 12pt;\"><strong><span style=\"font-family: arial, helvetica, sans-serif;\">Quantit\u00e9 minimum d&#039;achat<\/span><\/strong><\/span><\/td>\n<td style=\"width: 77.3204%; height: 34px; background-color: #ebebeb;\"><span style=\"font-family: arial, helvetica, sans-serif; font-size: 12pt;\">1000 pi\u00e8ces sans personnalisation, 5000 pi\u00e8ces pour personnalisation<\/span><\/td>\n<\/tr>\n<tr style=\"height: 40px; background-color: #99ccff;\">\n<td style=\"width: 22.6796%; height: 24px;\"><span style=\"font-size: 12pt;\"><strong><span style=\"font-family: arial, helvetica, sans-serif;\">Type d&#039;emballage<\/span><\/strong><\/span><\/td>\n<td style=\"width: 77.3204%; height: 24px;\"><span style=\"font-family: arial, helvetica, sans-serif; font-size: 12pt;\">Sac en papier de vernissage<\/span><\/td>\n<\/tr>\n<tr style=\"height: 40px; background-color: #ebebeb;\">\n<td style=\"width: 22.6796%; height: 24px;\"><span style=\"font-size: 12pt;\"><strong><span style=\"font-family: arial, helvetica, sans-serif;\">Material<\/span><\/strong><\/span><\/td>\n<td style=\"width: 77.3204%; height: 24px;\"><span style=\"font-family: arial, helvetica, sans-serif; font-size: 12pt;\">Papier d&#039;art, papier kraft<\/span><\/td>\n<\/tr>\n<tr style=\"height: 40px; background-color: #99ccff;\">\n<td style=\"width: 22.6796%; height: 24px;\"><span style=\"font-size: 12pt;\"><strong><span style=\"font-family: arial, helvetica, sans-serif;\">Manipulation des surfaces<\/span><\/strong><\/span><\/td>\n<td style=\"width: 77.3204%; height: 24px;\"><span style=\"font-family: arial, helvetica, sans-serif; font-size: 12pt;\">Flexo\/gravure\/impression offset, marquage \u00e0 chaud, gaufrage, vernissage, UV, etc.<\/span><\/td>\n<\/tr>\n<tr style=\"height: 40px; background-color: #ebebeb;\">\n<td style=\"width: 22.6796%; height: 24px;\"><span style=\"font-size: 12pt;\"><strong><span style=\"font-family: arial, helvetica, sans-serif;\">Fonctionnalit\u00e9<\/span><\/strong><\/span><\/td>\n<td style=\"width: 77.3204%; height: 24px;\"><span style=\"font-family: arial, helvetica, sans-serif; font-size: 12pt;\">Recycl\u00e9<\/span><\/td>\n<\/tr>\n<tr style=\"height: 40px; background-color: #99ccff;\">\n<td style=\"width: 22.6796%; height: 24px;\"><span style=\"font-size: 12pt;\"><strong><span style=\"font-family: arial, helvetica, sans-serif;\">Type de sac en papier<\/span><\/strong><\/span><\/td>\n<td style=\"width: 77.3204%; height: 24px;\"><span style=\"font-family: arial, helvetica, sans-serif; font-size: 12pt;\">Sac en papier cadeau, sacs \u00e0 provisions<\/span><\/td>\n<\/tr>\n<tr style=\"height: 40px; background-color: #ebebeb;\">\n<td style=\"width: 22.6796%; height: 24px;\"><span style=\"font-size: 12pt;\"><strong><span style=\"font-family: arial, helvetica, sans-serif;\">D\u00e9lai d&#039;ex\u00e9cution<\/span><\/strong><\/span><\/td>\n<td style=\"width: 77.3204%; height: 24px;\"><span style=\"font-family: arial, helvetica, sans-serif; font-size: 12pt;\">7 \u00e0 15 jours ouvrables, RUSH<\/span><\/td>\n<\/tr>\n<tr style=\"height: 40px; background-color: #99ccff;\">\n<td style=\"width: 22.6796%; height: 24px;\"><span style=\"font-size: 12pt;\"><strong><span style=\"font-family: arial, helvetica, sans-serif;\">Exp\u00e9dition<\/span><\/strong><\/span><\/td>\n<td style=\"width: 77.3204%; height: 24px;\"><span style=\"font-family: arial, helvetica, sans-serif; font-size: 12pt;\">Air, Mer, Express<\/span><\/td>\n<\/tr>\n<\/tbody>\n<\/table>\n<p>&nbsp;<\/p>","protected":false},"featured_media":3166,"comment_status":"open","ping_status":"closed","template":"","meta":[],"product_brand":[],"product_cat":[20,34],"product_tag":[],"class_list":{"0":"post-3164","1":"product","2":"type-product","3":"status-publish","4":"has-post-thumbnail","6":"product_cat-kraft-paper-bag","7":"product_cat-paper-packing","9":"first","10":"instock","11":"shipping-taxable","12":"product-type-simple"},"_links":{"self":[{"href":"https:\/\/polysmarts.com\/fr\/wp-json\/wp\/v2\/product\/3164","targetHints":{"allow":["GET"]}}],"collection":[{"href":"https:\/\/polysmarts.com\/fr\/wp-json\/wp\/v2\/product"}],"about":[{"href":"https:\/\/polysmarts.com\/fr\/wp-json\/wp\/v2\/types\/product"}],"replies":[{"embeddable":true,"href":"https:\/\/polysmarts.com\/fr\/wp-json\/wp\/v2\/comments?post=3164"}],"version-history":[{"count":2,"href":"https:\/\/polysmarts.com\/fr\/wp-json\/wp\/v2\/product\/3164\/revisions"}],"predecessor-version":[{"id":3172,"href":"https:\/\/polysmarts.com\/fr\/wp-json\/wp\/v2\/product\/3164\/revisions\/3172"}],"wp:featuredmedia":[{"embeddable":true,"href":"https:\/\/polysmarts.com\/fr\/wp-json\/wp\/v2\/media\/3166"}],"wp:attachment":[{"href":"https:\/\/polysmarts.com\/fr\/wp-json\/wp\/v2\/media?parent=3164"}],"wp:term":[{"taxonomy":"product_brand","embeddable":true,"href":"https:\/\/polysmarts.com\/fr\/wp-json\/wp\/v2\/product_brand?post=3164"},{"taxonomy":"product_cat","embeddable":true,"href":"https:\/\/polysmarts.com\/fr\/wp-json\/wp\/v2\/product_cat?post=3164"},{"taxonomy":"product_tag","embeddable":true,"href":"https:\/\/polysmarts.com\/fr\/wp-json\/wp\/v2\/product_tag?post=3164"}],"curies":[{"name":"wp","href":"https:\/\/api.w.org\/{rel}","templated":true}]}}