{"id":3154,"date":"2024-05-10T08:04:06","date_gmt":"2024-05-10T08:04:06","guid":{"rendered":"https:\/\/polysmarts.com\/?post_type=product&#038;p=3154"},"modified":"2024-05-10T08:17:43","modified_gmt":"2024-05-10T08:17:43","slug":"ruban-a-emporter-grand-sac-en-papier-avec-poignees","status":"publish","type":"product","link":"https:\/\/polysmarts.com\/fr\/product\/take-away-ribbon-big-paper-bag-with-handles\/","title":{"rendered":"Grand sac en papier \u00e0 emporter avec poign\u00e9es"},"content":{"rendered":"<p class=\"whitespace-pre-wrap break-words\">Am\u00e9liorez votre exp\u00e9rience d&#039;emballage et de cadeaux avec notre grand sac en papier \u00e0 emporter en ruban recycl\u00e9 de haute qualit\u00e9 personnalis\u00e9 avec poign\u00e9es. Ces sacs \u00e9l\u00e9gants et respectueux de l&#039;environnement sont con\u00e7us pour impressionner, alliant \u00e9l\u00e9gance et fonctionnalit\u00e9 pour une exp\u00e9rience vraiment remarquable.<\/p>\n<p class=\"whitespace-pre-wrap break-words\">Principales caract\u00e9ristiques:<\/p>\n<ol class=\"list-decimal pl-8 space-y-2 -mt-1\">\n<li class=\"whitespace-normal break-words\">Mat\u00e9riaux recycl\u00e9s de haute qualit\u00e9 : fabriqu\u00e9s \u00e0 partir de mat\u00e9riaux recycl\u00e9s de premi\u00e8re qualit\u00e9, ces sacs respirent non seulement le luxe, mais contribuent \u00e9galement \u00e0 un avenir plus durable. Nous accordons la priorit\u00e9 \u00e0 la responsabilit\u00e9 environnementale sans compromettre la qualit\u00e9 ou le style.<\/li>\n<li class=\"whitespace-normal break-words\">Accents de ruban \u00e9l\u00e9gants : chaque sac est orn\u00e9 d&#039;un ruban \u00e9l\u00e9gant, ajoutant une touche de raffinement et ce qui en fait un plaisir \u00e0 offrir. Ces d\u00e9tails r\u00e9fl\u00e9chis rehaussent la pr\u00e9sentation globale, garantissant une exp\u00e9rience vraiment m\u00e9morable \u00e0 vos destinataires.<\/li>\n<li class=\"whitespace-normal break-words\">Spacieux et polyvalents : avec leur taille g\u00e9n\u00e9reuse et leur construction robuste, ces grands sacs en papier avec poign\u00e9es peuvent accueillir une large gamme d&#039;articles, ce qui les rend adapt\u00e9s \u00e0 diverses occasions de cadeaux, notamment les mariages, les anniversaires, les \u00e9v\u00e9nements d&#039;entreprise, et plus encore.<\/li>\n<li class=\"whitespace-normal break-words\">Options d&#039;impression personnalis\u00e9es : personnalisez vos sacs avec votre propre logo, design ou message en utilisant nos services d&#039;impression personnalis\u00e9s. Cette fonctionnalit\u00e9 vous permet de cr\u00e9er un emballage v\u00e9ritablement unique et de marque qui correspond \u00e0 votre identit\u00e9 de marque ou au th\u00e8me de votre \u00e9v\u00e9nement.<\/li>\n<li class=\"whitespace-normal break-words\">Durables et r\u00e9utilisables : fabriqu\u00e9s avec des mat\u00e9riaux de haute qualit\u00e9, ces sacs sont con\u00e7us pour r\u00e9sister aux exigences de transport et de manipulation, garantissant que vos cadeaux arrivent en parfait \u00e9tat. De plus, leur nature r\u00e9utilisable favorise la durabilit\u00e9 et r\u00e9duit les d\u00e9chets.<\/li>\n<\/ol>","protected":false},"excerpt":{"rendered":"<table style=\"height: 360px; width: 99.8505%; border-collapse: collapse;\" border=\"2\">\n<tbody>\n<tr style=\"height: 40px;\">\n<td style=\"width: 22.6796%; height: 30px; background-color: #99ccff;\"><span style=\"font-family: arial, helvetica, sans-serif; font-size: 12pt;\"><strong>Dimensions et style<\/strong><\/span><\/td>\n<td style=\"width: 77.3204%; height: 30px; background-color: #99ccff;\"><span style=\"font-family: arial, helvetica, sans-serif; font-size: 12pt;\">Formes et tailles personnalis\u00e9es<\/span><\/td>\n<\/tr>\n<tr style=\"height: 40px;\">\n<td style=\"width: 22.6796%; height: 34px; background-color: #ebebeb;\"><span style=\"font-size: 12pt;\"><strong><span style=\"font-family: arial, helvetica, sans-serif;\">Quantit\u00e9 minimum d&#039;achat<\/span><\/strong><\/span><\/td>\n<td style=\"width: 77.3204%; height: 34px; background-color: #ebebeb;\"><span style=\"font-family: arial, helvetica, sans-serif; font-size: 12pt;\">1000 pi\u00e8ces sans personnalisation, 5000 pi\u00e8ces pour personnalisation<\/span><\/td>\n<\/tr>\n<tr style=\"height: 40px; background-color: #99ccff;\">\n<td style=\"width: 22.6796%; height: 24px;\"><span style=\"font-size: 12pt;\"><strong><span style=\"font-family: arial, helvetica, sans-serif;\">Type d&#039;emballage<\/span><\/strong><\/span><\/td>\n<td style=\"width: 77.3204%; height: 24px;\"><span style=\"font-family: arial, helvetica, sans-serif; font-size: 12pt;\">Sac en papier avec poign\u00e9es\u00a0<\/span><\/td>\n<\/tr>\n<tr style=\"height: 40px; background-color: #ebebeb;\">\n<td style=\"width: 22.6796%; height: 24px;\"><span style=\"font-size: 12pt;\"><strong><span style=\"font-family: arial, helvetica, sans-serif;\">Material<\/span><\/strong><\/span><\/td>\n<td style=\"width: 77.3204%; height: 24px;\"><span style=\"font-family: arial, helvetica, sans-serif; font-size: 12pt;\">Papier Carton<\/span><\/td>\n<\/tr>\n<tr style=\"height: 40px; background-color: #99ccff;\">\n<td style=\"width: 22.6796%; height: 24px;\"><span style=\"font-size: 12pt;\"><strong><span style=\"font-family: arial, helvetica, sans-serif;\">Finition<\/span><\/strong><\/span><\/td>\n<td style=\"width: 77.3204%; height: 24px;\"><span style=\"font-family: arial, helvetica, sans-serif; font-size: 12pt;\">Impression d&#039;\u00e9cran<\/span><\/td>\n<\/tr>\n<tr style=\"height: 40px; background-color: #ebebeb;\">\n<td style=\"width: 22.6796%; height: 24px;\"><span style=\"font-size: 12pt;\"><strong><span style=\"font-family: arial, helvetica, sans-serif;\">Fonctionnalit\u00e9<\/span><\/strong><\/span><\/td>\n<td style=\"width: 77.3204%; height: 24px;\"><span style=\"font-family: arial, helvetica, sans-serif; font-size: 12pt;\">Recycl\u00e9<\/span><\/td>\n<\/tr>\n<tr style=\"height: 40px; background-color: #99ccff;\">\n<td style=\"width: 22.6796%; height: 24px;\"><span style=\"font-size: 12pt;\"><strong><span style=\"font-family: arial, helvetica, sans-serif;\">Type de sac en papier<\/span><\/strong><\/span><\/td>\n<td style=\"width: 77.3204%; height: 24px;\"><span style=\"font-family: arial, helvetica, sans-serif; font-size: 12pt;\">Sac en papier cadeau, sacs \u00e0 provisions<\/span><\/td>\n<\/tr>\n<tr style=\"height: 40px; background-color: #ebebeb;\">\n<td style=\"width: 22.6796%; height: 24px;\"><span style=\"font-size: 12pt;\"><strong><span style=\"font-family: arial, helvetica, sans-serif;\">D\u00e9lai d&#039;ex\u00e9cution<\/span><\/strong><\/span><\/td>\n<td style=\"width: 77.3204%; height: 24px;\"><span style=\"font-family: arial, helvetica, sans-serif; font-size: 12pt;\">7 \u00e0 15 jours ouvrables, RUSH<\/span><\/td>\n<\/tr>\n<tr style=\"height: 40px; background-color: #99ccff;\">\n<td style=\"width: 22.6796%; height: 24px;\"><span style=\"font-size: 12pt;\"><strong><span style=\"font-family: arial, helvetica, sans-serif;\">Exp\u00e9dition<\/span><\/strong><\/span><\/td>\n<td style=\"width: 77.3204%; height: 24px;\"><span style=\"font-family: arial, helvetica, sans-serif; font-size: 12pt;\">Air, Mer, Express<\/span><\/td>\n<\/tr>\n<\/tbody>\n<\/table>\n<p>&nbsp;<\/p>","protected":false},"featured_media":3157,"comment_status":"open","ping_status":"closed","template":"","meta":[],"product_brand":[],"product_cat":[20,34],"product_tag":[],"class_list":{"0":"post-3154","1":"product","2":"type-product","3":"status-publish","4":"has-post-thumbnail","6":"product_cat-kraft-paper-bag","7":"product_cat-paper-packing","9":"first","10":"instock","11":"shipping-taxable","12":"product-type-simple"},"_links":{"self":[{"href":"https:\/\/polysmarts.com\/fr\/wp-json\/wp\/v2\/product\/3154","targetHints":{"allow":["GET"]}}],"collection":[{"href":"https:\/\/polysmarts.com\/fr\/wp-json\/wp\/v2\/product"}],"about":[{"href":"https:\/\/polysmarts.com\/fr\/wp-json\/wp\/v2\/types\/product"}],"replies":[{"embeddable":true,"href":"https:\/\/polysmarts.com\/fr\/wp-json\/wp\/v2\/comments?post=3154"}],"version-history":[{"count":2,"href":"https:\/\/polysmarts.com\/fr\/wp-json\/wp\/v2\/product\/3154\/revisions"}],"predecessor-version":[{"id":3163,"href":"https:\/\/polysmarts.com\/fr\/wp-json\/wp\/v2\/product\/3154\/revisions\/3163"}],"wp:featuredmedia":[{"embeddable":true,"href":"https:\/\/polysmarts.com\/fr\/wp-json\/wp\/v2\/media\/3157"}],"wp:attachment":[{"href":"https:\/\/polysmarts.com\/fr\/wp-json\/wp\/v2\/media?parent=3154"}],"wp:term":[{"taxonomy":"product_brand","embeddable":true,"href":"https:\/\/polysmarts.com\/fr\/wp-json\/wp\/v2\/product_brand?post=3154"},{"taxonomy":"product_cat","embeddable":true,"href":"https:\/\/polysmarts.com\/fr\/wp-json\/wp\/v2\/product_cat?post=3154"},{"taxonomy":"product_tag","embeddable":true,"href":"https:\/\/polysmarts.com\/fr\/wp-json\/wp\/v2\/product_tag?post=3154"}],"curies":[{"name":"wp","href":"https:\/\/api.w.org\/{rel}","templated":true}]}}