{"id":3144,"date":"2024-05-09T09:04:39","date_gmt":"2024-05-09T09:04:39","guid":{"rendered":"https:\/\/polysmarts.com\/?post_type=product&#038;p=3144"},"modified":"2024-05-09T09:25:27","modified_gmt":"2024-05-09T09:25:27","slug":"sacs-en-papier-carton-ecologiques-avec-poignee","status":"publish","type":"product","link":"https:\/\/polysmarts.com\/fr\/product\/eco-friendly-cardboard-paper-bags-with-handle\/","title":{"rendered":"Sacs en papier en carton \u00e9cologiques avec poign\u00e9e"},"content":{"rendered":"<p class=\"whitespace-pre-wrap break-words\">\u00c9levez votre jeu d&#039;emballage avec nos sacs en papier en carton d&#039;emballage \u00e9cologique en gros de mode de luxe avec impression de conception personnalis\u00e9e avec poign\u00e9e. Ces sacs exquis sont con\u00e7us pour impressionner, alliant \u00e9l\u00e9gance et fonctionnalit\u00e9 pour une exp\u00e9rience cadeau vraiment remarquable.<\/p>\n<p class=\"whitespace-pre-wrap break-words\">Principales caract\u00e9ristiques:<\/p>\n<p class=\"whitespace-pre-wrap break-words\">Finition mate de haute qualit\u00e9 : fabriqu\u00e9s avec une attention m\u00e9ticuleuse aux d\u00e9tails, ces beaux sacs cadeaux pr\u00e9sentent une finition mate luxueuse et lisse, respirant la sophistication et l&#039;\u00e9l\u00e9gance. La surface mate ajoute une touche de glamour discret, ce qui les rend parfaits pour toute occasion haut de gamme.<\/p>\n<p class=\"whitespace-pre-wrap break-words\">Cordon \u00e9l\u00e9gant et \u00e9tiquette suspendue : chaque sac est orn\u00e9 d&#039;un \u00e9l\u00e9gant cordon torsad\u00e9 de couleur assortie et d&#039;une \u00e9tiquette suspendue assortie, ajoutant une touche de raffinement et ce qui en fait un plaisir \u00e0 offrir. Ces d\u00e9tails r\u00e9fl\u00e9chis rehaussent la pr\u00e9sentation globale, garantissant une exp\u00e9rience vraiment m\u00e9morable.<\/p>\n<p class=\"whitespace-pre-wrap break-words\">Vaste s\u00e9lection de couleurs et de motifs\u00a0: avec une vaste gamme de couleurs et de motifs parmi lesquels choisir, notamment le bleu clair, le bordeaux riche, le rose pastel et bien plus encore, vous trouverez la teinte parfaite pour compl\u00e9ter n&#039;importe quelle occasion. Qu&#039;il s&#039;agisse d&#039;une c\u00e9l\u00e9bration vibrante ou d&#039;une affaire plus discr\u00e8te, notre s\u00e9lection a quelque chose pour chaque \u00e9v\u00e9nement.<\/p>\n<p class=\"whitespace-pre-wrap break-words\">Applications polyvalentes : ces sacs en papier de luxe avec poign\u00e9es sont parfaits pour un large \u00e9ventail d&#039;occasions, y compris les remises de dipl\u00f4mes, les f\u00eates pr\u00e9natales, les f\u00eates pr\u00e9nuptiales, les anniversaires, les vacances d&#039;hiver comme No\u00ebl et Hanoukka, les \u00e9v\u00e9nements d&#039;entreprise, les mariages, les r\u00e9unions de famille et bien plus encore. Leur polyvalence garantit qu&#039;ils constituent un ajout pr\u00e9cieux \u00e0 toute entreprise de cadeau ou d&#039;emballage.<\/p>\n<p class=\"whitespace-pre-wrap break-words\">Respectueux de l&#039;environnement et durable : chez Jillson &amp; Roberts, nous nous engageons \u00e0 fournir des emballages cadeaux haut de gamme et tendance, des sacs cadeaux, des sacs \u00e0 vin et des accessoires d&#039;emballage cadeau tout en \u00e9tant respectueux de l&#039;environnement et respectueux de l&#039;environnement. Notre engagement envers la qualit\u00e9 et la durabilit\u00e9 se refl\u00e8te dans chaque produit que nous proposons, vous garantissant ainsi de vous adonner au luxe tout en minimisant votre impact environnemental.<\/p>\n<p class=\"whitespace-pre-wrap break-words\">Am\u00e9liorez votre exp\u00e9rience de cadeaux et d&#039;emballage avec nos sacs en papier en carton avec poign\u00e9e, emballage de magasinage \u00e9cologique en gros, impression de mode de luxe et de conception personnalis\u00e9e. Adoptez le m\u00e9lange parfait de style, d&#039;\u00e9l\u00e9gance et de durabilit\u00e9, et laissez une impression durable sur vos destinataires avec chaque cadeau attentionn\u00e9.<\/p>","protected":false},"excerpt":{"rendered":"<table style=\"height: 360px; width: 99.8505%; border-collapse: collapse;\" border=\"2\">\n<tbody>\n<tr style=\"height: 40px;\">\n<td style=\"width: 22.6796%; height: 30px; background-color: #99ccff;\"><span style=\"font-family: arial, helvetica, sans-serif; font-size: 12pt;\"><strong>Dimensions et style<\/strong><\/span><\/td>\n<td style=\"width: 77.3204%; height: 30px; background-color: #99ccff;\"><span style=\"font-family: arial, helvetica, sans-serif; font-size: 12pt;\">Formes et tailles personnalis\u00e9es<\/span><\/td>\n<\/tr>\n<tr style=\"height: 40px;\">\n<td style=\"width: 22.6796%; height: 34px; background-color: #ebebeb;\"><span style=\"font-size: 12pt;\"><strong><span style=\"font-family: arial, helvetica, sans-serif;\">Quantit\u00e9 minimum d&#039;achat<\/span><\/strong><\/span><\/td>\n<td style=\"width: 77.3204%; height: 34px; background-color: #ebebeb;\"><span style=\"font-family: arial, helvetica, sans-serif; font-size: 12pt;\">1000 pi\u00e8ces sans personnalisation, 5000 pi\u00e8ces pour personnalisation<\/span><\/td>\n<\/tr>\n<tr style=\"height: 40px; background-color: #99ccff;\">\n<td style=\"width: 22.6796%; height: 24px;\"><span style=\"font-size: 12pt;\"><strong><span style=\"font-family: arial, helvetica, sans-serif;\">Type d&#039;emballage<\/span><\/strong><\/span><\/td>\n<td style=\"width: 77.3204%; height: 24px;\"><span style=\"font-family: arial, helvetica, sans-serif; font-size: 12pt;\">Sacs en papier avec poign\u00e9es\u00a0<\/span><\/td>\n<\/tr>\n<tr style=\"height: 40px; background-color: #ebebeb;\">\n<td style=\"width: 22.6796%; height: 24px;\"><span style=\"font-size: 12pt;\"><strong><span style=\"font-family: arial, helvetica, sans-serif;\">Material<\/span><\/strong><\/span><\/td>\n<td style=\"width: 77.3204%; height: 24px;\"><span style=\"font-family: arial, helvetica, sans-serif; font-size: 12pt;\">Papier Carton<\/span><\/td>\n<\/tr>\n<tr style=\"height: 40px; background-color: #99ccff;\">\n<td style=\"width: 22.6796%; height: 24px;\"><span style=\"font-size: 12pt;\"><strong><span style=\"font-family: arial, helvetica, sans-serif;\">Finition<\/span><\/strong><\/span><\/td>\n<td style=\"width: 77.3204%; height: 24px;\"><span style=\"font-family: arial, helvetica, sans-serif; font-size: 12pt;\">Impression d&#039;\u00e9cran<\/span><\/td>\n<\/tr>\n<tr style=\"height: 40px; background-color: #ebebeb;\">\n<td style=\"width: 22.6796%; height: 24px;\"><span style=\"font-size: 12pt;\"><strong><span style=\"font-family: arial, helvetica, sans-serif;\">Fonctionnalit\u00e9<\/span><\/strong><\/span><\/td>\n<td style=\"width: 77.3204%; height: 24px;\"><span style=\"font-family: arial, helvetica, sans-serif; font-size: 12pt;\">Recycl\u00e9<\/span><\/td>\n<\/tr>\n<tr style=\"height: 40px; background-color: #99ccff;\">\n<td style=\"width: 22.6796%; height: 24px;\"><span style=\"font-size: 12pt;\"><strong><span style=\"font-family: arial, helvetica, sans-serif;\">Type de sac en papier<\/span><\/strong><\/span><\/td>\n<td style=\"width: 77.3204%; height: 24px;\"><span style=\"font-family: arial, helvetica, sans-serif; font-size: 12pt;\">Sac en papier cadeau, sacs \u00e0 provisions<\/span><\/td>\n<\/tr>\n<tr style=\"height: 40px; background-color: #ebebeb;\">\n<td style=\"width: 22.6796%; height: 24px;\"><span style=\"font-size: 12pt;\"><strong><span style=\"font-family: arial, helvetica, sans-serif;\">D\u00e9lai d&#039;ex\u00e9cution<\/span><\/strong><\/span><\/td>\n<td style=\"width: 77.3204%; height: 24px;\"><span style=\"font-family: arial, helvetica, sans-serif; font-size: 12pt;\">7 \u00e0 15 jours ouvrables, RUSH<\/span><\/td>\n<\/tr>\n<tr style=\"height: 40px; background-color: #99ccff;\">\n<td style=\"width: 22.6796%; height: 24px;\"><span style=\"font-size: 12pt;\"><strong><span style=\"font-family: arial, helvetica, sans-serif;\">Exp\u00e9dition<\/span><\/strong><\/span><\/td>\n<td style=\"width: 77.3204%; height: 24px;\"><span style=\"font-family: arial, helvetica, sans-serif; font-size: 12pt;\">Air, Mer, Express<\/span><\/td>\n<\/tr>\n<\/tbody>\n<\/table>\n<p>&nbsp;<\/p>","protected":false},"featured_media":3146,"comment_status":"open","ping_status":"closed","template":"","meta":[],"product_brand":[],"product_cat":[20,34],"product_tag":[],"class_list":{"0":"post-3144","1":"product","2":"type-product","3":"status-publish","4":"has-post-thumbnail","6":"product_cat-kraft-paper-bag","7":"product_cat-paper-packing","9":"first","10":"instock","11":"shipping-taxable","12":"product-type-simple"},"_links":{"self":[{"href":"https:\/\/polysmarts.com\/fr\/wp-json\/wp\/v2\/product\/3144","targetHints":{"allow":["GET"]}}],"collection":[{"href":"https:\/\/polysmarts.com\/fr\/wp-json\/wp\/v2\/product"}],"about":[{"href":"https:\/\/polysmarts.com\/fr\/wp-json\/wp\/v2\/types\/product"}],"replies":[{"embeddable":true,"href":"https:\/\/polysmarts.com\/fr\/wp-json\/wp\/v2\/comments?post=3144"}],"version-history":[{"count":2,"href":"https:\/\/polysmarts.com\/fr\/wp-json\/wp\/v2\/product\/3144\/revisions"}],"predecessor-version":[{"id":3152,"href":"https:\/\/polysmarts.com\/fr\/wp-json\/wp\/v2\/product\/3144\/revisions\/3152"}],"wp:featuredmedia":[{"embeddable":true,"href":"https:\/\/polysmarts.com\/fr\/wp-json\/wp\/v2\/media\/3146"}],"wp:attachment":[{"href":"https:\/\/polysmarts.com\/fr\/wp-json\/wp\/v2\/media?parent=3144"}],"wp:term":[{"taxonomy":"product_brand","embeddable":true,"href":"https:\/\/polysmarts.com\/fr\/wp-json\/wp\/v2\/product_brand?post=3144"},{"taxonomy":"product_cat","embeddable":true,"href":"https:\/\/polysmarts.com\/fr\/wp-json\/wp\/v2\/product_cat?post=3144"},{"taxonomy":"product_tag","embeddable":true,"href":"https:\/\/polysmarts.com\/fr\/wp-json\/wp\/v2\/product_tag?post=3144"}],"curies":[{"name":"wp","href":"https:\/\/api.w.org\/{rel}","templated":true}]}}