{"id":3135,"date":"2024-05-09T08:48:55","date_gmt":"2024-05-09T08:48:55","guid":{"rendered":"https:\/\/polysmarts.com\/?post_type=product&#038;p=3135"},"modified":"2024-05-09T08:57:54","modified_gmt":"2024-05-09T08:57:54","slug":"sacs-cadeaux-en-papier-kraft-avec-poignee-cadeau-danniversaire","status":"publish","type":"product","link":"https:\/\/polysmarts.com\/fr\/product\/birthday-gift-kraft-paper-gift-bags-with-handle\/","title":{"rendered":"Sacs-cadeaux en papier kraft cadeau d&#039;anniversaire avec poign\u00e9e"},"content":{"rendered":"<p class=\"whitespace-pre-wrap break-words\">Am\u00e9liorez votre exp\u00e9rience de cadeaux et d&#039;emballage avec nos sacs cadeaux en papier kraft d&#039;anniversaire recycl\u00e9 avec logo personnalis\u00e9 imprim\u00e9 avec poign\u00e9es en stock. Ces sacs \u00e9cologiques allient style et fonctionnalit\u00e9, ce qui en fait le choix parfait pour tous vos besoins de c\u00e9l\u00e9bration.<\/p>\n<p class=\"whitespace-pre-wrap break-words\">Principales caract\u00e9ristiques:<\/p>\n<p class=\"whitespace-pre-wrap break-words\">Mat\u00e9riaux de haute qualit\u00e9 : fabriqu\u00e9s \u00e0 partir de papier extra \u00e9pais de haute qualit\u00e9, ces sacs pr\u00e9sentent une surface lisse et des couleurs vives. Ils sont robustes et durables, garantissant qu&#039;ils peuvent r\u00e9sister \u00e0 presque tous les besoins quotidiens en mati\u00e8re de cadeaux de f\u00eate, vous offrant ainsi des solutions d&#039;emballage fiables.<\/p>\n<p class=\"whitespace-pre-wrap break-words\">Polyvalence multi-occasions : que ce soit pour les f\u00eates d&#039;anniversaire, les sacs de friandises, les mariages, les cadeaux de f\u00eate, le shopping, les cadeaux de remerciement, les sacs de bonbons, les f\u00eates pr\u00e9natales, les emballages de vente au d\u00e9tail ou les sacs de friandises, ces sacs en papier polyvalents avec poign\u00e9es sont parfaits. choix pour chaque occasion.<\/p>\n<p class=\"whitespace-pre-wrap break-words\">\u3010Lumineux et festif\u3011 : avec leur design d\u00e9cent et \u00e9l\u00e9gant, ces sacs cadeaux en papier avec poign\u00e9es \u00e9gayeront sans aucun doute n&#039;importe quelle c\u00e9l\u00e9bration. Leur aspect accrocheur en fait un excellent choix pour ajouter une touche de festivit\u00e9 \u00e0 vos \u00e9v\u00e9nements.<\/p>\n<p class=\"whitespace-pre-wrap break-words\">Impression de logo personnalis\u00e9 : personnalisez ces sacs avec votre propre logo ou design personnalis\u00e9, ce qui les rend vraiment uniques et refl\u00e8tent le th\u00e8me de votre marque ou de votre \u00e9v\u00e9nement. Notre processus d&#039;impression de haute qualit\u00e9 garantit un aspect professionnel et soign\u00e9 qui laissera une impression durable.<\/p>\n<p class=\"whitespace-pre-wrap break-words\">Respectueux de l&#039;environnement et durable : fabriqu\u00e9s \u00e0 partir de mat\u00e9riaux recycl\u00e9s, ces sacs offrent non seulement une solution \u00e9l\u00e9gante et fonctionnelle, mais contribuent \u00e9galement \u00e0 un avenir plus durable. Choisissez ces sacs \u00e9cologiques et ayez un impact positif sur l&#039;environnement.<\/p>\n<p class=\"whitespace-pre-wrap break-words\">Faites le plein de nos poign\u00e9es de sac en papier d&#039;emballage alimentaire en kraft blanc recycl\u00e9 avec logo personnalis\u00e9 imprim\u00e9 et am\u00e9liorez votre jeu de cadeaux et d&#039;emballage. Avec leur durabilit\u00e9, leur polyvalence et leur design accrocheur, ces sacs sont le choix parfait pour tous vos besoins de c\u00e9l\u00e9bration, garantissant une exp\u00e9rience m\u00e9morable et respectueuse de l&#039;environnement.<\/p>","protected":false},"excerpt":{"rendered":"<table style=\"height: 360px; width: 99.8505%; border-collapse: collapse;\" border=\"2\">\n<tbody>\n<tr style=\"height: 40px;\">\n<td style=\"width: 22.6796%; height: 30px; background-color: #99ccff;\"><span style=\"font-family: arial, helvetica, sans-serif; font-size: 12pt;\"><strong>Dimensions et style<\/strong><\/span><\/td>\n<td style=\"width: 77.3204%; height: 30px; background-color: #99ccff;\"><span style=\"font-family: arial, helvetica, sans-serif; font-size: 12pt;\">Formes et tailles personnalis\u00e9es<\/span><\/td>\n<\/tr>\n<tr style=\"height: 40px;\">\n<td style=\"width: 22.6796%; height: 34px; background-color: #ebebeb;\"><span style=\"font-size: 12pt;\"><strong><span style=\"font-family: arial, helvetica, sans-serif;\">Quantit\u00e9 minimum d&#039;achat<\/span><\/strong><\/span><\/td>\n<td style=\"width: 77.3204%; height: 34px; background-color: #ebebeb;\"><span style=\"font-family: arial, helvetica, sans-serif; font-size: 12pt;\">1000 pi\u00e8ces sans personnalisation, 5000 pi\u00e8ces pour personnalisation<\/span><\/td>\n<\/tr>\n<tr style=\"height: 40px; background-color: #99ccff;\">\n<td style=\"width: 22.6796%; height: 24px;\"><span style=\"font-size: 12pt;\"><strong><span style=\"font-family: arial, helvetica, sans-serif;\">Type d&#039;emballage<\/span><\/strong><\/span><\/td>\n<td style=\"width: 77.3204%; height: 24px;\"><span style=\"font-family: arial, helvetica, sans-serif; font-size: 12pt;\">Sacs cadeaux en papier avec poign\u00e9es\u00a0<\/span><\/td>\n<\/tr>\n<tr style=\"height: 40px; background-color: #ebebeb;\">\n<td style=\"width: 22.6796%; height: 24px;\"><span style=\"font-size: 12pt;\"><strong><span style=\"font-family: arial, helvetica, sans-serif;\">Material<\/span><\/strong><\/span><\/td>\n<td style=\"width: 77.3204%; height: 24px;\"><span style=\"font-family: arial, helvetica, sans-serif; font-size: 12pt;\">Papier kraft<\/span><\/td>\n<\/tr>\n<tr style=\"height: 40px; background-color: #99ccff;\">\n<td style=\"width: 22.6796%; height: 24px;\"><span style=\"font-size: 12pt;\"><strong><span style=\"font-family: arial, helvetica, sans-serif;\">Finition<\/span><\/strong><\/span><\/td>\n<td style=\"width: 77.3204%; height: 24px;\"><span style=\"font-family: arial, helvetica, sans-serif; font-size: 12pt;\">Impression d&#039;\u00e9cran<\/span><\/td>\n<\/tr>\n<tr style=\"height: 40px; background-color: #ebebeb;\">\n<td style=\"width: 22.6796%; height: 24px;\"><span style=\"font-size: 12pt;\"><strong><span style=\"font-family: arial, helvetica, sans-serif;\">Fonctionnalit\u00e9<\/span><\/strong><\/span><\/td>\n<td style=\"width: 77.3204%; height: 24px;\"><span style=\"font-family: arial, helvetica, sans-serif; font-size: 12pt;\">Recycl\u00e9<\/span><\/td>\n<\/tr>\n<tr style=\"height: 40px; background-color: #99ccff;\">\n<td style=\"width: 22.6796%; height: 24px;\"><span style=\"font-size: 12pt;\"><strong><span style=\"font-family: arial, helvetica, sans-serif;\">Type de sac en papier<\/span><\/strong><\/span><\/td>\n<td style=\"width: 77.3204%; height: 24px;\"><span style=\"font-family: arial, helvetica, sans-serif; font-size: 12pt;\">Sac en papier cadeau, sacs \u00e0 provisions<\/span><\/td>\n<\/tr>\n<tr style=\"height: 40px; background-color: #ebebeb;\">\n<td style=\"width: 22.6796%; height: 24px;\"><span style=\"font-size: 12pt;\"><strong><span style=\"font-family: arial, helvetica, sans-serif;\">D\u00e9lai d&#039;ex\u00e9cution<\/span><\/strong><\/span><\/td>\n<td style=\"width: 77.3204%; height: 24px;\"><span style=\"font-family: arial, helvetica, sans-serif; font-size: 12pt;\">7 \u00e0 15 jours ouvrables, RUSH<\/span><\/td>\n<\/tr>\n<tr style=\"height: 40px; background-color: #99ccff;\">\n<td style=\"width: 22.6796%; height: 24px;\"><span style=\"font-size: 12pt;\"><strong><span style=\"font-family: arial, helvetica, sans-serif;\">Exp\u00e9dition<\/span><\/strong><\/span><\/td>\n<td style=\"width: 77.3204%; height: 24px;\"><span style=\"font-family: arial, helvetica, sans-serif; font-size: 12pt;\">Air, Mer, Express<\/span><\/td>\n<\/tr>\n<\/tbody>\n<\/table>\n<p>&nbsp;<\/p>","protected":false},"featured_media":3136,"comment_status":"open","ping_status":"closed","template":"","meta":[],"product_brand":[],"product_cat":[20,34],"product_tag":[],"class_list":{"0":"post-3135","1":"product","2":"type-product","3":"status-publish","4":"has-post-thumbnail","6":"product_cat-kraft-paper-bag","7":"product_cat-paper-packing","9":"first","10":"instock","11":"shipping-taxable","12":"product-type-simple"},"_links":{"self":[{"href":"https:\/\/polysmarts.com\/fr\/wp-json\/wp\/v2\/product\/3135","targetHints":{"allow":["GET"]}}],"collection":[{"href":"https:\/\/polysmarts.com\/fr\/wp-json\/wp\/v2\/product"}],"about":[{"href":"https:\/\/polysmarts.com\/fr\/wp-json\/wp\/v2\/types\/product"}],"replies":[{"embeddable":true,"href":"https:\/\/polysmarts.com\/fr\/wp-json\/wp\/v2\/comments?post=3135"}],"version-history":[{"count":2,"href":"https:\/\/polysmarts.com\/fr\/wp-json\/wp\/v2\/product\/3135\/revisions"}],"predecessor-version":[{"id":3143,"href":"https:\/\/polysmarts.com\/fr\/wp-json\/wp\/v2\/product\/3135\/revisions\/3143"}],"wp:featuredmedia":[{"embeddable":true,"href":"https:\/\/polysmarts.com\/fr\/wp-json\/wp\/v2\/media\/3136"}],"wp:attachment":[{"href":"https:\/\/polysmarts.com\/fr\/wp-json\/wp\/v2\/media?parent=3135"}],"wp:term":[{"taxonomy":"product_brand","embeddable":true,"href":"https:\/\/polysmarts.com\/fr\/wp-json\/wp\/v2\/product_brand?post=3135"},{"taxonomy":"product_cat","embeddable":true,"href":"https:\/\/polysmarts.com\/fr\/wp-json\/wp\/v2\/product_cat?post=3135"},{"taxonomy":"product_tag","embeddable":true,"href":"https:\/\/polysmarts.com\/fr\/wp-json\/wp\/v2\/product_tag?post=3135"}],"curies":[{"name":"wp","href":"https:\/\/api.w.org\/{rel}","templated":true}]}}