{"id":3125,"date":"2024-05-09T08:25:53","date_gmt":"2024-05-09T08:25:53","guid":{"rendered":"https:\/\/polysmarts.com\/?post_type=product&#038;p=3125"},"modified":"2024-05-09T08:35:23","modified_gmt":"2024-05-09T08:35:23","slug":"sac-a-provisions-kraft-rose-avec-logo-personnalise-cadeau-danniversaire","status":"publish","type":"product","link":"https:\/\/polysmarts.com\/fr\/product\/custom-logo-birthday-gift-pink-kraft-shopping-bag\/","title":{"rendered":"Sac \u00e0 provisions rose de cadeau d&#039;anniversaire de logo fait sur commande"},"content":{"rendered":"<p class=\"whitespace-pre-wrap break-words\">\u00c9levez vos c\u00e9l\u00e9brations avec notre sac \u00e0 provisions en kraft rose avec logo personnalis\u00e9 pour cadeau d&#039;anniversaire. Ces sacs chics et vibrants sont le compl\u00e9ment parfait \u00e0 toute f\u00eate d&#039;anniversaire, ajoutant une touche de fantaisie et de plaisir \u00e0 votre journ\u00e9e sp\u00e9ciale.<\/p>\n<p class=\"whitespace-pre-wrap break-words\">Principales caract\u00e9ristiques:<\/p>\n<ol class=\"list-decimal pl-8 space-y-2 -mt-1\">\n<li class=\"whitespace-normal break-words\">Mat\u00e9riau fiable et s\u00fbr : fabriqu\u00e9s \u00e0 partir de papier kraft de haute qualit\u00e9, nos sacs de f\u00eate d&#039;anniversaire sont exempts de toute odeur \u00e9trange, garantissant un mat\u00e9riau s\u00fbr et robuste pour vos pr\u00e9cieux cadeaux. Les motifs et dessins color\u00e9s raviront \u00e0 coup s\u00fbr, ce qui les rend id\u00e9aux pour les cadeaux d&#039;anniversaire des filles.<\/li>\n<li class=\"whitespace-normal break-words\">Applications larges : ces sacs de friandises d&#039;anniversaire polyvalents peuvent accueillir une vari\u00e9t\u00e9 de petits cadeaux, bijoux, bonbons, collations et plus encore. Ils conviennent non seulement aux f\u00eates d&#039;anniversaire, mais \u00e9galement aux go\u00fbters, aux f\u00eates pr\u00e9nuptiales, aux baby showers, aux mariages ou \u00e0 toute autre occasion o\u00f9 vous devez offrir de petits jetons ou contenir de petits objets.<\/li>\n<li class=\"whitespace-normal break-words\">Designs personnalis\u00e9s et vibrants : nos sacs \u00e0 cadeaux de f\u00eate d&#039;anniversaire pr\u00e9sentent une gamme de designs attrayants, notamment des ballons color\u00e9s, de d\u00e9licieux desserts cupcakes, des bougies festives, et plus encore. Ces charmants motifs ajouteront une dose suppl\u00e9mentaire d&#039;ambiance et de plaisir \u00e0 votre f\u00eate d&#039;anniversaire et autres c\u00e9l\u00e9brations.<\/li>\n<li class=\"whitespace-normal break-words\">Options de logo personnalis\u00e9\u00a0: personnalisez vos sacs-cadeaux avec votre propre logo ou design, les rendant ainsi vraiment uniques et refl\u00e9tant le th\u00e8me de votre marque ou de votre \u00e9v\u00e9nement. Nos options d\u2019impression de logo personnalis\u00e9 garantissent un aspect professionnel et soign\u00e9 qui laissera une impression durable.<\/li>\n<\/ol>\n<p class=\"whitespace-pre-wrap break-words\">C\u00e9l\u00e9brez avec style avec notre sac \u00e0 provisions en kraft rose avec logo personnalis\u00e9 pour cadeau d&#039;anniversaire. Ces sacs \u00e9l\u00e9gants et fonctionnels ajoutent non seulement une touche de fantaisie \u00e0 vos c\u00e9l\u00e9brations, mais constituent \u00e9galement un moyen s\u00fbr et fiable d&#039;offrir un cadeau \u00e0 vos proches, rendant chaque occasion vraiment m\u00e9morable.<\/p>","protected":false},"excerpt":{"rendered":"<table style=\"height: 360px; width: 99.8505%; border-collapse: collapse;\" border=\"2\">\n<tbody>\n<tr style=\"height: 40px;\">\n<td style=\"width: 22.6796%; height: 30px; background-color: #99ccff;\"><span style=\"font-family: arial, helvetica, sans-serif; font-size: 12pt;\"><strong>Dimensions et style<\/strong><\/span><\/td>\n<td style=\"width: 77.3204%; height: 30px; background-color: #99ccff;\"><span style=\"font-family: arial, helvetica, sans-serif; font-size: 12pt;\">Formes et tailles personnalis\u00e9es<\/span><\/td>\n<\/tr>\n<tr style=\"height: 40px;\">\n<td style=\"width: 22.6796%; height: 34px; background-color: #ebebeb;\"><span style=\"font-size: 12pt;\"><strong><span style=\"font-family: arial, helvetica, sans-serif;\">Quantit\u00e9 minimum d&#039;achat<\/span><\/strong><\/span><\/td>\n<td style=\"width: 77.3204%; height: 34px; background-color: #ebebeb;\"><span style=\"font-family: arial, helvetica, sans-serif; font-size: 12pt;\">1000 pi\u00e8ces sans personnalisation, 5000 pi\u00e8ces pour personnalisation<\/span><\/td>\n<\/tr>\n<tr style=\"height: 40px; background-color: #99ccff;\">\n<td style=\"width: 22.6796%; height: 24px;\"><span style=\"font-size: 12pt;\"><strong><span style=\"font-family: arial, helvetica, sans-serif;\">Type d&#039;emballage<\/span><\/strong><\/span><\/td>\n<td style=\"width: 77.3204%; height: 24px;\"><span style=\"font-family: arial, helvetica, sans-serif; font-size: 12pt;\">Sacs \u00e0 provisions kraft\u00a0<\/span><\/td>\n<\/tr>\n<tr style=\"height: 40px; background-color: #ebebeb;\">\n<td style=\"width: 22.6796%; height: 24px;\"><span style=\"font-size: 12pt;\"><strong><span style=\"font-family: arial, helvetica, sans-serif;\">Material<\/span><\/strong><\/span><\/td>\n<td style=\"width: 77.3204%; height: 24px;\"><span style=\"font-family: arial, helvetica, sans-serif; font-size: 12pt;\">Papier kraft<\/span><\/td>\n<\/tr>\n<tr style=\"height: 40px; background-color: #99ccff;\">\n<td style=\"width: 22.6796%; height: 24px;\"><span style=\"font-size: 12pt;\"><strong><span style=\"font-family: arial, helvetica, sans-serif;\">Finition<\/span><\/strong><\/span><\/td>\n<td style=\"width: 77.3204%; height: 24px;\"><span style=\"font-family: arial, helvetica, sans-serif; font-size: 12pt;\">Impression d&#039;\u00e9cran<\/span><\/td>\n<\/tr>\n<tr style=\"height: 40px; background-color: #ebebeb;\">\n<td style=\"width: 22.6796%; height: 24px;\"><span style=\"font-size: 12pt;\"><strong><span style=\"font-family: arial, helvetica, sans-serif;\">Fonctionnalit\u00e9<\/span><\/strong><\/span><\/td>\n<td style=\"width: 77.3204%; height: 24px;\"><span style=\"font-family: arial, helvetica, sans-serif; font-size: 12pt;\">Recycl\u00e9<\/span><\/td>\n<\/tr>\n<tr style=\"height: 40px; background-color: #99ccff;\">\n<td style=\"width: 22.6796%; height: 24px;\"><span style=\"font-size: 12pt;\"><strong><span style=\"font-family: arial, helvetica, sans-serif;\">Type de sac en papier<\/span><\/strong><\/span><\/td>\n<td style=\"width: 77.3204%; height: 24px;\"><span style=\"font-family: arial, helvetica, sans-serif; font-size: 12pt;\">Sac en papier cadeau, sacs \u00e0 provisions<\/span><\/td>\n<\/tr>\n<tr style=\"height: 40px; background-color: #ebebeb;\">\n<td style=\"width: 22.6796%; height: 24px;\"><span style=\"font-size: 12pt;\"><strong><span style=\"font-family: arial, helvetica, sans-serif;\">D\u00e9lai d&#039;ex\u00e9cution<\/span><\/strong><\/span><\/td>\n<td style=\"width: 77.3204%; height: 24px;\"><span style=\"font-family: arial, helvetica, sans-serif; font-size: 12pt;\">7 \u00e0 15 jours ouvrables, RUSH<\/span><\/td>\n<\/tr>\n<tr style=\"height: 40px; background-color: #99ccff;\">\n<td style=\"width: 22.6796%; height: 24px;\"><span style=\"font-size: 12pt;\"><strong><span style=\"font-family: arial, helvetica, sans-serif;\">Exp\u00e9dition<\/span><\/strong><\/span><\/td>\n<td style=\"width: 77.3204%; height: 24px;\"><span style=\"font-family: arial, helvetica, sans-serif; font-size: 12pt;\">Air, Mer, Express<\/span><\/td>\n<\/tr>\n<\/tbody>\n<\/table>\n<p>&nbsp;<\/p>","protected":false},"featured_media":3131,"comment_status":"open","ping_status":"closed","template":"","meta":[],"product_brand":[],"product_cat":[20,34],"product_tag":[],"class_list":{"0":"post-3125","1":"product","2":"type-product","3":"status-publish","4":"has-post-thumbnail","6":"product_cat-kraft-paper-bag","7":"product_cat-paper-packing","9":"first","10":"instock","11":"shipping-taxable","12":"product-type-simple"},"_links":{"self":[{"href":"https:\/\/polysmarts.com\/fr\/wp-json\/wp\/v2\/product\/3125","targetHints":{"allow":["GET"]}}],"collection":[{"href":"https:\/\/polysmarts.com\/fr\/wp-json\/wp\/v2\/product"}],"about":[{"href":"https:\/\/polysmarts.com\/fr\/wp-json\/wp\/v2\/types\/product"}],"replies":[{"embeddable":true,"href":"https:\/\/polysmarts.com\/fr\/wp-json\/wp\/v2\/comments?post=3125"}],"version-history":[{"count":2,"href":"https:\/\/polysmarts.com\/fr\/wp-json\/wp\/v2\/product\/3125\/revisions"}],"predecessor-version":[{"id":3134,"href":"https:\/\/polysmarts.com\/fr\/wp-json\/wp\/v2\/product\/3125\/revisions\/3134"}],"wp:featuredmedia":[{"embeddable":true,"href":"https:\/\/polysmarts.com\/fr\/wp-json\/wp\/v2\/media\/3131"}],"wp:attachment":[{"href":"https:\/\/polysmarts.com\/fr\/wp-json\/wp\/v2\/media?parent=3125"}],"wp:term":[{"taxonomy":"product_brand","embeddable":true,"href":"https:\/\/polysmarts.com\/fr\/wp-json\/wp\/v2\/product_brand?post=3125"},{"taxonomy":"product_cat","embeddable":true,"href":"https:\/\/polysmarts.com\/fr\/wp-json\/wp\/v2\/product_cat?post=3125"},{"taxonomy":"product_tag","embeddable":true,"href":"https:\/\/polysmarts.com\/fr\/wp-json\/wp\/v2\/product_tag?post=3125"}],"curies":[{"name":"wp","href":"https:\/\/api.w.org\/{rel}","templated":true}]}}