{"id":3116,"date":"2024-05-09T06:51:36","date_gmt":"2024-05-09T06:51:36","guid":{"rendered":"https:\/\/polysmarts.com\/?post_type=product&#038;p=3116"},"modified":"2024-05-09T08:21:25","modified_gmt":"2024-05-09T08:21:25","slug":"emballage-de-sac-en-papier-paillete-de-luxe-personnalise","status":"publish","type":"product","link":"https:\/\/polysmarts.com\/fr\/product\/custom-luxury-glitter-paper-bag-packaging\/","title":{"rendered":"Emballage de sac en papier paillet\u00e9 de luxe personnalis\u00e9"},"content":{"rendered":"<p>Am\u00e9liorez votre exp\u00e9rience de cadeau avec notre emballage de sac en papier paillet\u00e9 de luxe personnalis\u00e9. Ces superbes sacs cadeaux en papier kraft sont con\u00e7us non seulement pour r\u00e9pondre \u00e0 vos besoins quotidiens en mati\u00e8re d&#039;emballage, mais \u00e9galement pour ajouter une touche d&#039;\u00e9l\u00e9gance et de sophistication lorsque vous les partagez avec vos amis et vos proches.<\/p>\n<p>Fonctionnalit\u00e9<\/p>\n<ol class=\"list-decimal pl-8 space-y-2 -mt-1\">\n<li class=\"whitespace-normal break-words\">Mat\u00e9riau durable et fiable : fabriqu\u00e9s \u00e0 partir de papier de haute qualit\u00e9, nos sacs cadeaux \u00e0 paillettes sont pratiques, l\u00e9gers, r\u00e9utilisables et pliables, garantissant une commodit\u00e9 de transport ou de rangement lorsqu&#039;ils ne sont pas utilis\u00e9s.<\/li>\n<li class=\"whitespace-normal break-words\">Finition paillet\u00e9e \u00e9l\u00e9gante : orn\u00e9s d&#039;une finition paillet\u00e9e scintillante, ces sacs d\u00e9gagent une sensation de luxe et de glamour. Les paillettes sont vives et brillantes, r\u00e9sistantes \u00e0 la d\u00e9coloration, ajoutant une touche suppl\u00e9mentaire d&#039;\u00e9clat \u00e0 vos cadeaux.<\/li>\n<li class=\"whitespace-normal break-words\">Toile vierge pour la cr\u00e9ativit\u00e9 : con\u00e7us avec des surfaces vierges, nos sacs de courses m\u00e9talliques vous offrent une toile vierge pour lib\u00e9rer votre cr\u00e9ativit\u00e9. Personnalisez-les en peignant, brodant, pulv\u00e9risant ou teignant, en les embellissant avec de magnifiques motifs, rubans, \u00e9tiquettes et bien plus encore (non inclus), vous permettant de vous adonner \u00e0 la joie du bricolage.<\/li>\n<li class=\"whitespace-normal break-words\">Polyvalent et polyvalent : nos sacs cadeaux \u00e0 paillettes sont polyvalents et adapt\u00e9s \u00e0 diverses occasions. Utilisez-les comme sacs de sport, sacs \u00e0 d\u00e9jeuner, sacs de plage, sacs de courses, sacs cadeaux de demoiselle d&#039;honneur, sacs de cadeaux, sacs de pique-nique, sacs \u00e0 couches, et plus encore. Que vous organisiez une c\u00e9l\u00e9bration de mariage, une f\u00eate pr\u00e9nuptiale, une baby shower, une f\u00eate d&#039;anniversaire ou tout autre \u00e9v\u00e9nement sp\u00e9cial, ces sacs apporteront commodit\u00e9 et ajouteront une touche de luxe.<\/li>\n<\/ol>","protected":false},"excerpt":{"rendered":"<table style=\"height: 360px; width: 99.8505%; border-collapse: collapse;\" border=\"2\">\n<tbody>\n<tr style=\"height: 40px;\">\n<td style=\"width: 22.6796%; height: 30px; background-color: #99ccff;\"><span style=\"font-family: arial, helvetica, sans-serif; font-size: 12pt;\"><strong>Dimensions et style<\/strong><\/span><\/td>\n<td style=\"width: 77.3204%; height: 30px; background-color: #99ccff;\"><span style=\"font-family: arial, helvetica, sans-serif; font-size: 12pt;\">Formes et tailles personnalis\u00e9es<\/span><\/td>\n<\/tr>\n<tr style=\"height: 40px;\">\n<td style=\"width: 22.6796%; height: 34px; background-color: #ebebeb;\"><span style=\"font-size: 12pt;\"><strong><span style=\"font-family: arial, helvetica, sans-serif;\">Quantit\u00e9 minimum d&#039;achat<\/span><\/strong><\/span><\/td>\n<td style=\"width: 77.3204%; height: 34px; background-color: #ebebeb;\"><span style=\"font-family: arial, helvetica, sans-serif; font-size: 12pt;\">1000 pi\u00e8ces sans personnalisation, 5000 pi\u00e8ces pour personnalisation<\/span><\/td>\n<\/tr>\n<tr style=\"height: 40px; background-color: #99ccff;\">\n<td style=\"width: 22.6796%; height: 24px;\"><span style=\"font-size: 12pt;\"><strong><span style=\"font-family: arial, helvetica, sans-serif;\">Type d&#039;emballage<\/span><\/strong><\/span><\/td>\n<td style=\"width: 77.3204%; height: 24px;\"><span style=\"font-family: arial, helvetica, sans-serif; font-size: 12pt;\">Sacs \u00e0 provisions kraft\u00a0<\/span><\/td>\n<\/tr>\n<tr style=\"height: 40px; background-color: #ebebeb;\">\n<td style=\"width: 22.6796%; height: 24px;\"><span style=\"font-size: 12pt;\"><strong><span style=\"font-family: arial, helvetica, sans-serif;\">Material<\/span><\/strong><\/span><\/td>\n<td style=\"width: 77.3204%; height: 24px;\"><span style=\"font-family: arial, helvetica, sans-serif; font-size: 12pt;\">Papier kraft<\/span><\/td>\n<\/tr>\n<tr style=\"height: 40px; background-color: #99ccff;\">\n<td style=\"width: 22.6796%; height: 24px;\"><span style=\"font-size: 12pt;\"><strong><span style=\"font-family: arial, helvetica, sans-serif;\">Finition<\/span><\/strong><\/span><\/td>\n<td style=\"width: 77.3204%; height: 24px;\"><span style=\"font-family: arial, helvetica, sans-serif; font-size: 12pt;\">Impression d&#039;\u00e9cran<\/span><\/td>\n<\/tr>\n<tr style=\"height: 40px; background-color: #ebebeb;\">\n<td style=\"width: 22.6796%; height: 24px;\"><span style=\"font-size: 12pt;\"><strong><span style=\"font-family: arial, helvetica, sans-serif;\">Fonctionnalit\u00e9<\/span><\/strong><\/span><\/td>\n<td style=\"width: 77.3204%; height: 24px;\"><span style=\"font-family: arial, helvetica, sans-serif; font-size: 12pt;\">Recycl\u00e9<\/span><\/td>\n<\/tr>\n<tr style=\"height: 40px; background-color: #99ccff;\">\n<td style=\"width: 22.6796%; height: 24px;\"><span style=\"font-size: 12pt;\"><strong><span style=\"font-family: arial, helvetica, sans-serif;\">Type de sac en papier<\/span><\/strong><\/span><\/td>\n<td style=\"width: 77.3204%; height: 24px;\"><span style=\"font-family: arial, helvetica, sans-serif; font-size: 12pt;\">Sac en papier cadeau, sacs \u00e0 provisions<\/span><\/td>\n<\/tr>\n<tr style=\"height: 40px; background-color: #ebebeb;\">\n<td style=\"width: 22.6796%; height: 24px;\"><span style=\"font-size: 12pt;\"><strong><span style=\"font-family: arial, helvetica, sans-serif;\">D\u00e9lai d&#039;ex\u00e9cution<\/span><\/strong><\/span><\/td>\n<td style=\"width: 77.3204%; height: 24px;\"><span style=\"font-family: arial, helvetica, sans-serif; font-size: 12pt;\">7 \u00e0 15 jours ouvrables, RUSH<\/span><\/td>\n<\/tr>\n<tr style=\"height: 40px; background-color: #99ccff;\">\n<td style=\"width: 22.6796%; height: 24px;\"><span style=\"font-size: 12pt;\"><strong><span style=\"font-family: arial, helvetica, sans-serif;\">Exp\u00e9dition<\/span><\/strong><\/span><\/td>\n<td style=\"width: 77.3204%; height: 24px;\"><span style=\"font-family: arial, helvetica, sans-serif; font-size: 12pt;\">Air, Mer, Express<\/span><\/td>\n<\/tr>\n<\/tbody>\n<\/table>\n<p>&nbsp;<\/p>","protected":false},"featured_media":3117,"comment_status":"open","ping_status":"closed","template":"","meta":[],"product_brand":[],"product_cat":[20,34],"product_tag":[],"class_list":{"0":"post-3116","1":"product","2":"type-product","3":"status-publish","4":"has-post-thumbnail","6":"product_cat-kraft-paper-bag","7":"product_cat-paper-packing","9":"first","10":"instock","11":"shipping-taxable","12":"product-type-simple"},"_links":{"self":[{"href":"https:\/\/polysmarts.com\/fr\/wp-json\/wp\/v2\/product\/3116","targetHints":{"allow":["GET"]}}],"collection":[{"href":"https:\/\/polysmarts.com\/fr\/wp-json\/wp\/v2\/product"}],"about":[{"href":"https:\/\/polysmarts.com\/fr\/wp-json\/wp\/v2\/types\/product"}],"replies":[{"embeddable":true,"href":"https:\/\/polysmarts.com\/fr\/wp-json\/wp\/v2\/comments?post=3116"}],"version-history":[{"count":2,"href":"https:\/\/polysmarts.com\/fr\/wp-json\/wp\/v2\/product\/3116\/revisions"}],"predecessor-version":[{"id":3124,"href":"https:\/\/polysmarts.com\/fr\/wp-json\/wp\/v2\/product\/3116\/revisions\/3124"}],"wp:featuredmedia":[{"embeddable":true,"href":"https:\/\/polysmarts.com\/fr\/wp-json\/wp\/v2\/media\/3117"}],"wp:attachment":[{"href":"https:\/\/polysmarts.com\/fr\/wp-json\/wp\/v2\/media?parent=3116"}],"wp:term":[{"taxonomy":"product_brand","embeddable":true,"href":"https:\/\/polysmarts.com\/fr\/wp-json\/wp\/v2\/product_brand?post=3116"},{"taxonomy":"product_cat","embeddable":true,"href":"https:\/\/polysmarts.com\/fr\/wp-json\/wp\/v2\/product_cat?post=3116"},{"taxonomy":"product_tag","embeddable":true,"href":"https:\/\/polysmarts.com\/fr\/wp-json\/wp\/v2\/product_tag?post=3116"}],"curies":[{"name":"wp","href":"https:\/\/api.w.org\/{rel}","templated":true}]}}