{"id":3072,"date":"2024-05-07T10:10:08","date_gmt":"2024-05-07T10:10:08","guid":{"rendered":"https:\/\/polysmarts.com\/?post_type=product&#038;p=3072"},"modified":"2024-05-07T10:28:46","modified_gmt":"2024-05-07T10:28:46","slug":"emballage-en-rouleau-de-film-plastique-personnalise-pour-thermoretractable","status":"publish","type":"product","link":"https:\/\/polysmarts.com\/fr\/product\/custom-plastic-film-roll-packaging-for-heat-shrink\/","title":{"rendered":"Emballage en rouleau de film plastique personnalis\u00e9 pour thermor\u00e9tractable"},"content":{"rendered":"<p>Les emballages en rouleaux de film plastique r\u00e9tractable sont fabriqu\u00e9s \u00e0 partir de PVC, transparents et sans go\u00fbt, l&#039;effet r\u00e9tractable est facilement obtenu. Double \u00e9paisseur de couche et ne se d\u00e9chire pas, excellente qualit\u00e9 pour des performances optimales.<\/p>\n<p><strong>Mat\u00e9riel:<\/strong> PVC\/PE\/OPS\/PETG\/PP<br \/>\n<strong>Couleur:<\/strong> Nous proposons des options d&#039;impression avec 0 \u00e0 10 couleurs, avec une impression \u00e0 alignement \u00e9lev\u00e9 pour une repr\u00e9sentation des couleurs vives.<br \/>\n<strong>Dimension:<\/strong> Personnalis\u00e9 pour r\u00e9pondre \u00e0 vos exigences sp\u00e9cifiques.<br \/>\n<strong>\u00c9paisseur:<\/strong> Disponible en 30-80 microns, avec personnalisation accept\u00e9e en fonction de vos besoins.<br \/>\n<strong>Taux de r\u00e9tr\u00e9cissement\u00a0:<\/strong> PVC 50% CI-DESSUS, OPS 70% HAUT, PET 75% HAUT<br \/>\n<strong>Option d&#039;impression\u00a0:<\/strong> Choisissez entre l&#039;impression h\u00e9lio et l&#039;impression num\u00e9rique pour des r\u00e9sultats optimaux.<br \/>\n<strong>Usage:<\/strong> Id\u00e9al pour emballer des bouteilles en plastique, des bouteilles en verre, des bocaux, des canettes, des r\u00e9cipients pour boissons, des bo\u00eetes, etc.<br \/>\n<strong>Format de l&#039;\u00e9tiquette\u00a0:<\/strong> Disponible en rouleaux ou en morceaux pour votre commodit\u00e9.<\/p>\n<p>Am\u00e9liorez vos solutions d&#039;emballage avec notre rouleau de film plastique r\u00e9tractable en PVC, fabriqu\u00e9 \u00e0 partir de mat\u00e9riaux de haute qualit\u00e9 et offrant des options d&#039;impression polyvalentes. Que vous emballiez des bouteilles en plastique, des contenants en verre ou des bo\u00eetes, notre film personnalisable garantit une adaptation parfaite \u00e0 vos produits. Choisissez parmi une gamme de couleurs et de techniques d&#039;impression pour cr\u00e9er un emballage accrocheur qui se d\u00e9marque en rayon. Avec des options d\u2019h\u00e9liogravure et d\u2019impression num\u00e9rique, nous offrons une flexibilit\u00e9 adapt\u00e9e \u00e0 vos pr\u00e9f\u00e9rences. D\u00e9couvrez la commodit\u00e9 des rouleaux ou des pi\u00e8ces individuelles, adapt\u00e9es \u00e0 vos besoins d&#039;emballage. Faites confiance \u00e0 notre expertise pour offrir une qualit\u00e9 et des performances exceptionnelles \u00e0 chaque application.<\/p>","protected":false},"excerpt":{"rendered":"<table style=\"height: 360px; width: 99.8505%; border-collapse: collapse;\" border=\"2\">\n<tbody>\n<tr style=\"height: 40px;\">\n<td style=\"width: 22.6796%; height: 30px; background-color: #99ccff;\"><span style=\"font-family: arial, helvetica, sans-serif; font-size: 12pt;\"><strong>Dimensions et style<\/strong><\/span><\/td>\n<td style=\"width: 77.3204%; height: 30px; background-color: #99ccff;\"><span style=\"font-family: arial, helvetica, sans-serif; font-size: 12pt;\">Formes et tailles personnalis\u00e9es<\/span><\/td>\n<\/tr>\n<tr style=\"height: 40px;\">\n<td style=\"width: 22.6796%; height: 34px; background-color: #ebebeb;\"><span style=\"font-size: 12pt;\"><strong><span style=\"font-family: arial, helvetica, sans-serif;\">Quantit\u00e9 minimum d&#039;achat<\/span><\/strong><\/span><\/td>\n<td style=\"width: 77.3204%; height: 34px; background-color: #ebebeb;\"><span style=\"font-family: arial, helvetica, sans-serif; font-size: 12pt;\">200 kilogrammes<\/span><\/td>\n<\/tr>\n<tr style=\"height: 40px; background-color: #99ccff;\">\n<td style=\"width: 22.6796%; height: 24px;\"><span style=\"font-size: 12pt;\"><strong><span style=\"font-family: arial, helvetica, sans-serif;\">Type d&#039;emballage<\/span><\/strong><\/span><\/td>\n<td style=\"width: 77.3204%; height: 24px;\"><span style=\"font-family: arial, helvetica, sans-serif; font-size: 12pt;\">Rouleau de film plastique<\/span><\/td>\n<\/tr>\n<tr style=\"height: 40px; background-color: #ebebeb;\">\n<td style=\"width: 22.6796%; height: 24px;\"><span style=\"font-size: 12pt;\"><strong><span style=\"font-family: arial, helvetica, sans-serif;\">Impression<\/span><\/strong><\/span><\/td>\n<td style=\"width: 77.3204%; height: 24px;\"><span style=\"font-family: arial, helvetica, sans-serif; font-size: 12pt;\">Impression h\u00e9lio, selon maquette, jusqu&#039;\u00e0 10 couleurs<\/span><\/td>\n<\/tr>\n<tr style=\"height: 40px; background-color: #99ccff;\">\n<td style=\"width: 22.6796%; height: 24px;\"><span style=\"font-size: 12pt;\"><strong><span style=\"font-family: arial, helvetica, sans-serif;\">Taille et \u00e9paisseur<\/span><\/strong><\/span><\/td>\n<td style=\"width: 77.3204%; height: 24px;\"><span style=\"font-family: arial, helvetica, sans-serif; font-size: 12pt;\">Diff\u00e9rentes tailles et \u00e9paisseurs disponibles<\/span><\/td>\n<\/tr>\n<tr style=\"height: 40px; background-color: #ebebeb;\">\n<td style=\"width: 22.6796%; height: 24px;\"><span style=\"font-size: 12pt;\"><strong><span style=\"font-family: arial, helvetica, sans-serif;\">Material<\/span><\/strong><\/span><\/td>\n<td style=\"width: 77.3204%; height: 24px;\"><span style=\"font-family: arial, helvetica, sans-serif; font-size: 12pt;\">PET\/VMPET\/PE, PET\/AL\/PE, OPP\/VMPET\/PE, OPP\/AL\/PE, etc.<\/span><\/td>\n<\/tr>\n<tr style=\"height: 40px; background-color: #99ccff;\">\n<td style=\"width: 22.6796%; height: 24px;\"><span style=\"font-size: 12pt;\"><strong><span style=\"font-family: arial, helvetica, sans-serif;\">Application<\/span><\/strong><\/span><\/td>\n<td style=\"width: 77.3204%; height: 24px;\"><span style=\"font-family: arial, helvetica, sans-serif; font-size: 12pt;\">Chips\/th\u00e9\/grain de caf\u00e9\/caf\u00e9 en poudre\/caf\u00e9 moulu\/chips, etc.<\/span><\/td>\n<\/tr>\n<tr style=\"height: 40px; background-color: #ebebeb;\">\n<td style=\"width: 22.6796%; height: 24px;\"><span style=\"font-size: 12pt;\"><strong><span style=\"font-family: arial, helvetica, sans-serif;\">D\u00e9lai d&#039;ex\u00e9cution<\/span><\/strong><\/span><\/td>\n<td style=\"width: 77.3204%; height: 24px;\"><span style=\"font-family: arial, helvetica, sans-serif; font-size: 12pt;\">7 \u00e0 15 jours ouvrables, RUSH<\/span><\/td>\n<\/tr>\n<tr style=\"height: 40px; background-color: #99ccff;\">\n<td style=\"width: 22.6796%; height: 24px;\"><span style=\"font-size: 12pt;\"><strong><span style=\"font-family: arial, helvetica, sans-serif;\">Exp\u00e9dition<\/span><\/strong><\/span><\/td>\n<td style=\"width: 77.3204%; height: 24px;\"><span style=\"font-family: arial, helvetica, sans-serif; font-size: 12pt;\">Air, Mer, Express<\/span><\/td>\n<\/tr>\n<\/tbody>\n<\/table>\n<p>&nbsp;<\/p>","protected":false},"featured_media":3068,"comment_status":"open","ping_status":"closed","template":"","meta":[],"product_brand":[],"product_cat":[23],"product_tag":[],"class_list":{"0":"post-3072","1":"product","2":"type-product","3":"status-publish","4":"has-post-thumbnail","6":"product_cat-film-rolls","8":"first","9":"instock","10":"shipping-taxable","11":"product-type-simple"},"_links":{"self":[{"href":"https:\/\/polysmarts.com\/fr\/wp-json\/wp\/v2\/product\/3072","targetHints":{"allow":["GET"]}}],"collection":[{"href":"https:\/\/polysmarts.com\/fr\/wp-json\/wp\/v2\/product"}],"about":[{"href":"https:\/\/polysmarts.com\/fr\/wp-json\/wp\/v2\/types\/product"}],"replies":[{"embeddable":true,"href":"https:\/\/polysmarts.com\/fr\/wp-json\/wp\/v2\/comments?post=3072"}],"version-history":[{"count":2,"href":"https:\/\/polysmarts.com\/fr\/wp-json\/wp\/v2\/product\/3072\/revisions"}],"predecessor-version":[{"id":3074,"href":"https:\/\/polysmarts.com\/fr\/wp-json\/wp\/v2\/product\/3072\/revisions\/3074"}],"wp:featuredmedia":[{"embeddable":true,"href":"https:\/\/polysmarts.com\/fr\/wp-json\/wp\/v2\/media\/3068"}],"wp:attachment":[{"href":"https:\/\/polysmarts.com\/fr\/wp-json\/wp\/v2\/media?parent=3072"}],"wp:term":[{"taxonomy":"product_brand","embeddable":true,"href":"https:\/\/polysmarts.com\/fr\/wp-json\/wp\/v2\/product_brand?post=3072"},{"taxonomy":"product_cat","embeddable":true,"href":"https:\/\/polysmarts.com\/fr\/wp-json\/wp\/v2\/product_cat?post=3072"},{"taxonomy":"product_tag","embeddable":true,"href":"https:\/\/polysmarts.com\/fr\/wp-json\/wp\/v2\/product_tag?post=3072"}],"curies":[{"name":"wp","href":"https:\/\/api.w.org\/{rel}","templated":true}]}}