{"id":3000,"date":"2024-05-06T08:45:18","date_gmt":"2024-05-06T08:45:18","guid":{"rendered":"https:\/\/polysmarts.com\/?post_type=product&#038;p=3000"},"modified":"2024-05-06T09:05:25","modified_gmt":"2024-05-06T09:05:25","slug":"emballage-de-film-en-rouleau-imprime-personnalise","status":"publish","type":"product","link":"https:\/\/polysmarts.com\/fr\/product\/custom-printed-roll-stock-film-packaging\/","title":{"rendered":"Emballage de film en rouleau imprim\u00e9 personnalis\u00e9"},"content":{"rendered":"<p>Emballage de film en rouleau de plastique personnalis\u00e9, sp\u00e9cialement con\u00e7u pour OPP, CPP, id\u00e9al pour sceller ces tasses de th\u00e9 \u00e0 bulles et autres boissons bien-aim\u00e9es. Fabriqu\u00e9 avec soin \u00e0 partir de mat\u00e9riau PET\/EVA, notre film alimentaire offre un toucher doux, une transparence cristalline et un engagement envers le respect de l&#039;environnement.<\/p>\n<p>Qu&#039;est-ce qui nous diff\u00e9rencie ? La fusion de la polyvalence et de l&#039;esth\u00e9tique ! Avec une palette allant jusqu&#039;\u00e0 12 couleurs pour la personnalisation, vous pouvez adapter le film \u00e0 l&#039;identit\u00e9 unique de votre marque. Notre technique d\u2019impression h\u00e9lio garantit une qualit\u00e9 irr\u00e9prochable, garantissant que votre produit volera la vedette dans les rayons des magasins.<\/p>\n<p>Doux mais robuste, notre film de scellage pour gobelets est moul\u00e9 \u00e0 l&#039;aide d&#039;un proc\u00e9d\u00e9 sp\u00e9cial de moulage par soufflage, garantissant un emballage fiable pour vos boissons. Chez Polysmarts, nous sommes fiers d&#039;offrir une option respectueuse de l&#039;environnement qui ne compromet pas les performances.<\/p>\n<p>Mais attendez, il y a plus ! Nous proposons des \u00e9chantillons pour votre commodit\u00e9, vous permettant ainsi de constater par vous-m\u00eame notre qualit\u00e9. De plus, nous accueillons chaleureusement les commandes personnalis\u00e9es, garantissant que vos besoins d\u2019emballage sont satisfaits avec pr\u00e9cision et soin.<\/p>\n<p>Pourquoi se contenter de moins? Choisissez Polysmarts pour un emballage sous film en rouleau qui non seulement prot\u00e8ge votre produit mais renforce \u00e9galement son attrait visuel. \u00c9levez votre marque avec une solution d\u2019emballage \u00e0 la fois fiable et respectueuse de l\u2019environnement. D\u00e9couvrez la fusion parfaite entre fonctionnalit\u00e9 et style avec l&#039;emballage de film en rouleau personnalis\u00e9 de Polysmarts.<\/p>","protected":false},"excerpt":{"rendered":"<table style=\"height: 360px; width: 99.8505%; border-collapse: collapse;\" border=\"2\">\n<tbody>\n<tr style=\"height: 40px;\">\n<td style=\"width: 22.6796%; height: 30px; background-color: #99ccff;\"><span style=\"font-family: arial, helvetica, sans-serif; font-size: 12pt;\"><strong>Dimensions et style<\/strong><\/span><\/td>\n<td style=\"width: 77.3204%; height: 30px; background-color: #99ccff;\"><span style=\"font-family: arial, helvetica, sans-serif; font-size: 12pt;\">Formes et tailles personnalis\u00e9es<\/span><\/td>\n<\/tr>\n<tr style=\"height: 40px;\">\n<td style=\"width: 22.6796%; height: 34px; background-color: #ebebeb;\"><span style=\"font-size: 12pt;\"><strong><span style=\"font-family: arial, helvetica, sans-serif;\">Quantit\u00e9 minimum d&#039;achat<\/span><\/strong><\/span><\/td>\n<td style=\"width: 77.3204%; height: 34px; background-color: #ebebeb;\"><span style=\"font-family: arial, helvetica, sans-serif; font-size: 12pt;\">200 kilogrammes<\/span><\/td>\n<\/tr>\n<tr style=\"height: 40px; background-color: #99ccff;\">\n<td style=\"width: 22.6796%; height: 24px;\"><span style=\"font-size: 12pt;\"><strong><span style=\"font-family: arial, helvetica, sans-serif;\">Type d&#039;emballage<\/span><\/strong><\/span><\/td>\n<td style=\"width: 77.3204%; height: 24px;\"><span style=\"font-family: arial, helvetica, sans-serif; font-size: 12pt;\">Emballage de film en rouleau<\/span><\/td>\n<\/tr>\n<tr style=\"height: 40px; background-color: #ebebeb;\">\n<td style=\"width: 22.6796%; height: 24px;\"><span style=\"font-size: 12pt;\"><strong><span style=\"font-family: arial, helvetica, sans-serif;\">Impression<\/span><\/strong><\/span><\/td>\n<td style=\"width: 77.3204%; height: 24px;\"><span style=\"font-family: arial, helvetica, sans-serif; font-size: 12pt;\">Impression h\u00e9lio, selon maquette, jusqu&#039;\u00e0 10 couleurs<\/span><\/td>\n<\/tr>\n<tr style=\"height: 40px; background-color: #99ccff;\">\n<td style=\"width: 22.6796%; height: 24px;\"><span style=\"font-size: 12pt;\"><strong><span style=\"font-family: arial, helvetica, sans-serif;\">Taille et \u00e9paisseur<\/span><\/strong><\/span><\/td>\n<td style=\"width: 77.3204%; height: 24px;\"><span style=\"font-family: arial, helvetica, sans-serif; font-size: 12pt;\">Diff\u00e9rentes tailles et \u00e9paisseurs disponibles<\/span><\/td>\n<\/tr>\n<tr style=\"height: 40px; background-color: #ebebeb;\">\n<td style=\"width: 22.6796%; height: 24px;\"><span style=\"font-size: 12pt;\"><strong><span style=\"font-family: arial, helvetica, sans-serif;\">Material<\/span><\/strong><\/span><\/td>\n<td style=\"width: 77.3204%; height: 24px;\"><span style=\"font-family: arial, helvetica, sans-serif; font-size: 12pt;\">PET\/VMPET\/PE, PET\/AL\/PE, OPP\/VMPET\/PE, OPP\/AL\/PE, etc.<\/span><\/td>\n<\/tr>\n<tr style=\"height: 40px; background-color: #99ccff;\">\n<td style=\"width: 22.6796%; height: 24px;\"><span style=\"font-size: 12pt;\"><strong><span style=\"font-family: arial, helvetica, sans-serif;\">Application<\/span><\/strong><\/span><\/td>\n<td style=\"width: 77.3204%; height: 24px;\"><span style=\"font-family: arial, helvetica, sans-serif; font-size: 12pt;\">Chips\/th\u00e9\/grain de caf\u00e9\/caf\u00e9 en poudre\/caf\u00e9 moulu\/chips, etc.<\/span><\/td>\n<\/tr>\n<tr style=\"height: 40px; background-color: #ebebeb;\">\n<td style=\"width: 22.6796%; height: 24px;\"><span style=\"font-size: 12pt;\"><strong><span style=\"font-family: arial, helvetica, sans-serif;\">D\u00e9lai d&#039;ex\u00e9cution<\/span><\/strong><\/span><\/td>\n<td style=\"width: 77.3204%; height: 24px;\"><span style=\"font-family: arial, helvetica, sans-serif; font-size: 12pt;\">7 \u00e0 15 jours ouvrables, RUSH<\/span><\/td>\n<\/tr>\n<tr style=\"height: 40px; background-color: #99ccff;\">\n<td style=\"width: 22.6796%; height: 24px;\"><span style=\"font-size: 12pt;\"><strong><span style=\"font-family: arial, helvetica, sans-serif;\">Exp\u00e9dition<\/span><\/strong><\/span><\/td>\n<td style=\"width: 77.3204%; height: 24px;\"><span style=\"font-family: arial, helvetica, sans-serif; font-size: 12pt;\">Air, Mer, Express<\/span><\/td>\n<\/tr>\n<\/tbody>\n<\/table>\n<p>&nbsp;<\/p>","protected":false},"featured_media":3002,"comment_status":"open","ping_status":"closed","template":"","meta":[],"product_brand":[],"product_cat":[23],"product_tag":[],"class_list":{"0":"post-3000","1":"product","2":"type-product","3":"status-publish","4":"has-post-thumbnail","6":"product_cat-film-rolls","8":"first","9":"instock","10":"shipping-taxable","11":"product-type-simple"},"_links":{"self":[{"href":"https:\/\/polysmarts.com\/fr\/wp-json\/wp\/v2\/product\/3000","targetHints":{"allow":["GET"]}}],"collection":[{"href":"https:\/\/polysmarts.com\/fr\/wp-json\/wp\/v2\/product"}],"about":[{"href":"https:\/\/polysmarts.com\/fr\/wp-json\/wp\/v2\/types\/product"}],"replies":[{"embeddable":true,"href":"https:\/\/polysmarts.com\/fr\/wp-json\/wp\/v2\/comments?post=3000"}],"version-history":[{"count":2,"href":"https:\/\/polysmarts.com\/fr\/wp-json\/wp\/v2\/product\/3000\/revisions"}],"predecessor-version":[{"id":3008,"href":"https:\/\/polysmarts.com\/fr\/wp-json\/wp\/v2\/product\/3000\/revisions\/3008"}],"wp:featuredmedia":[{"embeddable":true,"href":"https:\/\/polysmarts.com\/fr\/wp-json\/wp\/v2\/media\/3002"}],"wp:attachment":[{"href":"https:\/\/polysmarts.com\/fr\/wp-json\/wp\/v2\/media?parent=3000"}],"wp:term":[{"taxonomy":"product_brand","embeddable":true,"href":"https:\/\/polysmarts.com\/fr\/wp-json\/wp\/v2\/product_brand?post=3000"},{"taxonomy":"product_cat","embeddable":true,"href":"https:\/\/polysmarts.com\/fr\/wp-json\/wp\/v2\/product_cat?post=3000"},{"taxonomy":"product_tag","embeddable":true,"href":"https:\/\/polysmarts.com\/fr\/wp-json\/wp\/v2\/product_tag?post=3000"}],"curies":[{"name":"wp","href":"https:\/\/api.w.org\/{rel}","templated":true}]}}