{"id":2965,"date":"2024-04-29T07:41:57","date_gmt":"2024-04-29T07:41:57","guid":{"rendered":"https:\/\/polysmarts.com\/?post_type=product&#038;p=2965"},"modified":"2024-04-29T08:05:02","modified_gmt":"2024-04-29T08:05:02","slug":"impression-de-cartes-de-visite-en-relief-avec-feuille-dor","status":"publish","type":"product","link":"https:\/\/polysmarts.com\/fr\/product\/embossed-business-card-printing-with-gold-foil\/","title":{"rendered":"Impression de cartes de visite en relief avec feuille d&#039;or"},"content":{"rendered":"<p>\u00c9levez votre image professionnelle avec nos cartes de visite en relief de qualit\u00e9 sup\u00e9rieure, orn\u00e9es de luxueux accents de feuille d&#039;or. Fabriqu\u00e9es avec une attention m\u00e9ticuleuse aux d\u00e9tails, nos cartes de visite personnalis\u00e9es sont imprim\u00e9es recto verso sur du papier couch\u00e9 300 g\/m\u00b2 de haute qualit\u00e9. Le papier \u00e9pais, associ\u00e9 \u00e0 une finition mate double face, respire la sophistication tout en garantissant durabilit\u00e9 et r\u00e9sistance \u00e0 l&#039;eau.<\/p>\n<p>Bien que la taille standard de notre carte de visite mesure 90 \u00d7 54 mm\/3,5 \u00d7 2 pouces, nous offrons une prise en charge compl\u00e8te des tailles personnalis\u00e9es pour r\u00e9pondre parfaitement \u00e0 vos pr\u00e9f\u00e9rences et exigences uniques.<\/p>\n<p>Ces superbes cartes de visite sont polyvalentes et id\u00e9ales \u00e0 diverses fins professionnelles, notamment pour les marchands personnalis\u00e9s, les services pour animaux de compagnie, etc. De plus, elles servent de cartes cadeaux parfaites, de notes de remerciement ou de cartes de fid\u00e9lit\u00e9 client, ce qui les rend indispensables pour les d\u00e9taillants en ligne, les fleuristes, les boutiques, les coiffeurs, les organisations \u00e0 but non lucratif et toute entreprise cherchant \u00e0 am\u00e9liorer \u00e0 la fois la pr\u00e9sence de sa marque et ses relations interpersonnelles.<\/p>\n<p>Faites une impression durable dans n&#039;importe quel environnement professionnel avec notre impression de cartes de visite en relief avec une feuille d&#039;or \u00e9l\u00e9gante. D\u00e9couvrez le m\u00e9lange parfait de qualit\u00e9, d&#039;\u00e9l\u00e9gance et de personnalisation pour les besoins de votre entreprise.<\/p>","protected":false},"excerpt":{"rendered":"<table style=\"height: 360px; width: 99.8505%; border-collapse: collapse;\" border=\"2\">\n<tbody>\n<tr style=\"height: 40px;\">\n<td style=\"width: 22.6796%; height: 30px; background-color: #99ccff;\"><span style=\"font-family: arial, helvetica, sans-serif; font-size: 12pt;\"><strong>\u00c9paisseur<\/strong><\/span><\/td>\n<td style=\"width: 77.3204%; height: 30px; background-color: #99ccff;\"><span style=\"font-family: arial, helvetica, sans-serif; font-size: 12pt;\">350gsm, 900gsm ou personnalis\u00e9<\/span><\/td>\n<\/tr>\n<tr style=\"height: 40px;\">\n<td style=\"width: 22.6796%; height: 34px; background-color: #ebebeb;\"><strong><span style=\"font-family: arial, helvetica, sans-serif;\">Taille<\/span><\/strong><\/td>\n<td style=\"width: 77.3204%; height: 34px; background-color: #ebebeb;\"><span style=\"font-family: arial, helvetica, sans-serif;\"><span style=\"font-family: arial, helvetica, sans-serif; font-size: 12pt;\">Format personnalis\u00e9<\/span><\/span><\/td>\n<\/tr>\n<tr style=\"height: 40px; background-color: #99ccff;\">\n<td style=\"width: 22.6796%; height: 24px;\"><span style=\"font-size: 12pt;\"><strong><span style=\"font-family: arial, helvetica, sans-serif;\">Quantit\u00e9 minimum d&#039;achat<\/span><\/strong><\/span><\/td>\n<td style=\"width: 77.3204%; height: 24px;\"><span style=\"font-family: arial, helvetica, sans-serif; font-size: 12pt;\">100 pi\u00e8ces<\/span><\/td>\n<\/tr>\n<tr style=\"height: 40px; background-color: #ebebeb;\">\n<td style=\"width: 22.6796%; height: 24px;\"><span style=\"font-size: 12pt;\"><strong><span style=\"font-family: arial, helvetica, sans-serif;\">Impression<\/span><\/strong><\/span><\/td>\n<td style=\"width: 77.3204%; height: 24px;\"><span style=\"font-family: arial, helvetica, sans-serif; font-size: 12pt;\">Estampage \u00e0 la feuille<\/span><\/td>\n<\/tr>\n<tr style=\"height: 40px; background-color: #99ccff;\">\n<td style=\"width: 22.6796%; height: 24px;\"><span style=\"font-size: 12pt;\"><strong><span style=\"font-family: arial, helvetica, sans-serif;\">Mat\u00e9riel<\/span><\/strong><\/span><\/td>\n<td style=\"width: 77.3204%; height: 24px;\"><span style=\"font-family: arial, helvetica, sans-serif; font-size: 12pt;\">Papier d&#039;emballage<\/span><\/td>\n<\/tr>\n<tr style=\"height: 40px; background-color: #ebebeb;\">\n<td style=\"width: 22.6796%; height: 24px;\"><span style=\"font-size: 12pt;\"><strong><span style=\"font-family: arial, helvetica, sans-serif;\">Usage industriel<\/span><\/strong><\/span><\/td>\n<td style=\"width: 77.3204%; height: 24px;\"><span style=\"font-family: arial, helvetica, sans-serif; font-size: 12pt;\">Entreprise<\/span><\/td>\n<\/tr>\n<tr style=\"height: 40px; background-color: #99ccff;\">\n<td style=\"width: 22.6796%; height: 24px;\"><span style=\"font-size: 12pt;\"><strong><span style=\"font-family: arial, helvetica, sans-serif;\">Fonctionnalit\u00e9<\/span><\/strong><\/span><\/td>\n<td style=\"width: 77.3204%; height: 24px;\"><span style=\"font-family: arial, helvetica, sans-serif; font-size: 12pt;\">Respectueux de la nature<\/span><\/td>\n<\/tr>\n<tr style=\"height: 40px; background-color: #ebebeb;\">\n<td style=\"width: 22.6796%; height: 24px;\"><span style=\"font-size: 12pt;\"><strong><span style=\"font-family: arial, helvetica, sans-serif;\">D\u00e9lai d&#039;ex\u00e9cution<\/span><\/strong><\/span><\/td>\n<td style=\"width: 77.3204%; height: 24px;\"><span style=\"font-family: arial, helvetica, sans-serif; font-size: 12pt;\">3 \u00e0 7 jours ouvrables, RUSH<\/span><\/td>\n<\/tr>\n<tr style=\"height: 40px; background-color: #99ccff;\">\n<td style=\"width: 22.6796%; height: 24px;\"><span style=\"font-size: 12pt;\"><strong><span style=\"font-family: arial, helvetica, sans-serif;\">Exp\u00e9dition<\/span><\/strong><\/span><\/td>\n<td style=\"width: 77.3204%; height: 24px;\"><span style=\"font-family: arial, helvetica, sans-serif; font-size: 12pt;\">Air, Mer, Express<\/span><\/td>\n<\/tr>\n<\/tbody>\n<\/table>\n<p>&nbsp;<\/p>","protected":false},"featured_media":2968,"comment_status":"open","ping_status":"closed","template":"","meta":[],"product_brand":[],"product_cat":[25],"product_tag":[],"class_list":{"0":"post-2965","1":"product","2":"type-product","3":"status-publish","4":"has-post-thumbnail","6":"product_cat-packaging-auxiliary-material","8":"first","9":"instock","10":"shipping-taxable","11":"product-type-simple"},"_links":{"self":[{"href":"https:\/\/polysmarts.com\/fr\/wp-json\/wp\/v2\/product\/2965","targetHints":{"allow":["GET"]}}],"collection":[{"href":"https:\/\/polysmarts.com\/fr\/wp-json\/wp\/v2\/product"}],"about":[{"href":"https:\/\/polysmarts.com\/fr\/wp-json\/wp\/v2\/types\/product"}],"replies":[{"embeddable":true,"href":"https:\/\/polysmarts.com\/fr\/wp-json\/wp\/v2\/comments?post=2965"}],"version-history":[{"count":2,"href":"https:\/\/polysmarts.com\/fr\/wp-json\/wp\/v2\/product\/2965\/revisions"}],"predecessor-version":[{"id":2978,"href":"https:\/\/polysmarts.com\/fr\/wp-json\/wp\/v2\/product\/2965\/revisions\/2978"}],"wp:featuredmedia":[{"embeddable":true,"href":"https:\/\/polysmarts.com\/fr\/wp-json\/wp\/v2\/media\/2968"}],"wp:attachment":[{"href":"https:\/\/polysmarts.com\/fr\/wp-json\/wp\/v2\/media?parent=2965"}],"wp:term":[{"taxonomy":"product_brand","embeddable":true,"href":"https:\/\/polysmarts.com\/fr\/wp-json\/wp\/v2\/product_brand?post=2965"},{"taxonomy":"product_cat","embeddable":true,"href":"https:\/\/polysmarts.com\/fr\/wp-json\/wp\/v2\/product_cat?post=2965"},{"taxonomy":"product_tag","embeddable":true,"href":"https:\/\/polysmarts.com\/fr\/wp-json\/wp\/v2\/product_tag?post=2965"}],"curies":[{"name":"wp","href":"https:\/\/api.w.org\/{rel}","templated":true}]}}