{"id":2955,"date":"2024-04-29T07:18:29","date_gmt":"2024-04-29T07:18:29","guid":{"rendered":"https:\/\/polysmarts.com\/?post_type=product&#038;p=2955"},"modified":"2024-04-29T07:34:55","modified_gmt":"2024-04-29T07:34:55","slug":"sacs-refermables-de-sachets-de-boisson-de-tirette","status":"publish","type":"product","link":"https:\/\/polysmarts.com\/fr\/product\/reclosable-zipper-drink-pouches-bags\/","title":{"rendered":"Sacs refermables de poches de boisson de tirette"},"content":{"rendered":"<p>Faites l&#039;exp\u00e9rience d&#039;une commodit\u00e9 et d&#039;une fiabilit\u00e9 in\u00e9gal\u00e9es avec nos sachets transparents refermables. Fabriqu\u00e9es \u00e0 partir de mati\u00e8re plastique de haute qualit\u00e9, ces pochettes sont l\u00e9g\u00e8res mais stables, offrant une durabilit\u00e9 exceptionnelle qui r\u00e9siste facilement \u00e0 la glace froide et aux boissons chaudes. Rassurez-vous, ces sachets sont s\u00fbrs \u00e0 utiliser et ne se casseront pas ou ne se d\u00e9coloreront pas avec le temps, vous offrant ainsi une solution fiable pour vos besoins en boissons.<\/p>\n<p>Pr\u00e9sentant une combinaison de textures claires et mates, nos sachets de jus r\u00e9utilisables sont con\u00e7us respectivement avec des textes roses et bleus, compl\u00e9t\u00e9s par des pailles de couleur assortie. Le design clair vous permet de voir facilement le contenu de la pochette, am\u00e9liorant ainsi votre exp\u00e9rience utilisateur globale.<\/p>\n<p>Parfaits pour une vari\u00e9t\u00e9 d\u2019occasions, ces sachets \u00e0 boissons avec paille sont polyvalents et pratiques. Que vous profitiez du caf\u00e9, du th\u00e9, des boissons \u00e9nergisantes, des smoothies sains ou des shakes prot\u00e9in\u00e9s, nos sachets \u00e0 fermeture \u00e9clair sont l\u00e0 pour vous. De plus, ils peuvent \u00eatre utilis\u00e9s pour le stockage des aliments, notamment des haricots, des collations, des bonbons, des biscuits, des fleurs s\u00e8ches, des noix, etc.<\/p>\n<p>Avec des dimensions d&#039;environ 7,8 x 5 pouces et une capacit\u00e9 d&#039;environ 350 ml\/ 11,8 oz, chaque sexe r\u00e9v\u00e8le une pochette zipp\u00e9e offrant un espace suffisant pour vos boissons pr\u00e9f\u00e9r\u00e9es. Faciles \u00e0 tenir et \u00e0 remplir, ces sachets conviennent \u00e0 diff\u00e9rentes tailles de mains, vous offrant une exp\u00e9rience de consommation confortable.<\/p>\n<p>Pour ceux qui recherchent des options de personnalisation, Polysmarts accueille chaleureusement la personnalisation de la taille et de la capacit\u00e9, garantissant que nos pochettes r\u00e9pondent \u00e0 vos besoins et pr\u00e9f\u00e9rences sp\u00e9cifiques. Am\u00e9liorez votre exp\u00e9rience de boisson avec les sacs \u00e0 boissons refermables \u00e0 fermeture \u00e9clair Polysmarts, le m\u00e9lange parfait de qualit\u00e9, de commodit\u00e9 et de personnalisation.<\/p>","protected":false},"excerpt":{"rendered":"<table style=\"height: 360px; width: 99.8505%; border-collapse: collapse;\" border=\"2\">\n<tbody>\n<tr style=\"height: 40px;\">\n<td style=\"width: 22.6796%; height: 30px; background-color: #99ccff;\"><span style=\"font-family: arial, helvetica, sans-serif; font-size: 12pt;\"><strong>Dimensions et style<\/strong><\/span><\/td>\n<td style=\"width: 77.3204%; height: 30px; background-color: #99ccff;\"><span style=\"font-family: arial, helvetica, sans-serif; font-size: 12pt;\">Formes et tailles personnalis\u00e9es<\/span><\/td>\n<\/tr>\n<tr style=\"height: 40px;\">\n<td style=\"width: 22.6796%; height: 34px; background-color: #ebebeb;\"><span style=\"font-size: 12pt;\"><strong><span style=\"font-family: arial, helvetica, sans-serif;\">Quantit\u00e9 minimum d&#039;achat<\/span><\/strong><\/span><\/td>\n<td style=\"width: 77.3204%; height: 34px; background-color: #ebebeb;\"><span style=\"font-family: arial, helvetica, sans-serif; font-size: 12pt;\">1000 pi\u00e8ces sans personnalisation, 10000 pi\u00e8ces pour personnalisation<\/span><\/td>\n<\/tr>\n<tr style=\"height: 40px; background-color: #99ccff;\">\n<td style=\"width: 22.6796%; height: 24px;\"><span style=\"font-size: 12pt;\"><strong><span style=\"font-family: arial, helvetica, sans-serif;\">Type d&#039;emballage<\/span><\/strong><\/span><\/td>\n<td style=\"width: 77.3204%; height: 24px;\"><span style=\"font-family: arial, helvetica, sans-serif; font-size: 12pt;\">Sacs \u00e0 boissons avec fermeture \u00e9clair<\/span><\/td>\n<\/tr>\n<tr style=\"height: 40px; background-color: #ebebeb;\">\n<td style=\"width: 22.6796%; height: 24px;\"><span style=\"font-size: 12pt;\"><strong><span style=\"font-family: arial, helvetica, sans-serif;\">Impression<\/span><\/strong><\/span><\/td>\n<td style=\"width: 77.3204%; height: 24px;\"><span style=\"font-family: arial, helvetica, sans-serif; font-size: 12pt;\">CMJN (1 \u00e0 10 couleurs), pas d&#039;impression (ordinaire)<\/span><\/td>\n<\/tr>\n<tr style=\"height: 40px; background-color: #99ccff;\">\n<td style=\"width: 22.6796%; height: 24px;\"><span style=\"font-size: 12pt;\"><strong><span style=\"font-family: arial, helvetica, sans-serif;\">Finition<\/span><\/strong><\/span><\/td>\n<td style=\"width: 77.3204%; height: 24px;\"><span style=\"font-family: arial, helvetica, sans-serif; font-size: 12pt;\">Stratification brillante\/mate, impression offset<\/span><\/td>\n<\/tr>\n<tr style=\"height: 40px; background-color: #ebebeb;\">\n<td style=\"width: 22.6796%; height: 24px;\"><span style=\"font-size: 12pt;\"><strong><span style=\"font-family: arial, helvetica, sans-serif;\">Options incluses<\/span><\/strong><\/span><\/td>\n<td style=\"width: 77.3204%; height: 24px;\"><span style=\"font-family: arial, helvetica, sans-serif; font-size: 12pt;\">D\u00e9coupe, thermoscellage<\/span><\/td>\n<\/tr>\n<tr style=\"height: 40px; background-color: #99ccff;\">\n<td style=\"width: 22.6796%; height: 24px;\"><span style=\"font-size: 12pt;\"><strong><span style=\"font-family: arial, helvetica, sans-serif;\">Preuve<\/span><\/strong><\/span><\/td>\n<td style=\"width: 77.3204%; height: 24px;\"><span style=\"font-family: arial, helvetica, sans-serif; font-size: 12pt;\">Preuves d&#039;odeur\u00a0<\/span><\/td>\n<\/tr>\n<tr style=\"height: 40px; background-color: #ebebeb;\">\n<td style=\"width: 22.6796%; height: 24px;\"><span style=\"font-size: 12pt;\"><strong><span style=\"font-family: arial, helvetica, sans-serif;\">D\u00e9lai d&#039;ex\u00e9cution<\/span><\/strong><\/span><\/td>\n<td style=\"width: 77.3204%; height: 24px;\"><span style=\"font-family: arial, helvetica, sans-serif; font-size: 12pt;\">7 \u00e0 15 jours ouvrables, RUSH<\/span><\/td>\n<\/tr>\n<tr style=\"height: 40px; background-color: #99ccff;\">\n<td style=\"width: 22.6796%; height: 24px;\"><span style=\"font-size: 12pt;\"><strong><span style=\"font-family: arial, helvetica, sans-serif;\">Exp\u00e9dition<\/span><\/strong><\/span><\/td>\n<td style=\"width: 77.3204%; height: 24px;\"><span style=\"font-family: arial, helvetica, sans-serif; font-size: 12pt;\">Air, Mer, Express<\/span><\/td>\n<\/tr>\n<\/tbody>\n<\/table>\n<p>&nbsp;<\/p>","protected":false},"featured_media":2959,"comment_status":"open","ping_status":"closed","template":"","meta":[],"product_brand":[],"product_cat":[26,18],"product_tag":[],"class_list":{"0":"post-2955","1":"product","2":"type-product","3":"status-publish","4":"has-post-thumbnail","6":"product_cat-food-packaging","7":"product_cat-zipper-bags","9":"first","10":"instock","11":"shipping-taxable","12":"product-type-simple"},"_links":{"self":[{"href":"https:\/\/polysmarts.com\/fr\/wp-json\/wp\/v2\/product\/2955","targetHints":{"allow":["GET"]}}],"collection":[{"href":"https:\/\/polysmarts.com\/fr\/wp-json\/wp\/v2\/product"}],"about":[{"href":"https:\/\/polysmarts.com\/fr\/wp-json\/wp\/v2\/types\/product"}],"replies":[{"embeddable":true,"href":"https:\/\/polysmarts.com\/fr\/wp-json\/wp\/v2\/comments?post=2955"}],"version-history":[{"count":2,"href":"https:\/\/polysmarts.com\/fr\/wp-json\/wp\/v2\/product\/2955\/revisions"}],"predecessor-version":[{"id":2964,"href":"https:\/\/polysmarts.com\/fr\/wp-json\/wp\/v2\/product\/2955\/revisions\/2964"}],"wp:featuredmedia":[{"embeddable":true,"href":"https:\/\/polysmarts.com\/fr\/wp-json\/wp\/v2\/media\/2959"}],"wp:attachment":[{"href":"https:\/\/polysmarts.com\/fr\/wp-json\/wp\/v2\/media?parent=2955"}],"wp:term":[{"taxonomy":"product_brand","embeddable":true,"href":"https:\/\/polysmarts.com\/fr\/wp-json\/wp\/v2\/product_brand?post=2955"},{"taxonomy":"product_cat","embeddable":true,"href":"https:\/\/polysmarts.com\/fr\/wp-json\/wp\/v2\/product_cat?post=2955"},{"taxonomy":"product_tag","embeddable":true,"href":"https:\/\/polysmarts.com\/fr\/wp-json\/wp\/v2\/product_tag?post=2955"}],"curies":[{"name":"wp","href":"https:\/\/api.w.org\/{rel}","templated":true}]}}