{"id":2833,"date":"2024-04-21T02:43:53","date_gmt":"2024-04-21T02:43:53","guid":{"rendered":"https:\/\/polysmarts.com\/?post_type=product&#038;p=2833"},"modified":"2024-04-21T03:56:09","modified_gmt":"2024-04-21T03:56:09","slug":"pochettes-anti-odeur-sacs-en-mylar","status":"publish","type":"product","link":"https:\/\/polysmarts.com\/fr\/product\/smell-proof-stand-up-pouches-mylar-bags\/","title":{"rendered":"Pochettes anti-odeurs, sacs en Mylar"},"content":{"rendered":"<p>D\u00e9couvrez le summum de l&#039;innovation en mati\u00e8re d&#039;emballage avec nos sachets anti-odeurs, m\u00e9ticuleusement con\u00e7us par les leaders de l&#039;industrie pour offrir une polyvalence et une durabilit\u00e9 in\u00e9gal\u00e9es. D&#039;une \u00e9paisseur de 80 <span style=\"font-family: arial, helvetica, sans-serif; font-size: 12pt;\">microns<\/span>, ces sacs scellables offrent l&#039;\u00e9quilibre parfait entre r\u00e9sistance et flexibilit\u00e9, garantissant qu&#039;ils ne se d\u00e9chireront pas sous la pression. De plus, nos sacs en mylar noir brillant\/transparent vous offrent la personnalisation si vous commandez plus de 1000 pi\u00e8ces<\/p>\n<p>Chaque option d&#039;emballage en vrac comprend 100 sacs en mylar anti-odeurs, ce qui en fait un choix exceptionnel pour tous vos besoins d&#039;emballage.<\/p>\n<p>Con\u00e7us \u00e0 la perfection, nos sacs refermables sont con\u00e7us pour emprisonner les odeurs \u00e0 l\u2019int\u00e9rieur tout en gardant la salet\u00e9, l\u2019eau et la poussi\u00e8re \u00e0 l\u2019ext\u00e9rieur. Avec une fermeture ziplock herm\u00e9tique, ces sacs conservent la fra\u00eecheur, offrant une solution de stockage \u00e0 long terme sans effort et efficace. Bien qu&#039;ils soient herm\u00e9tiques une fois scell\u00e9s, nos sacs ziplock en mylar durables sont con\u00e7us pour une ouverture et une fermeture faciles selon les besoins.<\/p>\n<p>Dites adieu aux flacons pop-top traditionnels et profitez de la polyvalence de nos sacs en mylar durables, adapt\u00e9s \u00e0 une utilisation dans diverses industries. Compatibles avec la plupart des machines de thermoscellage, ces sacs de haute qualit\u00e9 peuvent \u00eatre thermoscell\u00e9s au-dessus des encoches de d\u00e9chirure, prolongeant ainsi la dur\u00e9e de conservation de vos produits et offrant une couche de protection suppl\u00e9mentaire contre les \u00e9l\u00e9ments ext\u00e9rieurs.<\/p>\n<p>Chaque sac en mylar Loud Lock peut \u00eatre livr\u00e9 avec des sacs en plastique r\u00e9utilisables comportant un trou pour accrocher (au-dessus du joint ziplock) ou sans trou, selon la disponibilit\u00e9. Dot\u00e9s d&#039;un fond \u00e0 soufflet pour une expansion facile, nos sacs en mylar noir mat\/transparent garantissent une capacit\u00e9 de stockage maximale des produits tout en minimisant le risque de dommages au produit. De plus, le fond \u00e0 soufflet permet aux sacs de tenir debout pour un affichage pratique.<\/p>\n<p>Am\u00e9liorez votre jeu d&#039;emballage avec les sachets anti-odeurs, la solution ultime pour pr\u00e9server la fra\u00eecheur et prot\u00e9ger vos produits.<\/p>","protected":false},"excerpt":{"rendered":"<table style=\"height: 360px; width: 99.8505%; border-collapse: collapse;\" border=\"2\">\n<tbody>\n<tr style=\"height: 40px;\">\n<td style=\"width: 38.0988%; height: 30px; background-color: #99ccff;\"><span style=\"font-family: arial, helvetica, sans-serif; font-size: 12pt;\"><strong>Dimensions et style<\/strong><\/span><\/td>\n<td style=\"width: 61.9012%; height: 30px; background-color: #99ccff;\"><span style=\"font-family: arial, helvetica, sans-serif; font-size: 12pt;\">12,5*20+4\/7,6*12,7+3 cm<\/span><\/td>\n<\/tr>\n<tr style=\"height: 40px;\">\n<td style=\"width: 38.0988%; height: 34px; background-color: #ebebeb;\"><span style=\"font-size: 12pt;\"><strong><span style=\"font-family: arial, helvetica, sans-serif;\">Poids de 1 paquet = 100 pi\u00e8ces<\/span><\/strong><\/span><\/td>\n<td style=\"width: 61.9012%; height: 34px; background-color: #ebebeb;\"><span style=\"font-family: arial, helvetica, sans-serif; font-size: 12pt;\">Environ 0,7 \/ 0,3kg<\/span><\/td>\n<\/tr>\n<tr style=\"height: 40px; background-color: #99ccff;\">\n<td style=\"width: 38.0988%; height: 24px;\"><span style=\"font-size: 12pt;\"><strong><span style=\"font-family: arial, helvetica, sans-serif;\">Type d&#039;emballage<\/span><\/strong><\/span><\/td>\n<td style=\"width: 61.9012%; height: 24px;\"><span style=\"font-family: arial, helvetica, sans-serif; font-size: 12pt;\">Pochettes anti-odeurs<\/span><\/td>\n<\/tr>\n<tr style=\"height: 40px; background-color: #ebebeb;\">\n<td style=\"width: 38.0988%; height: 24px;\"><span style=\"font-size: 12pt;\"><strong><span style=\"font-family: arial, helvetica, sans-serif;\">\u00c9paisseur<\/span><\/strong><\/span><\/td>\n<td style=\"width: 61.9012%; height: 24px;\"><span style=\"font-family: arial, helvetica, sans-serif; font-size: 12pt;\">80 microns<\/span><\/td>\n<\/tr>\n<tr style=\"height: 40px; background-color: #99ccff;\">\n<td style=\"width: 38.0988%; height: 24px;\"><span style=\"font-size: 12pt;\"><strong><span style=\"font-family: arial, helvetica, sans-serif;\">Finition<\/span><\/strong><\/span><\/td>\n<td style=\"width: 61.9012%; height: 24px;\"><span style=\"font-family: arial, helvetica, sans-serif; font-size: 12pt;\">Clair<\/span><\/td>\n<\/tr>\n<tr style=\"height: 40px; background-color: #ebebeb;\">\n<td style=\"width: 38.0988%; height: 24px;\"><span style=\"font-size: 12pt;\"><strong><span style=\"font-family: arial, helvetica, sans-serif;\">Material<\/span><\/strong><\/span><\/td>\n<td style=\"width: 61.9012%; height: 24px;\"><span style=\"font-family: arial, helvetica, sans-serif; font-size: 12pt;\">OPP\/VMPET\/PE<\/span><\/td>\n<\/tr>\n<tr style=\"height: 40px; background-color: #99ccff;\">\n<td style=\"width: 38.0988%; height: 24px;\"><span style=\"font-size: 12pt;\"><strong><span style=\"font-family: arial, helvetica, sans-serif;\">Preuve<\/span><\/strong><\/span><\/td>\n<td style=\"width: 61.9012%; height: 24px;\"><span style=\"font-family: arial, helvetica, sans-serif; font-size: 12pt;\">Anti-odeur<\/span><\/td>\n<\/tr>\n<tr style=\"height: 40px; background-color: #ebebeb;\">\n<td style=\"width: 38.0988%; height: 24px;\"><span style=\"font-size: 12pt;\"><strong><span style=\"font-family: arial, helvetica, sans-serif;\">Temps d&#039;exp\u00e9dition<\/span><\/strong><\/span><\/td>\n<td style=\"width: 61.9012%; height: 24px;\"><span style=\"font-family: arial, helvetica, sans-serif; font-size: 12pt;\">7 \u00e0 15 jours ouvrables, RUSH<\/span><\/td>\n<\/tr>\n<tr style=\"height: 40px; background-color: #99ccff;\">\n<td style=\"width: 38.0988%; height: 24px;\"><span style=\"font-size: 12pt;\"><strong><span style=\"font-family: arial, helvetica, sans-serif;\">Mode de livraison<\/span><\/strong><\/span><\/td>\n<td style=\"width: 61.9012%; height: 24px;\"><span style=\"font-family: arial, helvetica, sans-serif; font-size: 12pt;\">Exprimer<\/span><\/td>\n<\/tr>\n<\/tbody>\n<\/table>\n<p>&nbsp;<\/p>","protected":false},"featured_media":2837,"comment_status":"open","ping_status":"closed","template":"","meta":[],"product_brand":[],"product_cat":[64],"product_tag":[],"class_list":{"0":"post-2833","1":"product","2":"type-product","3":"status-publish","4":"has-post-thumbnail","6":"product_cat-stock-pouches","8":"first","9":"instock","10":"shipping-taxable","11":"purchasable","12":"product-type-variable"},"_links":{"self":[{"href":"https:\/\/polysmarts.com\/fr\/wp-json\/wp\/v2\/product\/2833","targetHints":{"allow":["GET"]}}],"collection":[{"href":"https:\/\/polysmarts.com\/fr\/wp-json\/wp\/v2\/product"}],"about":[{"href":"https:\/\/polysmarts.com\/fr\/wp-json\/wp\/v2\/types\/product"}],"replies":[{"embeddable":true,"href":"https:\/\/polysmarts.com\/fr\/wp-json\/wp\/v2\/comments?post=2833"}],"version-history":[{"count":3,"href":"https:\/\/polysmarts.com\/fr\/wp-json\/wp\/v2\/product\/2833\/revisions"}],"predecessor-version":[{"id":2844,"href":"https:\/\/polysmarts.com\/fr\/wp-json\/wp\/v2\/product\/2833\/revisions\/2844"}],"wp:featuredmedia":[{"embeddable":true,"href":"https:\/\/polysmarts.com\/fr\/wp-json\/wp\/v2\/media\/2837"}],"wp:attachment":[{"href":"https:\/\/polysmarts.com\/fr\/wp-json\/wp\/v2\/media?parent=2833"}],"wp:term":[{"taxonomy":"product_brand","embeddable":true,"href":"https:\/\/polysmarts.com\/fr\/wp-json\/wp\/v2\/product_brand?post=2833"},{"taxonomy":"product_cat","embeddable":true,"href":"https:\/\/polysmarts.com\/fr\/wp-json\/wp\/v2\/product_cat?post=2833"},{"taxonomy":"product_tag","embeddable":true,"href":"https:\/\/polysmarts.com\/fr\/wp-json\/wp\/v2\/product_tag?post=2833"}],"curies":[{"name":"wp","href":"https:\/\/api.w.org\/{rel}","templated":true}]}}