{"id":2788,"date":"2024-04-19T06:33:02","date_gmt":"2024-04-19T06:33:02","guid":{"rendered":"https:\/\/polysmarts.com\/?post_type=product&#038;p=2788"},"modified":"2024-04-19T06:53:24","modified_gmt":"2024-04-19T06:53:24","slug":"les-sacs-a-poignee-decoupes-sur-mesure-transportent-des-sacs-a-provisions","status":"publish","type":"product","link":"https:\/\/polysmarts.com\/fr\/product\/custom-die-cut-handle-bags-carry-shopping-bags\/","title":{"rendered":"Les sacs \u00e0 poign\u00e9e d\u00e9coup\u00e9s sur mesure transportent des sacs \u00e0 provisions"},"content":{"rendered":"<p><strong>Informations sur l&#039;emballage et la taille :<\/strong> Am\u00e9liorez votre exp\u00e9rience de magasinage avec nos sacs \u00e0 poign\u00e9es d\u00e9coup\u00e9s personnalis\u00e9s. Chaque paquet contient des sacs de vente au d\u00e9tail en plastique de 12 \u00d7 15 pouces avec poign\u00e9es. Vous pouvez \u00e9galement personnaliser la taille pour r\u00e9pondre \u00e0 vos besoins sp\u00e9cifiques pour plus de commodit\u00e9 et de fonctionnalit\u00e9.<\/p>\n<p><strong>\u00c9pais et robuste\u00a0:<\/strong> Nos sacs de courses Rain Tick Die Cut Handle Bags pour boutiques ont une \u00e9paisseur de 2,36 mil (un seul c\u00f4t\u00e9), garantissant une r\u00e9sistance et une durabilit\u00e9 in\u00e9gal\u00e9es. Rassurez-vous, ces sacs sont con\u00e7us pour r\u00e9sister \u00e0 un usage quotidien sans se d\u00e9chirer ni se casser. Nous proposons \u00e9galement des options d&#039;\u00e9paisseur personnalis\u00e9es en fonction de vos pr\u00e9f\u00e9rences.<\/p>\n<p><strong>Id\u00e9al pour les petites entreprises\u00a0:<\/strong> Faites une impression durable avec notre logo dor\u00e9 \u00ab Merci \u00bb accrocheur imprim\u00e9 sur chaque sac. Ce design professionnel et \u00e9l\u00e9gant am\u00e9liore votre image de marque et am\u00e9liore l&#039;exp\u00e9rience d&#039;achat de vos clients. Montrez votre appr\u00e9ciation avec ces magnifiques sacs en plastique, con\u00e7us sp\u00e9cifiquement pour les petites entreprises.<\/p>\n<p><strong>Poign\u00e9es pratiques\u00a0:<\/strong> Con\u00e7us avec des poign\u00e9es robustes d\u00e9coup\u00e9es, nos sacs pour petites entreprises sont faciles \u00e0 transporter. Profitez d&#039;une prise ferme et confortable sans vous soucier d&#039;un \u00e9tirement excessif ou d&#039;une casse. Ces sacs ind\u00e9chirables peuvent \u00eatre utilis\u00e9s plusieurs fois, offrant ainsi une commodit\u00e9 et une fonctionnalit\u00e9 durables.<\/p>\n<p><strong>Sacs de marchandises largement utilis\u00e9s\u00a0:<\/strong> Nos sacs de marchandises avec poign\u00e9es sont polyvalents et parfaits pour diverses occasions, notamment les salons professionnels, l&#039;artisanat, les v\u00eatements, les boutiques \u00e9ph\u00e9m\u00e8res, les anniversaires, les mariages, No\u00ebl et les cadeaux de Saint-Valentin. Utilisez-les comme sacs de courses, sacs de cadeaux de f\u00eate ou sacs de boutique pour plus de polyvalence. Attention : certains sacs peuvent pr\u00e9senter des granul\u00e9s en surface, mais rassurez-vous, cela n&#039;affecte pas leur fonctionnalit\u00e9.<\/p>","protected":false},"excerpt":{"rendered":"<table style=\"height: 360px; width: 100.741%; border-collapse: collapse; background-color: #ebebeb;\" border=\"2\">\n<tbody>\n<tr style=\"height: 40px;\">\n<td style=\"width: 22.6796%; height: 30px; background-color: #99ccff;\"><span style=\"font-family: arial, helvetica, sans-serif; font-size: 12pt;\"><strong>Dimensions et style<\/strong><\/span><\/td>\n<td style=\"width: 78.2121%; height: 30px; background-color: #99ccff;\"><span style=\"font-family: arial, helvetica, sans-serif; font-size: 12pt;\">Formes et tailles personnalis\u00e9es<\/span><\/td>\n<\/tr>\n<tr style=\"height: 40px;\">\n<td style=\"width: 22.6796%; height: 34px; background-color: #ebebeb;\"><span style=\"font-size: 12pt;\"><strong><span style=\"font-family: arial, helvetica, sans-serif;\">Quantit\u00e9 minimum d&#039;achat<\/span><\/strong><\/span><\/td>\n<td style=\"width: 78.2121%; height: 34px; background-color: #ebebeb;\"><span style=\"font-family: arial, helvetica, sans-serif; font-size: 12pt;\">1000 pi\u00e8ces sans personnalisation, 10000 pi\u00e8ces pour personnalisation\u00a0<\/span><\/td>\n<\/tr>\n<tr style=\"height: 40px; background-color: #99ccff;\">\n<td style=\"width: 22.6796%; height: 24px;\"><span style=\"font-size: 12pt;\"><strong><span style=\"font-family: arial, helvetica, sans-serif;\">Type d&#039;emballage<\/span><\/strong><\/span><\/td>\n<td style=\"width: 78.2121%; height: 24px;\"><span style=\"font-family: arial, helvetica, sans-serif; font-size: 12pt;\">Sacs \u00e0 poign\u00e9es d\u00e9coup\u00e9es<\/span><\/td>\n<\/tr>\n<tr style=\"height: 40px; background-color: #ebebeb;\">\n<td style=\"width: 22.6796%; height: 24px;\"><span style=\"font-size: 12pt;\"><strong><span style=\"font-family: arial, helvetica, sans-serif;\">Impression<\/span><\/strong><\/span><\/td>\n<td style=\"width: 78.2121%; height: 24px;\"><span style=\"font-family: arial, helvetica, sans-serif; font-size: 12pt;\">CMJN (1 \u00e0 10 couleurs), pas d&#039;impression (ordinaire)<\/span><\/td>\n<\/tr>\n<tr style=\"height: 40px; background-color: #99ccff;\">\n<td style=\"width: 22.6796%; height: 24px;\"><span style=\"font-size: 12pt;\"><strong><span style=\"font-family: arial, helvetica, sans-serif;\">Manipulation des surfaces<\/span><\/strong><\/span><\/td>\n<td style=\"width: 78.2121%; height: 24px;\"><span style=\"font-family: arial, helvetica, sans-serif; font-size: 12pt;\">Impression offset<\/span><\/td>\n<\/tr>\n<tr style=\"height: 40px; background-color: #ebebeb;\">\n<td style=\"width: 22.6796%; height: 24px;\"><span style=\"font-size: 12pt;\"><strong><span style=\"font-family: arial, helvetica, sans-serif;\">Material<\/span><\/strong><\/span><\/td>\n<td style=\"width: 78.2121%; height: 24px;\"><span style=\"font-family: arial, helvetica, sans-serif; font-size: 12pt;\">PE<\/span><\/td>\n<\/tr>\n<tr style=\"height: 40px; background-color: #99ccff;\">\n<td style=\"width: 22.6796%; height: 24px;\"><span style=\"font-size: 12pt;\"><strong><span style=\"font-family: arial, helvetica, sans-serif;\">Taille<\/span><\/strong><\/span><\/td>\n<td style=\"width: 78.2121%; height: 24px;\"><span style=\"font-family: arial, helvetica, sans-serif; font-size: 12pt;\">Personnalis\u00e9<\/span><\/td>\n<\/tr>\n<tr style=\"height: 40px; background-color: #ebebeb;\">\n<td style=\"width: 22.6796%; height: 24px;\"><span style=\"font-size: 12pt;\"><strong><span style=\"font-family: arial, helvetica, sans-serif;\">\u00c9paisseur<\/span><\/strong><\/span><\/td>\n<td style=\"width: 78.2121%; height: 24px;\"><span style=\"font-family: arial, helvetica, sans-serif; font-size: 12pt;\">120 microns pour les doubles faces, acceptez une \u00e9paisseur personnalis\u00e9e<\/span><\/td>\n<\/tr>\n<tr style=\"height: 40px; background-color: #99ccff;\">\n<td style=\"width: 22.6796%; height: 24px;\"><span style=\"font-size: 12pt;\"><strong><span style=\"font-family: arial, helvetica, sans-serif;\">Exp\u00e9dition<\/span><\/strong><\/span><\/td>\n<td style=\"width: 78.2121%; height: 24px;\"><span style=\"font-family: arial, helvetica, sans-serif; font-size: 12pt;\">Air, Mer, Express<\/span><\/td>\n<\/tr>\n<tr style=\"height: 40px; background-color: #ebebeb;\">\n<td style=\"width: 22.6796%; height: 24px;\"><span style=\"font-size: 12pt;\"><strong><span style=\"font-family: arial, helvetica, sans-serif;\">D\u00e9lai d&#039;ex\u00e9cution<\/span><\/strong><\/span><\/td>\n<td style=\"width: 78.2121%; height: 24px;\"><span style=\"font-family: arial, helvetica, sans-serif; font-size: 12pt;\">7 \u00e0 15 jours ouvrables, RUSH<\/span><\/td>\n<\/tr>\n<\/tbody>\n<\/table>\n<p>&nbsp;<\/p>","protected":false},"featured_media":2789,"comment_status":"open","ping_status":"closed","template":"","meta":[],"product_brand":[],"product_cat":[31,21],"product_tag":[],"class_list":{"0":"post-2788","1":"product","2":"type-product","3":"status-publish","4":"has-post-thumbnail","6":"product_cat-clothing-packaging","7":"product_cat-opp-cpp-pe-cpe-single-material-bag","9":"first","10":"instock","11":"shipping-taxable","12":"product-type-simple"},"_links":{"self":[{"href":"https:\/\/polysmarts.com\/fr\/wp-json\/wp\/v2\/product\/2788","targetHints":{"allow":["GET"]}}],"collection":[{"href":"https:\/\/polysmarts.com\/fr\/wp-json\/wp\/v2\/product"}],"about":[{"href":"https:\/\/polysmarts.com\/fr\/wp-json\/wp\/v2\/types\/product"}],"replies":[{"embeddable":true,"href":"https:\/\/polysmarts.com\/fr\/wp-json\/wp\/v2\/comments?post=2788"}],"version-history":[{"count":2,"href":"https:\/\/polysmarts.com\/fr\/wp-json\/wp\/v2\/product\/2788\/revisions"}],"predecessor-version":[{"id":2795,"href":"https:\/\/polysmarts.com\/fr\/wp-json\/wp\/v2\/product\/2788\/revisions\/2795"}],"wp:featuredmedia":[{"embeddable":true,"href":"https:\/\/polysmarts.com\/fr\/wp-json\/wp\/v2\/media\/2789"}],"wp:attachment":[{"href":"https:\/\/polysmarts.com\/fr\/wp-json\/wp\/v2\/media?parent=2788"}],"wp:term":[{"taxonomy":"product_brand","embeddable":true,"href":"https:\/\/polysmarts.com\/fr\/wp-json\/wp\/v2\/product_brand?post=2788"},{"taxonomy":"product_cat","embeddable":true,"href":"https:\/\/polysmarts.com\/fr\/wp-json\/wp\/v2\/product_cat?post=2788"},{"taxonomy":"product_tag","embeddable":true,"href":"https:\/\/polysmarts.com\/fr\/wp-json\/wp\/v2\/product_tag?post=2788"}],"curies":[{"name":"wp","href":"https:\/\/api.w.org\/{rel}","templated":true}]}}