{"id":2779,"date":"2024-04-18T07:33:39","date_gmt":"2024-04-18T07:33:39","guid":{"rendered":"https:\/\/polysmarts.com\/?post_type=product&#038;p=2779"},"modified":"2024-04-18T07:50:14","modified_gmt":"2024-04-18T07:50:14","slug":"sac-auto-scellant-en-pe-avec-crochet-de-suspension","status":"publish","type":"product","link":"https:\/\/polysmarts.com\/fr\/product\/pe-self-sealing-bag-with-hanging-hook\/","title":{"rendered":"Sac auto-scellant en PE avec crochet de suspension"},"content":{"rendered":"<p>D\u00e9couvrez la commodit\u00e9 de nos sacs auto-scellants en PE dot\u00e9s d&#039;un crochet de suspension int\u00e9gr\u00e9, con\u00e7us pour rationaliser vos besoins d&#039;emballage et de stockage sans effort.<\/p>\n<p>Fermeture \u00e9clair refermable avec plus de commodit\u00e9 : scellez et refermez sans effort vos effets personnels gr\u00e2ce \u00e0 notre fermeture \u00e9clair coulissante de qualit\u00e9 sup\u00e9rieure et notre crochet int\u00e9gr\u00e9. Dites adieu aux scellants et aux rubans adh\u00e9sifs encombrants, car nos sacs acc\u00e9l\u00e8rent les op\u00e9rations d&#039;emballage, d&#039;exp\u00e9dition et de courrier tout en prot\u00e9geant vos v\u00eatements et objets de valeur de la poussi\u00e8re, des odeurs et de l&#039;humidit\u00e9.<\/p>\n<p>Renforc\u00e9s pour une protection fiable : ayez l&#039;esprit tranquille en sachant que nos sacs en poly\u00e9thyl\u00e8ne \u00e0 fermeture \u00e9clair givr\u00e9e sont renforc\u00e9s sur les c\u00f4t\u00e9s, offrant une durabilit\u00e9 et une r\u00e9sistance exceptionnelles. Avec des c\u00f4t\u00e9s renforc\u00e9s, nos sacs r\u00e9sistent mieux aux d\u00e9chirures, aux fentes et aux d\u00e9chirures, garantissant ainsi que votre marchandise reste prot\u00e9g\u00e9e pendant le stockage, l&#039;exp\u00e9dition et l&#039;envoi.<\/p>\n<p>Avertissement : Ventilation pour une circulation d&#039;air optimale : Soyez attentif \u00e0 la fonction de ventilation de nos sacs, \u00e9quip\u00e9s de pochettes \u00e0 trous d&#039;a\u00e9ration pour optimiser la circulation de l&#039;air. Ces sacs respirants prot\u00e8gent vos effets personnels et \u00e9vitent la suffocation, ce qui les rend id\u00e9aux pour une vari\u00e9t\u00e9 d&#039;utilisations. Si vous avez besoin d\u2019une option enti\u00e8rement scell\u00e9e, veuillez examiner attentivement vos besoins avant l\u2019achat.<\/p>\n<p>Utilisations polyvalentes pour une vie organis\u00e9e : orn\u00e9s d&#039;une finition givr\u00e9e, nos sacs respirent l&#039;\u00e9l\u00e9gance et le professionnalisme, ce qui en fait un incontournable pour l&#039;organisation de la maison, l&#039;emballage de voyage, l&#039;exp\u00e9dition professionnelle et au-del\u00e0. Des v\u00eatements et accessoires aux \u0153uvres d&#039;art et appareils \u00e9lectroniques, nos sacs s&#039;adressent \u00e0 un large \u00e9ventail d&#039;articles, garantissant que tout est soigneusement rang\u00e9 et facilement accessible.<\/p>","protected":false},"excerpt":{"rendered":"<table style=\"height: 360px; width: 99.8505%; border-collapse: collapse;\" border=\"2\">\n<tbody>\n<tr style=\"height: 40px;\">\n<td style=\"width: 38.0988%; height: 30px; background-color: #99ccff;\"><span style=\"font-family: arial, helvetica, sans-serif; font-size: 12pt;\"><strong>Dimensions et style<\/strong><\/span><\/td>\n<td style=\"width: 61.9012%; height: 30px; background-color: #99ccff;\"><span style=\"font-family: arial, helvetica, sans-serif; font-size: 12pt;\">22*11.5cm<\/span><\/td>\n<\/tr>\n<tr style=\"height: 40px;\">\n<td style=\"width: 38.0988%; height: 34px; background-color: #ebebeb;\"><span style=\"font-size: 12pt;\"><strong><span style=\"font-family: arial, helvetica, sans-serif;\">Poids de 1 paquet = 100 pi\u00e8ces<\/span><\/strong><\/span><\/td>\n<td style=\"width: 61.9012%; height: 34px; background-color: #ebebeb;\"><span style=\"font-family: arial, helvetica, sans-serif; font-size: 12pt;\">Environ 0,7kg<\/span><\/td>\n<\/tr>\n<tr style=\"height: 40px; background-color: #99ccff;\">\n<td style=\"width: 38.0988%; height: 24px;\"><span style=\"font-size: 12pt;\"><strong><span style=\"font-family: arial, helvetica, sans-serif;\">Type d&#039;emballage<\/span><\/strong><\/span><\/td>\n<td style=\"width: 61.9012%; height: 24px;\"><span style=\"font-family: arial, helvetica, sans-serif; font-size: 12pt;\">Sac auto-scellant<\/span><\/td>\n<\/tr>\n<tr style=\"height: 40px; background-color: #ebebeb;\">\n<td style=\"width: 38.0988%; height: 24px;\"><span style=\"font-size: 12pt;\"><strong><span style=\"font-family: arial, helvetica, sans-serif;\">\u00c9paisseur<\/span><\/strong><\/span><\/td>\n<td style=\"width: 61.9012%; height: 24px;\"><span style=\"font-family: arial, helvetica, sans-serif; font-size: 12pt;\">100 microns<\/span><\/td>\n<\/tr>\n<tr style=\"height: 40px; background-color: #99ccff;\">\n<td style=\"width: 38.0988%; height: 24px;\"><span style=\"font-size: 12pt;\"><strong><span style=\"font-family: arial, helvetica, sans-serif;\">Finition<\/span><\/strong><\/span><\/td>\n<td style=\"width: 61.9012%; height: 24px;\"><span style=\"font-family: arial, helvetica, sans-serif; font-size: 12pt;\">Clair<\/span><\/td>\n<\/tr>\n<tr style=\"height: 40px; background-color: #ebebeb;\">\n<td style=\"width: 38.0988%; height: 24px;\"><span style=\"font-size: 12pt;\"><strong><span style=\"font-family: arial, helvetica, sans-serif;\">Material<\/span><\/strong><\/span><\/td>\n<td style=\"width: 61.9012%; height: 24px;\"><span style=\"font-family: arial, helvetica, sans-serif; font-size: 12pt;\">PE<\/span><\/td>\n<\/tr>\n<tr style=\"height: 40px; background-color: #99ccff;\">\n<td style=\"width: 38.0988%; height: 24px;\"><span style=\"font-size: 12pt;\"><strong><span style=\"font-family: arial, helvetica, sans-serif;\">Preuve<\/span><\/strong><\/span><\/td>\n<td style=\"width: 61.9012%; height: 24px;\"><span style=\"font-family: arial, helvetica, sans-serif; font-size: 12pt;\">R\u00e9siste \u00e0 l&#039;humidit\u00e9<\/span><\/td>\n<\/tr>\n<tr style=\"height: 40px; background-color: #ebebeb;\">\n<td style=\"width: 38.0988%; height: 24px;\"><span style=\"font-size: 12pt;\"><strong><span style=\"font-family: arial, helvetica, sans-serif;\">Temps d&#039;exp\u00e9dition<\/span><\/strong><\/span><\/td>\n<td style=\"width: 61.9012%; height: 24px;\"><span style=\"font-family: arial, helvetica, sans-serif; font-size: 12pt;\">7 \u00e0 15 jours ouvrables, RUSH<\/span><\/td>\n<\/tr>\n<tr style=\"height: 40px; background-color: #99ccff;\">\n<td style=\"width: 38.0988%; height: 24px;\"><span style=\"font-size: 12pt;\"><strong><span style=\"font-family: arial, helvetica, sans-serif;\">Mode de livraison<\/span><\/strong><\/span><\/td>\n<td style=\"width: 61.9012%; height: 24px;\"><span style=\"font-family: arial, helvetica, sans-serif; font-size: 12pt;\">Exprimer<\/span><\/td>\n<\/tr>\n<\/tbody>\n<\/table>\n<p>&nbsp;<\/p>","protected":false},"featured_media":2780,"comment_status":"open","ping_status":"closed","template":"","meta":[],"product_brand":[],"product_cat":[64],"product_tag":[],"class_list":{"0":"post-2779","1":"product","2":"type-product","3":"status-publish","4":"has-post-thumbnail","6":"product_cat-stock-pouches","8":"first","9":"instock","10":"shipping-taxable","11":"purchasable","12":"product-type-simple"},"_links":{"self":[{"href":"https:\/\/polysmarts.com\/fr\/wp-json\/wp\/v2\/product\/2779","targetHints":{"allow":["GET"]}}],"collection":[{"href":"https:\/\/polysmarts.com\/fr\/wp-json\/wp\/v2\/product"}],"about":[{"href":"https:\/\/polysmarts.com\/fr\/wp-json\/wp\/v2\/types\/product"}],"replies":[{"embeddable":true,"href":"https:\/\/polysmarts.com\/fr\/wp-json\/wp\/v2\/comments?post=2779"}],"version-history":[{"count":1,"href":"https:\/\/polysmarts.com\/fr\/wp-json\/wp\/v2\/product\/2779\/revisions"}],"predecessor-version":[{"id":2787,"href":"https:\/\/polysmarts.com\/fr\/wp-json\/wp\/v2\/product\/2779\/revisions\/2787"}],"wp:featuredmedia":[{"embeddable":true,"href":"https:\/\/polysmarts.com\/fr\/wp-json\/wp\/v2\/media\/2780"}],"wp:attachment":[{"href":"https:\/\/polysmarts.com\/fr\/wp-json\/wp\/v2\/media?parent=2779"}],"wp:term":[{"taxonomy":"product_brand","embeddable":true,"href":"https:\/\/polysmarts.com\/fr\/wp-json\/wp\/v2\/product_brand?post=2779"},{"taxonomy":"product_cat","embeddable":true,"href":"https:\/\/polysmarts.com\/fr\/wp-json\/wp\/v2\/product_cat?post=2779"},{"taxonomy":"product_tag","embeddable":true,"href":"https:\/\/polysmarts.com\/fr\/wp-json\/wp\/v2\/product_tag?post=2779"}],"curies":[{"name":"wp","href":"https:\/\/api.w.org\/{rel}","templated":true}]}}