{"id":2769,"date":"2024-04-18T06:36:20","date_gmt":"2024-04-18T06:36:20","guid":{"rendered":"https:\/\/polysmarts.com\/?post_type=product&#038;p=2769"},"modified":"2024-04-18T07:28:32","modified_gmt":"2024-04-18T07:28:32","slug":"sacs-de-poche-ziplock-demballage-de-mylar-de-laser","status":"publish","type":"product","link":"https:\/\/polysmarts.com\/fr\/product\/laser-mylar-packaging-ziplock-pouch-bags\/","title":{"rendered":"Sacs de poche ziplock d&#039;emballage laser Mylar"},"content":{"rendered":"<p>Pr\u00e9sentation des sacs ziplock ultimes pour emballage laser holographique en Mylar\u00a0:<\/p>\n<p>Fabriqu\u00e9 \u00e0 la perfection : offrez-vous le luxe avec notre sac holographique m\u00e9ticuleusement con\u00e7u. B\u00e9n\u00e9ficiant d&#039;une \u00e9paisseur de 100 microns des deux c\u00f4t\u00e9s, notre sac offre une durabilit\u00e9 et une r\u00e9sistance in\u00e9gal\u00e9es aux perforations et aux fuites, garantissant que vos effets personnels restent en s\u00e9curit\u00e9 \u00e0 tout moment. Le film m\u00e9tallique de haute qualit\u00e9 conf\u00e8re un \u00e9clat irr\u00e9sistible, projetant un \u00e9clat arc-en-ciel fascinant qui \u00e9l\u00e8ve vos produits sous les projecteurs.<\/p>\n<p>Excellence conviviale\u00a0: votre commodit\u00e9 et votre s\u00e9curit\u00e9 sont primordiales pour nous. Pour vous prot\u00e9ger, vous et vos biens, de tout dommage potentiel, nous avons savamment arrondi tous les coins, \u00e9liminant ainsi le risque de rayures, qu&#039;il s&#039;agisse de l&#039;\u00e9cran de votre t\u00e9l\u00e9phone portable ou des objets pr\u00e9cieux qu&#039;il contient. Avec une longueur d&#039;ouverture \u00e9tendue, notre sac facilite le thermoscellage sans couture pour une efficacit\u00e9 accrue, garantissant une utilisation sans effort \u00e0 chaque joint.<\/p>\n<p>Renforc\u00e9 pour la fiabilit\u00e9 : dites adieu aux soucis de p\u00e9n\u00e9tration d&#039;eau ou d&#039;odeurs d\u00e9sagr\u00e9ables. Notre fermeture \u00e9clair renforc\u00e9e, associ\u00e9e \u00e0 la taille de sac parfaite pour vos articles, cr\u00e9e une barri\u00e8re imp\u00e9n\u00e9trable, garantissant une protection ultime. Pour les besoins de stockage prolong\u00e9s, utilisez la fonction de thermoscellage pour une couche de s\u00e9curit\u00e9 suppl\u00e9mentaire, garantissant que vos objets de valeur restent intacts pendant de plus longues dur\u00e9es.<\/p>\n<p>Une symphonie d&#039;\u00e9clat\u00a0: pr\u00e9parez-vous \u00e0 \u00e9blouir avec notre brillant arc-en-ciel holographique. Fabriqu\u00e9s \u00e0 partir d&#039;un film m\u00e9tallique, nos sacs ziplock capturent l&#039;essence d&#039;un arc-en-ciel, transformant la lumi\u00e8re naturelle en un spectre fascinant de couleurs qui dansent sur vos articles. La conception de la fen\u00eatre transparente ajoute une touche de sophistication, permettant \u00e0 vos tr\u00e9sors de briller avec une clart\u00e9 et un \u00e9clat in\u00e9gal\u00e9s.<\/p>\n<p>Possibilit\u00e9s infinies : profitez de la polyvalence avec nos sacs \u00e0 fermeture \u00e9clair multi-tailles, con\u00e7us pour r\u00e9pondre aux divers besoins de n&#039;importe quel environnement, que ce soit au bureau, \u00e0 l&#039;\u00e9cole ou \u00e0 la maison. \u00c9levez votre vie avec une touche d&#039;organisation et de dynamisme, car notre sac peut accueillir sans effort une multitude d&#039;articles. Qu&#039;il s&#039;agisse de crayons, d&#039;essentiels de maquillage ou de d\u00e9licieuses friandises, notre sac est le compagnon id\u00e9al pour toute occasion, garantissant que vos essentiels sont rang\u00e9s en toute s\u00e9curit\u00e9 et avec style.<\/p>","protected":false},"excerpt":{"rendered":"<table style=\"height: 360px; width: 99.8505%; border-collapse: collapse;\" border=\"2\">\n<tbody>\n<tr style=\"height: 40px;\">\n<td style=\"width: 38.0988%; height: 30px; background-color: #99ccff;\"><span style=\"font-family: arial, helvetica, sans-serif; font-size: 12pt;\"><strong>Dimensions et style<\/strong><\/span><\/td>\n<td style=\"width: 61.9012%; height: 30px; background-color: #99ccff;\"><span style=\"font-family: arial, helvetica, sans-serif; font-size: 12pt;\">7,5*26cm<\/span><\/td>\n<\/tr>\n<tr style=\"height: 40px;\">\n<td style=\"width: 38.0988%; height: 34px; background-color: #ebebeb;\"><span style=\"font-size: 12pt;\"><strong><span style=\"font-family: arial, helvetica, sans-serif;\">Poids de 1 paquet = 100 pi\u00e8ces<\/span><\/strong><\/span><\/td>\n<td style=\"width: 61.9012%; height: 34px; background-color: #ebebeb;\"><span style=\"font-family: arial, helvetica, sans-serif; font-size: 12pt;\">Environ 0,55kg<\/span><\/td>\n<\/tr>\n<tr style=\"height: 40px; background-color: #99ccff;\">\n<td style=\"width: 38.0988%; height: 24px;\"><span style=\"font-size: 12pt;\"><strong><span style=\"font-family: arial, helvetica, sans-serif;\">Type d&#039;emballage<\/span><\/strong><\/span><\/td>\n<td style=\"width: 61.9012%; height: 24px;\"><span style=\"font-family: arial, helvetica, sans-serif; font-size: 12pt;\">Sacs \u00e0 pochette ziplock<\/span><\/td>\n<\/tr>\n<tr style=\"height: 40px; background-color: #ebebeb;\">\n<td style=\"width: 38.0988%; height: 24px;\"><span style=\"font-size: 12pt;\"><strong><span style=\"font-family: arial, helvetica, sans-serif;\">\u00c9paisseur<\/span><\/strong><\/span><\/td>\n<td style=\"width: 61.9012%; height: 24px;\"><span style=\"font-family: arial, helvetica, sans-serif; font-size: 12pt;\">100 microns<\/span><\/td>\n<\/tr>\n<tr style=\"height: 40px; background-color: #99ccff;\">\n<td style=\"width: 38.0988%; height: 24px;\"><span style=\"font-size: 12pt;\"><strong><span style=\"font-family: arial, helvetica, sans-serif;\">Finition<\/span><\/strong><\/span><\/td>\n<td style=\"width: 61.9012%; height: 24px;\"><span style=\"font-family: arial, helvetica, sans-serif; font-size: 12pt;\">Clair<\/span><\/td>\n<\/tr>\n<tr style=\"height: 40px; background-color: #ebebeb;\">\n<td style=\"width: 38.0988%; height: 24px;\"><span style=\"font-size: 12pt;\"><strong><span style=\"font-family: arial, helvetica, sans-serif;\">Material<\/span><\/strong><\/span><\/td>\n<td style=\"width: 61.9012%; height: 24px;\"><span style=\"font-family: arial, helvetica, sans-serif; font-size: 12pt;\">OPP\/VMPET\/RPC<\/span><\/td>\n<\/tr>\n<tr style=\"height: 40px; background-color: #99ccff;\">\n<td style=\"width: 38.0988%; height: 24px;\"><span style=\"font-size: 12pt;\"><strong><span style=\"font-family: arial, helvetica, sans-serif;\">Preuve<\/span><\/strong><\/span><\/td>\n<td style=\"width: 61.9012%; height: 24px;\"><span style=\"font-family: arial, helvetica, sans-serif; font-size: 12pt;\">R\u00e9siste \u00e0 l&#039;humidit\u00e9<\/span><\/td>\n<\/tr>\n<tr style=\"height: 40px; background-color: #ebebeb;\">\n<td style=\"width: 38.0988%; height: 24px;\"><span style=\"font-size: 12pt;\"><strong><span style=\"font-family: arial, helvetica, sans-serif;\">Temps d&#039;exp\u00e9dition<\/span><\/strong><\/span><\/td>\n<td style=\"width: 61.9012%; height: 24px;\"><span style=\"font-family: arial, helvetica, sans-serif; font-size: 12pt;\">7 \u00e0 15 jours ouvrables, RUSH<\/span><\/td>\n<\/tr>\n<tr style=\"height: 40px; background-color: #99ccff;\">\n<td style=\"width: 38.0988%; height: 24px;\"><span style=\"font-size: 12pt;\"><strong><span style=\"font-family: arial, helvetica, sans-serif;\">Mode de livraison<\/span><\/strong><\/span><\/td>\n<td style=\"width: 61.9012%; height: 24px;\"><span style=\"font-family: arial, helvetica, sans-serif; font-size: 12pt;\">Exprimer<\/span><\/td>\n<\/tr>\n<\/tbody>\n<\/table>\n<p>&nbsp;<\/p>","protected":false},"featured_media":2772,"comment_status":"open","ping_status":"closed","template":"","meta":[],"product_brand":[],"product_cat":[64],"product_tag":[],"class_list":{"0":"post-2769","1":"product","2":"type-product","3":"status-publish","4":"has-post-thumbnail","6":"product_cat-stock-pouches","8":"first","9":"instock","10":"shipping-taxable","11":"purchasable","12":"product-type-simple"},"_links":{"self":[{"href":"https:\/\/polysmarts.com\/fr\/wp-json\/wp\/v2\/product\/2769","targetHints":{"allow":["GET"]}}],"collection":[{"href":"https:\/\/polysmarts.com\/fr\/wp-json\/wp\/v2\/product"}],"about":[{"href":"https:\/\/polysmarts.com\/fr\/wp-json\/wp\/v2\/types\/product"}],"replies":[{"embeddable":true,"href":"https:\/\/polysmarts.com\/fr\/wp-json\/wp\/v2\/comments?post=2769"}],"version-history":[{"count":1,"href":"https:\/\/polysmarts.com\/fr\/wp-json\/wp\/v2\/product\/2769\/revisions"}],"predecessor-version":[{"id":2778,"href":"https:\/\/polysmarts.com\/fr\/wp-json\/wp\/v2\/product\/2769\/revisions\/2778"}],"wp:featuredmedia":[{"embeddable":true,"href":"https:\/\/polysmarts.com\/fr\/wp-json\/wp\/v2\/media\/2772"}],"wp:attachment":[{"href":"https:\/\/polysmarts.com\/fr\/wp-json\/wp\/v2\/media?parent=2769"}],"wp:term":[{"taxonomy":"product_brand","embeddable":true,"href":"https:\/\/polysmarts.com\/fr\/wp-json\/wp\/v2\/product_brand?post=2769"},{"taxonomy":"product_cat","embeddable":true,"href":"https:\/\/polysmarts.com\/fr\/wp-json\/wp\/v2\/product_cat?post=2769"},{"taxonomy":"product_tag","embeddable":true,"href":"https:\/\/polysmarts.com\/fr\/wp-json\/wp\/v2\/product_tag?post=2769"}],"curies":[{"name":"wp","href":"https:\/\/api.w.org\/{rel}","templated":true}]}}