{"id":2746,"date":"2024-04-15T16:26:03","date_gmt":"2024-04-15T16:26:03","guid":{"rendered":"https:\/\/polysmarts.com\/?post_type=product&#038;p=2746"},"modified":"2025-10-14T16:19:41","modified_gmt":"2025-10-14T08:19:41","slug":"sac-demballage-de-collations-transparent-avec-fermeture-a-glissiere","status":"publish","type":"product","link":"https:\/\/polysmarts.com\/fr\/product\/clear-snack-food-packing-bag-with-zipper\/","title":{"rendered":"Sac d&#039;emballage transparent pour collations avec fermeture \u00e0 glissi\u00e8re"},"content":{"rendered":"<p><strong>Utilisation polyvalente\u00a0:<\/strong> Nos sacs d&#039;emballage de collations en plastique transparent avec fermetures \u00e9clair sont parfaits pour un large \u00e9ventail d&#039;utilisations, notamment le stockage de bonbons, de pilules, de perles, de graines de plantes, de pi\u00e8ces de monnaie et plus encore. Faites l&#039;exp\u00e9rience de la commodit\u00e9 et de la polyvalence avec nos sacs polyvalents.<\/p>\n<p><strong>Grande qualit\u00e9\u00a0:<\/strong> Am\u00e9liorez votre jeu de stockage avec nos sacs \u00e0 fermeture \u00e9clair transparents refermables en plastique de haute qualit\u00e9. Fabriqu\u00e9s dans un souci de qualit\u00e9, ces sacs offrent durabilit\u00e9 et fiabilit\u00e9 pour tous vos besoins de stockage. Que ce soit pour de la nourriture, des m\u00e9dicaments ou des petits objets, nos sacs sont \u00e0 la hauteur.<\/p>\n<p><strong>S\u00fbr et organis\u00e9\u00a0:<\/strong> Rassurez-vous, notre mat\u00e9riau plastique poly est approuv\u00e9 pour le service alimentaire et le stockage de m\u00e9dicaments, garantissant ainsi la s\u00e9curit\u00e9 et la conformit\u00e9. Avec la possibilit\u00e9 d&#039;\u00e9tiqueter les sacs, vous pouvez facilement \u00e9viter toute confusion et garder vos articles organis\u00e9s pour un acc\u00e8s facile.<\/p>\n<p><strong>M\u00e9ga valeur\u00a0:<\/strong> Profitez d&#039;un excellent rapport qualit\u00e9-prix avec nos packs de variantes, disponibles en quantit\u00e9s de 100, 200, 500 ou 1 000 pi\u00e8ces. Que vous ayez besoin d&#039;une petite quantit\u00e9 pour un usage personnel ou d&#039;une plus grande quantit\u00e9 \u00e0 des fins professionnelles, nous avons ce qu&#039;il vous faut. Faites l&#039;exp\u00e9rience de la commodit\u00e9 et de l&#039;abordabilit\u00e9 avec nos packs m\u00e9ga-valeur<\/p>","protected":false},"excerpt":{"rendered":"<table style=\"height: 360px; width: 99.8505%; border-collapse: collapse;\" border=\"2\">\n<tbody>\n<tr style=\"height: 40px;\">\n<td style=\"width: 38.0988%; height: 30px; background-color: #99ccff;\"><span style=\"font-family: arial, helvetica, sans-serif; font-size: 12pt;\"><strong>Dimensions et style<\/strong><\/span><\/td>\n<td style=\"width: 61.9012%; height: 30px; background-color: #99ccff;\"><span style=\"font-family: arial, helvetica, sans-serif; font-size: 12pt;\">8,5*10,2\/11*17 cm<\/span><\/td>\n<\/tr>\n<tr style=\"height: 40px;\">\n<td style=\"width: 38.0988%; height: 34px; background-color: #ebebeb;\"><span style=\"font-size: 12pt;\"><strong><span style=\"font-family: arial, helvetica, sans-serif;\">Poids de 1 paquet = 100 pi\u00e8ces<\/span><\/strong><\/span><\/td>\n<td style=\"width: 61.9012%; height: 34px; background-color: #ebebeb;\"><span style=\"font-family: arial, helvetica, sans-serif; font-size: 12pt;\">Environ 2,2\/0,37kg<\/span><\/td>\n<\/tr>\n<tr style=\"height: 40px; background-color: #99ccff;\">\n<td style=\"width: 38.0988%; height: 24px;\"><span style=\"font-size: 12pt;\"><strong><span style=\"font-family: arial, helvetica, sans-serif;\">Type d&#039;emballage<\/span><\/strong><\/span><\/td>\n<td style=\"width: 61.9012%; height: 24px;\"><span style=\"font-family: arial, helvetica, sans-serif; font-size: 12pt;\">Sac d&#039;emballage alimentaire avec fermeture \u00e9clair<\/span><\/td>\n<\/tr>\n<tr style=\"height: 40px; background-color: #ebebeb;\">\n<td style=\"width: 38.0988%; height: 24px;\"><span style=\"font-size: 12pt;\"><strong><span style=\"font-family: arial, helvetica, sans-serif;\">\u00c9paisseur<\/span><\/strong><\/span><\/td>\n<td style=\"width: 61.9012%; height: 24px;\"><span style=\"font-family: arial, helvetica, sans-serif; font-size: 12pt;\">100 microns \/ 80 microns<\/span><\/td>\n<\/tr>\n<tr style=\"height: 40px; background-color: #99ccff;\">\n<td style=\"width: 38.0988%; height: 24px;\"><span style=\"font-size: 12pt;\"><strong><span style=\"font-family: arial, helvetica, sans-serif;\">Finition<\/span><\/strong><\/span><\/td>\n<td style=\"width: 61.9012%; height: 24px;\"><span style=\"font-family: arial, helvetica, sans-serif; font-size: 12pt;\">Clair<\/span><\/td>\n<\/tr>\n<tr style=\"height: 40px; background-color: #ebebeb;\">\n<td style=\"width: 38.0988%; height: 24px;\"><span style=\"font-size: 12pt;\"><strong><span style=\"font-family: arial, helvetica, sans-serif;\">Material<\/span><\/strong><\/span><\/td>\n<td style=\"width: 61.9012%; height: 24px;\"><span style=\"font-family: arial, helvetica, sans-serif; font-size: 12pt;\">PET\/PE<\/span><\/td>\n<\/tr>\n<tr style=\"height: 40px; background-color: #99ccff;\">\n<td style=\"width: 38.0988%; height: 24px;\"><span style=\"font-size: 12pt;\"><strong><span style=\"font-family: arial, helvetica, sans-serif;\">Preuve<\/span><\/strong><\/span><\/td>\n<td style=\"width: 61.9012%; height: 24px;\"><span style=\"font-family: arial, helvetica, sans-serif; font-size: 12pt;\">R\u00e9siste \u00e0 l&#039;humidit\u00e9<\/span><\/td>\n<\/tr>\n<tr style=\"height: 40px; background-color: #ebebeb;\">\n<td style=\"width: 38.0988%; height: 24px;\"><span style=\"font-size: 12pt;\"><strong><span style=\"font-family: arial, helvetica, sans-serif;\">Temps d&#039;exp\u00e9dition<\/span><\/strong><\/span><\/td>\n<td style=\"width: 61.9012%; height: 24px;\"><span style=\"font-family: arial, helvetica, sans-serif; font-size: 12pt;\">7 \u00e0 15 jours ouvrables, RUSH<\/span><\/td>\n<\/tr>\n<tr style=\"height: 40px; background-color: #99ccff;\">\n<td style=\"width: 38.0988%; height: 24px;\"><span style=\"font-size: 12pt;\"><strong><span style=\"font-family: arial, helvetica, sans-serif;\">Mode de livraison<\/span><\/strong><\/span><\/td>\n<td style=\"width: 61.9012%; height: 24px;\"><span style=\"font-family: arial, helvetica, sans-serif; font-size: 12pt;\">Exprimer<\/span><\/td>\n<\/tr>\n<\/tbody>\n<\/table>\n<p>&nbsp;<\/p>","protected":false},"featured_media":2747,"comment_status":"open","ping_status":"closed","template":"","meta":[],"product_brand":[],"product_cat":[64],"product_tag":[],"class_list":{"0":"post-2746","1":"product","2":"type-product","3":"status-publish","4":"has-post-thumbnail","6":"product_cat-stock-pouches","8":"first","9":"instock","10":"shipping-taxable","11":"purchasable","12":"product-type-variable"},"_links":{"self":[{"href":"https:\/\/polysmarts.com\/fr\/wp-json\/wp\/v2\/product\/2746","targetHints":{"allow":["GET"]}}],"collection":[{"href":"https:\/\/polysmarts.com\/fr\/wp-json\/wp\/v2\/product"}],"about":[{"href":"https:\/\/polysmarts.com\/fr\/wp-json\/wp\/v2\/types\/product"}],"replies":[{"embeddable":true,"href":"https:\/\/polysmarts.com\/fr\/wp-json\/wp\/v2\/comments?post=2746"}],"version-history":[{"count":2,"href":"https:\/\/polysmarts.com\/fr\/wp-json\/wp\/v2\/product\/2746\/revisions"}],"predecessor-version":[{"id":2757,"href":"https:\/\/polysmarts.com\/fr\/wp-json\/wp\/v2\/product\/2746\/revisions\/2757"}],"wp:featuredmedia":[{"embeddable":true,"href":"https:\/\/polysmarts.com\/fr\/wp-json\/wp\/v2\/media\/2747"}],"wp:attachment":[{"href":"https:\/\/polysmarts.com\/fr\/wp-json\/wp\/v2\/media?parent=2746"}],"wp:term":[{"taxonomy":"product_brand","embeddable":true,"href":"https:\/\/polysmarts.com\/fr\/wp-json\/wp\/v2\/product_brand?post=2746"},{"taxonomy":"product_cat","embeddable":true,"href":"https:\/\/polysmarts.com\/fr\/wp-json\/wp\/v2\/product_cat?post=2746"},{"taxonomy":"product_tag","embeddable":true,"href":"https:\/\/polysmarts.com\/fr\/wp-json\/wp\/v2\/product_tag?post=2746"}],"curies":[{"name":"wp","href":"https:\/\/api.w.org\/{rel}","templated":true}]}}