{"id":2730,"date":"2024-04-15T15:20:18","date_gmt":"2024-04-15T15:20:18","guid":{"rendered":"https:\/\/polysmarts.com\/?post_type=product&#038;p=2730"},"modified":"2025-10-14T13:00:55","modified_gmt":"2025-10-14T05:00:55","slug":"sac-mylar-en-plastique-transparent-noir-mat-sur-le-devant","status":"publish","type":"product","link":"https:\/\/polysmarts.com\/fr\/product\/black-matte-clear-front-plastic-mylar-bag\/","title":{"rendered":"Sac Mylar en plastique transparent noir mat sur le devant"},"content":{"rendered":"<p><strong>Conception de fen\u00eatre avant transparente\u00a0:<\/strong> Faites l\u2019exp\u00e9rience de la commodit\u00e9 avec notre sac Mylar en plastique transparent dot\u00e9 d\u2019une fen\u00eatre avant transparente. Identifiez facilement le contenu \u00e0 l&#039;int\u00e9rieur sans avoir besoin d&#039;ouvrir les sacs, ce qui les rend id\u00e9aux pour un usage domestique ou au bureau. Nos sacs en mylar anti-odeurs offrent praticit\u00e9 et fonctionnalit\u00e9.<\/p>\n<p><strong>Sacs refermables pour aliments\u00a0:<\/strong> Chacun de nos sacs refermables en mylar est \u00e9quip\u00e9 d&#039;un ziplock robuste et herm\u00e9tique, garantissant la durabilit\u00e9 gr\u00e2ce \u00e0 de multiples utilisations. Les sachets de qualit\u00e9 alimentaire comportent des encoches de d\u00e9chirure pour un acc\u00e8s pratique aux produits une fois thermoscell\u00e9s. Rassurez-vous, vos produits resteront frais et prot\u00e9g\u00e9s.<\/p>\n<p><strong>Polyvalent:<\/strong> La polyvalence rencontre la qualit\u00e9 avec nos sacs. Parfaits \u00e0 diverses fins, nos sacs refermables peuvent r\u00e9pondre \u00e0 vos besoins, qu&#039;il s&#039;agisse de stocker du caf\u00e9, des grains, des bonbons, du sucre, du riz, des ingr\u00e9dients de p\u00e2tisserie, des biscuits, du th\u00e9, des noix, des fruits secs, des poudres, des collations, et plus encore. Profitez de la flexibilit\u00e9 offerte par ces sacs.<\/p>\n<p><strong>Le forfait comprend :<\/strong> Chaque paquet contient 100 sacs de conservation alimentaires refermables, offrant une quantit\u00e9 suffisante pour votre utilisation ou pour le partage avec d&#039;autres. Les sacs en mylar anti-odeurs avec fermeture \u00e9clair refermable emp\u00eachent l&#039;eau, l&#039;humidit\u00e9, la poussi\u00e8re et les odeurs d&#039;entrer, garantissant que vos articles restent organis\u00e9s et propres.<\/p>\n<p>Am\u00e9liorez vos solutions de stockage avec nos sacs en mylar en plastique transparent noir mat de qualit\u00e9 sup\u00e9rieure. D\u00e9couvrez la commodit\u00e9, la durabilit\u00e9 et la polyvalence qu\u2019ils offrent pour tous vos besoins de stockage.<\/p>","protected":false},"excerpt":{"rendered":"<table style=\"height: 360px; width: 99.8505%; border-collapse: collapse;\" border=\"2\">\n<tbody>\n<tr style=\"height: 40px;\">\n<td style=\"width: 38.0988%; height: 30px; background-color: #99ccff;\"><span style=\"font-family: arial, helvetica, sans-serif; font-size: 12pt;\"><strong>Dimensions et style<\/strong><\/span><\/td>\n<td style=\"width: 61.9012%; height: 30px; background-color: #99ccff;\"><span style=\"font-family: arial, helvetica, sans-serif; font-size: 12pt;\">14*19cm\u00a0<\/span><\/td>\n<\/tr>\n<tr style=\"height: 40px;\">\n<td style=\"width: 38.0988%; height: 34px; background-color: #ebebeb;\"><span style=\"font-size: 12pt;\"><strong><span style=\"font-family: arial, helvetica, sans-serif;\">Poids de 1 paquet = 100 pi\u00e8ces<\/span><\/strong><\/span><\/td>\n<td style=\"width: 61.9012%; height: 34px; background-color: #ebebeb;\"><span style=\"font-family: arial, helvetica, sans-serif; font-size: 12pt;\">Environ 0,65kg<\/span><\/td>\n<\/tr>\n<tr style=\"height: 40px; background-color: #99ccff;\">\n<td style=\"width: 38.0988%; height: 24px;\"><span style=\"font-size: 12pt;\"><strong><span style=\"font-family: arial, helvetica, sans-serif;\">Type d&#039;emballage<\/span><\/strong><\/span><\/td>\n<td style=\"width: 61.9012%; height: 24px;\"><span style=\"font-family: arial, helvetica, sans-serif; font-size: 12pt;\">Sac Mylar avec fermeture \u00e9clair<\/span><\/td>\n<\/tr>\n<tr style=\"height: 40px; background-color: #ebebeb;\">\n<td style=\"width: 38.0988%; height: 24px;\"><span style=\"font-size: 12pt;\"><strong><span style=\"font-family: arial, helvetica, sans-serif;\">\u00c9paisseur<\/span><\/strong><\/span><\/td>\n<td style=\"width: 61.9012%; height: 24px;\"><span style=\"font-family: arial, helvetica, sans-serif; font-size: 12pt;\">90 microns<\/span><\/td>\n<\/tr>\n<tr style=\"height: 40px; background-color: #99ccff;\">\n<td style=\"width: 38.0988%; height: 24px;\"><span style=\"font-size: 12pt;\"><strong><span style=\"font-family: arial, helvetica, sans-serif;\">Finition<\/span><\/strong><\/span><\/td>\n<td style=\"width: 61.9012%; height: 24px;\"><span style=\"font-family: arial, helvetica, sans-serif; font-size: 12pt;\">Clair<\/span><\/td>\n<\/tr>\n<tr style=\"height: 40px; background-color: #ebebeb;\">\n<td style=\"width: 38.0988%; height: 24px;\"><span style=\"font-size: 12pt;\"><strong><span style=\"font-family: arial, helvetica, sans-serif;\">Material<\/span><\/strong><\/span><\/td>\n<td style=\"width: 61.9012%; height: 24px;\"><span style=\"font-family: arial, helvetica, sans-serif; font-size: 12pt;\">OPP\/PET\/PE<\/span><\/td>\n<\/tr>\n<tr style=\"height: 40px; background-color: #99ccff;\">\n<td style=\"width: 38.0988%; height: 24px;\"><span style=\"font-size: 12pt;\"><strong><span style=\"font-family: arial, helvetica, sans-serif;\">Preuve<\/span><\/strong><\/span><\/td>\n<td style=\"width: 61.9012%; height: 24px;\"><span style=\"font-family: arial, helvetica, sans-serif; font-size: 12pt;\">R\u00e9siste \u00e0 l&#039;humidit\u00e9<\/span><\/td>\n<\/tr>\n<tr style=\"height: 40px; background-color: #ebebeb;\">\n<td style=\"width: 38.0988%; height: 24px;\"><span style=\"font-size: 12pt;\"><strong><span style=\"font-family: arial, helvetica, sans-serif;\">Temps d&#039;exp\u00e9dition<\/span><\/strong><\/span><\/td>\n<td style=\"width: 61.9012%; height: 24px;\"><span style=\"font-family: arial, helvetica, sans-serif; font-size: 12pt;\">7 \u00e0 15 jours ouvrables, RUSH<\/span><\/td>\n<\/tr>\n<tr style=\"height: 40px; background-color: #99ccff;\">\n<td style=\"width: 38.0988%; height: 24px;\"><span style=\"font-size: 12pt;\"><strong><span style=\"font-family: arial, helvetica, sans-serif;\">Mode de livraison<\/span><\/strong><\/span><\/td>\n<td style=\"width: 61.9012%; height: 24px;\"><span style=\"font-family: arial, helvetica, sans-serif; font-size: 12pt;\">Exprimer<\/span><\/td>\n<\/tr>\n<\/tbody>\n<\/table>\n<p>&nbsp;<\/p>","protected":false},"featured_media":2731,"comment_status":"open","ping_status":"closed","template":"","meta":[],"product_brand":[],"product_cat":[64],"product_tag":[],"class_list":{"0":"post-2730","1":"product","2":"type-product","3":"status-publish","4":"has-post-thumbnail","6":"product_cat-stock-pouches","8":"first","9":"instock","10":"shipping-taxable","11":"purchasable","12":"product-type-simple"},"_links":{"self":[{"href":"https:\/\/polysmarts.com\/fr\/wp-json\/wp\/v2\/product\/2730","targetHints":{"allow":["GET"]}}],"collection":[{"href":"https:\/\/polysmarts.com\/fr\/wp-json\/wp\/v2\/product"}],"about":[{"href":"https:\/\/polysmarts.com\/fr\/wp-json\/wp\/v2\/types\/product"}],"replies":[{"embeddable":true,"href":"https:\/\/polysmarts.com\/fr\/wp-json\/wp\/v2\/comments?post=2730"}],"version-history":[{"count":2,"href":"https:\/\/polysmarts.com\/fr\/wp-json\/wp\/v2\/product\/2730\/revisions"}],"predecessor-version":[{"id":2738,"href":"https:\/\/polysmarts.com\/fr\/wp-json\/wp\/v2\/product\/2730\/revisions\/2738"}],"wp:featuredmedia":[{"embeddable":true,"href":"https:\/\/polysmarts.com\/fr\/wp-json\/wp\/v2\/media\/2731"}],"wp:attachment":[{"href":"https:\/\/polysmarts.com\/fr\/wp-json\/wp\/v2\/media?parent=2730"}],"wp:term":[{"taxonomy":"product_brand","embeddable":true,"href":"https:\/\/polysmarts.com\/fr\/wp-json\/wp\/v2\/product_brand?post=2730"},{"taxonomy":"product_cat","embeddable":true,"href":"https:\/\/polysmarts.com\/fr\/wp-json\/wp\/v2\/product_cat?post=2730"},{"taxonomy":"product_tag","embeddable":true,"href":"https:\/\/polysmarts.com\/fr\/wp-json\/wp\/v2\/product_tag?post=2730"}],"curies":[{"name":"wp","href":"https:\/\/api.w.org\/{rel}","templated":true}]}}