{"id":2722,"date":"2024-04-13T09:26:52","date_gmt":"2024-04-13T09:26:52","guid":{"rendered":"https:\/\/polysmarts.com\/?post_type=product&#038;p=2722"},"modified":"2025-10-14T16:23:34","modified_gmt":"2025-10-14T08:23:34","slug":"sacs-en-nylon-demballage-alimentaire-sous-vide-de-congelateur","status":"publish","type":"product","link":"https:\/\/polysmarts.com\/fr\/product\/freezer-vacuum-food-packaging-nylon-bags\/","title":{"rendered":"Sacs en nylon d&#039;emballage alimentaire sous vide pour cong\u00e9lateur"},"content":{"rendered":"<p><strong>Caract\u00e9ristiques:<\/strong> Faites l&#039;exp\u00e9rience de la commodit\u00e9 et de la fra\u00eecheur avec notre paquet de 100 sacs en nylon pour emballage alimentaire sous vide, mesurant 30 x 45 cm (largeur X longueur). Compatible avec la plupart des machines sous vide externes, notamment FoodSaver, Weston, Nesco, NutriChef, et plus encore.<\/p>\n<p><strong>Sacs alimentaires sans BPA\u00a0:<\/strong> Am\u00e9liorez vos efforts culinaires avec nos sacs de conservation sous vide sans BPA. Que vous soyez propri\u00e9taire d&#039;une petite entreprise ou cuisinier amateur, ces sacs offrent une solution simple et efficace pour conserver les repas pr\u00e9par\u00e9s, la viande, les herbes, les feuilles de th\u00e9, les produits et bien plus encore. Ils sont \u00e9galement parfaits pour mariner et cuisiner sous vide.<\/p>\n<p><strong>Pr\u00e9serve la fra\u00eecheur\u00a0:<\/strong> Dites adieu \u00e0 la d\u00e9t\u00e9rioration des aliments avec nos sacs sous vide. Con\u00e7u pour garder vos aliments frais pendant de longues p\u00e9riodes, vous profiterez de d\u00e9licieux repas plus longtemps tout en \u00e9vitant les br\u00fblures de cong\u00e9lation et la d\u00e9shydratation. D\u00e9couvrez la commodit\u00e9 des ingr\u00e9dients frais chaque fois que vous en avez besoin.<\/p>\n<p><strong>Joint r\u00e9sistant \u00e0 la perforation\u00a0:<\/strong> Nos sacs en nylon robustes pour emballage alimentaire sous vide pr\u00e9sentent une conception r\u00e9sistante \u00e0 la perforation et une \u00e9tanch\u00e9it\u00e9 fiable, garantissant que vos articles stock\u00e9s, qu&#039;il s&#039;agisse de nourriture, de documents ou d&#039;appareils \u00e9lectroniques, restent prot\u00e9g\u00e9s de l&#039;humidit\u00e9 et de la poussi\u00e8re ext\u00e9rieures. Gr\u00e2ce \u00e0 l&#039;encoche facile \u00e0 d\u00e9chirer, l&#039;acc\u00e8s \u00e0 vos articles est rapide et sans tracas.<\/p>\n<p>Am\u00e9liorez votre stockage alimentaire avec nos sacs en nylon d&#039;emballage alimentaire sous vide de qualit\u00e9 sup\u00e9rieure. Profitez de la commodit\u00e9, de la fra\u00eecheur et de la fiabilit\u00e9 qu\u2019ils offrent pour tous vos besoins de stockage.<\/p>","protected":false},"excerpt":{"rendered":"<table style=\"height: 360px; width: 99.8505%; border-collapse: collapse;\" border=\"2\">\n<tbody>\n<tr style=\"height: 40px;\">\n<td style=\"width: 38.0988%; height: 30px; background-color: #99ccff;\"><span style=\"font-family: arial, helvetica, sans-serif; font-size: 12pt;\"><strong>Dimensions et style<\/strong><\/span><\/td>\n<td style=\"width: 61.9012%; height: 30px; background-color: #99ccff;\"><span style=\"font-family: arial, helvetica, sans-serif; font-size: 12pt;\">30*45cm<\/span><\/td>\n<\/tr>\n<tr style=\"height: 40px;\">\n<td style=\"width: 38.0988%; height: 34px; background-color: #ebebeb;\"><span style=\"font-size: 12pt;\"><strong><span style=\"font-family: arial, helvetica, sans-serif;\">Poids de 1 paquet = 100 pi\u00e8ces<\/span><\/strong><\/span><\/td>\n<td style=\"width: 61.9012%; height: 34px; background-color: #ebebeb;\"><span style=\"font-family: arial, helvetica, sans-serif; font-size: 12pt;\">Environ 2,8 kg<\/span><\/td>\n<\/tr>\n<tr style=\"height: 40px; background-color: #99ccff;\">\n<td style=\"width: 38.0988%; height: 24px;\"><span style=\"font-size: 12pt;\"><strong><span style=\"font-family: arial, helvetica, sans-serif;\">Type d&#039;emballage<\/span><\/strong><\/span><\/td>\n<td style=\"width: 61.9012%; height: 24px;\"><span style=\"font-family: arial, helvetica, sans-serif; font-size: 12pt;\">Sac en nylon pour emballage alimentaire sous vide (1 paquet = 100 pi\u00e8ces)<\/span><\/td>\n<\/tr>\n<tr style=\"height: 40px; background-color: #ebebeb;\">\n<td style=\"width: 38.0988%; height: 24px;\"><span style=\"font-size: 12pt;\"><strong><span style=\"font-family: arial, helvetica, sans-serif;\">\u00c9paisseur<\/span><\/strong><\/span><\/td>\n<td style=\"width: 61.9012%; height: 24px;\"><span style=\"font-family: arial, helvetica, sans-serif; font-size: 12pt;\">100 microns<\/span><\/td>\n<\/tr>\n<tr style=\"height: 40px; background-color: #99ccff;\">\n<td style=\"width: 38.0988%; height: 24px;\"><span style=\"font-size: 12pt;\"><strong><span style=\"font-family: arial, helvetica, sans-serif;\">Finition<\/span><\/strong><\/span><\/td>\n<td style=\"width: 61.9012%; height: 24px;\"><span style=\"font-family: arial, helvetica, sans-serif; font-size: 12pt;\">Clair<\/span><\/td>\n<\/tr>\n<tr style=\"height: 40px; background-color: #ebebeb;\">\n<td style=\"width: 38.0988%; height: 24px;\"><span style=\"font-size: 12pt;\"><strong><span style=\"font-family: arial, helvetica, sans-serif;\">Material<\/span><\/strong><\/span><\/td>\n<td style=\"width: 61.9012%; height: 24px;\"><span style=\"font-family: arial, helvetica, sans-serif; font-size: 12pt;\">New York\/\u00cele-du-Prince-\u00c9douard<\/span><\/td>\n<\/tr>\n<tr style=\"height: 40px; background-color: #99ccff;\">\n<td style=\"width: 38.0988%; height: 24px;\"><span style=\"font-size: 12pt;\"><strong><span style=\"font-family: arial, helvetica, sans-serif;\">Preuve<\/span><\/strong><\/span><\/td>\n<td style=\"width: 61.9012%; height: 24px;\"><span style=\"font-family: arial, helvetica, sans-serif; font-size: 12pt;\">R\u00e9siste \u00e0 l&#039;humidit\u00e9<\/span><\/td>\n<\/tr>\n<tr style=\"height: 40px; background-color: #ebebeb;\">\n<td style=\"width: 38.0988%; height: 24px;\"><span style=\"font-size: 12pt;\"><strong><span style=\"font-family: arial, helvetica, sans-serif;\">Temps d&#039;exp\u00e9dition<\/span><\/strong><\/span><\/td>\n<td style=\"width: 61.9012%; height: 24px;\"><span style=\"font-family: arial, helvetica, sans-serif; font-size: 12pt;\">7 \u00e0 15 jours ouvrables, RUSH<\/span><\/td>\n<\/tr>\n<tr style=\"height: 40px; background-color: #99ccff;\">\n<td style=\"width: 38.0988%; height: 24px;\"><span style=\"font-size: 12pt;\"><strong><span style=\"font-family: arial, helvetica, sans-serif;\">Mode de livraison<\/span><\/strong><\/span><\/td>\n<td style=\"width: 61.9012%; height: 24px;\"><span style=\"font-family: arial, helvetica, sans-serif; font-size: 12pt;\">Exprimer<\/span><\/td>\n<\/tr>\n<\/tbody>\n<\/table>\n<p>&nbsp;<\/p>","protected":false},"featured_media":2723,"comment_status":"open","ping_status":"closed","template":"","meta":[],"product_brand":[],"product_cat":[64],"product_tag":[],"class_list":{"0":"post-2722","1":"product","2":"type-product","3":"status-publish","4":"has-post-thumbnail","6":"product_cat-stock-pouches","8":"first","9":"instock","10":"shipping-taxable","11":"purchasable","12":"product-type-simple"},"_links":{"self":[{"href":"https:\/\/polysmarts.com\/fr\/wp-json\/wp\/v2\/product\/2722","targetHints":{"allow":["GET"]}}],"collection":[{"href":"https:\/\/polysmarts.com\/fr\/wp-json\/wp\/v2\/product"}],"about":[{"href":"https:\/\/polysmarts.com\/fr\/wp-json\/wp\/v2\/types\/product"}],"replies":[{"embeddable":true,"href":"https:\/\/polysmarts.com\/fr\/wp-json\/wp\/v2\/comments?post=2722"}],"version-history":[{"count":1,"href":"https:\/\/polysmarts.com\/fr\/wp-json\/wp\/v2\/product\/2722\/revisions"}],"predecessor-version":[{"id":2729,"href":"https:\/\/polysmarts.com\/fr\/wp-json\/wp\/v2\/product\/2722\/revisions\/2729"}],"wp:featuredmedia":[{"embeddable":true,"href":"https:\/\/polysmarts.com\/fr\/wp-json\/wp\/v2\/media\/2723"}],"wp:attachment":[{"href":"https:\/\/polysmarts.com\/fr\/wp-json\/wp\/v2\/media?parent=2722"}],"wp:term":[{"taxonomy":"product_brand","embeddable":true,"href":"https:\/\/polysmarts.com\/fr\/wp-json\/wp\/v2\/product_brand?post=2722"},{"taxonomy":"product_cat","embeddable":true,"href":"https:\/\/polysmarts.com\/fr\/wp-json\/wp\/v2\/product_cat?post=2722"},{"taxonomy":"product_tag","embeddable":true,"href":"https:\/\/polysmarts.com\/fr\/wp-json\/wp\/v2\/product_tag?post=2722"}],"curies":[{"name":"wp","href":"https:\/\/api.w.org\/{rel}","templated":true}]}}