{"id":2711,"date":"2024-04-12T15:27:51","date_gmt":"2024-04-12T15:27:51","guid":{"rendered":"https:\/\/polysmarts.com\/?post_type=product&#038;p=2711"},"modified":"2025-10-14T09:48:20","modified_gmt":"2025-10-14T01:48:20","slug":"sacs-demballage-de-cable-usb-en-film-perle","status":"publish","type":"product","link":"https:\/\/polysmarts.com\/fr\/product\/pearl-film-usb-cable-packaging-bags\/","title":{"rendered":"Sacs d&#039;emballage de c\u00e2ble USB en film perl\u00e9"},"content":{"rendered":"<p>Les sacs d&#039;emballage de c\u00e2bles USB Pearl Film avec fen\u00eatre compl\u00e8te offrent une durabilit\u00e9 et une r\u00e9sistance \u00e0 la perforation sup\u00e9rieures gr\u00e2ce \u00e0 leur rev\u00eatement Pearl Film et leur mat\u00e9riau OPP\/PET\/CPP. Fabriqu\u00e9s \u00e0 partir de mat\u00e9riaux de qualit\u00e9 alimentaire sans BPA, ces sacs d&#039;emballage pour c\u00e2bles USB garantissent une protection maximale de vos produits tout en \u00e9tant r\u00e9utilisables, gr\u00e2ce \u00e0 leur fermeture \u00e9clair robuste et herm\u00e9tique.<\/p>\n<p><strong>Principales caract\u00e9ristiques:<\/strong><\/p>\n<ol>\n<li><strong>Dimension:<\/strong> 11 cm x 15 cm avec un trou de suspension rond pour un affichage pratique.<\/li>\n<li><strong>Mat\u00e9riel:<\/strong> PP (Propene Polymer) transparent de haute qualit\u00e9 avec un recto transparent et un verso blanc.<\/li>\n<li><strong>Fermeture:<\/strong> Ziplock \u00e9tanche et refermable pour un stockage s\u00e9curis\u00e9.<\/li>\n<li><strong>Personnalisation\u00a0:<\/strong> Les emballages Polysmarts accueillent chaleureusement la personnalisation pour r\u00e9pondre \u00e0 des besoins sp\u00e9cifiques.<\/li>\n<\/ol>\n<p><strong>Polyvalent et pratique :<\/strong><\/p>\n<ul>\n<li><strong>\u00c9tanche et refermable\u00a0:<\/strong> Assure une protection et un acc\u00e8s facile au contenu.<\/li>\n<li><strong>Mat\u00e9riau r\u00e9sistant\u00a0:<\/strong> Le PP transparent de haute qualit\u00e9 offre une durabilit\u00e9 et une vue claire du contenu.<\/li>\n<li><strong>Zip-lock recyclable\u00a0:<\/strong> Favorise la durabilit\u00e9 gr\u00e2ce \u00e0 la r\u00e9utilisation.<\/li>\n<\/ul>\n<p>Ces sacs d&#039;emballage pour c\u00e2bles USB offrent une excellente protection contre les rayons UV, l&#039;oxyg\u00e8ne et les odeurs, prolongeant ainsi la dur\u00e9e de conservation de vos produits. Les options d&#039;impression personnalis\u00e9es am\u00e9liorent l&#039;attrait des produits en rayon, les rendant adapt\u00e9s \u00e0 divers articles, notamment les c\u00e2bles USB. Choisissez Soonseal pour la qualit\u00e9 et la personnalisation des emballages.<\/p>","protected":false},"excerpt":{"rendered":"<table style=\"height: 360px; width: 99.8505%; border-collapse: collapse;\" border=\"2\">\n<tbody>\n<tr style=\"height: 40px;\">\n<td style=\"width: 38.0988%; height: 30px; background-color: #99ccff;\"><span style=\"font-family: arial, helvetica, sans-serif; font-size: 12pt;\"><strong>Dimensions et style<\/strong><\/span><\/td>\n<td style=\"width: 61.9012%; height: 30px; background-color: #99ccff;\"><span style=\"font-family: arial, helvetica, sans-serif; font-size: 12pt;\">11*15 cm<\/span><\/td>\n<\/tr>\n<tr style=\"height: 40px;\">\n<td style=\"width: 38.0988%; height: 34px; background-color: #ebebeb;\"><span style=\"font-size: 12pt;\"><strong><span style=\"font-family: arial, helvetica, sans-serif;\">Poids de 1 paquet = 100 pi\u00e8ces<\/span><\/strong><\/span><\/td>\n<td style=\"width: 61.9012%; height: 34px; background-color: #ebebeb;\"><span style=\"font-family: arial, helvetica, sans-serif; font-size: 12pt;\">Environ 0,35kg<\/span><\/td>\n<\/tr>\n<tr style=\"height: 40px; background-color: #99ccff;\">\n<td style=\"width: 38.0988%; height: 24px;\"><span style=\"font-size: 12pt;\"><strong><span style=\"font-family: arial, helvetica, sans-serif;\">Type d&#039;emballage<\/span><\/strong><\/span><\/td>\n<td style=\"width: 61.9012%; height: 24px;\"><span style=\"font-family: arial, helvetica, sans-serif; font-size: 12pt;\">Sac \u00e0 fermeture \u00e9clair (1 paquet = 100 pi\u00e8ces)<\/span><\/td>\n<\/tr>\n<tr style=\"height: 40px; background-color: #ebebeb;\">\n<td style=\"width: 38.0988%; height: 24px;\"><span style=\"font-size: 12pt;\"><strong><span style=\"font-family: arial, helvetica, sans-serif;\">\u00c9paisseur<\/span><\/strong><\/span><\/td>\n<td style=\"width: 61.9012%; height: 24px;\"><span style=\"font-family: arial, helvetica, sans-serif; font-size: 12pt;\">80 microns<\/span><\/td>\n<\/tr>\n<tr style=\"height: 40px; background-color: #99ccff;\">\n<td style=\"width: 38.0988%; height: 24px;\"><span style=\"font-size: 12pt;\"><strong><span style=\"font-family: arial, helvetica, sans-serif;\">Finition<\/span><\/strong><\/span><\/td>\n<td style=\"width: 61.9012%; height: 24px;\"><span style=\"font-family: arial, helvetica, sans-serif; font-size: 12pt;\">Clair Brillant<\/span><\/td>\n<\/tr>\n<tr style=\"height: 40px; background-color: #ebebeb;\">\n<td style=\"width: 38.0988%; height: 24px;\"><span style=\"font-size: 12pt;\"><strong><span style=\"font-family: arial, helvetica, sans-serif;\">Material<\/span><\/strong><\/span><\/td>\n<td style=\"width: 61.9012%; height: 24px;\"><span style=\"font-family: arial, helvetica, sans-serif; font-size: 12pt;\">OPP\/PET\/RPC<\/span><\/td>\n<\/tr>\n<tr style=\"height: 40px; background-color: #99ccff;\">\n<td style=\"width: 38.0988%; height: 24px;\"><span style=\"font-size: 12pt;\"><strong><span style=\"font-family: arial, helvetica, sans-serif;\">Preuve<\/span><\/strong><\/span><\/td>\n<td style=\"width: 61.9012%; height: 24px;\"><span style=\"font-family: arial, helvetica, sans-serif; font-size: 12pt;\">R\u00e9siste \u00e0 l&#039;humidit\u00e9<\/span><\/td>\n<\/tr>\n<tr style=\"height: 40px; background-color: #ebebeb;\">\n<td style=\"width: 38.0988%; height: 24px;\"><span style=\"font-size: 12pt;\"><strong><span style=\"font-family: arial, helvetica, sans-serif;\">Temps d&#039;exp\u00e9dition<\/span><\/strong><\/span><\/td>\n<td style=\"width: 61.9012%; height: 24px;\"><span style=\"font-family: arial, helvetica, sans-serif; font-size: 12pt;\">7 \u00e0 15 jours ouvrables, RUSH<\/span><\/td>\n<\/tr>\n<tr style=\"height: 40px; background-color: #99ccff;\">\n<td style=\"width: 38.0988%; height: 24px;\"><span style=\"font-size: 12pt;\"><strong><span style=\"font-family: arial, helvetica, sans-serif;\">Mode de livraison<\/span><\/strong><\/span><\/td>\n<td style=\"width: 61.9012%; height: 24px;\"><span style=\"font-family: arial, helvetica, sans-serif; font-size: 12pt;\">Exprimer<\/span><\/td>\n<\/tr>\n<\/tbody>\n<\/table>\n<p>&nbsp;<\/p>","protected":false},"featured_media":2716,"comment_status":"open","ping_status":"closed","template":"","meta":[],"product_brand":[],"product_cat":[64],"product_tag":[],"class_list":{"0":"post-2711","1":"product","2":"type-product","3":"status-publish","4":"has-post-thumbnail","6":"product_cat-stock-pouches","8":"first","9":"instock","10":"shipping-taxable","11":"purchasable","12":"product-type-simple"},"_links":{"self":[{"href":"https:\/\/polysmarts.com\/fr\/wp-json\/wp\/v2\/product\/2711","targetHints":{"allow":["GET"]}}],"collection":[{"href":"https:\/\/polysmarts.com\/fr\/wp-json\/wp\/v2\/product"}],"about":[{"href":"https:\/\/polysmarts.com\/fr\/wp-json\/wp\/v2\/types\/product"}],"replies":[{"embeddable":true,"href":"https:\/\/polysmarts.com\/fr\/wp-json\/wp\/v2\/comments?post=2711"}],"version-history":[{"count":1,"href":"https:\/\/polysmarts.com\/fr\/wp-json\/wp\/v2\/product\/2711\/revisions"}],"predecessor-version":[{"id":2718,"href":"https:\/\/polysmarts.com\/fr\/wp-json\/wp\/v2\/product\/2711\/revisions\/2718"}],"wp:featuredmedia":[{"embeddable":true,"href":"https:\/\/polysmarts.com\/fr\/wp-json\/wp\/v2\/media\/2716"}],"wp:attachment":[{"href":"https:\/\/polysmarts.com\/fr\/wp-json\/wp\/v2\/media?parent=2711"}],"wp:term":[{"taxonomy":"product_brand","embeddable":true,"href":"https:\/\/polysmarts.com\/fr\/wp-json\/wp\/v2\/product_brand?post=2711"},{"taxonomy":"product_cat","embeddable":true,"href":"https:\/\/polysmarts.com\/fr\/wp-json\/wp\/v2\/product_cat?post=2711"},{"taxonomy":"product_tag","embeddable":true,"href":"https:\/\/polysmarts.com\/fr\/wp-json\/wp\/v2\/product_tag?post=2711"}],"curies":[{"name":"wp","href":"https:\/\/api.w.org\/{rel}","templated":true}]}}