{"id":2510,"date":"2024-04-02T15:03:34","date_gmt":"2024-04-02T15:03:34","guid":{"rendered":"https:\/\/polysmarts.com\/?post_type=product&#038;p=2510"},"modified":"2024-04-02T15:16:16","modified_gmt":"2024-04-02T15:16:16","slug":"sacs-demballage-de-cafe-a-fond-plat-a-soufflet-lateral-personnalise","status":"publish","type":"product","link":"https:\/\/polysmarts.com\/fr\/product\/custom-side-gusset-flat-bottom-coffee-packaging-bags\/","title":{"rendered":"Sacs d&#039;emballage de caf\u00e9 \u00e0 fond plat \u00e0 soufflet lat\u00e9ral personnalis\u00e9"},"content":{"rendered":"<p><strong>Mat\u00e9riel:<\/strong> Fabriqu\u00e9s \u00e0 partir de papier d&#039;aluminium BOPP+PET + PE de qualit\u00e9 alimentaire, nos sacs d&#039;emballage de caf\u00e9 pr\u00e9sentent une conception \u00e0 3 niveaux qui am\u00e9liore la r\u00e9sistance et bloque la lumi\u00e8re. Cette conception garantit que votre caf\u00e9 reste frais en le prot\u00e9geant des odeurs et de l&#039;humidit\u00e9, m\u00eame pendant le transport sur de longues distances. Pour une utilisation optimale, ces sacs n\u00e9cessitent une machine \u00e0 sceller.<\/p>\n<p><strong>Comment utiliser:<\/strong><\/p>\n<ol>\n<li>Mettez les objets \u00e0 ranger dans le sac.<\/li>\n<li>Sceller le haut du sac \u00e0 l&#039;aide d&#039;une scelleuse<\/li>\n<li>Expulsez l&#039;air du sac \u00e0 travers la valve de d\u00e9gazage. La valve d&#039;air unidirectionnelle maintient les grains de caf\u00e9 et le caf\u00e9 torr\u00e9fi\u00e9 frais en permettant \u00e0 l&#039;exc\u00e8s de gaz de s&#039;\u00e9couler sans retour de gaz, pr\u00e9servant ainsi la fra\u00eecheur du contenu.<\/li>\n<\/ol>\n<p><strong>Les fonctions:<\/strong> Ces sacs d&#039;emballage de caf\u00e9 ont un double objectif : ils garantissent non seulement la fra\u00eecheur de votre caf\u00e9, mais permettent \u00e9galement de stocker d&#039;autres articles tels que des collations aux noix, des bonbons, des fleurs, du th\u00e9 et des herbes. Gr\u00e2ce \u00e0 leur fonctionnalit\u00e9 polyvalente, ces sacs sont essentiels pour tous ceux qui cherchent \u00e0 pr\u00e9server la saveur et la qualit\u00e9 de leurs produits.<\/p>\n<p>D\u00e9couvrez le m\u00e9lange parfait de fonctionnalit\u00e9 et de style avec nos sacs d&#039;emballage de caf\u00e9 \u00e0 fond plat \u00e0 soufflet lat\u00e9ral personnalis\u00e9s. Am\u00e9liorez votre exp\u00e9rience de stockage du caf\u00e9 et gardez vos infusions pr\u00e9f\u00e9r\u00e9es fra\u00eeches plus longtemps, tout en fournissant \u00e9galement des solutions de stockage pour une vari\u00e9t\u00e9 d&#039;autres articles.<\/p>","protected":false},"excerpt":{"rendered":"<table style=\"height: 360px; width: 99.8505%; border-collapse: collapse;\" border=\"2\">\n<tbody>\n<tr style=\"height: 40px;\">\n<td style=\"width: 22.6796%; height: 30px; background-color: #99ccff;\"><span style=\"font-family: arial, helvetica, sans-serif; font-size: 12pt;\"><strong>Dimensions et style<\/strong><\/span><\/td>\n<td style=\"width: 77.3204%; height: 30px; background-color: #99ccff;\"><span style=\"font-family: arial, helvetica, sans-serif; font-size: 12pt;\">Formes et tailles personnalis\u00e9es<\/span><\/td>\n<\/tr>\n<tr style=\"height: 40px;\">\n<td style=\"width: 22.6796%; height: 34px; background-color: #ebebeb;\"><span style=\"font-size: 12pt;\"><strong><span style=\"font-family: arial, helvetica, sans-serif;\">Quantit\u00e9 minimum d&#039;achat<\/span><\/strong><\/span><\/td>\n<td style=\"width: 77.3204%; height: 34px; background-color: #ebebeb;\"><span style=\"font-family: arial, helvetica, sans-serif; font-size: 12pt;\">1000 pi\u00e8ces sans personnalisation, 10000 pi\u00e8ces pour personnalisation<\/span><\/td>\n<\/tr>\n<tr style=\"height: 40px; background-color: #99ccff;\">\n<td style=\"width: 22.6796%; height: 24px;\"><span style=\"font-size: 12pt;\"><strong><span style=\"font-family: arial, helvetica, sans-serif;\">Type d&#039;emballage<\/span><\/strong><\/span><\/td>\n<td style=\"width: 77.3204%; height: 24px;\"><span style=\"font-family: arial, helvetica, sans-serif; font-size: 12pt;\">Sacs d&#039;emballage de caf\u00e9<\/span><\/td>\n<\/tr>\n<tr style=\"height: 40px; background-color: #ebebeb;\">\n<td style=\"width: 22.6796%; height: 24px;\"><span style=\"font-size: 12pt;\"><strong><span style=\"font-family: arial, helvetica, sans-serif;\">Impression<\/span><\/strong><\/span><\/td>\n<td style=\"width: 77.3204%; height: 24px;\"><span style=\"font-family: arial, helvetica, sans-serif; font-size: 12pt;\">CMJN (1 \u00e0 10 couleurs), pas d&#039;impression (ordinaire)<\/span><\/td>\n<\/tr>\n<tr style=\"height: 40px; background-color: #99ccff;\">\n<td style=\"width: 22.6796%; height: 24px;\"><span style=\"font-size: 12pt;\"><strong><span style=\"font-family: arial, helvetica, sans-serif;\">Finition<\/span><\/strong><\/span><\/td>\n<td style=\"width: 77.3204%; height: 24px;\"><span style=\"font-family: arial, helvetica, sans-serif; font-size: 12pt;\">Stratification brillante\/mate, impression offset<\/span><\/td>\n<\/tr>\n<tr style=\"height: 40px; background-color: #ebebeb;\">\n<td style=\"width: 22.6796%; height: 24px;\"><span style=\"font-size: 12pt;\"><strong><span style=\"font-family: arial, helvetica, sans-serif;\">Options incluses<\/span><\/strong><\/span><\/td>\n<td style=\"width: 77.3204%; height: 24px;\"><span style=\"font-family: arial, helvetica, sans-serif; font-size: 12pt;\">D\u00e9coupe, thermoscellage<\/span><\/td>\n<\/tr>\n<tr style=\"height: 40px; background-color: #99ccff;\">\n<td style=\"width: 22.6796%; height: 24px;\"><span style=\"font-size: 12pt;\"><strong><span style=\"font-family: arial, helvetica, sans-serif;\">Preuve<\/span><\/strong><\/span><\/td>\n<td style=\"width: 77.3204%; height: 24px;\"><span style=\"font-family: arial, helvetica, sans-serif; font-size: 12pt;\">Preuves d&#039;odeur\u00a0<\/span><\/td>\n<\/tr>\n<tr style=\"height: 40px; background-color: #ebebeb;\">\n<td style=\"width: 22.6796%; height: 24px;\"><span style=\"font-size: 12pt;\"><strong><span style=\"font-family: arial, helvetica, sans-serif;\">D\u00e9lai d&#039;ex\u00e9cution<\/span><\/strong><\/span><\/td>\n<td style=\"width: 77.3204%; height: 24px;\"><span style=\"font-family: arial, helvetica, sans-serif; font-size: 12pt;\">7 \u00e0 15 jours ouvrables, RUSH<\/span><\/td>\n<\/tr>\n<tr style=\"height: 40px; background-color: #99ccff;\">\n<td style=\"width: 22.6796%; height: 24px;\"><span style=\"font-size: 12pt;\"><strong><span style=\"font-family: arial, helvetica, sans-serif;\">Exp\u00e9dition<\/span><\/strong><\/span><\/td>\n<td style=\"width: 77.3204%; height: 24px;\"><span style=\"font-family: arial, helvetica, sans-serif; font-size: 12pt;\">Air, Mer, Express<\/span><\/td>\n<\/tr>\n<\/tbody>\n<\/table>\n<p>&nbsp;<\/p>","protected":false},"featured_media":2511,"comment_status":"open","ping_status":"closed","template":"","meta":[],"product_brand":[],"product_cat":[26,27,18],"product_tag":[],"class_list":{"0":"post-2510","1":"product","2":"type-product","3":"status-publish","4":"has-post-thumbnail","6":"product_cat-food-packaging","7":"product_cat-coffee-and-tea-packaging","8":"product_cat-zipper-bags","10":"first","11":"instock","12":"shipping-taxable","13":"product-type-simple"},"_links":{"self":[{"href":"https:\/\/polysmarts.com\/fr\/wp-json\/wp\/v2\/product\/2510","targetHints":{"allow":["GET"]}}],"collection":[{"href":"https:\/\/polysmarts.com\/fr\/wp-json\/wp\/v2\/product"}],"about":[{"href":"https:\/\/polysmarts.com\/fr\/wp-json\/wp\/v2\/types\/product"}],"replies":[{"embeddable":true,"href":"https:\/\/polysmarts.com\/fr\/wp-json\/wp\/v2\/comments?post=2510"}],"version-history":[{"count":2,"href":"https:\/\/polysmarts.com\/fr\/wp-json\/wp\/v2\/product\/2510\/revisions"}],"predecessor-version":[{"id":2518,"href":"https:\/\/polysmarts.com\/fr\/wp-json\/wp\/v2\/product\/2510\/revisions\/2518"}],"wp:featuredmedia":[{"embeddable":true,"href":"https:\/\/polysmarts.com\/fr\/wp-json\/wp\/v2\/media\/2511"}],"wp:attachment":[{"href":"https:\/\/polysmarts.com\/fr\/wp-json\/wp\/v2\/media?parent=2510"}],"wp:term":[{"taxonomy":"product_brand","embeddable":true,"href":"https:\/\/polysmarts.com\/fr\/wp-json\/wp\/v2\/product_brand?post=2510"},{"taxonomy":"product_cat","embeddable":true,"href":"https:\/\/polysmarts.com\/fr\/wp-json\/wp\/v2\/product_cat?post=2510"},{"taxonomy":"product_tag","embeddable":true,"href":"https:\/\/polysmarts.com\/fr\/wp-json\/wp\/v2\/product_tag?post=2510"}],"curies":[{"name":"wp","href":"https:\/\/api.w.org\/{rel}","templated":true}]}}