{"id":2501,"date":"2024-04-02T14:42:46","date_gmt":"2024-04-02T14:42:46","guid":{"rendered":"https:\/\/polysmarts.com\/?post_type=product&#038;p=2501"},"modified":"2024-04-02T15:01:08","modified_gmt":"2024-04-02T15:01:08","slug":"sachets-ziplock-pour-emballage-alimentaire-personnalise-pour-le-the","status":"publish","type":"product","link":"https:\/\/polysmarts.com\/fr\/product\/custom-food-package-ziplock-pouch-bags-for-tea\/","title":{"rendered":"Sacs de poche ziplock pour emballage alimentaire personnalis\u00e9 pour le th\u00e9"},"content":{"rendered":"<p><strong>Utilisation polyvalente\u00a0:<\/strong> Nos sacs ziplock sont con\u00e7us pour un stockage polyvalent, adapt\u00e9s \u00e0 une large gamme de produits en poudre ou secs. Qu&#039;il s&#039;agisse de caf\u00e9, de haricots, de bonbons, de sucre, d&#039;herbes, de biscuits, de th\u00e9, de noix, de fruits secs, de fleurs s\u00e9ch\u00e9es, de poudre, de collations ou m\u00eame d&#039;outils et de cosm\u00e9tiques, ces sacs de qualit\u00e9 alimentaire offrent un emballage fiable. Ils sont \u00e9galement parfaits pour exposer des aliments et des bijoux avec style et commodit\u00e9.<\/p>\n<p><strong>Caract\u00e9ristiques:<\/strong> Avec des c\u00f4t\u00e9s scell\u00e9s et un soufflet inf\u00e9rieur, nos sacs offrent une r\u00e9sistance maximale, garantissant qu&#039;ils tiennent bien en place. Leur conception herm\u00e9tique emp\u00eache l\u2019exposition \u00e0 l\u2019air, \u00e0 la lumi\u00e8re, aux odeurs et \u00e0 l\u2019humidit\u00e9, pr\u00e9servant ainsi la fra\u00eecheur et la qualit\u00e9 de vos produits plus longtemps.<\/p>\n<p><strong>Mat\u00e9riel:<\/strong> Fabriqu\u00e9s \u00e0 partir de mat\u00e9riaux PET et CPP, nos sacs ziplock scellables offrent durabilit\u00e9 et protection. La combinaison de ces mat\u00e9riaux cr\u00e9e un environnement herm\u00e9tique, prot\u00e9geant votre th\u00e9 et autres produits des \u00e9l\u00e9ments ext\u00e9rieurs.<\/p>\n<p>D\u00e9couvrez la commodit\u00e9 et la fiabilit\u00e9 de nos sachets ziplock pour emballage alimentaire personnalis\u00e9 pour le th\u00e9. Que vous emballiez du th\u00e9 ou d&#039;autres produits secs, ces sacs offrent un stockage et une conservation s\u00e9curis\u00e9s, garantissant que vos produits restent frais et prot\u00e9g\u00e9s jusqu&#039;\u00e0 ce qu&#039;ils soient pr\u00eats \u00e0 \u00eatre d\u00e9gust\u00e9s.<\/p>","protected":false},"excerpt":{"rendered":"<table style=\"height: 360px; width: 99.8505%; border-collapse: collapse;\" border=\"2\">\n<tbody>\n<tr style=\"height: 40px;\">\n<td style=\"width: 22.6796%; height: 30px; background-color: #99ccff;\"><span style=\"font-family: arial, helvetica, sans-serif; font-size: 12pt;\"><strong>Dimensions et style<\/strong><\/span><\/td>\n<td style=\"width: 77.3204%; height: 30px; background-color: #99ccff;\"><span style=\"font-family: arial, helvetica, sans-serif; font-size: 12pt;\">Formes et tailles personnalis\u00e9es<\/span><\/td>\n<\/tr>\n<tr style=\"height: 40px;\">\n<td style=\"width: 22.6796%; height: 34px; background-color: #ebebeb;\"><span style=\"font-size: 12pt;\"><strong><span style=\"font-family: arial, helvetica, sans-serif;\">Quantit\u00e9 minimum d&#039;achat<\/span><\/strong><\/span><\/td>\n<td style=\"width: 77.3204%; height: 34px; background-color: #ebebeb;\"><span style=\"font-family: arial, helvetica, sans-serif; font-size: 12pt;\">1000 pi\u00e8ces sans personnalisation, 10000 pi\u00e8ces pour personnalisation<\/span><\/td>\n<\/tr>\n<tr style=\"height: 40px; background-color: #99ccff;\">\n<td style=\"width: 22.6796%; height: 24px;\"><span style=\"font-size: 12pt;\"><strong><span style=\"font-family: arial, helvetica, sans-serif;\">Type d&#039;emballage<\/span><\/strong><\/span><\/td>\n<td style=\"width: 77.3204%; height: 24px;\"><span style=\"font-family: arial, helvetica, sans-serif; font-size: 12pt;\">Pochettes debout\/sacs \u00e0 pochette ziplock<\/span><\/td>\n<\/tr>\n<tr style=\"height: 40px; background-color: #ebebeb;\">\n<td style=\"width: 22.6796%; height: 24px;\"><span style=\"font-size: 12pt;\"><strong><span style=\"font-family: arial, helvetica, sans-serif;\">Impression<\/span><\/strong><\/span><\/td>\n<td style=\"width: 77.3204%; height: 24px;\"><span style=\"font-family: arial, helvetica, sans-serif; font-size: 12pt;\">CMJN (1 \u00e0 10 couleurs), pas d&#039;impression (ordinaire)<\/span><\/td>\n<\/tr>\n<tr style=\"height: 40px; background-color: #99ccff;\">\n<td style=\"width: 22.6796%; height: 24px;\"><span style=\"font-size: 12pt;\"><strong><span style=\"font-family: arial, helvetica, sans-serif;\">Finition<\/span><\/strong><\/span><\/td>\n<td style=\"width: 77.3204%; height: 24px;\"><span style=\"font-family: arial, helvetica, sans-serif; font-size: 12pt;\">Stratification brillante\/mate, impression offset<\/span><\/td>\n<\/tr>\n<tr style=\"height: 40px; background-color: #ebebeb;\">\n<td style=\"width: 22.6796%; height: 24px;\"><span style=\"font-size: 12pt;\"><strong><span style=\"font-family: arial, helvetica, sans-serif;\">Options incluses<\/span><\/strong><\/span><\/td>\n<td style=\"width: 77.3204%; height: 24px;\"><span style=\"font-family: arial, helvetica, sans-serif; font-size: 12pt;\">D\u00e9coupe, thermoscellage<\/span><\/td>\n<\/tr>\n<tr style=\"height: 40px; background-color: #99ccff;\">\n<td style=\"width: 22.6796%; height: 24px;\"><span style=\"font-size: 12pt;\"><strong><span style=\"font-family: arial, helvetica, sans-serif;\">Preuve<\/span><\/strong><\/span><\/td>\n<td style=\"width: 77.3204%; height: 24px;\"><span style=\"font-family: arial, helvetica, sans-serif; font-size: 12pt;\">Preuves d&#039;odeur\u00a0<\/span><\/td>\n<\/tr>\n<tr style=\"height: 40px; background-color: #ebebeb;\">\n<td style=\"width: 22.6796%; height: 24px;\"><span style=\"font-size: 12pt;\"><strong><span style=\"font-family: arial, helvetica, sans-serif;\">D\u00e9lai d&#039;ex\u00e9cution<\/span><\/strong><\/span><\/td>\n<td style=\"width: 77.3204%; height: 24px;\"><span style=\"font-family: arial, helvetica, sans-serif; font-size: 12pt;\">7 \u00e0 15 jours ouvrables, RUSH<\/span><\/td>\n<\/tr>\n<tr style=\"height: 40px; background-color: #99ccff;\">\n<td style=\"width: 22.6796%; height: 24px;\"><span style=\"font-size: 12pt;\"><strong><span style=\"font-family: arial, helvetica, sans-serif;\">Exp\u00e9dition<\/span><\/strong><\/span><\/td>\n<td style=\"width: 77.3204%; height: 24px;\"><span style=\"font-family: arial, helvetica, sans-serif; font-size: 12pt;\">Air, Mer, Express<\/span><\/td>\n<\/tr>\n<\/tbody>\n<\/table>\n<p>&nbsp;<\/p>","protected":false},"featured_media":2502,"comment_status":"open","ping_status":"closed","template":"","meta":[],"product_brand":[],"product_cat":[27,18],"product_tag":[],"class_list":{"0":"post-2501","1":"product","2":"type-product","3":"status-publish","4":"has-post-thumbnail","6":"product_cat-coffee-and-tea-packaging","7":"product_cat-zipper-bags","9":"first","10":"instock","11":"shipping-taxable","12":"product-type-simple"},"_links":{"self":[{"href":"https:\/\/polysmarts.com\/fr\/wp-json\/wp\/v2\/product\/2501","targetHints":{"allow":["GET"]}}],"collection":[{"href":"https:\/\/polysmarts.com\/fr\/wp-json\/wp\/v2\/product"}],"about":[{"href":"https:\/\/polysmarts.com\/fr\/wp-json\/wp\/v2\/types\/product"}],"replies":[{"embeddable":true,"href":"https:\/\/polysmarts.com\/fr\/wp-json\/wp\/v2\/comments?post=2501"}],"version-history":[{"count":2,"href":"https:\/\/polysmarts.com\/fr\/wp-json\/wp\/v2\/product\/2501\/revisions"}],"predecessor-version":[{"id":2509,"href":"https:\/\/polysmarts.com\/fr\/wp-json\/wp\/v2\/product\/2501\/revisions\/2509"}],"wp:featuredmedia":[{"embeddable":true,"href":"https:\/\/polysmarts.com\/fr\/wp-json\/wp\/v2\/media\/2502"}],"wp:attachment":[{"href":"https:\/\/polysmarts.com\/fr\/wp-json\/wp\/v2\/media?parent=2501"}],"wp:term":[{"taxonomy":"product_brand","embeddable":true,"href":"https:\/\/polysmarts.com\/fr\/wp-json\/wp\/v2\/product_brand?post=2501"},{"taxonomy":"product_cat","embeddable":true,"href":"https:\/\/polysmarts.com\/fr\/wp-json\/wp\/v2\/product_cat?post=2501"},{"taxonomy":"product_tag","embeddable":true,"href":"https:\/\/polysmarts.com\/fr\/wp-json\/wp\/v2\/product_tag?post=2501"}],"curies":[{"name":"wp","href":"https:\/\/api.w.org\/{rel}","templated":true}]}}