{"id":2483,"date":"2024-04-02T12:10:44","date_gmt":"2024-04-02T12:10:44","guid":{"rendered":"https:\/\/polysmarts.com\/?post_type=product&#038;p=2483"},"modified":"2024-04-02T12:39:18","modified_gmt":"2024-04-02T12:39:18","slug":"sacs-en-papier-cadeau-kraft-de-shopping-de-luxe-imprimes-sur-mesure","status":"publish","type":"product","link":"https:\/\/polysmarts.com\/fr\/product\/custom-printed-luxury-shopping-kraft-gift-paper-bags\/","title":{"rendered":"Sacs en papier cadeau Kraft imprim\u00e9s sur mesure pour achats de luxe"},"content":{"rendered":"<p><strong>Mat\u00e9riau parfait\u00a0:<\/strong> Nos sacs en papier cadeau sont fabriqu\u00e9s \u00e0 partir de papier kraft \u00e9pais de haute qualit\u00e9, garantissant durabilit\u00e9 et r\u00e9utilisation. Le fond solidement coll\u00e9 offre une stabilit\u00e9, ce qui le rend capable de contenir m\u00eame les objets les plus r\u00e9sistants.<\/p>\n<p><strong>Avec poign\u00e9e en ruban\u00a0:<\/strong> Faites l&#039;exp\u00e9rience de la commodit\u00e9 avec nos sacs cadeaux extra larges \u00e9quip\u00e9s d&#039;une luxueuse poign\u00e9e en ruban. Cette poign\u00e9e vous permet de transporter facilement vos cadeaux, et sa conception \u00e0 la fois douce et robuste assure un confort sans comprimer vos doigts.<\/p>\n<p><strong>DIY personnalis\u00e9 :<\/strong> Embrassez votre cr\u00e9ativit\u00e9 avec nos sacs en papier cadeaux au d\u00e9tail, dot\u00e9s d&#039;une belle finition mate et lisse, parfaite pour la d\u00e9coration. Que vous pr\u00e9f\u00e9riez dessiner, \u00e9crire ou colorier, ces sacs constituent la toile parfaite pour la personnalisation. Vous pouvez \u00e9galement attacher simplement un ruban autour de la poign\u00e9e pour ajouter une touche sp\u00e9ciale.<\/p>\n<p><strong>Large application :<\/strong> Nos sacs cadeaux en papier bleu mat avec poign\u00e9es sont polyvalents et adapt\u00e9s \u00e0 diverses occasions. Des f\u00eates et mariages aux \u00e9v\u00e9nements professionnels et \u00e0 la vente au d\u00e9tail, ces sacs servent \u00e0 de multiples fins, notamment comme sacs de f\u00eate, sacs de mariage, sacs d&#039;affaires, sacs de courses, sacs de vente au d\u00e9tail, sacs de cadeaux et sacs de cadeaux.<\/p>\n<p>Am\u00e9liorez votre exp\u00e9rience de cadeaux avec notre sac en papier cadeau kraft de luxe imprim\u00e9 sur mesure. Avec son mat\u00e9riau parfait, sa poign\u00e9e en ruban pratique, ses options de personnalisation DIY et sa large application, c&#039;est le choix id\u00e9al pour ajouter une touche de luxe et d&#039;\u00e9l\u00e9gance \u00e0 toute occasion.<\/p>","protected":false},"excerpt":{"rendered":"<table style=\"height: 360px; width: 99.8505%; border-collapse: collapse;\" border=\"2\">\n<tbody>\n<tr style=\"height: 40px;\">\n<td style=\"width: 22.6796%; height: 30px; background-color: #99ccff;\"><span style=\"font-family: arial, helvetica, sans-serif; font-size: 12pt;\"><strong>Dimensions et style<\/strong><\/span><\/td>\n<td style=\"width: 77.3204%; height: 30px; background-color: #99ccff;\"><span style=\"font-family: arial, helvetica, sans-serif; font-size: 12pt;\">Formes et tailles personnalis\u00e9es<\/span><\/td>\n<\/tr>\n<tr style=\"height: 40px;\">\n<td style=\"width: 22.6796%; height: 34px; background-color: #ebebeb;\"><span style=\"font-size: 12pt;\"><strong><span style=\"font-family: arial, helvetica, sans-serif;\">Quantit\u00e9 minimum d&#039;achat<\/span><\/strong><\/span><\/td>\n<td style=\"width: 77.3204%; height: 34px; background-color: #ebebeb;\"><span style=\"font-family: arial, helvetica, sans-serif; font-size: 12pt;\">1000 pi\u00e8ces sans personnalisation, 5000 pi\u00e8ces pour personnalisation<\/span><\/td>\n<\/tr>\n<tr style=\"height: 40px; background-color: #99ccff;\">\n<td style=\"width: 22.6796%; height: 24px;\"><span style=\"font-size: 12pt;\"><strong><span style=\"font-family: arial, helvetica, sans-serif;\">Type d&#039;emballage<\/span><\/strong><\/span><\/td>\n<td style=\"width: 77.3204%; height: 24px;\"><span style=\"font-family: arial, helvetica, sans-serif; font-size: 12pt;\">Sacs \u00e0 provisions kraft\u00a0<\/span><\/td>\n<\/tr>\n<tr style=\"height: 40px; background-color: #ebebeb;\">\n<td style=\"width: 22.6796%; height: 24px;\"><span style=\"font-size: 12pt;\"><strong><span style=\"font-family: arial, helvetica, sans-serif;\">Material<\/span><\/strong><\/span><\/td>\n<td style=\"width: 77.3204%; height: 24px;\"><span style=\"font-family: arial, helvetica, sans-serif; font-size: 12pt;\">Papier kraft<\/span><\/td>\n<\/tr>\n<tr style=\"height: 40px; background-color: #99ccff;\">\n<td style=\"width: 22.6796%; height: 24px;\"><span style=\"font-size: 12pt;\"><strong><span style=\"font-family: arial, helvetica, sans-serif;\">Finition<\/span><\/strong><\/span><\/td>\n<td style=\"width: 77.3204%; height: 24px;\"><span style=\"font-family: arial, helvetica, sans-serif; font-size: 12pt;\">Impression d&#039;\u00e9cran<\/span><\/td>\n<\/tr>\n<tr style=\"height: 40px; background-color: #ebebeb;\">\n<td style=\"width: 22.6796%; height: 24px;\"><span style=\"font-size: 12pt;\"><strong><span style=\"font-family: arial, helvetica, sans-serif;\">Fonctionnalit\u00e9<\/span><\/strong><\/span><\/td>\n<td style=\"width: 77.3204%; height: 24px;\"><span style=\"font-family: arial, helvetica, sans-serif; font-size: 12pt;\">Recycl\u00e9<\/span><\/td>\n<\/tr>\n<tr style=\"height: 40px; background-color: #99ccff;\">\n<td style=\"width: 22.6796%; height: 24px;\"><span style=\"font-size: 12pt;\"><strong><span style=\"font-family: arial, helvetica, sans-serif;\">Type de sac en papier<\/span><\/strong><\/span><\/td>\n<td style=\"width: 77.3204%; height: 24px;\"><span style=\"font-family: arial, helvetica, sans-serif; font-size: 12pt;\">Sac en papier cadeau, sacs \u00e0 provisions<\/span><\/td>\n<\/tr>\n<tr style=\"height: 40px; background-color: #ebebeb;\">\n<td style=\"width: 22.6796%; height: 24px;\"><span style=\"font-size: 12pt;\"><strong><span style=\"font-family: arial, helvetica, sans-serif;\">D\u00e9lai d&#039;ex\u00e9cution<\/span><\/strong><\/span><\/td>\n<td style=\"width: 77.3204%; height: 24px;\"><span style=\"font-family: arial, helvetica, sans-serif; font-size: 12pt;\">7 \u00e0 15 jours ouvrables, RUSH<\/span><\/td>\n<\/tr>\n<tr style=\"height: 40px; background-color: #99ccff;\">\n<td style=\"width: 22.6796%; height: 24px;\"><span style=\"font-size: 12pt;\"><strong><span style=\"font-family: arial, helvetica, sans-serif;\">Exp\u00e9dition<\/span><\/strong><\/span><\/td>\n<td style=\"width: 77.3204%; height: 24px;\"><span style=\"font-family: arial, helvetica, sans-serif; font-size: 12pt;\">Air, Mer, Express<\/span><\/td>\n<\/tr>\n<\/tbody>\n<\/table>\n<p>&nbsp;<\/p>","protected":false},"featured_media":2484,"comment_status":"open","ping_status":"closed","template":"","meta":[],"product_brand":[],"product_cat":[15,20,34],"product_tag":[],"class_list":{"0":"post-2483","1":"product","2":"type-product","3":"status-publish","4":"has-post-thumbnail","6":"product_cat-paper-box","7":"product_cat-kraft-paper-bag","8":"product_cat-paper-packing","10":"first","11":"instock","12":"shipping-taxable","13":"product-type-simple"},"_links":{"self":[{"href":"https:\/\/polysmarts.com\/fr\/wp-json\/wp\/v2\/product\/2483","targetHints":{"allow":["GET"]}}],"collection":[{"href":"https:\/\/polysmarts.com\/fr\/wp-json\/wp\/v2\/product"}],"about":[{"href":"https:\/\/polysmarts.com\/fr\/wp-json\/wp\/v2\/types\/product"}],"replies":[{"embeddable":true,"href":"https:\/\/polysmarts.com\/fr\/wp-json\/wp\/v2\/comments?post=2483"}],"version-history":[{"count":1,"href":"https:\/\/polysmarts.com\/fr\/wp-json\/wp\/v2\/product\/2483\/revisions"}],"predecessor-version":[{"id":2490,"href":"https:\/\/polysmarts.com\/fr\/wp-json\/wp\/v2\/product\/2483\/revisions\/2490"}],"wp:featuredmedia":[{"embeddable":true,"href":"https:\/\/polysmarts.com\/fr\/wp-json\/wp\/v2\/media\/2484"}],"wp:attachment":[{"href":"https:\/\/polysmarts.com\/fr\/wp-json\/wp\/v2\/media?parent=2483"}],"wp:term":[{"taxonomy":"product_brand","embeddable":true,"href":"https:\/\/polysmarts.com\/fr\/wp-json\/wp\/v2\/product_brand?post=2483"},{"taxonomy":"product_cat","embeddable":true,"href":"https:\/\/polysmarts.com\/fr\/wp-json\/wp\/v2\/product_cat?post=2483"},{"taxonomy":"product_tag","embeddable":true,"href":"https:\/\/polysmarts.com\/fr\/wp-json\/wp\/v2\/product_tag?post=2483"}],"curies":[{"name":"wp","href":"https:\/\/api.w.org\/{rel}","templated":true}]}}