{"id":2475,"date":"2024-04-02T10:27:15","date_gmt":"2024-04-02T10:27:15","guid":{"rendered":"https:\/\/polysmarts.com\/?post_type=product&#038;p=2475"},"modified":"2024-04-02T10:38:21","modified_gmt":"2024-04-02T10:38:21","slug":"sacs-en-papier-kraft-colores-avec-poignees-pour-les-achats-de-cadeaux","status":"publish","type":"product","link":"https:\/\/polysmarts.com\/fr\/product\/colorful-kraft-paper-bags-with-handles-for-gift-shopping\/","title":{"rendered":"Sacs en papier kraft color\u00e9s avec poign\u00e9es pour les achats de cadeaux"},"content":{"rendered":"<p><strong>Taille et couleur\u00a0:<\/strong> En tant que fabricant, nous proposons des sacs en papier kraft color\u00e9s personnalisables de tailles et de couleurs pour r\u00e9pondre \u00e0 vos besoins sp\u00e9cifiques.<\/p>\n<p><strong>Lib\u00e9rez votre cr\u00e9ativit\u00e9\u00a0:<\/strong> Nos sacs cadeaux en papier sont une toile vierge qui attend votre touche personnelle. Ajoutez des mots, des motifs ou des dessins pour exprimer vos meilleurs v\u0153ux \u00e0 vos amis et \u00e0 votre famille. Laissez libre cours \u00e0 votre imagination avec le coloriage, l&#039;autocollant, le marquage et bien plus encore, cr\u00e9ant des chefs-d&#039;\u0153uvre personnalis\u00e9s qui \u00e9blouissent et ravissent.<\/p>\n<p><strong>Champ d&#039;application\u00a0:<\/strong> Ces grands sacs cadeaux color\u00e9s sont polyvalents et parfaits pour diverses occasions, y compris les sacs cadeaux d&#039;anniversaire, les sacs de friandises, les sacs de cadeaux, les sacs de f\u00eate et les sacs cadeaux. Ils sont id\u00e9aux pour la Saint-Valentin, le shopping, les vacances, la vente au d\u00e9tail, les mariages et bien plus encore. Quel que soit l&#039;\u00e9v\u00e9nement, nos sacs ajoutent une touche de charme et d&#039;\u00e9l\u00e9gance \u00e0 votre exp\u00e9rience de cadeau.<\/p>\n<p><strong>Mat\u00e9riau fiable\u00a0:<\/strong> Fabriqu\u00e9s \u00e0 partir de mat\u00e9riaux s\u00fbrs, nos sacs sont parfaits pour contenir des p\u00e2tisseries, des biscuits et des desserts, garantissant ainsi que vos friandises arrivent en parfait \u00e9tat.<\/p>\n<p>Transformez votre exp\u00e9rience de cadeau avec nos sacs en papier kraft color\u00e9s avec poign\u00e9es. Des options de personnalisation qui stimulent la cr\u00e9ativit\u00e9 aux mat\u00e9riaux fiables qui garantissent que vos cadeaux arrivent avec style, nos sacs sont le choix parfait pour chaque occasion.<\/p>","protected":false},"excerpt":{"rendered":"<table style=\"height: 360px; width: 99.8505%; border-collapse: collapse;\" border=\"2\">\n<tbody>\n<tr style=\"height: 40px;\">\n<td style=\"width: 22.6796%; height: 30px; background-color: #99ccff;\"><span style=\"font-family: arial, helvetica, sans-serif; font-size: 12pt;\"><strong>Dimensions et style<\/strong><\/span><\/td>\n<td style=\"width: 77.3204%; height: 30px; background-color: #99ccff;\"><span style=\"font-family: arial, helvetica, sans-serif; font-size: 12pt;\">Formes et tailles personnalis\u00e9es<\/span><\/td>\n<\/tr>\n<tr style=\"height: 40px;\">\n<td style=\"width: 22.6796%; height: 34px; background-color: #ebebeb;\"><span style=\"font-size: 12pt;\"><strong><span style=\"font-family: arial, helvetica, sans-serif;\">Quantit\u00e9 minimum d&#039;achat<\/span><\/strong><\/span><\/td>\n<td style=\"width: 77.3204%; height: 34px; background-color: #ebebeb;\"><span style=\"font-family: arial, helvetica, sans-serif; font-size: 12pt;\">1000 pi\u00e8ces sans personnalisation, 5000 pi\u00e8ces pour personnalisation<\/span><\/td>\n<\/tr>\n<tr style=\"height: 40px; background-color: #99ccff;\">\n<td style=\"width: 22.6796%; height: 24px;\"><span style=\"font-size: 12pt;\"><strong><span style=\"font-family: arial, helvetica, sans-serif;\">Type d&#039;emballage<\/span><\/strong><\/span><\/td>\n<td style=\"width: 77.3204%; height: 24px;\"><span style=\"font-family: arial, helvetica, sans-serif; font-size: 12pt;\">Sacs en papier kraft color\u00e9s\u00a0<\/span><\/td>\n<\/tr>\n<tr style=\"height: 40px; background-color: #ebebeb;\">\n<td style=\"width: 22.6796%; height: 24px;\"><span style=\"font-size: 12pt;\"><strong><span style=\"font-family: arial, helvetica, sans-serif;\">Material<\/span><\/strong><\/span><\/td>\n<td style=\"width: 77.3204%; height: 24px;\"><span style=\"font-family: arial, helvetica, sans-serif; font-size: 12pt;\">Papier kraft<\/span><\/td>\n<\/tr>\n<tr style=\"height: 40px; background-color: #99ccff;\">\n<td style=\"width: 22.6796%; height: 24px;\"><span style=\"font-size: 12pt;\"><strong><span style=\"font-family: arial, helvetica, sans-serif;\">Finition<\/span><\/strong><\/span><\/td>\n<td style=\"width: 77.3204%; height: 24px;\"><span style=\"font-family: arial, helvetica, sans-serif; font-size: 12pt;\">Impression d&#039;\u00e9cran<\/span><\/td>\n<\/tr>\n<tr style=\"height: 40px; background-color: #ebebeb;\">\n<td style=\"width: 22.6796%; height: 24px;\"><span style=\"font-size: 12pt;\"><strong><span style=\"font-family: arial, helvetica, sans-serif;\">Fonctionnalit\u00e9<\/span><\/strong><\/span><\/td>\n<td style=\"width: 77.3204%; height: 24px;\"><span style=\"font-family: arial, helvetica, sans-serif; font-size: 12pt;\">Recycl\u00e9<\/span><\/td>\n<\/tr>\n<tr style=\"height: 40px; background-color: #99ccff;\">\n<td style=\"width: 22.6796%; height: 24px;\"><span style=\"font-size: 12pt;\"><strong><span style=\"font-family: arial, helvetica, sans-serif;\">Type de sac en papier<\/span><\/strong><\/span><\/td>\n<td style=\"width: 77.3204%; height: 24px;\"><span style=\"font-family: arial, helvetica, sans-serif; font-size: 12pt;\">Sac en papier, papier de sac cadeau<\/span><\/td>\n<\/tr>\n<tr style=\"height: 40px; background-color: #ebebeb;\">\n<td style=\"width: 22.6796%; height: 24px;\"><span style=\"font-size: 12pt;\"><strong><span style=\"font-family: arial, helvetica, sans-serif;\">D\u00e9lai d&#039;ex\u00e9cution<\/span><\/strong><\/span><\/td>\n<td style=\"width: 77.3204%; height: 24px;\"><span style=\"font-family: arial, helvetica, sans-serif; font-size: 12pt;\">7 \u00e0 15 jours ouvrables, RUSH<\/span><\/td>\n<\/tr>\n<tr style=\"height: 40px; background-color: #99ccff;\">\n<td style=\"width: 22.6796%; height: 24px;\"><span style=\"font-size: 12pt;\"><strong><span style=\"font-family: arial, helvetica, sans-serif;\">Exp\u00e9dition<\/span><\/strong><\/span><\/td>\n<td style=\"width: 77.3204%; height: 24px;\"><span style=\"font-family: arial, helvetica, sans-serif; font-size: 12pt;\">Air, Mer, Express<\/span><\/td>\n<\/tr>\n<\/tbody>\n<\/table>\n<p>&nbsp;<\/p>","protected":false},"featured_media":2476,"comment_status":"open","ping_status":"closed","template":"","meta":[],"product_brand":[],"product_cat":[15,20,34],"product_tag":[],"class_list":{"0":"post-2475","1":"product","2":"type-product","3":"status-publish","4":"has-post-thumbnail","6":"product_cat-paper-box","7":"product_cat-kraft-paper-bag","8":"product_cat-paper-packing","10":"first","11":"instock","12":"shipping-taxable","13":"product-type-simple"},"_links":{"self":[{"href":"https:\/\/polysmarts.com\/fr\/wp-json\/wp\/v2\/product\/2475","targetHints":{"allow":["GET"]}}],"collection":[{"href":"https:\/\/polysmarts.com\/fr\/wp-json\/wp\/v2\/product"}],"about":[{"href":"https:\/\/polysmarts.com\/fr\/wp-json\/wp\/v2\/types\/product"}],"replies":[{"embeddable":true,"href":"https:\/\/polysmarts.com\/fr\/wp-json\/wp\/v2\/comments?post=2475"}],"version-history":[{"count":2,"href":"https:\/\/polysmarts.com\/fr\/wp-json\/wp\/v2\/product\/2475\/revisions"}],"predecessor-version":[{"id":2482,"href":"https:\/\/polysmarts.com\/fr\/wp-json\/wp\/v2\/product\/2475\/revisions\/2482"}],"wp:featuredmedia":[{"embeddable":true,"href":"https:\/\/polysmarts.com\/fr\/wp-json\/wp\/v2\/media\/2476"}],"wp:attachment":[{"href":"https:\/\/polysmarts.com\/fr\/wp-json\/wp\/v2\/media?parent=2475"}],"wp:term":[{"taxonomy":"product_brand","embeddable":true,"href":"https:\/\/polysmarts.com\/fr\/wp-json\/wp\/v2\/product_brand?post=2475"},{"taxonomy":"product_cat","embeddable":true,"href":"https:\/\/polysmarts.com\/fr\/wp-json\/wp\/v2\/product_cat?post=2475"},{"taxonomy":"product_tag","embeddable":true,"href":"https:\/\/polysmarts.com\/fr\/wp-json\/wp\/v2\/product_tag?post=2475"}],"curies":[{"name":"wp","href":"https:\/\/api.w.org\/{rel}","templated":true}]}}