{"id":2469,"date":"2024-04-02T10:10:07","date_gmt":"2024-04-02T10:10:07","guid":{"rendered":"https:\/\/polysmarts.com\/?post_type=product&#038;p=2469"},"modified":"2024-04-02T10:22:36","modified_gmt":"2024-04-02T10:22:36","slug":"sac-en-papier-kraft-marron-personnalise-avec-impression-de-logo","status":"publish","type":"product","link":"https:\/\/polysmarts.com\/fr\/product\/custom-brown-kraft-paper-bag-with-logo-printing\/","title":{"rendered":"Sac en papier kraft brun personnalis\u00e9 avec impression de logo"},"content":{"rendered":"<p><strong>Qualit\u00e9 sup\u00e9rieure:<\/strong> Fabriqu\u00e9s \u00e0 partir de sacs en papier kraft brun de qualit\u00e9 alimentaire, nos sacs d&#039;\u00e9picerie sont parfaits pour emballer, stocker et transporter des aliments. Dot\u00e9s d&#039;un fond carr\u00e9, ils r\u00e9sistent sans effort pour un emballage facile et pratique.<\/p>\n<p><strong>Application polyvalente\u00a0:<\/strong> Id\u00e9als pour les magasins d&#039;alimentation et les maisons, nos sacs en papier pour d\u00e9jeuner rehaussent la pr\u00e9sentation des aliments, les rendant encore plus d\u00e9licieux. Non seulement ils sont abordables, mais ils contribuent \u00e9galement \u00e0 la durabilit\u00e9 environnementale.<\/p>\n<p><strong>Utilisation polyvalente\u00a0:<\/strong> Au-del\u00e0 de la nourriture, ces sacs servent \u00e0 diverses fins, comme des sacs de f\u00eate, des sacs de friandises et des sacs de friandises pour les collations. Leur petite taille les rend parfaits pour les projets d&#039;art et d&#039;artisanat, offrant des possibilit\u00e9s cr\u00e9atives infinies.<\/p>\n<p><strong>Personnalisez votre exp\u00e9rience\u00a0:<\/strong> Lib\u00e9rez votre cr\u00e9ativit\u00e9 avec nos sacs en papier kraft, qui servent de toile vierge pour l&#039;expression artistique. Que vous pr\u00e9f\u00e9riez dessiner, \u00e9crire ou d\u00e9corer, ces sacs vous permettent de peindre votre vie de beaut\u00e9s. Ajoutez une touche personnelle en apposant vos autocollants pr\u00e9f\u00e9r\u00e9s ou votre logo personnalis\u00e9, ce qui les rend id\u00e9aux pour la pr\u00e9paration de cadeaux et le marquage.<\/p>\n<p>D\u00e9couvrez la diff\u00e9rence avec notre sac en papier kraft brun personnalis\u00e9 avec impression de logo. De sa construction de qualit\u00e9 sup\u00e9rieure \u00e0 ses applications polyvalentes et fonctionnalit\u00e9s personnalisables, c&#039;est la solution d&#039;emballage parfaite pour tous vos besoins.<\/p>","protected":false},"excerpt":{"rendered":"<table style=\"height: 360px; width: 99.8505%; border-collapse: collapse;\" border=\"2\">\n<tbody>\n<tr style=\"height: 40px;\">\n<td style=\"width: 22.6796%; height: 30px; background-color: #99ccff;\"><span style=\"font-family: arial, helvetica, sans-serif; font-size: 12pt;\"><strong>Dimensions et style<\/strong><\/span><\/td>\n<td style=\"width: 77.3204%; height: 30px; background-color: #99ccff;\"><span style=\"font-family: arial, helvetica, sans-serif; font-size: 12pt;\">Formes et tailles personnalis\u00e9es<\/span><\/td>\n<\/tr>\n<tr style=\"height: 40px;\">\n<td style=\"width: 22.6796%; height: 34px; background-color: #ebebeb;\"><span style=\"font-size: 12pt;\"><strong><span style=\"font-family: arial, helvetica, sans-serif;\">Quantit\u00e9 minimum d&#039;achat<\/span><\/strong><\/span><\/td>\n<td style=\"width: 77.3204%; height: 34px; background-color: #ebebeb;\"><span style=\"font-family: arial, helvetica, sans-serif; font-size: 12pt;\">1000 pi\u00e8ces sans personnalisation, 10000 pi\u00e8ces pour personnalisation<\/span><\/td>\n<\/tr>\n<tr style=\"height: 40px; background-color: #99ccff;\">\n<td style=\"width: 22.6796%; height: 24px;\"><span style=\"font-size: 12pt;\"><strong><span style=\"font-family: arial, helvetica, sans-serif;\">Type d&#039;emballage<\/span><\/strong><\/span><\/td>\n<td style=\"width: 77.3204%; height: 24px;\"><span style=\"font-family: arial, helvetica, sans-serif; font-size: 12pt;\">Sac en papier kraft brun<\/span><\/td>\n<\/tr>\n<tr style=\"height: 40px; background-color: #ebebeb;\">\n<td style=\"width: 22.6796%; height: 24px;\"><span style=\"font-size: 12pt;\"><strong><span style=\"font-family: arial, helvetica, sans-serif;\">Impression<\/span><\/strong><\/span><\/td>\n<td style=\"width: 77.3204%; height: 24px;\"><span style=\"font-family: arial, helvetica, sans-serif; font-size: 12pt;\">CMJN (1 \u00e0 8 couleurs), pas d&#039;impression (ordinaire)<\/span><\/td>\n<\/tr>\n<tr style=\"height: 40px; background-color: #99ccff;\">\n<td style=\"width: 22.6796%; height: 24px;\"><span style=\"font-size: 12pt;\"><strong><span style=\"font-family: arial, helvetica, sans-serif;\">Finition<\/span><\/strong><\/span><\/td>\n<td style=\"width: 77.3204%; height: 24px;\"><span style=\"font-family: arial, helvetica, sans-serif; font-size: 12pt;\">Impression Flexo<\/span><\/td>\n<\/tr>\n<tr style=\"height: 40px; background-color: #ebebeb;\">\n<td style=\"width: 22.6796%; height: 24px;\"><span style=\"font-size: 12pt;\"><strong><span style=\"font-family: arial, helvetica, sans-serif;\">Mot-cl\u00e9<\/span><\/strong><\/span><\/td>\n<td style=\"width: 77.3204%; height: 24px;\"><span style=\"font-family: arial, helvetica, sans-serif; font-size: 12pt;\">Sac en papier kraft pour la nourriture<\/span><\/td>\n<\/tr>\n<tr style=\"height: 40px; background-color: #99ccff;\">\n<td style=\"width: 22.6796%; height: 24px;\"><span style=\"font-size: 12pt;\"><strong><span style=\"font-family: arial, helvetica, sans-serif;\">Fonctionnalit\u00e9<\/span><\/strong><\/span><\/td>\n<td style=\"width: 77.3204%; height: 24px;\"><span style=\"font-family: arial, helvetica, sans-serif; font-size: 12pt;\">Mat\u00e9riau et encre de qualit\u00e9 alimentaire, emballage respectueux de l&#039;environnement.<\/span><\/td>\n<\/tr>\n<tr style=\"height: 40px; background-color: #ebebeb;\">\n<td style=\"width: 22.6796%; height: 24px;\"><span style=\"font-size: 12pt;\"><strong><span style=\"font-family: arial, helvetica, sans-serif;\">D\u00e9lai d&#039;ex\u00e9cution<\/span><\/strong><\/span><\/td>\n<td style=\"width: 77.3204%; height: 24px;\"><span style=\"font-family: arial, helvetica, sans-serif; font-size: 12pt;\">7 \u00e0 15 jours ouvrables, RUSH<\/span><\/td>\n<\/tr>\n<tr style=\"height: 40px; background-color: #99ccff;\">\n<td style=\"width: 22.6796%; height: 24px;\"><span style=\"font-size: 12pt;\"><strong><span style=\"font-family: arial, helvetica, sans-serif;\">Exp\u00e9dition<\/span><\/strong><\/span><\/td>\n<td style=\"width: 77.3204%; height: 24px;\"><span style=\"font-family: arial, helvetica, sans-serif; font-size: 12pt;\">Air, Mer, Express<\/span><\/td>\n<\/tr>\n<\/tbody>\n<\/table>\n<p>&nbsp;<\/p>","protected":false},"featured_media":2470,"comment_status":"open","ping_status":"closed","template":"","meta":[],"product_brand":[],"product_cat":[26,20,34],"product_tag":[],"class_list":{"0":"post-2469","1":"product","2":"type-product","3":"status-publish","4":"has-post-thumbnail","6":"product_cat-food-packaging","7":"product_cat-kraft-paper-bag","8":"product_cat-paper-packing","10":"first","11":"instock","12":"shipping-taxable","13":"product-type-simple"},"_links":{"self":[{"href":"https:\/\/polysmarts.com\/fr\/wp-json\/wp\/v2\/product\/2469","targetHints":{"allow":["GET"]}}],"collection":[{"href":"https:\/\/polysmarts.com\/fr\/wp-json\/wp\/v2\/product"}],"about":[{"href":"https:\/\/polysmarts.com\/fr\/wp-json\/wp\/v2\/types\/product"}],"replies":[{"embeddable":true,"href":"https:\/\/polysmarts.com\/fr\/wp-json\/wp\/v2\/comments?post=2469"}],"version-history":[{"count":1,"href":"https:\/\/polysmarts.com\/fr\/wp-json\/wp\/v2\/product\/2469\/revisions"}],"predecessor-version":[{"id":2474,"href":"https:\/\/polysmarts.com\/fr\/wp-json\/wp\/v2\/product\/2469\/revisions\/2474"}],"wp:featuredmedia":[{"embeddable":true,"href":"https:\/\/polysmarts.com\/fr\/wp-json\/wp\/v2\/media\/2470"}],"wp:attachment":[{"href":"https:\/\/polysmarts.com\/fr\/wp-json\/wp\/v2\/media?parent=2469"}],"wp:term":[{"taxonomy":"product_brand","embeddable":true,"href":"https:\/\/polysmarts.com\/fr\/wp-json\/wp\/v2\/product_brand?post=2469"},{"taxonomy":"product_cat","embeddable":true,"href":"https:\/\/polysmarts.com\/fr\/wp-json\/wp\/v2\/product_cat?post=2469"},{"taxonomy":"product_tag","embeddable":true,"href":"https:\/\/polysmarts.com\/fr\/wp-json\/wp\/v2\/product_tag?post=2469"}],"curies":[{"name":"wp","href":"https:\/\/api.w.org\/{rel}","templated":true}]}}