{"id":2460,"date":"2024-04-02T09:48:50","date_gmt":"2024-04-02T09:48:50","guid":{"rendered":"https:\/\/polysmarts.com\/?post_type=product&#038;p=2460"},"modified":"2024-04-02T10:07:13","modified_gmt":"2024-04-02T10:07:13","slug":"sac-de-transport-en-papier-kraft-personnalise-avec-poignee","status":"publish","type":"product","link":"https:\/\/polysmarts.com\/fr\/product\/custom-kraft-paper-carrier-bag-with-handle\/","title":{"rendered":"Sac de transport en papier kraft personnalis\u00e9 avec poign\u00e9e"},"content":{"rendered":"<p><strong>Taille et couleur\u00a0:<\/strong> En tant que fabricant, nous proposons des tailles et des couleurs de sacs en papier kraft personnalis\u00e9s pour r\u00e9pondre \u00e0 vos besoins sp\u00e9cifiques. Nos sacs en carton blanc de couleur unie sont dot\u00e9s de poign\u00e9es en ruban et d&#039;inserts en papier de soie, offrant \u00e0 la fois un attrait visuel et une exp\u00e9rience de transport confortable.<\/p>\n<p><strong>Polyvalent et r\u00e9utilisable :<\/strong> Non seulement parfaits pour offrir \u00e0 la famille, aux amis et aux proches, nos sacs en papier sont \u00e9galement con\u00e7us pour de multiples usages. Ils peuvent vous accompagner au supermarch\u00e9, servir de solutions de stockage et bien plus encore, ce qui en fait un ajout indispensable \u00e0 toute maison ou entreprise.<\/p>\n<p><strong>S\u00fbr:<\/strong> Fabriqu\u00e9s \u00e0 partir de carton 100% de haute qualit\u00e9 et recyclable, nos sacs privil\u00e9gient la s\u00e9curit\u00e9 et la durabilit\u00e9. Ils sont non toxiques et inodores, garantissant ainsi votre tranquillit\u00e9 d\u2019esprit et celle de l\u2019environnement.<\/p>\n<p><strong>Polyintelligents\u00a0:<\/strong> Chez Polysmarts, la satisfaction du client est notre priorit\u00e9 absolue. Nous nous effor\u00e7ons de conceptualiser les designs les plus innovants et uniques tout en utilisant des mat\u00e9riaux de la plus haute qualit\u00e9. Chaque produit est impr\u00e9gn\u00e9 de chaleur et de b\u00e9n\u00e9dictions, symbolisant notre engagement \u00e0 r\u00e9pandre l&#039;amour et le soin \u00e0 tous ceux qui re\u00e7oivent nos produits.<\/p>\n<p>Am\u00e9liorez votre exp\u00e9rience d&#039;emballage avec notre sac de transport en papier kraft personnalis\u00e9 avec poign\u00e9e. De son design \u00e9l\u00e9gant \u00e0 sa polyvalence et sa construction respectueuse de l&#039;environnement, il incarne \u00e0 la fois praticit\u00e9 et r\u00e9flexion, laissant une impression durable sur chaque destinataire.<\/p>","protected":false},"excerpt":{"rendered":"<table style=\"height: 360px; width: 99.8505%; border-collapse: collapse;\" border=\"2\">\n<tbody>\n<tr style=\"height: 40px;\">\n<td style=\"width: 22.6796%; height: 30px; background-color: #99ccff;\"><span style=\"font-family: arial, helvetica, sans-serif; font-size: 12pt;\"><strong>Dimensions et style<\/strong><\/span><\/td>\n<td style=\"width: 77.3204%; height: 30px; background-color: #99ccff;\"><span style=\"font-family: arial, helvetica, sans-serif; font-size: 12pt;\">Formes et tailles personnalis\u00e9es<\/span><\/td>\n<\/tr>\n<tr style=\"height: 40px;\">\n<td style=\"width: 22.6796%; height: 34px; background-color: #ebebeb;\"><span style=\"font-size: 12pt;\"><strong><span style=\"font-family: arial, helvetica, sans-serif;\">Quantit\u00e9 minimum d&#039;achat<\/span><\/strong><\/span><\/td>\n<td style=\"width: 77.3204%; height: 34px; background-color: #ebebeb;\"><span style=\"font-family: arial, helvetica, sans-serif; font-size: 12pt;\">1000 pi\u00e8ces sans personnalisation, 5000 pi\u00e8ces pour personnalisation<\/span><\/td>\n<\/tr>\n<tr style=\"height: 40px; background-color: #99ccff;\">\n<td style=\"width: 22.6796%; height: 24px;\"><span style=\"font-size: 12pt;\"><strong><span style=\"font-family: arial, helvetica, sans-serif;\">Type d&#039;emballage<\/span><\/strong><\/span><\/td>\n<td style=\"width: 77.3204%; height: 24px;\"><span style=\"font-family: arial, helvetica, sans-serif; font-size: 12pt;\">Sac de transport en papier kraft<\/span><\/td>\n<\/tr>\n<tr style=\"height: 40px; background-color: #ebebeb;\">\n<td style=\"width: 22.6796%; height: 24px;\"><span style=\"font-size: 12pt;\"><strong><span style=\"font-family: arial, helvetica, sans-serif;\">Material<\/span><\/strong><\/span><\/td>\n<td style=\"width: 77.3204%; height: 24px;\"><span style=\"font-family: arial, helvetica, sans-serif; font-size: 12pt;\">Papier ondul\u00e9, fl\u00fbte E, fl\u00fbte F<\/span><\/td>\n<\/tr>\n<tr style=\"height: 40px; background-color: #99ccff;\">\n<td style=\"width: 22.6796%; height: 24px;\"><span style=\"font-size: 12pt;\"><strong><span style=\"font-family: arial, helvetica, sans-serif;\">Finition<\/span><\/strong><\/span><\/td>\n<td style=\"width: 77.3204%; height: 24px;\"><span style=\"font-family: arial, helvetica, sans-serif; font-size: 12pt;\">Spot UV, stratification en relief, mate ou brillante, etc.<\/span><\/td>\n<\/tr>\n<tr style=\"height: 40px; background-color: #ebebeb;\">\n<td style=\"width: 22.6796%; height: 24px;\"><span style=\"font-size: 12pt;\"><strong><span style=\"font-family: arial, helvetica, sans-serif;\">Limite de poids<\/span><\/strong><\/span><\/td>\n<td style=\"width: 77.3204%; height: 24px;\"><span style=\"font-family: arial, helvetica, sans-serif; font-size: 12pt;\">&gt;10 kg<\/span><\/td>\n<\/tr>\n<tr style=\"height: 40px; background-color: #99ccff;\">\n<td style=\"width: 22.6796%; height: 24px;\"><span style=\"font-size: 12pt;\"><strong><span style=\"font-family: arial, helvetica, sans-serif;\">Type de sac en papier<\/span><\/strong><\/span><\/td>\n<td style=\"width: 77.3204%; height: 24px;\"><span style=\"font-family: arial, helvetica, sans-serif; font-size: 12pt;\">Sac en papier, papier de sac cadeau<\/span><\/td>\n<\/tr>\n<tr style=\"height: 40px; background-color: #ebebeb;\">\n<td style=\"width: 22.6796%; height: 24px;\"><span style=\"font-size: 12pt;\"><strong><span style=\"font-family: arial, helvetica, sans-serif;\">D\u00e9lai d&#039;ex\u00e9cution<\/span><\/strong><\/span><\/td>\n<td style=\"width: 77.3204%; height: 24px;\"><span style=\"font-family: arial, helvetica, sans-serif; font-size: 12pt;\">7 \u00e0 15 jours ouvrables, RUSH<\/span><\/td>\n<\/tr>\n<tr style=\"height: 40px; background-color: #99ccff;\">\n<td style=\"width: 22.6796%; height: 24px;\"><span style=\"font-size: 12pt;\"><strong><span style=\"font-family: arial, helvetica, sans-serif;\">Exp\u00e9dition<\/span><\/strong><\/span><\/td>\n<td style=\"width: 77.3204%; height: 24px;\"><span style=\"font-family: arial, helvetica, sans-serif; font-size: 12pt;\">Air, Mer, Express<\/span><\/td>\n<\/tr>\n<\/tbody>\n<\/table>\n<p>&nbsp;<\/p>","protected":false},"featured_media":2461,"comment_status":"open","ping_status":"closed","template":"","meta":[],"product_brand":[],"product_cat":[15,34],"product_tag":[],"class_list":{"0":"post-2460","1":"product","2":"type-product","3":"status-publish","4":"has-post-thumbnail","6":"product_cat-paper-box","7":"product_cat-paper-packing","9":"first","10":"instock","11":"shipping-taxable","12":"product-type-simple"},"_links":{"self":[{"href":"https:\/\/polysmarts.com\/fr\/wp-json\/wp\/v2\/product\/2460","targetHints":{"allow":["GET"]}}],"collection":[{"href":"https:\/\/polysmarts.com\/fr\/wp-json\/wp\/v2\/product"}],"about":[{"href":"https:\/\/polysmarts.com\/fr\/wp-json\/wp\/v2\/types\/product"}],"replies":[{"embeddable":true,"href":"https:\/\/polysmarts.com\/fr\/wp-json\/wp\/v2\/comments?post=2460"}],"version-history":[{"count":2,"href":"https:\/\/polysmarts.com\/fr\/wp-json\/wp\/v2\/product\/2460\/revisions"}],"predecessor-version":[{"id":2468,"href":"https:\/\/polysmarts.com\/fr\/wp-json\/wp\/v2\/product\/2460\/revisions\/2468"}],"wp:featuredmedia":[{"embeddable":true,"href":"https:\/\/polysmarts.com\/fr\/wp-json\/wp\/v2\/media\/2461"}],"wp:attachment":[{"href":"https:\/\/polysmarts.com\/fr\/wp-json\/wp\/v2\/media?parent=2460"}],"wp:term":[{"taxonomy":"product_brand","embeddable":true,"href":"https:\/\/polysmarts.com\/fr\/wp-json\/wp\/v2\/product_brand?post=2460"},{"taxonomy":"product_cat","embeddable":true,"href":"https:\/\/polysmarts.com\/fr\/wp-json\/wp\/v2\/product_cat?post=2460"},{"taxonomy":"product_tag","embeddable":true,"href":"https:\/\/polysmarts.com\/fr\/wp-json\/wp\/v2\/product_tag?post=2460"}],"curies":[{"name":"wp","href":"https:\/\/api.w.org\/{rel}","templated":true}]}}