{"id":2451,"date":"2024-04-02T09:34:52","date_gmt":"2024-04-02T09:34:52","guid":{"rendered":"https:\/\/polysmarts.com\/?post_type=product&#038;p=2451"},"modified":"2024-04-02T09:44:35","modified_gmt":"2024-04-02T09:44:35","slug":"sac-en-papier-kraft-de-pain-recycle-pour-la-nourriture-a-emporter","status":"publish","type":"product","link":"https:\/\/polysmarts.com\/fr\/product\/recycled-bread-kraft-paper-bag-for-food-take-away\/","title":{"rendered":"Sac en papier kraft de pain recycl\u00e9 pour les aliments \u00e0 emporter"},"content":{"rendered":"<p><strong>Sacs d&#039;\u00e9picerie en papier\u00a0:<\/strong> Ces sacs en papier kraft pour aliments servent bien plus que de simples supports alimentaires ; ils servent \u00e9galement de sacs de rangement divers, vous aidant \u00e0 garder vos tiroirs ou vos bureaux propres et organis\u00e9s.<\/p>\n<p><strong>Sacs d&#039;\u00e9picerie pour l\u00e9gumes\u00a0:<\/strong> De conception multifonctionnelle, nos sacs en papier kraft sont parfaits pour le rangement de la cuisine et l&#039;organisation d&#039;articles divers, garantissant que votre espace reste bien rang\u00e9.<\/p>\n<p><strong>Sacs en papier pour le pain\u00a0:<\/strong> Au-del\u00e0 de l&#039;emballage des d\u00e9jeuners, ces sacs polyvalents sont id\u00e9aux pour contenir du pain fait maison et peuvent \u00eatre r\u00e9utilis\u00e9s comme sacs d&#039;\u00e9picerie, sacs cadeaux pour le vin, sacs \u00e0 collations, sacs \u00e0 collations pour enfants, et plus encore.<\/p>\n<p><strong>Sacs de conservation des aliments\u00a0:<\/strong> Dot\u00e9s d&#039;un design lavable et r\u00e9utilisable, nos sacs en papier kraft offrent une polyvalence et une praticit\u00e9 in\u00e9gal\u00e9es pour le stockage des aliments, ce qui en fait un choix \u00e9cologique pour votre cuisine.<\/p>\n<p><strong>Sacs \u00e0 friandises\u00a0:<\/strong> Fabriqu\u00e9s \u00e0 partir de papier unique et robuste, nos sacs sont lavables en machine et \u00e0 la main, garantissant un entretien et une r\u00e9utilisation faciles. Rapides \u00e0 s\u00e9cher et r\u00e9sistants, ils sont parfaits pour tous vos besoins en mati\u00e8re de friandises. \u2013 Sac en papier kraft pour la nourriture<\/p>\n<p>D\u00e9couvrez la polyvalence \u00e9cologique de notre sac en papier kraft \u00e0 pain recycl\u00e9 pour les aliments \u00e0 emporter. Qu&#039;il s&#039;agisse de ranger des courses, d&#039;organiser des articles divers ou de servir de sacs \u00e0 friandises, ces sacs sont votre solution durable pour un confort quotidien.<\/p>","protected":false},"excerpt":{"rendered":"<table style=\"height: 360px; width: 99.8505%; border-collapse: collapse;\" border=\"2\">\n<tbody>\n<tr style=\"height: 40px;\">\n<td style=\"width: 22.6796%; height: 30px; background-color: #99ccff;\"><span style=\"font-family: arial, helvetica, sans-serif; font-size: 12pt;\"><strong>Dimensions et style<\/strong><\/span><\/td>\n<td style=\"width: 77.3204%; height: 30px; background-color: #99ccff;\"><span style=\"font-family: arial, helvetica, sans-serif; font-size: 12pt;\">Formes et tailles personnalis\u00e9es<\/span><\/td>\n<\/tr>\n<tr style=\"height: 40px;\">\n<td style=\"width: 22.6796%; height: 34px; background-color: #ebebeb;\"><span style=\"font-size: 12pt;\"><strong><span style=\"font-family: arial, helvetica, sans-serif;\">Quantit\u00e9 minimum d&#039;achat<\/span><\/strong><\/span><\/td>\n<td style=\"width: 77.3204%; height: 34px; background-color: #ebebeb;\"><span style=\"font-family: arial, helvetica, sans-serif; font-size: 12pt;\">1000 pi\u00e8ces sans personnalisation, 10000 pi\u00e8ces pour personnalisation<\/span><\/td>\n<\/tr>\n<tr style=\"height: 40px; background-color: #99ccff;\">\n<td style=\"width: 22.6796%; height: 24px;\"><span style=\"font-size: 12pt;\"><strong><span style=\"font-family: arial, helvetica, sans-serif;\">Type d&#039;emballage<\/span><\/strong><\/span><\/td>\n<td style=\"width: 77.3204%; height: 24px;\"><span style=\"font-family: arial, helvetica, sans-serif; font-size: 12pt;\">Kraft Paper Bags<\/span><\/td>\n<\/tr>\n<tr style=\"height: 40px; background-color: #ebebeb;\">\n<td style=\"width: 22.6796%; height: 24px;\"><span style=\"font-size: 12pt;\"><strong><span style=\"font-family: arial, helvetica, sans-serif;\">Impression<\/span><\/strong><\/span><\/td>\n<td style=\"width: 77.3204%; height: 24px;\"><span style=\"font-family: arial, helvetica, sans-serif; font-size: 12pt;\">CMJN (1 \u00e0 8 couleurs), pas d&#039;impression (ordinaire)<\/span><\/td>\n<\/tr>\n<tr style=\"height: 40px; background-color: #99ccff;\">\n<td style=\"width: 22.6796%; height: 24px;\"><span style=\"font-size: 12pt;\"><strong><span style=\"font-family: arial, helvetica, sans-serif;\">Finition<\/span><\/strong><\/span><\/td>\n<td style=\"width: 77.3204%; height: 24px;\"><span style=\"font-family: arial, helvetica, sans-serif; font-size: 12pt;\">Impression Flexo<\/span><\/td>\n<\/tr>\n<tr style=\"height: 40px; background-color: #ebebeb;\">\n<td style=\"width: 22.6796%; height: 24px;\"><span style=\"font-size: 12pt;\"><strong><span style=\"font-family: arial, helvetica, sans-serif;\">Mot-cl\u00e9<\/span><\/strong><\/span><\/td>\n<td style=\"width: 77.3204%; height: 24px;\"><span style=\"font-family: arial, helvetica, sans-serif; font-size: 12pt;\">Sac en papier kraft pour la nourriture<\/span><\/td>\n<\/tr>\n<tr style=\"height: 40px; background-color: #99ccff;\">\n<td style=\"width: 22.6796%; height: 24px;\"><span style=\"font-size: 12pt;\"><strong><span style=\"font-family: arial, helvetica, sans-serif;\">Fonctionnalit\u00e9<\/span><\/strong><\/span><\/td>\n<td style=\"width: 77.3204%; height: 24px;\"><span style=\"font-family: arial, helvetica, sans-serif; font-size: 12pt;\">Mat\u00e9riau et encre de qualit\u00e9 alimentaire, emballage respectueux de l&#039;environnement.<\/span><\/td>\n<\/tr>\n<tr style=\"height: 40px; background-color: #ebebeb;\">\n<td style=\"width: 22.6796%; height: 24px;\"><span style=\"font-size: 12pt;\"><strong><span style=\"font-family: arial, helvetica, sans-serif;\">D\u00e9lai d&#039;ex\u00e9cution<\/span><\/strong><\/span><\/td>\n<td style=\"width: 77.3204%; height: 24px;\"><span style=\"font-family: arial, helvetica, sans-serif; font-size: 12pt;\">7 \u00e0 15 jours ouvrables, RUSH<\/span><\/td>\n<\/tr>\n<tr style=\"height: 40px; background-color: #99ccff;\">\n<td style=\"width: 22.6796%; height: 24px;\"><span style=\"font-size: 12pt;\"><strong><span style=\"font-family: arial, helvetica, sans-serif;\">Exp\u00e9dition<\/span><\/strong><\/span><\/td>\n<td style=\"width: 77.3204%; height: 24px;\"><span style=\"font-family: arial, helvetica, sans-serif; font-size: 12pt;\">Air, Mer, Express<\/span><\/td>\n<\/tr>\n<\/tbody>\n<\/table>\n<p>&nbsp;<\/p>","protected":false},"featured_media":2454,"comment_status":"open","ping_status":"closed","template":"","meta":[],"product_brand":[],"product_cat":[26,20,34],"product_tag":[],"class_list":{"0":"post-2451","1":"product","2":"type-product","3":"status-publish","4":"has-post-thumbnail","6":"product_cat-food-packaging","7":"product_cat-kraft-paper-bag","8":"product_cat-paper-packing","10":"first","11":"instock","12":"shipping-taxable","13":"product-type-simple"},"_links":{"self":[{"href":"https:\/\/polysmarts.com\/fr\/wp-json\/wp\/v2\/product\/2451","targetHints":{"allow":["GET"]}}],"collection":[{"href":"https:\/\/polysmarts.com\/fr\/wp-json\/wp\/v2\/product"}],"about":[{"href":"https:\/\/polysmarts.com\/fr\/wp-json\/wp\/v2\/types\/product"}],"replies":[{"embeddable":true,"href":"https:\/\/polysmarts.com\/fr\/wp-json\/wp\/v2\/comments?post=2451"}],"version-history":[{"count":2,"href":"https:\/\/polysmarts.com\/fr\/wp-json\/wp\/v2\/product\/2451\/revisions"}],"predecessor-version":[{"id":2459,"href":"https:\/\/polysmarts.com\/fr\/wp-json\/wp\/v2\/product\/2451\/revisions\/2459"}],"wp:featuredmedia":[{"embeddable":true,"href":"https:\/\/polysmarts.com\/fr\/wp-json\/wp\/v2\/media\/2454"}],"wp:attachment":[{"href":"https:\/\/polysmarts.com\/fr\/wp-json\/wp\/v2\/media?parent=2451"}],"wp:term":[{"taxonomy":"product_brand","embeddable":true,"href":"https:\/\/polysmarts.com\/fr\/wp-json\/wp\/v2\/product_brand?post=2451"},{"taxonomy":"product_cat","embeddable":true,"href":"https:\/\/polysmarts.com\/fr\/wp-json\/wp\/v2\/product_cat?post=2451"},{"taxonomy":"product_tag","embeddable":true,"href":"https:\/\/polysmarts.com\/fr\/wp-json\/wp\/v2\/product_tag?post=2451"}],"curies":[{"name":"wp","href":"https:\/\/api.w.org\/{rel}","templated":true}]}}