{"id":2442,"date":"2024-04-02T03:07:53","date_gmt":"2024-04-02T03:07:53","guid":{"rendered":"https:\/\/polysmarts.com\/?post_type=product&#038;p=2442"},"modified":"2024-04-02T03:56:06","modified_gmt":"2024-04-02T03:56:06","slug":"sac-a-vetements-personnalise-avec-fermeture-eclair","status":"publish","type":"product","link":"https:\/\/polysmarts.com\/fr\/product\/customized-clothes-bag-with-zip-lock\/","title":{"rendered":"Sac \u00e0 v\u00eatements personnalis\u00e9 avec fermeture \u00e9clair"},"content":{"rendered":"<p><strong>Mat\u00e9riau s\u00fbr\u00a0:<\/strong> Fabriqu\u00e9 \u00e0 partir de sacs \u00e0 v\u00eatements personnalis\u00e9s givr\u00e9s, il offre une protection imperm\u00e9able, r\u00e9sistante \u00e0 l&#039;humidit\u00e9 et \u00e0 la poussi\u00e8re, garantissant que vos v\u00eatements restent impeccables. Dot\u00e9s de fermetures \u00e9clair robustes, ces sacs sont exceptionnellement durables et r\u00e9sistants aux d\u00e9chirures, offrant une barri\u00e8re fiable contre la poussi\u00e8re et les dommages. Exposez vos v\u00eatements en toute confiance, sachant qu&#039;ils sont conserv\u00e9s en toute s\u00e9curit\u00e9.<\/p>\n<p><strong>Facile \u00e0 utiliser:<\/strong> Sceller votre sac \u00e0 v\u00eatements se fait sans effort : faites simplement glisser vos doigts le long de la poign\u00e9e pour fermer en toute s\u00e9curit\u00e9. Ces mini sacs sont con\u00e7us pour \u00eatre durables et r\u00e9sistants, ce qui facilite l&#039;organisation et le stockage. Simplifiez votre routine avec des sacs qui offrent commodit\u00e9 et fiabilit\u00e9.<\/p>\n<p><strong>Petits sacs ziplock\u00a0:<\/strong> Nos sacs transparents en plastique refermables sont con\u00e7us pour maximiser l&#039;efficacit\u00e9 du stockage, occupant un minimum de place tout en offrant un acc\u00e8s facile. Parfaits pour ranger de petites pi\u00e8ces, organiser des outils ou faciliter les t\u00e2ches de voyage, de d\u00e9m\u00e9nagement et d&#039;exp\u00e9dition, ces sacs offrent des fonctionnalit\u00e9s polyvalentes pour divers besoins.<\/p>\n<p><strong>Utilisation polyvalente\u00a0:<\/strong> Des fournitures de bijoux aux petits composants \u00e9lectroniques, nos sacs refermables r\u00e9pondent \u00e0 une multitude de besoins organisationnels. Que vous stockiez des boutons, des perles, des pi\u00e8ces de monnaie, des trombones, des \u00e9couteurs ou des vis, ces sacs offrent une solution s\u00e9curis\u00e9e et organis\u00e9e pour vos effets personnels.<\/p>\n<p>D\u00e9couvrez la commodit\u00e9 et la fiabilit\u00e9 de notre sac \u00e0 v\u00eatements personnalis\u00e9 avec fermeture \u00e9clair. Simplifiez vos t\u00e2ches de stockage et d&#039;organisation tout en garantissant que vos v\u00eatements et accessoires restent prot\u00e9g\u00e9s et accessibles quand vous en avez besoin.<\/p>","protected":false},"excerpt":{"rendered":"<table style=\"height: 360px; width: 100.741%; border-collapse: collapse; background-color: #ebebeb;\" border=\"2\">\n<tbody>\n<tr style=\"height: 40px;\">\n<td style=\"width: 22.6796%; height: 30px; background-color: #99ccff;\"><span style=\"font-family: arial, helvetica, sans-serif; font-size: 12pt;\"><strong>Dimensions et style<\/strong><\/span><\/td>\n<td style=\"width: 78.2121%; height: 30px; background-color: #99ccff;\"><span style=\"font-family: arial, helvetica, sans-serif; font-size: 12pt;\">Formes et tailles personnalis\u00e9es<\/span><\/td>\n<\/tr>\n<tr style=\"height: 40px;\">\n<td style=\"width: 22.6796%; height: 34px; background-color: #ebebeb;\"><span style=\"font-size: 12pt;\"><strong><span style=\"font-family: arial, helvetica, sans-serif;\">Quantit\u00e9 minimum d&#039;achat<\/span><\/strong><\/span><\/td>\n<td style=\"width: 78.2121%; height: 34px; background-color: #ebebeb;\"><span style=\"font-family: arial, helvetica, sans-serif; font-size: 12pt;\">1000 pi\u00e8ces sans personnalisation, 10000 pi\u00e8ces pour personnalisation\u00a0<\/span><\/td>\n<\/tr>\n<tr style=\"height: 40px; background-color: #99ccff;\">\n<td style=\"width: 22.6796%; height: 24px;\"><span style=\"font-size: 12pt;\"><strong><span style=\"font-family: arial, helvetica, sans-serif;\">Type d&#039;emballage<\/span><\/strong><\/span><\/td>\n<td style=\"width: 78.2121%; height: 24px;\"><span style=\"font-family: arial, helvetica, sans-serif; font-size: 12pt;\">Sac \u00e0 v\u00eatements personnalis\u00e9 CPE<\/span><\/td>\n<\/tr>\n<tr style=\"height: 40px; background-color: #ebebeb;\">\n<td style=\"width: 22.6796%; height: 24px;\"><span style=\"font-size: 12pt;\"><strong><span style=\"font-family: arial, helvetica, sans-serif;\">Impression<\/span><\/strong><\/span><\/td>\n<td style=\"width: 78.2121%; height: 24px;\"><span style=\"font-family: arial, helvetica, sans-serif; font-size: 12pt;\">CMJN (1 \u00e0 10 couleurs), pas d&#039;impression (ordinaire)<\/span><\/td>\n<\/tr>\n<tr style=\"height: 40px; background-color: #99ccff;\">\n<td style=\"width: 22.6796%; height: 24px;\"><span style=\"font-size: 12pt;\"><strong><span style=\"font-family: arial, helvetica, sans-serif;\">Manipulation des surfaces<\/span><\/strong><\/span><\/td>\n<td style=\"width: 78.2121%; height: 24px;\"><span style=\"font-family: arial, helvetica, sans-serif; font-size: 12pt;\">Impression offset<\/span><\/td>\n<\/tr>\n<tr style=\"height: 40px; background-color: #ebebeb;\">\n<td style=\"width: 22.6796%; height: 24px;\"><span style=\"font-size: 12pt;\"><strong><span style=\"font-family: arial, helvetica, sans-serif;\">Material<\/span><\/strong><\/span><\/td>\n<td style=\"width: 78.2121%; height: 24px;\"><span style=\"font-family: arial, helvetica, sans-serif; font-size: 12pt;\">EPC, EPI<\/span><\/td>\n<\/tr>\n<tr style=\"height: 40px; background-color: #99ccff;\">\n<td style=\"width: 22.6796%; height: 24px;\"><span style=\"font-size: 12pt;\"><strong><span style=\"font-family: arial, helvetica, sans-serif;\">Taille<\/span><\/strong><\/span><\/td>\n<td style=\"width: 78.2121%; height: 24px;\"><span style=\"font-family: arial, helvetica, sans-serif; font-size: 12pt;\">Personnalis\u00e9<\/span><\/td>\n<\/tr>\n<tr style=\"height: 40px; background-color: #ebebeb;\">\n<td style=\"width: 22.6796%; height: 24px;\"><span style=\"font-size: 12pt;\"><strong><span style=\"font-family: arial, helvetica, sans-serif;\">\u00c9paisseur<\/span><\/strong><\/span><\/td>\n<td style=\"width: 78.2121%; height: 24px;\"><span style=\"font-family: arial, helvetica, sans-serif; font-size: 12pt;\">80 microns pour les doubles c\u00f4t\u00e9s, acceptez l&#039;\u00e9paisseur personnalis\u00e9e<\/span><\/td>\n<\/tr>\n<tr style=\"height: 40px; background-color: #99ccff;\">\n<td style=\"width: 22.6796%; height: 24px;\"><span style=\"font-size: 12pt;\"><strong><span style=\"font-family: arial, helvetica, sans-serif;\">Exp\u00e9dition<\/span><\/strong><\/span><\/td>\n<td style=\"width: 78.2121%; height: 24px;\"><span style=\"font-family: arial, helvetica, sans-serif; font-size: 12pt;\">Air, Mer, Express<\/span><\/td>\n<\/tr>\n<tr style=\"height: 40px; background-color: #ebebeb;\">\n<td style=\"width: 22.6796%; height: 24px;\"><span style=\"font-size: 12pt;\"><strong><span style=\"font-family: arial, helvetica, sans-serif;\">D\u00e9lai d&#039;ex\u00e9cution<\/span><\/strong><\/span><\/td>\n<td style=\"width: 78.2121%; height: 24px;\"><span style=\"font-family: arial, helvetica, sans-serif; font-size: 12pt;\">7 \u00e0 15 jours ouvrables, RUSH<\/span><\/td>\n<\/tr>\n<\/tbody>\n<\/table>\n<p>&nbsp;<\/p>","protected":false},"featured_media":2443,"comment_status":"open","ping_status":"closed","template":"","meta":[],"product_brand":[],"product_cat":[31,21,18],"product_tag":[],"class_list":{"0":"post-2442","1":"product","2":"type-product","3":"status-publish","4":"has-post-thumbnail","6":"product_cat-clothing-packaging","7":"product_cat-opp-cpp-pe-cpe-single-material-bag","8":"product_cat-zipper-bags","10":"first","11":"instock","12":"shipping-taxable","13":"product-type-simple"},"_links":{"self":[{"href":"https:\/\/polysmarts.com\/fr\/wp-json\/wp\/v2\/product\/2442","targetHints":{"allow":["GET"]}}],"collection":[{"href":"https:\/\/polysmarts.com\/fr\/wp-json\/wp\/v2\/product"}],"about":[{"href":"https:\/\/polysmarts.com\/fr\/wp-json\/wp\/v2\/types\/product"}],"replies":[{"embeddable":true,"href":"https:\/\/polysmarts.com\/fr\/wp-json\/wp\/v2\/comments?post=2442"}],"version-history":[{"count":2,"href":"https:\/\/polysmarts.com\/fr\/wp-json\/wp\/v2\/product\/2442\/revisions"}],"predecessor-version":[{"id":2450,"href":"https:\/\/polysmarts.com\/fr\/wp-json\/wp\/v2\/product\/2442\/revisions\/2450"}],"wp:featuredmedia":[{"embeddable":true,"href":"https:\/\/polysmarts.com\/fr\/wp-json\/wp\/v2\/media\/2443"}],"wp:attachment":[{"href":"https:\/\/polysmarts.com\/fr\/wp-json\/wp\/v2\/media?parent=2442"}],"wp:term":[{"taxonomy":"product_brand","embeddable":true,"href":"https:\/\/polysmarts.com\/fr\/wp-json\/wp\/v2\/product_brand?post=2442"},{"taxonomy":"product_cat","embeddable":true,"href":"https:\/\/polysmarts.com\/fr\/wp-json\/wp\/v2\/product_cat?post=2442"},{"taxonomy":"product_tag","embeddable":true,"href":"https:\/\/polysmarts.com\/fr\/wp-json\/wp\/v2\/product_tag?post=2442"}],"curies":[{"name":"wp","href":"https:\/\/api.w.org\/{rel}","templated":true}]}}