{"id":2413,"date":"2024-04-01T09:44:24","date_gmt":"2024-04-01T09:44:24","guid":{"rendered":"https:\/\/polysmarts.com\/?post_type=product&#038;p=2413"},"modified":"2024-04-01T10:03:08","modified_gmt":"2024-04-01T10:03:08","slug":"sacs-demballage-de-vetements-givres-personnalises","status":"publish","type":"product","link":"https:\/\/polysmarts.com\/fr\/product\/personalized-frosted-clothing-package-bags\/","title":{"rendered":"Sacs d&#039;emballage de v\u00eatements givr\u00e9s personnalis\u00e9s"},"content":{"rendered":"<p>D\u00e9couvrez le nec plus ultra en mati\u00e8re de durabilit\u00e9 et de style avec nos sacs d&#039;emballage pour v\u00eatements givr\u00e9s personnalis\u00e9s, con\u00e7us pour r\u00e9pondre \u00e0 vos besoins de rangement avec sophistication et praticit\u00e9. Voici pourquoi nos sacs se d\u00e9marquent\u00a0:<\/p>\n<p>Durables et \u00e9pais : fabriqu\u00e9s \u00e0 partir de plastique de haute qualit\u00e9, nos sacs de rangement disposent d&#039;une seule couche d&#039;\u00e9paisseur allant jusqu&#039;\u00e0 4 mm, garantissant une r\u00e9sistance et une r\u00e9sistance \u00e0 la d\u00e9chirure exceptionnelles. R\u00e9utilisables et durables, ces sacs sont parfaits pour toutes vos aventures de voyage, offrant une protection fiable \u00e0 vos effets personnels.<\/p>\n<p>Protection et confidentialit\u00e9 : nos sacs de rangement givr\u00e9s auto-scellants offrent \u00e0 la fois protection et intimit\u00e9. Faciles \u00e0 utiliser, ils gardent vos v\u00eatements et objets au sec tout en les prot\u00e9geant des odeurs, de la poussi\u00e8re et de l&#039;humidit\u00e9. Avec ces sacs pour v\u00eatements, vous pouvez \u00eatre assur\u00e9 que vos effets personnels sont en s\u00e9curit\u00e9 o\u00f9 que vous alliez.<\/p>\n<p>Tri facile : parfaits pour organiser et ranger une vari\u00e9t\u00e9 d&#039;articles, y compris des v\u00eatements, des chaussures, des articles de toilette et des accessoires, nos sacs simplifient le processus de stockage. Que ce soit \u00e0 la maison ou en d\u00e9placement, vous pouvez facilement trier et retrouver vos articles quand vous en avez besoin, ce qui vous fait gagner du temps et vous \u00e9vite des tracas.<\/p>\n<p>Mat\u00e9riau et conception : fabriqu\u00e9s \u00e0 partir de mat\u00e9riau CPE de haute qualit\u00e9, nos sacs sont con\u00e7us avec des fermetures \u00e9clair durables et des trous de perm\u00e9abilit\u00e9 \u00e0 l&#039;air. Ces caract\u00e9ristiques permettent une expulsion facile de l&#039;air pendant le stockage, contribuant ainsi \u00e0 \u00e9conomiser de l&#039;espace et \u00e0 garder vos articles au frais. Le design \u00e9l\u00e9gant ajoute une touche d&#039;\u00e9l\u00e9gance \u00e0 vos solutions de rangement, ce qui en fait un ajout \u00e9l\u00e9gant \u00e0 n&#039;importe quelle garde-robe.<\/p>\n<p>En r\u00e9sum\u00e9, nos sacs personnalis\u00e9s pour v\u00eatements givr\u00e9s offrent le m\u00e9lange parfait de durabilit\u00e9, de fonctionnalit\u00e9 et de style. \u00c9levez votre marque et am\u00e9liorez votre exp\u00e9rience de stockage avec ces sacs de qualit\u00e9 sup\u00e9rieure.<\/p>","protected":false},"excerpt":{"rendered":"<table style=\"height: 360px; width: 100.741%; border-collapse: collapse; background-color: #ebebeb;\" border=\"2\">\n<tbody>\n<tr style=\"height: 40px;\">\n<td style=\"width: 22.6796%; height: 30px; background-color: #99ccff;\"><span style=\"font-family: arial, helvetica, sans-serif; font-size: 12pt;\"><strong>Dimensions et style<\/strong><\/span><\/td>\n<td style=\"width: 78.2121%; height: 30px; background-color: #99ccff;\"><span style=\"font-family: arial, helvetica, sans-serif; font-size: 12pt;\">Formes et tailles personnalis\u00e9es<\/span><\/td>\n<\/tr>\n<tr style=\"height: 40px;\">\n<td style=\"width: 22.6796%; height: 34px; background-color: #ebebeb;\"><span style=\"font-size: 12pt;\"><strong><span style=\"font-family: arial, helvetica, sans-serif;\">Quantit\u00e9 minimum d&#039;achat<\/span><\/strong><\/span><\/td>\n<td style=\"width: 78.2121%; height: 34px; background-color: #ebebeb;\"><span style=\"font-family: arial, helvetica, sans-serif; font-size: 12pt;\">1000 pi\u00e8ces sans personnalisation, 10000 pi\u00e8ces pour personnalisation\u00a0<\/span><\/td>\n<\/tr>\n<tr style=\"height: 40px; background-color: #99ccff;\">\n<td style=\"width: 22.6796%; height: 24px;\"><span style=\"font-size: 12pt;\"><strong><span style=\"font-family: arial, helvetica, sans-serif;\">Type d&#039;emballage<\/span><\/strong><\/span><\/td>\n<td style=\"width: 78.2121%; height: 24px;\"><span style=\"font-family: arial, helvetica, sans-serif; font-size: 12pt;\">Sacs d&#039;emballage de v\u00eatements<\/span><\/td>\n<\/tr>\n<tr style=\"height: 40px; background-color: #ebebeb;\">\n<td style=\"width: 22.6796%; height: 24px;\"><span style=\"font-size: 12pt;\"><strong><span style=\"font-family: arial, helvetica, sans-serif;\">Impression<\/span><\/strong><\/span><\/td>\n<td style=\"width: 78.2121%; height: 24px;\"><span style=\"font-family: arial, helvetica, sans-serif; font-size: 12pt;\">CMJN (1 \u00e0 10 couleurs), pas d&#039;impression (ordinaire)<\/span><\/td>\n<\/tr>\n<tr style=\"height: 40px; background-color: #99ccff;\">\n<td style=\"width: 22.6796%; height: 24px;\"><span style=\"font-size: 12pt;\"><strong><span style=\"font-family: arial, helvetica, sans-serif;\">Manipulation des surfaces<\/span><\/strong><\/span><\/td>\n<td style=\"width: 78.2121%; height: 24px;\"><span style=\"font-family: arial, helvetica, sans-serif; font-size: 12pt;\">Impression offset<\/span><\/td>\n<\/tr>\n<tr style=\"height: 40px; background-color: #ebebeb;\">\n<td style=\"width: 22.6796%; height: 24px;\"><span style=\"font-size: 12pt;\"><strong><span style=\"font-family: arial, helvetica, sans-serif;\">Material<\/span><\/strong><\/span><\/td>\n<td style=\"width: 78.2121%; height: 24px;\"><span style=\"font-family: arial, helvetica, sans-serif; font-size: 12pt;\">CPE, PE<\/span><\/td>\n<\/tr>\n<tr style=\"height: 40px; background-color: #99ccff;\">\n<td style=\"width: 22.6796%; height: 24px;\"><span style=\"font-size: 12pt;\"><strong><span style=\"font-family: arial, helvetica, sans-serif;\">Taille<\/span><\/strong><\/span><\/td>\n<td style=\"width: 78.2121%; height: 24px;\"><span style=\"font-family: arial, helvetica, sans-serif; font-size: 12pt;\">Personnalis\u00e9<\/span><\/td>\n<\/tr>\n<tr style=\"height: 40px; background-color: #ebebeb;\">\n<td style=\"width: 22.6796%; height: 24px;\"><span style=\"font-size: 12pt;\"><strong><span style=\"font-family: arial, helvetica, sans-serif;\">\u00c9paisseur<\/span><\/strong><\/span><\/td>\n<td style=\"width: 78.2121%; height: 24px;\"><span style=\"font-family: arial, helvetica, sans-serif; font-size: 12pt;\">80 microns pour les doubles c\u00f4t\u00e9s, acceptez l&#039;\u00e9paisseur personnalis\u00e9e<\/span><\/td>\n<\/tr>\n<tr style=\"height: 40px; background-color: #99ccff;\">\n<td style=\"width: 22.6796%; height: 24px;\"><span style=\"font-size: 12pt;\"><strong><span style=\"font-family: arial, helvetica, sans-serif;\">Exp\u00e9dition<\/span><\/strong><\/span><\/td>\n<td style=\"width: 78.2121%; height: 24px;\"><span style=\"font-family: arial, helvetica, sans-serif; font-size: 12pt;\">Air, Mer, Express<\/span><\/td>\n<\/tr>\n<tr style=\"height: 40px; background-color: #ebebeb;\">\n<td style=\"width: 22.6796%; height: 24px;\"><span style=\"font-size: 12pt;\"><strong><span style=\"font-family: arial, helvetica, sans-serif;\">D\u00e9lai d&#039;ex\u00e9cution<\/span><\/strong><\/span><\/td>\n<td style=\"width: 78.2121%; height: 24px;\"><span style=\"font-family: arial, helvetica, sans-serif; font-size: 12pt;\">7 \u00e0 15 jours ouvrables, RUSH<\/span><\/td>\n<\/tr>\n<\/tbody>\n<\/table>\n<p>&nbsp;<\/p>","protected":false},"featured_media":2414,"comment_status":"open","ping_status":"closed","template":"","meta":[],"product_brand":[],"product_cat":[31,21,18],"product_tag":[],"class_list":{"0":"post-2413","1":"product","2":"type-product","3":"status-publish","4":"has-post-thumbnail","6":"product_cat-clothing-packaging","7":"product_cat-opp-cpp-pe-cpe-single-material-bag","8":"product_cat-zipper-bags","10":"first","11":"instock","12":"shipping-taxable","13":"product-type-simple"},"_links":{"self":[{"href":"https:\/\/polysmarts.com\/fr\/wp-json\/wp\/v2\/product\/2413","targetHints":{"allow":["GET"]}}],"collection":[{"href":"https:\/\/polysmarts.com\/fr\/wp-json\/wp\/v2\/product"}],"about":[{"href":"https:\/\/polysmarts.com\/fr\/wp-json\/wp\/v2\/types\/product"}],"replies":[{"embeddable":true,"href":"https:\/\/polysmarts.com\/fr\/wp-json\/wp\/v2\/comments?post=2413"}],"version-history":[{"count":2,"href":"https:\/\/polysmarts.com\/fr\/wp-json\/wp\/v2\/product\/2413\/revisions"}],"predecessor-version":[{"id":2421,"href":"https:\/\/polysmarts.com\/fr\/wp-json\/wp\/v2\/product\/2413\/revisions\/2421"}],"wp:featuredmedia":[{"embeddable":true,"href":"https:\/\/polysmarts.com\/fr\/wp-json\/wp\/v2\/media\/2414"}],"wp:attachment":[{"href":"https:\/\/polysmarts.com\/fr\/wp-json\/wp\/v2\/media?parent=2413"}],"wp:term":[{"taxonomy":"product_brand","embeddable":true,"href":"https:\/\/polysmarts.com\/fr\/wp-json\/wp\/v2\/product_brand?post=2413"},{"taxonomy":"product_cat","embeddable":true,"href":"https:\/\/polysmarts.com\/fr\/wp-json\/wp\/v2\/product_cat?post=2413"},{"taxonomy":"product_tag","embeddable":true,"href":"https:\/\/polysmarts.com\/fr\/wp-json\/wp\/v2\/product_tag?post=2413"}],"curies":[{"name":"wp","href":"https:\/\/api.w.org\/{rel}","templated":true}]}}