{"id":2404,"date":"2024-04-01T09:06:05","date_gmt":"2024-04-01T09:06:05","guid":{"rendered":"https:\/\/polysmarts.com\/?post_type=product&#038;p=2404"},"modified":"2024-04-01T09:30:03","modified_gmt":"2024-04-01T09:30:03","slug":"sacs-demballage-de-vetements-personnalises-avec-fermeture-a-glissiere","status":"publish","type":"product","link":"https:\/\/polysmarts.com\/fr\/product\/custom-clothing-packaging-bags-with-zipper\/","title":{"rendered":"Sacs d&#039;emballage de v\u00eatements personnalis\u00e9s avec fermeture \u00e0 glissi\u00e8re"},"content":{"rendered":"<p>D\u00e9couvrez la polyvalence et la commodit\u00e9 de nos sacs d&#039;emballage de v\u00eatements personnalis\u00e9s, disponibles en diff\u00e9rentes tailles et \u00e9paisseurs pour r\u00e9pondre \u00e0 vos besoins sp\u00e9cifiques. En tant que fabricants, nous avons la capacit\u00e9 de personnaliser et d&#039;imprimer des logos, garantissant ainsi que vos solutions de stockage sont \u00e0 la fois pratiques et personnalis\u00e9es \u00e0 la perfection.<\/p>\n<p>Mat\u00e9riau durable : fabriqu\u00e9s \u00e0 partir de mati\u00e8re plastique souple et flexible, nos sacs en plastique imperm\u00e9ables de voyage sont con\u00e7us pour un usage r\u00e9p\u00e9t\u00e9. Ils sont \u00e9cologiques, l\u00e9gers et exceptionnellement durables, offrant une fiabilit\u00e9 durable pour vos besoins de stockage. De construction robuste, ces sacs restent en place lorsqu&#039;ils sont d\u00e9plac\u00e9s ou ferm\u00e9s, garantissant ainsi la s\u00e9curit\u00e9 de vos articles.<\/p>\n<p>Fermeture \u00e9clair solide et refermable : chaque sac en plastique pour le rangement des v\u00eatements dispose d&#039;une fermeture \u00e9clair robuste refermable avec un clip de fermeture pratique. Ce m\u00e9canisme de fermeture \u00e0 glissi\u00e8re permet un acc\u00e8s et une fermeture faciles, gardant vos affaires organis\u00e9es et s\u00e9curis\u00e9es. La conception claire du sac permet une identification rapide du contenu, ce qui facilite l&#039;organisation des tenues s\u00e9par\u00e9ment et s\u00e9pare les v\u00eatements propres et sales tout en \u00e9conomisant de l&#039;espace.<\/p>\n<p>Trous d&#039;a\u00e9ration pour plus de commodit\u00e9 : \u00e9quip\u00e9s de trous d&#039;a\u00e9ration au fond, nos sacs en plastique emp\u00eachent les articles de se gonfler tout en assurant la ventilation. Cette fonctionnalit\u00e9 est id\u00e9ale pour ranger les v\u00eatements, les garder propres, sans poussi\u00e8re et r\u00e9sistants \u00e0 l&#039;humidit\u00e9, garantissant ainsi qu&#039;ils restent en parfait \u00e9tat.<\/p>\n<p>Application de sacs d&#039;emballage de v\u00eatements personnalis\u00e9s peu encombrants : nos sacs noirs transparents \u00e0 fermeture \u00e9clair sont polyvalents et adapt\u00e9s \u00e0 une large gamme d&#039;applications, y compris le stockage de v\u00eatements, les solutions de vente au d\u00e9tail, les produits \u00e9lectroniques, les cosm\u00e9tiques, les produits de voyage, et plus encore. Ils sont \u00e9galement parfaits comme sacs de courses priv\u00e9s ou comme cadeaux attentionn\u00e9s pour les amis, la famille et les proches.<\/p>\n<p>En r\u00e9sum\u00e9, nos sacs d&#039;emballage de v\u00eatements personnalis\u00e9s offrent des options de praticit\u00e9, de durabilit\u00e9 et de personnalisation adapt\u00e9es \u00e0 vos besoins. D\u00e9couvrez la commodit\u00e9 d&#039;un rangement organis\u00e9 avec nos sacs fiables et polyvalents.<\/p>","protected":false},"excerpt":{"rendered":"<table style=\"height: 360px; width: 100.741%; border-collapse: collapse; background-color: #ebebeb;\" border=\"2\">\n<tbody>\n<tr style=\"height: 40px;\">\n<td style=\"width: 22.6796%; height: 30px; background-color: #99ccff;\"><span style=\"font-family: arial, helvetica, sans-serif; font-size: 12pt;\"><strong>Dimensions et style<\/strong><\/span><\/td>\n<td style=\"width: 78.2121%; height: 30px; background-color: #99ccff;\"><span style=\"font-family: arial, helvetica, sans-serif; font-size: 12pt;\">Formes et tailles personnalis\u00e9es<\/span><\/td>\n<\/tr>\n<tr style=\"height: 40px;\">\n<td style=\"width: 22.6796%; height: 34px; background-color: #ebebeb;\"><span style=\"font-size: 12pt;\"><strong><span style=\"font-family: arial, helvetica, sans-serif;\">Quantit\u00e9 minimum d&#039;achat<\/span><\/strong><\/span><\/td>\n<td style=\"width: 78.2121%; height: 34px; background-color: #ebebeb;\"><span style=\"font-family: arial, helvetica, sans-serif; font-size: 12pt;\">1000 pi\u00e8ces sans personnalisation, 10000 pi\u00e8ces pour personnalisation\u00a0<\/span><\/td>\n<\/tr>\n<tr style=\"height: 40px; background-color: #99ccff;\">\n<td style=\"width: 22.6796%; height: 24px;\"><span style=\"font-size: 12pt;\"><strong><span style=\"font-family: arial, helvetica, sans-serif;\">Type d&#039;emballage<\/span><\/strong><\/span><\/td>\n<td style=\"width: 78.2121%; height: 24px;\"><span style=\"font-family: arial, helvetica, sans-serif; font-size: 12pt;\">Sacs d&#039;emballage de v\u00eatements personnalis\u00e9s<\/span><\/td>\n<\/tr>\n<tr style=\"height: 40px; background-color: #ebebeb;\">\n<td style=\"width: 22.6796%; height: 24px;\"><span style=\"font-size: 12pt;\"><strong><span style=\"font-family: arial, helvetica, sans-serif;\">Impression<\/span><\/strong><\/span><\/td>\n<td style=\"width: 78.2121%; height: 24px;\"><span style=\"font-family: arial, helvetica, sans-serif; font-size: 12pt;\">CMJN (1 \u00e0 10 couleurs), pas d&#039;impression (ordinaire)<\/span><\/td>\n<\/tr>\n<tr style=\"height: 40px; background-color: #99ccff;\">\n<td style=\"width: 22.6796%; height: 24px;\"><span style=\"font-size: 12pt;\"><strong><span style=\"font-family: arial, helvetica, sans-serif;\">Manipulation des surfaces<\/span><\/strong><\/span><\/td>\n<td style=\"width: 78.2121%; height: 24px;\"><span style=\"font-family: arial, helvetica, sans-serif; font-size: 12pt;\">Impression offset<\/span><\/td>\n<\/tr>\n<tr style=\"height: 40px; background-color: #ebebeb;\">\n<td style=\"width: 22.6796%; height: 24px;\"><span style=\"font-size: 12pt;\"><strong><span style=\"font-family: arial, helvetica, sans-serif;\">Material<\/span><\/strong><\/span><\/td>\n<td style=\"width: 78.2121%; height: 24px;\"><span style=\"font-family: arial, helvetica, sans-serif; font-size: 12pt;\">CPE, PE<\/span><\/td>\n<\/tr>\n<tr style=\"height: 40px; background-color: #99ccff;\">\n<td style=\"width: 22.6796%; height: 24px;\"><span style=\"font-size: 12pt;\"><strong><span style=\"font-family: arial, helvetica, sans-serif;\">Taille<\/span><\/strong><\/span><\/td>\n<td style=\"width: 78.2121%; height: 24px;\"><span style=\"font-family: arial, helvetica, sans-serif; font-size: 12pt;\">Personnalis\u00e9<\/span><\/td>\n<\/tr>\n<tr style=\"height: 40px; background-color: #ebebeb;\">\n<td style=\"width: 22.6796%; height: 24px;\"><span style=\"font-size: 12pt;\"><strong><span style=\"font-family: arial, helvetica, sans-serif;\">\u00c9paisseur<\/span><\/strong><\/span><\/td>\n<td style=\"width: 78.2121%; height: 24px;\"><span style=\"font-family: arial, helvetica, sans-serif; font-size: 12pt;\">100 microns pour les doubles c\u00f4t\u00e9s, acceptez l&#039;\u00e9paisseur personnalis\u00e9e<\/span><\/td>\n<\/tr>\n<tr style=\"height: 40px; background-color: #99ccff;\">\n<td style=\"width: 22.6796%; height: 24px;\"><span style=\"font-size: 12pt;\"><strong><span style=\"font-family: arial, helvetica, sans-serif;\">Exp\u00e9dition<\/span><\/strong><\/span><\/td>\n<td style=\"width: 78.2121%; height: 24px;\"><span style=\"font-family: arial, helvetica, sans-serif; font-size: 12pt;\">Air, Mer, Express<\/span><\/td>\n<\/tr>\n<tr style=\"height: 40px; background-color: #ebebeb;\">\n<td style=\"width: 22.6796%; height: 24px;\"><span style=\"font-size: 12pt;\"><strong><span style=\"font-family: arial, helvetica, sans-serif;\">D\u00e9lai d&#039;ex\u00e9cution<\/span><\/strong><\/span><\/td>\n<td style=\"width: 78.2121%; height: 24px;\"><span style=\"font-family: arial, helvetica, sans-serif; font-size: 12pt;\">7 \u00e0 15 jours ouvrables, RUSH<\/span><\/td>\n<\/tr>\n<\/tbody>\n<\/table>\n<p>&nbsp;<\/p>","protected":false},"featured_media":2406,"comment_status":"open","ping_status":"closed","template":"","meta":[],"product_brand":[],"product_cat":[31,21,18],"product_tag":[],"class_list":{"0":"post-2404","1":"product","2":"type-product","3":"status-publish","4":"has-post-thumbnail","6":"product_cat-clothing-packaging","7":"product_cat-opp-cpp-pe-cpe-single-material-bag","8":"product_cat-zipper-bags","10":"first","11":"instock","12":"shipping-taxable","13":"product-type-simple"},"_links":{"self":[{"href":"https:\/\/polysmarts.com\/fr\/wp-json\/wp\/v2\/product\/2404","targetHints":{"allow":["GET"]}}],"collection":[{"href":"https:\/\/polysmarts.com\/fr\/wp-json\/wp\/v2\/product"}],"about":[{"href":"https:\/\/polysmarts.com\/fr\/wp-json\/wp\/v2\/types\/product"}],"replies":[{"embeddable":true,"href":"https:\/\/polysmarts.com\/fr\/wp-json\/wp\/v2\/comments?post=2404"}],"version-history":[{"count":2,"href":"https:\/\/polysmarts.com\/fr\/wp-json\/wp\/v2\/product\/2404\/revisions"}],"predecessor-version":[{"id":2412,"href":"https:\/\/polysmarts.com\/fr\/wp-json\/wp\/v2\/product\/2404\/revisions\/2412"}],"wp:featuredmedia":[{"embeddable":true,"href":"https:\/\/polysmarts.com\/fr\/wp-json\/wp\/v2\/media\/2406"}],"wp:attachment":[{"href":"https:\/\/polysmarts.com\/fr\/wp-json\/wp\/v2\/media?parent=2404"}],"wp:term":[{"taxonomy":"product_brand","embeddable":true,"href":"https:\/\/polysmarts.com\/fr\/wp-json\/wp\/v2\/product_brand?post=2404"},{"taxonomy":"product_cat","embeddable":true,"href":"https:\/\/polysmarts.com\/fr\/wp-json\/wp\/v2\/product_cat?post=2404"},{"taxonomy":"product_tag","embeddable":true,"href":"https:\/\/polysmarts.com\/fr\/wp-json\/wp\/v2\/product_tag?post=2404"}],"curies":[{"name":"wp","href":"https:\/\/api.w.org\/{rel}","templated":true}]}}