{"id":2394,"date":"2024-04-01T08:35:52","date_gmt":"2024-04-01T08:35:52","guid":{"rendered":"https:\/\/polysmarts.com\/?post_type=product&#038;p=2394"},"modified":"2024-04-01T09:01:52","modified_gmt":"2024-04-01T09:01:52","slug":"sac-demballage-a-glissiere-a-glissiere-cpe-pour-vetement-noir","status":"publish","type":"product","link":"https:\/\/polysmarts.com\/fr\/product\/black-garment-cpe-slider-zipper-packaging-bag\/","title":{"rendered":"Sac d&#039;emballage noir de tirette de curseur de CPE de v\u00eatement"},"content":{"rendered":"<p>Pr\u00e9sentation de notre sac d&#039;emballage noir givr\u00e9 \u00e0 fermeture \u00e9clair, con\u00e7u pour fournir une protection et une organisation robustes pour vos v\u00eatements et effets personnels. Avec des options de tailles et d&#039;\u00e9paisseur personnalis\u00e9es disponibles, ces sacs sont polyvalents et fiables pour une vari\u00e9t\u00e9 de besoins de stockage.<\/p>\n<p>Fermeture \u00e9clair refermable : le sac d&#039;emballage \u00e0 fermeture \u00e9clair dispose d&#039;une fermeture \u00e9clair refermable, permettant une fermeture facile et instantan\u00e9e sans avoir besoin de scellants ou de ruban adh\u00e9sif suppl\u00e9mentaires. Cela acc\u00e9l\u00e8re les op\u00e9rations d\u2019emballage, d\u2019exp\u00e9dition et de courrier tout en prot\u00e9geant efficacement vos v\u00eatements et effets personnels de la poussi\u00e8re, des odeurs et de l\u2019humidit\u00e9.<\/p>\n<p>C\u00f4t\u00e9s renforc\u00e9s : construits avec des c\u00f4t\u00e9s renforc\u00e9s, nos sacs en poly\u00e9thyl\u00e8ne \u00e0 fermeture \u00e9clair givr\u00e9e offrent une durabilit\u00e9 et une r\u00e9sistance am\u00e9lior\u00e9es. Ils sont con\u00e7us pour mieux r\u00e9sister aux d\u00e9chirures, aux fentes et aux d\u00e9chirures, offrant ainsi une protection fiable \u00e0 votre marchandise pendant le stockage, l&#039;exp\u00e9dition et l&#039;envoi.<\/p>\n<p>Conception de fermeture \u00e9clair : dot\u00e9s d&#039;une fermeture \u00e9clair en plastique avec un trou rond, nos sacs garantissent une ouverture et une fermeture fluides et sans effort. Ce d\u00e9tail de conception am\u00e9liore la commodit\u00e9 et la convivialit\u00e9, facilitant l&#039;acc\u00e8s \u00e0 vos affaires en cas de besoin.<\/p>\n<p>Utilisations : le film givr\u00e9 de nos sacs leur donne un look \u00e9l\u00e9gant et professionnel, ce qui les rend id\u00e9aux pour l&#039;organisation de la maison, l&#039;emballage de voyage et l&#039;exp\u00e9dition professionnelle. Ils sont parfaits pour emballer et envoyer des v\u00eatements, des t-shirts, des pulls, des jouets, des chaussures, des sous-v\u00eatements, des leggings, des d\u00e9bardeurs, des v\u00eatements, des \u0153uvres d&#039;art, des photos, des impressions, des fichiers, des cosm\u00e9tiques, des c\u00e2bles USB, des brochures et bien plus encore. Avec ces sacs, vous pouvez tout ranger pour garder votre vie organis\u00e9e.<\/p>\n<p>En r\u00e9sum\u00e9, nos sacs d&#039;emballage \u00e0 fermeture \u00e9clair noire pour v\u00eatements CPE offrent une solution pratique et fiable pour organiser et prot\u00e9ger vos effets personnels. Faites confiance \u00e0 leur durabilit\u00e9 et \u00e0 leur fonctionnalit\u00e9 pour rationaliser vos processus de stockage et d&#039;exp\u00e9dition tout en gardant vos articles en s\u00e9curit\u00e9.<\/p>","protected":false},"excerpt":{"rendered":"<table style=\"height: 360px; width: 100.741%; border-collapse: collapse; background-color: #ebebeb;\" border=\"2\">\n<tbody>\n<tr style=\"height: 40px;\">\n<td style=\"width: 22.6796%; height: 30px; background-color: #99ccff;\"><span style=\"font-family: arial, helvetica, sans-serif; font-size: 12pt;\"><strong>Dimensions et style<\/strong><\/span><\/td>\n<td style=\"width: 78.2121%; height: 30px; background-color: #99ccff;\"><span style=\"font-family: arial, helvetica, sans-serif; font-size: 12pt;\">Formes et tailles personnalis\u00e9es<\/span><\/td>\n<\/tr>\n<tr style=\"height: 40px;\">\n<td style=\"width: 22.6796%; height: 34px; background-color: #ebebeb;\"><span style=\"font-size: 12pt;\"><strong><span style=\"font-family: arial, helvetica, sans-serif;\">Quantit\u00e9 minimum d&#039;achat<\/span><\/strong><\/span><\/td>\n<td style=\"width: 78.2121%; height: 34px; background-color: #ebebeb;\"><span style=\"font-family: arial, helvetica, sans-serif; font-size: 12pt;\">1000 pi\u00e8ces sans personnalisation, 10000 pi\u00e8ces pour personnalisation\u00a0<\/span><\/td>\n<\/tr>\n<tr style=\"height: 40px; background-color: #99ccff;\">\n<td style=\"width: 22.6796%; height: 24px;\"><span style=\"font-size: 12pt;\"><strong><span style=\"font-family: arial, helvetica, sans-serif;\">Type d&#039;emballage<\/span><\/strong><\/span><\/td>\n<td style=\"width: 78.2121%; height: 24px;\"><span style=\"font-family: arial, helvetica, sans-serif; font-size: 12pt;\">Sac d&#039;emballage \u00e0 glissi\u00e8re CPE pour v\u00eatement<\/span><\/td>\n<\/tr>\n<tr style=\"height: 40px; background-color: #ebebeb;\">\n<td style=\"width: 22.6796%; height: 24px;\"><span style=\"font-size: 12pt;\"><strong><span style=\"font-family: arial, helvetica, sans-serif;\">Impression<\/span><\/strong><\/span><\/td>\n<td style=\"width: 78.2121%; height: 24px;\"><span style=\"font-family: arial, helvetica, sans-serif; font-size: 12pt;\">CMJN (1 \u00e0 10 couleurs), pas d&#039;impression (ordinaire)<\/span><\/td>\n<\/tr>\n<tr style=\"height: 40px; background-color: #99ccff;\">\n<td style=\"width: 22.6796%; height: 24px;\"><span style=\"font-size: 12pt;\"><strong><span style=\"font-family: arial, helvetica, sans-serif;\">Manipulation des surfaces<\/span><\/strong><\/span><\/td>\n<td style=\"width: 78.2121%; height: 24px;\"><span style=\"font-family: arial, helvetica, sans-serif; font-size: 12pt;\">Impression offset<\/span><\/td>\n<\/tr>\n<tr style=\"height: 40px; background-color: #ebebeb;\">\n<td style=\"width: 22.6796%; height: 24px;\"><span style=\"font-size: 12pt;\"><strong><span style=\"font-family: arial, helvetica, sans-serif;\">Material<\/span><\/strong><\/span><\/td>\n<td style=\"width: 78.2121%; height: 24px;\"><span style=\"font-family: arial, helvetica, sans-serif; font-size: 12pt;\">EPC, EPI<\/span><\/td>\n<\/tr>\n<tr style=\"height: 40px; background-color: #99ccff;\">\n<td style=\"width: 22.6796%; height: 24px;\"><span style=\"font-size: 12pt;\"><strong><span style=\"font-family: arial, helvetica, sans-serif;\">Taille<\/span><\/strong><\/span><\/td>\n<td style=\"width: 78.2121%; height: 24px;\"><span style=\"font-family: arial, helvetica, sans-serif; font-size: 12pt;\">Personnalis\u00e9<\/span><\/td>\n<\/tr>\n<tr style=\"height: 40px; background-color: #ebebeb;\">\n<td style=\"width: 22.6796%; height: 24px;\"><span style=\"font-size: 12pt;\"><strong><span style=\"font-family: arial, helvetica, sans-serif;\">\u00c9paisseur<\/span><\/strong><\/span><\/td>\n<td style=\"width: 78.2121%; height: 24px;\"><span style=\"font-family: arial, helvetica, sans-serif; font-size: 12pt;\">100 microns pour les doubles c\u00f4t\u00e9s, acceptez l&#039;\u00e9paisseur personnalis\u00e9e<\/span><\/td>\n<\/tr>\n<tr style=\"height: 40px; background-color: #99ccff;\">\n<td style=\"width: 22.6796%; height: 24px;\"><span style=\"font-size: 12pt;\"><strong><span style=\"font-family: arial, helvetica, sans-serif;\">Exp\u00e9dition<\/span><\/strong><\/span><\/td>\n<td style=\"width: 78.2121%; height: 24px;\"><span style=\"font-family: arial, helvetica, sans-serif; font-size: 12pt;\">Air, Mer, Express<\/span><\/td>\n<\/tr>\n<tr style=\"height: 40px; background-color: #ebebeb;\">\n<td style=\"width: 22.6796%; height: 24px;\"><span style=\"font-size: 12pt;\"><strong><span style=\"font-family: arial, helvetica, sans-serif;\">D\u00e9lai d&#039;ex\u00e9cution<\/span><\/strong><\/span><\/td>\n<td style=\"width: 78.2121%; height: 24px;\"><span style=\"font-family: arial, helvetica, sans-serif; font-size: 12pt;\">7 \u00e0 15 jours ouvrables, RUSH<\/span><\/td>\n<\/tr>\n<\/tbody>\n<\/table>\n<p>&nbsp;<\/p>","protected":false},"featured_media":2395,"comment_status":"open","ping_status":"closed","template":"","meta":[],"product_brand":[],"product_cat":[31,21,18],"product_tag":[],"class_list":{"0":"post-2394","1":"product","2":"type-product","3":"status-publish","4":"has-post-thumbnail","6":"product_cat-clothing-packaging","7":"product_cat-opp-cpp-pe-cpe-single-material-bag","8":"product_cat-zipper-bags","10":"first","11":"instock","12":"shipping-taxable","13":"product-type-simple"},"_links":{"self":[{"href":"https:\/\/polysmarts.com\/fr\/wp-json\/wp\/v2\/product\/2394","targetHints":{"allow":["GET"]}}],"collection":[{"href":"https:\/\/polysmarts.com\/fr\/wp-json\/wp\/v2\/product"}],"about":[{"href":"https:\/\/polysmarts.com\/fr\/wp-json\/wp\/v2\/types\/product"}],"replies":[{"embeddable":true,"href":"https:\/\/polysmarts.com\/fr\/wp-json\/wp\/v2\/comments?post=2394"}],"version-history":[{"count":3,"href":"https:\/\/polysmarts.com\/fr\/wp-json\/wp\/v2\/product\/2394\/revisions"}],"predecessor-version":[{"id":2403,"href":"https:\/\/polysmarts.com\/fr\/wp-json\/wp\/v2\/product\/2394\/revisions\/2403"}],"wp:featuredmedia":[{"embeddable":true,"href":"https:\/\/polysmarts.com\/fr\/wp-json\/wp\/v2\/media\/2395"}],"wp:attachment":[{"href":"https:\/\/polysmarts.com\/fr\/wp-json\/wp\/v2\/media?parent=2394"}],"wp:term":[{"taxonomy":"product_brand","embeddable":true,"href":"https:\/\/polysmarts.com\/fr\/wp-json\/wp\/v2\/product_brand?post=2394"},{"taxonomy":"product_cat","embeddable":true,"href":"https:\/\/polysmarts.com\/fr\/wp-json\/wp\/v2\/product_cat?post=2394"},{"taxonomy":"product_tag","embeddable":true,"href":"https:\/\/polysmarts.com\/fr\/wp-json\/wp\/v2\/product_tag?post=2394"}],"curies":[{"name":"wp","href":"https:\/\/api.w.org\/{rel}","templated":true}]}}