{"id":2385,"date":"2024-04-01T08:12:02","date_gmt":"2024-04-01T08:12:02","guid":{"rendered":"https:\/\/polysmarts.com\/?post_type=product&#038;p=2385"},"modified":"2024-04-23T03:28:38","modified_gmt":"2024-04-23T03:28:38","slug":"sacs-antistatiques-refermables-emballage-esd","status":"publish","type":"product","link":"https:\/\/polysmarts.com\/fr\/product\/resealable-anti-static-bags-esd-packaging\/","title":{"rendered":"Sacs antistatiques refermables, emballage ESD"},"content":{"rendered":"<p>Pr\u00e9sentation de nos sacs antistatiques refermables, con\u00e7us pour les emballages ESD (d\u00e9charge \u00e9lectrostatique) afin de prot\u00e9ger les composants \u00e9lectroniques d\u00e9licats. Ces sacs offrent une gamme de fonctionnalit\u00e9s pour assurer \u00e0 la fois la protection et la visibilit\u00e9 de vos objets de valeur.<\/p>\n<p>S\u00e9curit\u00e9 et protection de l&#039;environnement : nos sacs antistatiques sont fabriqu\u00e9s \u00e0 partir de CPP de haute qualit\u00e9 avec un film aluminis\u00e9, offrant une durabilit\u00e9 et une protection exceptionnelles. Avec une performance \u00e0 haute et basse temp\u00e9rature de \u00b1500\u00b0C, ces sacs sont non toxiques, respectueux de l&#039;environnement et sans danger pour l&#039;environnement.<\/p>\n<p>Ceinture d&#039;\u00e9tanch\u00e9it\u00e9 de maintien : \u00e9quip\u00e9s d&#039;une ceinture d&#039;\u00e9tanch\u00e9it\u00e9 de maintien, ces sacs antistatiques offrent des performances d&#039;\u00e9tanch\u00e9it\u00e9 \u00e9lev\u00e9es, assurant une protection \u00e9tanche et r\u00e9sistante \u00e0 l&#039;humidit\u00e9 pour vos composants \u00e9lectroniques. Avec un indice de r\u00e9sistance \u00e0 l&#039;humidit\u00e9 de classe II, ils peuvent \u00e9galement \u00eatre scell\u00e9s sous vide pour \u00e9viter l&#039;oxydation.<\/p>\n<p>Conception pratique : dot\u00e9s d&#039;une conception \u00e0 fermeture \u00e9clair refermable, nos sacs antistatiques sont refermables et faciles \u00e0 utiliser, \u00e9liminant le besoin d&#039;\u00e9quipement de scellage suppl\u00e9mentaire. Cette conception pratique am\u00e9liore la commodit\u00e9 et l\u2019efficacit\u00e9 de l\u2019emballage et du stockage des appareils \u00e9lectroniques.<\/p>\n<p>Sac translucide : le design translucide de nos sacs vous permet de pr\u00e9senter facilement vos produits aux clients ou de les exposer dans des armoires sans compromettre la protection. Cette visibilit\u00e9 permet d&#039;\u00e9viter que vos produits ne se salissent \u00e0 cause de la poussi\u00e8re ou de l&#039;oxydation, garantissant ainsi qu&#039;ils restent impeccables jusqu&#039;\u00e0 leur utilisation.<\/p>\n<p>En r\u00e9sum\u00e9, nos sacs antistatiques refermables offrent une solution fiable et pratique pour l&#039;emballage ESD, offrant \u00e0 la fois protection et visibilit\u00e9 \u00e0 vos composants \u00e9lectroniques. Faites confiance \u00e0 nos sacs pour prot\u00e9ger vos objets de valeur et maintenir leur qualit\u00e9 pendant le stockage et le transport.<\/p>","protected":false},"excerpt":{"rendered":"<table style=\"height: 360px; width: 99.8505%; border-collapse: collapse;\" border=\"2\">\n<tbody>\n<tr style=\"height: 40px;\">\n<td style=\"width: 22.6796%; height: 30px; background-color: #99ccff;\"><span style=\"font-family: arial, helvetica, sans-serif; font-size: 12pt;\"><strong>Dimensions et style<\/strong><\/span><\/td>\n<td style=\"width: 77.3204%; height: 30px; background-color: #99ccff;\"><span style=\"font-family: arial, helvetica, sans-serif; font-size: 12pt;\">Formes et tailles personnalis\u00e9es<\/span><\/td>\n<\/tr>\n<tr style=\"height: 40px;\">\n<td style=\"width: 22.6796%; height: 34px; background-color: #ebebeb;\"><span style=\"font-size: 12pt;\"><strong><span style=\"font-family: arial, helvetica, sans-serif;\">Quantit\u00e9 minimum d&#039;achat<\/span><\/strong><\/span><\/td>\n<td style=\"width: 77.3204%; height: 34px; background-color: #ebebeb;\"><span style=\"font-family: arial, helvetica, sans-serif; font-size: 12pt;\">1000 pi\u00e8ces sans personnalisation, 10000 pi\u00e8ces pour personnalisation<\/span><\/td>\n<\/tr>\n<tr style=\"height: 40px; background-color: #99ccff;\">\n<td style=\"width: 22.6796%; height: 24px;\"><span style=\"font-size: 12pt;\"><strong><span style=\"font-family: arial, helvetica, sans-serif;\">Type d&#039;emballage<\/span><\/strong><\/span><\/td>\n<td style=\"width: 77.3204%; height: 24px;\"><span style=\"font-family: arial, helvetica, sans-serif; font-size: 12pt;\">Sacs antistatiques<\/span><\/td>\n<\/tr>\n<tr style=\"height: 40px; background-color: #ebebeb;\">\n<td style=\"width: 22.6796%; height: 24px;\"><span style=\"font-size: 12pt;\"><strong><span style=\"font-family: arial, helvetica, sans-serif;\">Impression<\/span><\/strong><\/span><\/td>\n<td style=\"width: 77.3204%; height: 24px;\"><span style=\"font-family: arial, helvetica, sans-serif; font-size: 12pt;\">CMJN (1 \u00e0 10 couleurs), pas d&#039;impression (ordinaire)<\/span><\/td>\n<\/tr>\n<tr style=\"height: 40px; background-color: #99ccff;\">\n<td style=\"width: 22.6796%; height: 24px;\"><span style=\"font-size: 12pt;\"><strong><span style=\"font-family: arial, helvetica, sans-serif;\">Material<\/span><\/strong><\/span><\/td>\n<td style=\"width: 77.3204%; height: 24px;\"><span style=\"font-family: arial, helvetica, sans-serif; font-size: 12pt;\">OPP\/CPP antistatique<\/span><\/td>\n<\/tr>\n<tr style=\"height: 40px; background-color: #ebebeb;\">\n<td style=\"width: 22.6796%; height: 24px;\"><span style=\"font-size: 12pt;\"><strong><span style=\"font-family: arial, helvetica, sans-serif;\">Options incluses<\/span><\/strong><\/span><\/td>\n<td style=\"width: 77.3204%; height: 24px;\"><span style=\"font-family: arial, helvetica, sans-serif; font-size: 12pt;\">D\u00e9coupe, thermoscellage<\/span><\/td>\n<\/tr>\n<tr style=\"height: 40px; background-color: #99ccff;\">\n<td style=\"width: 22.6796%; height: 24px;\"><span style=\"font-size: 12pt;\"><strong><span style=\"font-family: arial, helvetica, sans-serif;\">Preuve<\/span><\/strong><\/span><\/td>\n<td style=\"width: 77.3204%; height: 24px;\"><span style=\"font-family: arial, helvetica, sans-serif; font-size: 12pt;\">Preuves d&#039;odeur\u00a0<\/span><\/td>\n<\/tr>\n<tr style=\"height: 40px; background-color: #ebebeb;\">\n<td style=\"width: 22.6796%; height: 24px;\"><span style=\"font-size: 12pt;\"><strong><span style=\"font-family: arial, helvetica, sans-serif;\">D\u00e9lai d&#039;ex\u00e9cution<\/span><\/strong><\/span><\/td>\n<td style=\"width: 77.3204%; height: 24px;\"><span style=\"font-family: arial, helvetica, sans-serif; font-size: 12pt;\">7 \u00e0 15 jours ouvrables, RUSH<\/span><\/td>\n<\/tr>\n<tr style=\"height: 40px; background-color: #99ccff;\">\n<td style=\"width: 22.6796%; height: 24px;\"><span style=\"font-size: 12pt;\"><strong><span style=\"font-family: arial, helvetica, sans-serif;\">Exp\u00e9dition<\/span><\/strong><\/span><\/td>\n<td style=\"width: 77.3204%; height: 24px;\"><span style=\"font-family: arial, helvetica, sans-serif; font-size: 12pt;\">Air, Mer, Express<\/span><\/td>\n<\/tr>\n<\/tbody>\n<\/table>\n<p>&nbsp;<\/p>","protected":false},"featured_media":2825,"comment_status":"open","ping_status":"closed","template":"","meta":[],"product_brand":[],"product_cat":[32,18],"product_tag":[],"class_list":{"0":"post-2385","1":"product","2":"type-product","3":"status-publish","4":"has-post-thumbnail","6":"product_cat-3c-packaging","7":"product_cat-zipper-bags","9":"first","10":"instock","11":"shipping-taxable","12":"product-type-simple"},"_links":{"self":[{"href":"https:\/\/polysmarts.com\/fr\/wp-json\/wp\/v2\/product\/2385","targetHints":{"allow":["GET"]}}],"collection":[{"href":"https:\/\/polysmarts.com\/fr\/wp-json\/wp\/v2\/product"}],"about":[{"href":"https:\/\/polysmarts.com\/fr\/wp-json\/wp\/v2\/types\/product"}],"replies":[{"embeddable":true,"href":"https:\/\/polysmarts.com\/fr\/wp-json\/wp\/v2\/comments?post=2385"}],"version-history":[{"count":3,"href":"https:\/\/polysmarts.com\/fr\/wp-json\/wp\/v2\/product\/2385\/revisions"}],"predecessor-version":[{"id":2854,"href":"https:\/\/polysmarts.com\/fr\/wp-json\/wp\/v2\/product\/2385\/revisions\/2854"}],"wp:featuredmedia":[{"embeddable":true,"href":"https:\/\/polysmarts.com\/fr\/wp-json\/wp\/v2\/media\/2825"}],"wp:attachment":[{"href":"https:\/\/polysmarts.com\/fr\/wp-json\/wp\/v2\/media?parent=2385"}],"wp:term":[{"taxonomy":"product_brand","embeddable":true,"href":"https:\/\/polysmarts.com\/fr\/wp-json\/wp\/v2\/product_brand?post=2385"},{"taxonomy":"product_cat","embeddable":true,"href":"https:\/\/polysmarts.com\/fr\/wp-json\/wp\/v2\/product_cat?post=2385"},{"taxonomy":"product_tag","embeddable":true,"href":"https:\/\/polysmarts.com\/fr\/wp-json\/wp\/v2\/product_tag?post=2385"}],"curies":[{"name":"wp","href":"https:\/\/api.w.org\/{rel}","templated":true}]}}