{"id":2360,"date":"2024-04-01T06:05:38","date_gmt":"2024-04-01T06:05:38","guid":{"rendered":"https:\/\/polysmarts.com\/?post_type=product&#038;p=2360"},"modified":"2025-10-14T08:33:54","modified_gmt":"2025-10-14T00:33:54","slug":"sacs-en-cellophane-transparent-a-soufflets-pour-emballage-de-pain-100-pieces","status":"publish","type":"product","link":"https:\/\/polysmarts.com\/fr\/product\/gusseted-clear-cellophane-bags-for-bread-packaging100pcs\/","title":{"rendered":"Sacs en cellophane transparents \u00e0 soufflets pour emballage de pain (100 pi\u00e8ces)"},"content":{"rendered":"<p>Am\u00e9liorez votre emballage de pain grill\u00e9 avec nos sacs en cellophane transparent \u00e0 soufflets de qualit\u00e9 sup\u00e9rieure. Fabriqu\u00e9s en plastique de haute qualit\u00e9, ces sacs offrent une durabilit\u00e9 et une fiabilit\u00e9 maximales, garantissant que vos produits sont bien prot\u00e9g\u00e9s et joliment pr\u00e9sent\u00e9s.<\/p>\n<p>Construction haut de gamme : nos pochettes en plastique sont fabriqu\u00e9es \u00e0 partir de mat\u00e9riaux de haute qualit\u00e9, garantissant une durabilit\u00e9 exceptionnelle. Les soufflets thermoscell\u00e9s emp\u00eachent les fuites, ce qui rend ces sacs parfaits pour les applications d&#039;emballage alimentaire o\u00f9 la fra\u00eecheur est primordiale.<\/p>\n<p>Gardez les collations fra\u00eeches : con\u00e7us pour r\u00e9sister aux d\u00e9chirures, ces sacs d&#039;emballage de bonbons sont thermoscellables, vous permettant de conserver la fra\u00eecheur et de pr\u00e9server le go\u00fbt de votre pain grill\u00e9 tout au long de la journ\u00e9e. Dites adieu aux collations rassis gr\u00e2ce \u00e0 notre solution d&#039;emballage fiable.<\/p>\n<p>Sp\u00e9cialement con\u00e7us : ces sacs thermoscell\u00e9s comportent des soufflets et un fond plat, ainsi qu&#039;un insert en papier qui leur permet de tenir debout. Ce design unique am\u00e9liore non seulement la pr\u00e9sentation de vos p\u00e2tisseries, mais ajoute \u00e9galement une touche d&#039;\u00e9l\u00e9gance \u00e0 vos cadeaux de f\u00eate et \u00e0 vos plats \u00e0 emporter.<\/p>\n<p>Id\u00e9al pour les f\u00eates et les occasions sp\u00e9ciales : que vous organisiez une f\u00eate ou c\u00e9l\u00e9briez une occasion sp\u00e9ciale, nos sacs en cellophane transparent \u00e0 soufflets sont le choix parfait pour cr\u00e9er des sacs \u00e0 cadeaux sophistiqu\u00e9s. Leur design \u00e9l\u00e9gant les rend adapt\u00e9s \u00e0 un large \u00e9ventail d&#039;\u00e9v\u00e9nements, garantissant que vos friandises sont pr\u00e9sent\u00e9es avec style.<\/p>\n<p>En r\u00e9sum\u00e9, nos sacs en cellophane transparent \u00e0 soufflets de qualit\u00e9 sup\u00e9rieure sont la solution d&#039;emballage id\u00e9ale pour le pain grill\u00e9 et autres produits de boulangerie. Avec leur construction durable, leurs capacit\u00e9s de pr\u00e9servation de la fra\u00eecheur et leur design \u00e9l\u00e9gant, ils sauront vous impressionner, vous et vos clients.<\/p>","protected":false},"excerpt":{"rendered":"<table style=\"height: 360px; width: 99.8505%; border-collapse: collapse;\" border=\"2\">\n<tbody>\n<tr style=\"height: 40px;\">\n<td style=\"width: 38.0988%; height: 30px; background-color: #99ccff;\"><span style=\"font-family: arial, helvetica, sans-serif; font-size: 12pt;\"><strong>Dimensions et style<\/strong><\/span><\/td>\n<td style=\"width: 61.9012%; height: 30px; background-color: #99ccff;\"><span style=\"font-family: arial, helvetica, sans-serif; font-size: 12pt;\">7*20+4cm<\/span><\/td>\n<\/tr>\n<tr style=\"height: 40px;\">\n<td style=\"width: 38.0988%; height: 34px; background-color: #ebebeb;\"><span style=\"font-size: 12pt;\"><strong><span style=\"font-family: arial, helvetica, sans-serif;\">Poids de 1 paquet = 100 pi\u00e8ces<\/span><\/strong><\/span><\/td>\n<td style=\"width: 61.9012%; height: 34px; background-color: #ebebeb;\"><span style=\"font-family: arial, helvetica, sans-serif; font-size: 12pt;\">Environ 0,4kg<\/span><\/td>\n<\/tr>\n<tr style=\"height: 40px; background-color: #99ccff;\">\n<td style=\"width: 38.0988%; height: 24px;\"><span style=\"font-size: 12pt;\"><strong><span style=\"font-family: arial, helvetica, sans-serif;\">Type d&#039;emballage<\/span><\/strong><\/span><\/td>\n<td style=\"width: 61.9012%; height: 24px;\"><span style=\"font-family: arial, helvetica, sans-serif; font-size: 12pt;\">Sacs en cellophane transparents (1 paquet = 100 pi\u00e8ces)<\/span><\/td>\n<\/tr>\n<tr style=\"height: 40px; background-color: #ebebeb;\">\n<td style=\"width: 38.0988%; height: 24px;\"><span style=\"font-size: 12pt;\"><strong><span style=\"font-family: arial, helvetica, sans-serif;\">\u00c9paisseur<\/span><\/strong><\/span><\/td>\n<td style=\"width: 61.9012%; height: 24px;\"><span style=\"font-family: arial, helvetica, sans-serif; font-size: 12pt;\">40 microns<\/span><\/td>\n<\/tr>\n<tr style=\"height: 40px; background-color: #99ccff;\">\n<td style=\"width: 38.0988%; height: 24px;\"><span style=\"font-size: 12pt;\"><strong><span style=\"font-family: arial, helvetica, sans-serif;\">Finition<\/span><\/strong><\/span><\/td>\n<td style=\"width: 61.9012%; height: 24px;\"><span style=\"font-family: arial, helvetica, sans-serif; font-size: 12pt;\">Brillant<\/span><\/td>\n<\/tr>\n<tr style=\"height: 40px; background-color: #ebebeb;\">\n<td style=\"width: 38.0988%; height: 24px;\"><span style=\"font-size: 12pt;\"><strong><span style=\"font-family: arial, helvetica, sans-serif;\">Material<\/span><\/strong><\/span><\/td>\n<td style=\"width: 61.9012%; height: 24px;\"><span style=\"font-family: arial, helvetica, sans-serif; font-size: 12pt;\">PPO<\/span><\/td>\n<\/tr>\n<tr style=\"height: 40px; background-color: #99ccff;\">\n<td style=\"width: 38.0988%; height: 24px;\"><span style=\"font-size: 12pt;\"><strong><span style=\"font-family: arial, helvetica, sans-serif;\">Preuve<\/span><\/strong><\/span><\/td>\n<td style=\"width: 61.9012%; height: 24px;\"><span style=\"font-family: arial, helvetica, sans-serif; font-size: 12pt;\">Anti-odeurs et barri\u00e8re<\/span><\/td>\n<\/tr>\n<tr style=\"height: 40px; background-color: #ebebeb;\">\n<td style=\"width: 38.0988%; height: 24px;\"><span style=\"font-size: 12pt;\"><strong><span style=\"font-family: arial, helvetica, sans-serif;\">Temps d&#039;exp\u00e9dition<\/span><\/strong><\/span><\/td>\n<td style=\"width: 61.9012%; height: 24px;\"><span style=\"font-family: arial, helvetica, sans-serif; font-size: 12pt;\">7 \u00e0 15 jours ouvrables, RUSH<\/span><\/td>\n<\/tr>\n<tr style=\"height: 40px; background-color: #99ccff;\">\n<td style=\"width: 38.0988%; height: 24px;\"><span style=\"font-size: 12pt;\"><strong><span style=\"font-family: arial, helvetica, sans-serif;\">Mode de livraison<\/span><\/strong><\/span><\/td>\n<td style=\"width: 61.9012%; height: 24px;\"><span style=\"font-family: arial, helvetica, sans-serif; font-size: 12pt;\">Exprimer<\/span><\/td>\n<\/tr>\n<\/tbody>\n<\/table>\n<p>&nbsp;<\/p>","protected":false},"featured_media":2365,"comment_status":"open","ping_status":"closed","template":"","meta":[],"product_brand":[],"product_cat":[64],"product_tag":[],"class_list":{"0":"post-2360","1":"product","2":"type-product","3":"status-publish","4":"has-post-thumbnail","6":"product_cat-stock-pouches","8":"first","9":"instock","10":"shipping-taxable","11":"purchasable","12":"product-type-simple"},"_links":{"self":[{"href":"https:\/\/polysmarts.com\/fr\/wp-json\/wp\/v2\/product\/2360","targetHints":{"allow":["GET"]}}],"collection":[{"href":"https:\/\/polysmarts.com\/fr\/wp-json\/wp\/v2\/product"}],"about":[{"href":"https:\/\/polysmarts.com\/fr\/wp-json\/wp\/v2\/types\/product"}],"replies":[{"embeddable":true,"href":"https:\/\/polysmarts.com\/fr\/wp-json\/wp\/v2\/comments?post=2360"}],"version-history":[{"count":3,"href":"https:\/\/polysmarts.com\/fr\/wp-json\/wp\/v2\/product\/2360\/revisions"}],"predecessor-version":[{"id":2373,"href":"https:\/\/polysmarts.com\/fr\/wp-json\/wp\/v2\/product\/2360\/revisions\/2373"}],"wp:featuredmedia":[{"embeddable":true,"href":"https:\/\/polysmarts.com\/fr\/wp-json\/wp\/v2\/media\/2365"}],"wp:attachment":[{"href":"https:\/\/polysmarts.com\/fr\/wp-json\/wp\/v2\/media?parent=2360"}],"wp:term":[{"taxonomy":"product_brand","embeddable":true,"href":"https:\/\/polysmarts.com\/fr\/wp-json\/wp\/v2\/product_brand?post=2360"},{"taxonomy":"product_cat","embeddable":true,"href":"https:\/\/polysmarts.com\/fr\/wp-json\/wp\/v2\/product_cat?post=2360"},{"taxonomy":"product_tag","embeddable":true,"href":"https:\/\/polysmarts.com\/fr\/wp-json\/wp\/v2\/product_tag?post=2360"}],"curies":[{"name":"wp","href":"https:\/\/api.w.org\/{rel}","templated":true}]}}