{"id":2343,"date":"2024-03-28T17:45:47","date_gmt":"2024-03-28T17:45:47","guid":{"rendered":"https:\/\/polysmarts.com\/?post_type=product&#038;p=2343"},"modified":"2025-10-14T08:15:03","modified_gmt":"2025-10-14T00:15:03","slug":"sac-en-plastique-transparent-a-fermeture-eclair-1-paquet-de-100-pieces","status":"publish","type":"product","link":"https:\/\/polysmarts.com\/fr\/product\/pe-plastic-clear-zip-lock-bag-1pack-100pcs\/","title":{"rendered":"Sac en plastique PE transparent \u00e0 fermeture \u00e9clair (1 paquet = 100 pi\u00e8ces)"},"content":{"rendered":"<p>Pr\u00e9sentation de nos sacs en plastique PE transparents \u00e0 fermeture \u00e9clair, disponibles en paquets de 100 pi\u00e8ces pour votre commodit\u00e9. Ces sacs translucides incolores sont doux, r\u00e9sistants et disponibles en trois tailles diff\u00e9rentes\u00a0: 17*<em>25 cm, 7,5*<\/em>20 cm et 6,5 x 11 cm (taille ext\u00e9rieure), r\u00e9pondant \u00e0 une vari\u00e9t\u00e9 de besoins.<\/p>\n<p>Mat\u00e9riau s\u00fbr : fabriqu\u00e9s \u00e0 partir de plastique transparent, ces sacs \u00e0 fermeture \u00e9clair offrent une fermeture herm\u00e9tique qui est \u00e9tanche, \u00e9tanche \u00e0 l&#039;humidit\u00e9 et \u00e0 la poussi\u00e8re. Ils sont incroyablement durables et solides, r\u00e9sistants \u00e0 la d\u00e9chirure et offrent une excellente pr\u00e9sentation de vos marchandises. La fermeture \u00e9clair robuste garantit une r\u00e9utilisation am\u00e9lior\u00e9e, gardant vos articles en s\u00e9curit\u00e9 et prot\u00e9g\u00e9s.<\/p>\n<p>Facile \u00e0 utiliser : faites simplement glisser vos doigts le long du joint pour fermer ces sacs en toute s\u00e9curit\u00e9. Leur durabilit\u00e9 et leur r\u00e9sistance les rendent id\u00e9aux pour organiser et stocker facilement divers biens.<\/p>\n<p>Petits sacs ziplock : nos sacs transparents refermables en plastique sont con\u00e7us pour occuper un minimum d&#039;espace de stockage tout en offrant une fonctionnalit\u00e9 maximale. Ils sont parfaits pour ranger de petites pi\u00e8ces, organiser des bijoux, des petites pi\u00e8ces \u00e9lectroniques, des boutons, des perles, des pi\u00e8ces de monnaie, des trombones, des \u00e9couteurs, des vis, et plus encore. Que ce soit pour les voyages, les d\u00e9m\u00e9nagements, l&#039;exp\u00e9dition ou pour un usage quotidien, ces sacs sont polyvalents et fiables.<\/p>\n<p>En r\u00e9sum\u00e9, nos sacs en plastique PE transparents \u00e0 fermeture \u00e9clair sont la solution parfaite pour vos besoins de stockage et d&#039;organisation. Avec leur conception \u00e9tanche \u00e0 l&#039;eau et \u00e0 la poussi\u00e8re, leur construction durable et leur fonction refermable pratique, ils offrent un moyen efficace et efficient de prot\u00e9ger et d&#039;organiser vos affaires.<\/p>","protected":false},"excerpt":{"rendered":"<table style=\"height: 360px; width: 99.8505%; border-collapse: collapse;\" border=\"2\">\n<tbody>\n<tr style=\"height: 40px;\">\n<td style=\"width: 38.0988%; height: 30px; background-color: #99ccff;\"><span style=\"font-family: arial, helvetica, sans-serif; font-size: 12pt;\"><strong>Dimensions et style<\/strong><\/span><\/td>\n<td style=\"width: 61.9012%; height: 30px; background-color: #99ccff;\"><span style=\"font-family: arial, helvetica, sans-serif; font-size: 12pt;\">17*25 cm, 7,5*20 cm, 6,5*11 cm<\/span><\/td>\n<\/tr>\n<tr style=\"height: 40px;\">\n<td style=\"width: 38.0988%; height: 34px; background-color: #ebebeb;\"><span style=\"font-size: 12pt;\"><strong><span style=\"font-family: arial, helvetica, sans-serif;\">Poids de 1 paquet pour la taille de <span style=\"font-family: arial, helvetica, sans-serif; font-size: 12pt;\">17*25 cm, 7,5*20 cm, 7,5*20 cm<\/span><\/span><\/strong><\/span><\/td>\n<td style=\"width: 61.9012%; height: 34px; background-color: #ebebeb;\"><span style=\"font-family: arial, helvetica, sans-serif; font-size: 12pt;\">Environ 0,45 kg, 0,13 kg, 0,1 kg, 1<\/span><\/td>\n<\/tr>\n<tr style=\"height: 40px; background-color: #99ccff;\">\n<td style=\"width: 38.0988%; height: 24px;\"><span style=\"font-size: 12pt;\"><strong><span style=\"font-family: arial, helvetica, sans-serif;\">Type d&#039;emballage<\/span><\/strong><\/span><\/td>\n<td style=\"width: 61.9012%; height: 24px;\"><span style=\"font-family: arial, helvetica, sans-serif; font-size: 12pt;\">Sac transparent \u00e0 fermeture \u00e9clair<\/span><\/td>\n<\/tr>\n<tr style=\"height: 40px; background-color: #ebebeb;\">\n<td style=\"width: 38.0988%; height: 24px;\"><span style=\"font-size: 12pt;\"><strong><span style=\"font-family: arial, helvetica, sans-serif;\">\u00c9paisseur<\/span><\/strong><\/span><\/td>\n<td style=\"width: 61.9012%; height: 24px;\"><span style=\"font-family: arial, helvetica, sans-serif; font-size: 12pt;\">50 microns<\/span><\/td>\n<\/tr>\n<tr style=\"height: 40px; background-color: #99ccff;\">\n<td style=\"width: 38.0988%; height: 24px;\"><span style=\"font-size: 12pt;\"><strong><span style=\"font-family: arial, helvetica, sans-serif;\">Finition<\/span><\/strong><\/span><\/td>\n<td style=\"width: 61.9012%; height: 24px;\"><span style=\"font-family: arial, helvetica, sans-serif; font-size: 12pt;\">Brillant<\/span><\/td>\n<\/tr>\n<tr style=\"height: 40px; background-color: #ebebeb;\">\n<td style=\"width: 38.0988%; height: 24px;\"><span style=\"font-size: 12pt;\"><strong><span style=\"font-family: arial, helvetica, sans-serif;\">Material<\/span><\/strong><\/span><\/td>\n<td style=\"width: 61.9012%; height: 24px;\"><span style=\"font-family: arial, helvetica, sans-serif; font-size: 12pt;\">PEBD<\/span><\/td>\n<\/tr>\n<tr style=\"height: 40px; background-color: #99ccff;\">\n<td style=\"width: 38.0988%; height: 24px;\"><span style=\"font-size: 12pt;\"><strong><span style=\"font-family: arial, helvetica, sans-serif;\">Preuve<\/span><\/strong><\/span><\/td>\n<td style=\"width: 61.9012%; height: 24px;\"><span style=\"font-family: arial, helvetica, sans-serif; font-size: 12pt;\">Preuves d&#039;odeur\u00a0<\/span><\/td>\n<\/tr>\n<tr style=\"height: 40px; background-color: #ebebeb;\">\n<td style=\"width: 38.0988%; height: 24px;\"><span style=\"font-size: 12pt;\"><strong><span style=\"font-family: arial, helvetica, sans-serif;\">Temps d&#039;exp\u00e9dition<\/span><\/strong><\/span><\/td>\n<td style=\"width: 61.9012%; height: 24px;\"><span style=\"font-family: arial, helvetica, sans-serif; font-size: 12pt;\">7 \u00e0 15 jours ouvrables, RUSH<\/span><\/td>\n<\/tr>\n<tr style=\"height: 40px; background-color: #99ccff;\">\n<td style=\"width: 38.0988%; height: 24px;\"><span style=\"font-size: 12pt;\"><strong><span style=\"font-family: arial, helvetica, sans-serif;\">Mode de livraison<\/span><\/strong><\/span><\/td>\n<td style=\"width: 61.9012%; height: 24px;\"><span style=\"font-family: arial, helvetica, sans-serif; font-size: 12pt;\">Exprimer<\/span><\/td>\n<\/tr>\n<\/tbody>\n<\/table>\n<p>&nbsp;<\/p>","protected":false},"featured_media":2348,"comment_status":"open","ping_status":"closed","template":"","meta":[],"product_brand":[],"product_cat":[64],"product_tag":[],"class_list":{"0":"post-2343","1":"product","2":"type-product","3":"status-publish","4":"has-post-thumbnail","6":"product_cat-stock-pouches","8":"first","9":"instock","10":"shipping-taxable","11":"purchasable","12":"product-type-variable"},"_links":{"self":[{"href":"https:\/\/polysmarts.com\/fr\/wp-json\/wp\/v2\/product\/2343","targetHints":{"allow":["GET"]}}],"collection":[{"href":"https:\/\/polysmarts.com\/fr\/wp-json\/wp\/v2\/product"}],"about":[{"href":"https:\/\/polysmarts.com\/fr\/wp-json\/wp\/v2\/types\/product"}],"replies":[{"embeddable":true,"href":"https:\/\/polysmarts.com\/fr\/wp-json\/wp\/v2\/comments?post=2343"}],"version-history":[{"count":1,"href":"https:\/\/polysmarts.com\/fr\/wp-json\/wp\/v2\/product\/2343\/revisions"}],"predecessor-version":[{"id":2358,"href":"https:\/\/polysmarts.com\/fr\/wp-json\/wp\/v2\/product\/2343\/revisions\/2358"}],"wp:featuredmedia":[{"embeddable":true,"href":"https:\/\/polysmarts.com\/fr\/wp-json\/wp\/v2\/media\/2348"}],"wp:attachment":[{"href":"https:\/\/polysmarts.com\/fr\/wp-json\/wp\/v2\/media?parent=2343"}],"wp:term":[{"taxonomy":"product_brand","embeddable":true,"href":"https:\/\/polysmarts.com\/fr\/wp-json\/wp\/v2\/product_brand?post=2343"},{"taxonomy":"product_cat","embeddable":true,"href":"https:\/\/polysmarts.com\/fr\/wp-json\/wp\/v2\/product_cat?post=2343"},{"taxonomy":"product_tag","embeddable":true,"href":"https:\/\/polysmarts.com\/fr\/wp-json\/wp\/v2\/product_tag?post=2343"}],"curies":[{"name":"wp","href":"https:\/\/api.w.org\/{rel}","templated":true}]}}