{"id":1994,"date":"2024-03-20T16:57:54","date_gmt":"2024-03-20T16:57:54","guid":{"rendered":"https:\/\/polysmarts.com\/?post_type=product&#038;p=1994"},"modified":"2025-10-14T16:08:44","modified_gmt":"2025-10-14T08:08:44","slug":"en-stock-pochettes-holographiques-debout","status":"publish","type":"product","link":"https:\/\/polysmarts.com\/fr\/product\/in-stock-holographic-stand-up-pouches\/","title":{"rendered":"Pochettes holographiques debout (100 pi\u00e8ces)"},"content":{"rendered":"<p>Pr\u00e9sentation de nos superbes pochettes holographiques debout, maintenant disponibles en paquets pratiques de 100 pi\u00e8ces ! Am\u00e9liorez votre jeu d&#039;emballage avec ces pochettes accrocheuses qui combinent fonctionnalit\u00e9 et design holographique \u00e9blouissant.<\/p>\n<p>Conception holographique refermable : nos sacs holographiques en mylar disposent d&#039;un devant transparent, permettant une pr\u00e9sentation facile du produit. Le dos pr\u00e9sente une feuille d&#039;aluminium fascinante aux couleurs de l&#039;arc-en-ciel, ajoutant de la durabilit\u00e9 et une brillance captivante \u00e0 votre emballage.<\/p>\n<p>Sacs de rangement en Mylar : con\u00e7us pour plus de commodit\u00e9, ces sacs cadeaux holographiques peuvent rester ouverts tout seuls, ce qui facilite le remplissage. \u00c9quip\u00e9s d&#039;une bande d&#039;\u00e9tanch\u00e9it\u00e9 autocollante refermable, ils sont parfaits pour ranger une vari\u00e9t\u00e9 d&#039;articles. La conception de la fermeture \u00e9clair assure une fermeture s\u00e9curis\u00e9e, permettant de multiples utilisations.<\/p>\n<p>Mat\u00e9riau : fabriqu\u00e9s \u00e0 partir d&#039;un film OPP\/PET\/CPP de haute qualit\u00e9, nos sacs holographiques offrent d&#039;excellentes propri\u00e9t\u00e9s d&#039;\u00e9tanch\u00e9it\u00e9 et de durabilit\u00e9. Ils emp\u00eachent efficacement l&#039;eau et l&#039;humidit\u00e9 d&#039;entrer tout en contenant les odeurs une fois scell\u00e9s.<\/p>\n<p>Taille et emballage : chaque sac de conservation alimentaire en mylar est disponible en diff\u00e9rentes tailles : <span style=\"font-family: arial, helvetica, sans-serif; font-size: 12pt;\">9*14 cm, 10*15 cm, 12*20 cm et 18*26 cm<\/span>, offrant une polyvalence pour vos besoins d&#039;emballage. Avec chaque paquet contenant 100 sacs en aluminium holographique, vous disposerez d&#039;un stock suffisant pour vos produits.<\/p>\n<p>Polyvalent : ces sacs refermables holographiques arc-en-ciel sont id\u00e9aux pour une large gamme de produits secs, notamment le caf\u00e9, les haricots, les bonbons, le sucre, le riz, les ingr\u00e9dients de p\u00e2tisserie, les biscuits, le th\u00e9, les noix, les fruits secs et les fleurs s\u00e9ch\u00e9es. Attention, ils ne conviennent pas aux liquides.<\/p>\n<p>En r\u00e9sum\u00e9, nos pochettes holographiques scintillantes offrent \u00e0 la fois style et praticit\u00e9, ce qui en fait le choix parfait pour vos besoins d&#039;emballage. Faites le plein maintenant et ajoutez une touche de magie \u00e0 vos produits\u00a0!<\/p>","protected":false},"excerpt":{"rendered":"<table style=\"height: 360px; width: 99.8505%; border-collapse: collapse;\" border=\"2\">\n<tbody>\n<tr style=\"height: 40px;\">\n<td style=\"width: 38.0988%; height: 30px; background-color: #99ccff;\"><span style=\"font-family: arial, helvetica, sans-serif; font-size: 12pt;\"><strong>Dimensions et style<\/strong><\/span><\/td>\n<td style=\"width: 61.9012%; height: 30px; background-color: #99ccff;\"><span style=\"font-family: arial, helvetica, sans-serif; font-size: 12pt;\">9*14 cm, 10*15 cm, 12*20 cm, 18*26 cm<\/span><\/td>\n<\/tr>\n<tr style=\"height: 40px;\">\n<td style=\"width: 38.0988%; height: 34px; background-color: #ebebeb;\"><span style=\"font-size: 12pt;\"><strong><span style=\"font-family: arial, helvetica, sans-serif;\">Poids de 1 paquet pour la taille de <span style=\"font-family: arial, helvetica, sans-serif; font-size: 12pt;\">9*14 cm, 10*15 cm, 12*20 cm, 18*26 cm<\/span><\/span><\/strong><\/span><\/td>\n<td style=\"width: 61.9012%; height: 34px; background-color: #ebebeb;\"><span style=\"font-family: arial, helvetica, sans-serif; font-size: 12pt;\">Environ 0,35 kg, 0,45 kg, 0,6 kg, 1 kg<\/span><\/td>\n<\/tr>\n<tr style=\"height: 40px; background-color: #99ccff;\">\n<td style=\"width: 38.0988%; height: 24px;\"><span style=\"font-size: 12pt;\"><strong><span style=\"font-family: arial, helvetica, sans-serif;\">Type d&#039;emballage<\/span><\/strong><\/span><\/td>\n<td style=\"width: 61.9012%; height: 24px;\"><span style=\"font-family: arial, helvetica, sans-serif; font-size: 12pt;\">Pochettes holographiques debout<\/span><\/td>\n<\/tr>\n<tr style=\"height: 40px; background-color: #ebebeb;\">\n<td style=\"width: 38.0988%; height: 24px;\"><span style=\"font-size: 12pt;\"><strong><span style=\"font-family: arial, helvetica, sans-serif;\">\u00c9paisseur<\/span><\/strong><\/span><\/td>\n<td style=\"width: 61.9012%; height: 24px;\"><span style=\"font-family: arial, helvetica, sans-serif; font-size: 12pt;\">70 microns<\/span><\/td>\n<\/tr>\n<tr style=\"height: 40px; background-color: #99ccff;\">\n<td style=\"width: 38.0988%; height: 24px;\"><span style=\"font-size: 12pt;\"><strong><span style=\"font-family: arial, helvetica, sans-serif;\">Finition<\/span><\/strong><\/span><\/td>\n<td style=\"width: 61.9012%; height: 24px;\"><span style=\"font-family: arial, helvetica, sans-serif; font-size: 12pt;\">Brillant<\/span><\/td>\n<\/tr>\n<tr style=\"height: 40px; background-color: #ebebeb;\">\n<td style=\"width: 38.0988%; height: 24px;\"><span style=\"font-size: 12pt;\"><strong><span style=\"font-family: arial, helvetica, sans-serif;\">Material<\/span><\/strong><\/span><\/td>\n<td style=\"width: 61.9012%; height: 24px;\"><span style=\"font-family: arial, helvetica, sans-serif; font-size: 12pt;\">OPP\/PET\/RPC<\/span><\/td>\n<\/tr>\n<tr style=\"height: 40px; background-color: #99ccff;\">\n<td style=\"width: 38.0988%; height: 24px;\"><span style=\"font-size: 12pt;\"><strong><span style=\"font-family: arial, helvetica, sans-serif;\">Preuve<\/span><\/strong><\/span><\/td>\n<td style=\"width: 61.9012%; height: 24px;\"><span style=\"font-family: arial, helvetica, sans-serif; font-size: 12pt;\">Preuves d&#039;odeur\u00a0<\/span><\/td>\n<\/tr>\n<tr style=\"height: 40px; background-color: #ebebeb;\">\n<td style=\"width: 38.0988%; height: 24px;\"><span style=\"font-size: 12pt;\"><strong><span style=\"font-family: arial, helvetica, sans-serif;\">Temps d&#039;exp\u00e9dition<\/span><\/strong><\/span><\/td>\n<td style=\"width: 61.9012%; height: 24px;\"><span style=\"font-family: arial, helvetica, sans-serif; font-size: 12pt;\">7 \u00e0 15 jours ouvrables, RUSH<\/span><\/td>\n<\/tr>\n<tr style=\"height: 40px; background-color: #99ccff;\">\n<td style=\"width: 38.0988%; height: 24px;\"><span style=\"font-size: 12pt;\"><strong><span style=\"font-family: arial, helvetica, sans-serif;\">Mode de livraison<\/span><\/strong><\/span><\/td>\n<td style=\"width: 61.9012%; height: 24px;\"><span style=\"font-family: arial, helvetica, sans-serif; font-size: 12pt;\">Exprimer<\/span><\/td>\n<\/tr>\n<\/tbody>\n<\/table>\n<p>&nbsp;<\/p>","protected":false},"featured_media":1995,"comment_status":"open","ping_status":"closed","template":"","meta":[],"product_brand":[],"product_cat":[64],"product_tag":[],"class_list":{"0":"post-1994","1":"product","2":"type-product","3":"status-publish","4":"has-post-thumbnail","6":"product_cat-stock-pouches","7":"product_shipping_class-us8-5-shipping-cost","9":"first","10":"instock","11":"shipping-taxable","12":"purchasable","13":"product-type-variable"},"_links":{"self":[{"href":"https:\/\/polysmarts.com\/fr\/wp-json\/wp\/v2\/product\/1994","targetHints":{"allow":["GET"]}}],"collection":[{"href":"https:\/\/polysmarts.com\/fr\/wp-json\/wp\/v2\/product"}],"about":[{"href":"https:\/\/polysmarts.com\/fr\/wp-json\/wp\/v2\/types\/product"}],"replies":[{"embeddable":true,"href":"https:\/\/polysmarts.com\/fr\/wp-json\/wp\/v2\/comments?post=1994"}],"version-history":[{"count":5,"href":"https:\/\/polysmarts.com\/fr\/wp-json\/wp\/v2\/product\/1994\/revisions"}],"predecessor-version":[{"id":2054,"href":"https:\/\/polysmarts.com\/fr\/wp-json\/wp\/v2\/product\/1994\/revisions\/2054"}],"wp:featuredmedia":[{"embeddable":true,"href":"https:\/\/polysmarts.com\/fr\/wp-json\/wp\/v2\/media\/1995"}],"wp:attachment":[{"href":"https:\/\/polysmarts.com\/fr\/wp-json\/wp\/v2\/media?parent=1994"}],"wp:term":[{"taxonomy":"product_brand","embeddable":true,"href":"https:\/\/polysmarts.com\/fr\/wp-json\/wp\/v2\/product_brand?post=1994"},{"taxonomy":"product_cat","embeddable":true,"href":"https:\/\/polysmarts.com\/fr\/wp-json\/wp\/v2\/product_cat?post=1994"},{"taxonomy":"product_tag","embeddable":true,"href":"https:\/\/polysmarts.com\/fr\/wp-json\/wp\/v2\/product_tag?post=1994"}],"curies":[{"name":"wp","href":"https:\/\/api.w.org\/{rel}","templated":true}]}}