{"id":1939,"date":"2024-03-09T10:24:32","date_gmt":"2024-03-09T10:24:32","guid":{"rendered":"https:\/\/polysmarts.com\/?post_type=product&#038;p=1939"},"modified":"2024-03-09T11:29:29","modified_gmt":"2024-03-09T11:29:29","slug":"sac-de-poche-debout-pour-aliments-a-prix-dusine","status":"publish","type":"product","link":"https:\/\/polysmarts.com\/fr\/product\/factory-price-food-stand-up-pouch-bag\/","title":{"rendered":"Sac de poche alimentaire \u00e0 prix d&#039;usine"},"content":{"rendered":"<p>Bienvenue chez Polysmart, votre fabricant sp\u00e9cialis\u00e9 de sacs alimentaires avec plus de 10 ans d&#039;exp\u00e9rience dans l&#039;industrie. Nous sommes fiers d\u2019offrir des solutions d\u2019emballage de haute qualit\u00e9 \u00e0 des prix directs usine, garantissant un prix abordable sans compromettre la qualit\u00e9.<\/p>\n<p>Nos sacs \u00e0 sachets debout, \u00e9galement connus sous le nom d&#039;emballages de collations personnalis\u00e9s noissue, sont fabriqu\u00e9s \u00e0 partir de mat\u00e9riaux recyclables, ce qui en fait un choix \u00e9cologique pour emballer des collations comme des noix, des bonbons et des chips. Approuv\u00e9s par la FDA, ces sachets de collations offrent un moyen durable d&#039;emballer vos produits tout en conservant la fra\u00eecheur et la saveur.<\/p>\n<p>Principales caract\u00e9ristiques:<\/p>\n<ul>\n<li>Hautement personnalisable : nous comprenons que chaque produit est unique, c&#039;est pourquoi nos pochettes sont hautement personnalisables pour r\u00e9pondre \u00e0 vos besoins sp\u00e9cifiques. Que vous ayez besoin de fermetures \u00e9clair refermables, thermoscellables, d&#039;encoches de d\u00e9chirure pour une ouverture facile ou d&#039;un mat\u00e9riau r\u00e9sistant \u00e0 la perforation, nous avons les options pour r\u00e9pondre \u00e0 vos besoins.<\/li>\n<li>Protection sup\u00e9rieure : nos sachets sont con\u00e7us avec des films \u00e0 haute barri\u00e8re ou sp\u00e9cialis\u00e9s pour maintenir la fra\u00eecheur et supprimer les odeurs, garantissant ainsi que vos produits restent en parfait \u00e9tat.<\/li>\n<li>Fen\u00eatres transparentes\u00a0: pr\u00e9sentez vos produits avec clart\u00e9 \u00e0 l&#039;aide de nos fen\u00eatres transparentes, permettant aux clients de voir ce qu&#039;il y a \u00e0 l&#039;int\u00e9rieur et les incitant \u00e0 effectuer un achat.<\/li>\n<\/ul>\n<p>En r\u00e9sum\u00e9, nos sacs alimentaires \u00e0 prix d&#039;usine offrent une valeur et une qualit\u00e9 imbattables. Choisissez Polysmart pour des solutions d&#039;emballage personnalisables et respectueuses de l&#039;environnement qui rehaussent votre marque et ravissent vos clients.<\/p>","protected":false},"excerpt":{"rendered":"<table style=\"height: 360px; width: 99.8505%; border-collapse: collapse;\" border=\"2\">\n<tbody>\n<tr style=\"height: 40px;\">\n<td style=\"width: 22.6796%; height: 30px; background-color: #99ccff;\"><span style=\"font-family: arial, helvetica, sans-serif; font-size: 12pt;\"><strong>Dimensions et style<\/strong><\/span><\/td>\n<td style=\"width: 77.3204%; height: 30px; background-color: #99ccff;\"><span style=\"font-family: arial, helvetica, sans-serif; font-size: 12pt;\">Formes et tailles personnalis\u00e9es<\/span><\/td>\n<\/tr>\n<tr style=\"height: 40px;\">\n<td style=\"width: 22.6796%; height: 34px; background-color: #ebebeb;\"><span style=\"font-size: 12pt;\"><strong><span style=\"font-family: arial, helvetica, sans-serif;\">Quantit\u00e9 minimum d&#039;achat<\/span><\/strong><\/span><\/td>\n<td style=\"width: 77.3204%; height: 34px; background-color: #ebebeb;\"><span style=\"font-family: arial, helvetica, sans-serif; font-size: 12pt;\">1000 pi\u00e8ces sans personnalisation, 10000 pi\u00e8ces pour personnalisation<\/span><\/td>\n<\/tr>\n<tr style=\"height: 40px; background-color: #99ccff;\">\n<td style=\"width: 22.6796%; height: 24px;\"><span style=\"font-size: 12pt;\"><strong><span style=\"font-family: arial, helvetica, sans-serif;\">Type d&#039;emballage<\/span><\/strong><\/span><\/td>\n<td style=\"width: 77.3204%; height: 24px;\"><span style=\"font-family: arial, helvetica, sans-serif; font-size: 12pt;\">Pochette debout<\/span><\/td>\n<\/tr>\n<tr style=\"height: 40px; background-color: #ebebeb;\">\n<td style=\"width: 22.6796%; height: 24px;\"><span style=\"font-size: 12pt;\"><strong><span style=\"font-family: arial, helvetica, sans-serif;\">Impression<\/span><\/strong><\/span><\/td>\n<td style=\"width: 77.3204%; height: 24px;\"><span style=\"font-family: arial, helvetica, sans-serif; font-size: 12pt;\">CMJN (1 \u00e0 10 couleurs), pas d&#039;impression (ordinaire)<\/span><\/td>\n<\/tr>\n<tr style=\"height: 40px; background-color: #99ccff;\">\n<td style=\"width: 22.6796%; height: 24px;\"><span style=\"font-size: 12pt;\"><strong><span style=\"font-family: arial, helvetica, sans-serif;\">Finition<\/span><\/strong><\/span><\/td>\n<td style=\"width: 77.3204%; height: 24px;\"><span style=\"font-family: arial, helvetica, sans-serif; font-size: 12pt;\">Stratification brillante\/mate, impression offset<\/span><\/td>\n<\/tr>\n<tr style=\"height: 40px; background-color: #ebebeb;\">\n<td style=\"width: 22.6796%; height: 24px;\"><span style=\"font-size: 12pt;\"><strong><span style=\"font-family: arial, helvetica, sans-serif;\">Options incluses<\/span><\/strong><\/span><\/td>\n<td style=\"width: 77.3204%; height: 24px;\"><span style=\"font-family: arial, helvetica, sans-serif; font-size: 12pt;\">D\u00e9coupe, thermoscellage<\/span><\/td>\n<\/tr>\n<tr style=\"height: 40px; background-color: #99ccff;\">\n<td style=\"width: 22.6796%; height: 24px;\"><span style=\"font-size: 12pt;\"><strong><span style=\"font-family: arial, helvetica, sans-serif;\">Preuve<\/span><\/strong><\/span><\/td>\n<td style=\"width: 77.3204%; height: 24px;\"><span style=\"font-family: arial, helvetica, sans-serif; font-size: 12pt;\">Preuves d&#039;odeur\u00a0<\/span><\/td>\n<\/tr>\n<tr style=\"height: 40px; background-color: #ebebeb;\">\n<td style=\"width: 22.6796%; height: 24px;\"><span style=\"font-size: 12pt;\"><strong><span style=\"font-family: arial, helvetica, sans-serif;\">D\u00e9lai d&#039;ex\u00e9cution<\/span><\/strong><\/span><\/td>\n<td style=\"width: 77.3204%; height: 24px;\"><span style=\"font-family: arial, helvetica, sans-serif; font-size: 12pt;\">7 \u00e0 15 jours ouvrables, RUSH<\/span><\/td>\n<\/tr>\n<tr style=\"height: 40px; background-color: #99ccff;\">\n<td style=\"width: 22.6796%; height: 24px;\"><span style=\"font-size: 12pt;\"><strong><span style=\"font-family: arial, helvetica, sans-serif;\">Exp\u00e9dition<\/span><\/strong><\/span><\/td>\n<td style=\"width: 77.3204%; height: 24px;\"><span style=\"font-family: arial, helvetica, sans-serif; font-size: 12pt;\">Air, Mer, Express<\/span><\/td>\n<\/tr>\n<\/tbody>\n<\/table>\n<p>&nbsp;<\/p>","protected":false},"featured_media":1940,"comment_status":"open","ping_status":"closed","template":"","meta":[],"product_brand":[],"product_cat":[26,18],"product_tag":[],"class_list":{"0":"post-1939","1":"product","2":"type-product","3":"status-publish","4":"has-post-thumbnail","6":"product_cat-food-packaging","7":"product_cat-zipper-bags","9":"first","10":"instock","11":"shipping-taxable","12":"product-type-simple"},"_links":{"self":[{"href":"https:\/\/polysmarts.com\/fr\/wp-json\/wp\/v2\/product\/1939","targetHints":{"allow":["GET"]}}],"collection":[{"href":"https:\/\/polysmarts.com\/fr\/wp-json\/wp\/v2\/product"}],"about":[{"href":"https:\/\/polysmarts.com\/fr\/wp-json\/wp\/v2\/types\/product"}],"replies":[{"embeddable":true,"href":"https:\/\/polysmarts.com\/fr\/wp-json\/wp\/v2\/comments?post=1939"}],"version-history":[{"count":2,"href":"https:\/\/polysmarts.com\/fr\/wp-json\/wp\/v2\/product\/1939\/revisions"}],"predecessor-version":[{"id":1947,"href":"https:\/\/polysmarts.com\/fr\/wp-json\/wp\/v2\/product\/1939\/revisions\/1947"}],"wp:featuredmedia":[{"embeddable":true,"href":"https:\/\/polysmarts.com\/fr\/wp-json\/wp\/v2\/media\/1940"}],"wp:attachment":[{"href":"https:\/\/polysmarts.com\/fr\/wp-json\/wp\/v2\/media?parent=1939"}],"wp:term":[{"taxonomy":"product_brand","embeddable":true,"href":"https:\/\/polysmarts.com\/fr\/wp-json\/wp\/v2\/product_brand?post=1939"},{"taxonomy":"product_cat","embeddable":true,"href":"https:\/\/polysmarts.com\/fr\/wp-json\/wp\/v2\/product_cat?post=1939"},{"taxonomy":"product_tag","embeddable":true,"href":"https:\/\/polysmarts.com\/fr\/wp-json\/wp\/v2\/product_tag?post=1939"}],"curies":[{"name":"wp","href":"https:\/\/api.w.org\/{rel}","templated":true}]}}