{"id":1931,"date":"2024-03-09T10:03:57","date_gmt":"2024-03-09T10:03:57","guid":{"rendered":"https:\/\/polysmarts.com\/?post_type=product&#038;p=1931"},"modified":"2024-03-09T10:15:48","modified_gmt":"2024-03-09T10:15:48","slug":"sacs-colores-thermoscelles-emballage-plat-en-aluminium","status":"publish","type":"product","link":"https:\/\/polysmarts.com\/fr\/product\/colorful-heat-seal-bags-foil-flat-packaging\/","title":{"rendered":"Sacs color\u00e9s thermoscell\u00e9s, emballage plat en aluminium"},"content":{"rendered":"<p>D\u00e9couvrez la solution d&#039;emballage parfaite pour vos produits avec nos sacs thermoscell\u00e9s color\u00e9s. Con\u00e7us pour allier durabilit\u00e9 et attrait accrocheur, ces sacs sont con\u00e7us pour rehausser votre marque et captiver l&#039;attention des clients.<\/p>\n<p>Caract\u00e9ristiques du produit:<\/p>\n<ol>\n<li>Mat\u00e9riau durable : nos sacs thermoscell\u00e9s sont fabriqu\u00e9s \u00e0 partir de papier d&#039;aluminium de haute qualit\u00e9, r\u00e9put\u00e9 pour sa t\u00e9nacit\u00e9 et sa r\u00e9sistance \u00e0 la casse et aux perforations. Cela garantit que vos produits restent prot\u00e9g\u00e9s pendant la manipulation et le transport, en conservant leur int\u00e9grit\u00e9 et leur fra\u00eecheur.<\/li>\n<li>Design facile \u00e0 d\u00e9chirer : dites adieu \u00e0 la frustration gr\u00e2ce \u00e0 notre design facile \u00e0 d\u00e9chirer. Les deux c\u00f4t\u00e9s du sac sont con\u00e7us pour se d\u00e9chirer sans effort, permettant une ouverture pratique et sans tracas. Plus besoin de vous battre avec des ciseaux ou des couteaux : d\u00e9chirez simplement et savourez !<\/li>\n<li>Options d&#039;\u00e9tanch\u00e9it\u00e9 polyvalentes\u00a0: profitez de la flexibilit\u00e9 de nos options d&#039;\u00e9tanch\u00e9it\u00e9 polyvalentes. Nos sacs de remplissage ouverts sont compatibles avec les techniques de mise sous vide et de thermoscellage, vous offrant ainsi de multiples options pour pr\u00e9server la fra\u00eecheur de vos produits. Que vous pr\u00e9f\u00e9riez le scellage sous vide pour un stockage \u00e0 long terme ou le thermoscellage pour une utilisation imm\u00e9diate, nos sacs sont l\u00e0 pour vous.<\/li>\n<li>Utilisation polyvalente : du caf\u00e9 et des bonbons aux p\u00e2tisseries et collations, nos sacs sont parfaits pour une large gamme de produits. Que vous emballiez des aliments de loisirs, des d\u00e9corations ou des accessoires, nos sacs thermoscell\u00e9s color\u00e9s feront certainement ressortir vos produits sur les \u00e9tag\u00e8res.<\/li>\n<li>Fonctionnalit\u00e9 de double \u00e9tanch\u00e9it\u00e9 : nos sacs de remplissage ouverts offrent une double fonctionnalit\u00e9 de scellage, permettant \u00e0 la fois le scellage sous vide et le thermoscellage sur le dessus ouvert. Cela garantit une conservation optimale du contenu, gardant vos produits frais et savoureux pendant de longues p\u00e9riodes.<\/li>\n<\/ol>\n<p>En r\u00e9sum\u00e9, nos sacs color\u00e9s thermoscell\u00e9s offrent durabilit\u00e9, polyvalence et attrait accrocheur, ce qui en fait le choix parfait pour vos besoins d&#039;emballage. \u00c9levez votre marque avec un emballage dynamique qui non seulement prot\u00e8ge vos produits mais am\u00e9liore \u00e9galement leur attrait visuel.<\/p>","protected":false},"excerpt":{"rendered":"<table style=\"height: 360px; width: 100.741%; border-collapse: collapse; background-color: #ebebeb;\" border=\"2\">\n<tbody>\n<tr style=\"height: 40px;\">\n<td style=\"width: 22.6796%; height: 30px; background-color: #99ccff;\"><span style=\"font-family: arial, helvetica, sans-serif; font-size: 12pt;\"><strong>Dimensions et style<\/strong><\/span><\/td>\n<td style=\"width: 78.2121%; height: 30px; background-color: #99ccff;\"><span style=\"font-family: arial, helvetica, sans-serif; font-size: 12pt;\">Formes et tailles personnalis\u00e9es<\/span><\/td>\n<\/tr>\n<tr style=\"height: 40px;\">\n<td style=\"width: 22.6796%; height: 34px; background-color: #ebebeb;\"><span style=\"font-size: 12pt;\"><strong><span style=\"font-family: arial, helvetica, sans-serif;\">Quantit\u00e9 minimum d&#039;achat<\/span><\/strong><\/span><\/td>\n<td style=\"width: 78.2121%; height: 34px; background-color: #ebebeb;\"><span style=\"font-family: arial, helvetica, sans-serif; font-size: 12pt;\">1000 pi\u00e8ces sans personnalisation, 10000 pi\u00e8ces pour personnalisation<\/span><\/td>\n<\/tr>\n<tr style=\"height: 40px; background-color: #99ccff;\">\n<td style=\"width: 22.6796%; height: 24px;\"><span style=\"font-size: 12pt;\"><strong><span style=\"font-family: arial, helvetica, sans-serif;\">Type d&#039;emballage<\/span><\/strong><\/span><\/td>\n<td style=\"width: 78.2121%; height: 24px;\"><span style=\"font-family: arial, helvetica, sans-serif; font-size: 12pt;\">3 sacs \u00e0 fermeture lat\u00e9rale<\/span><\/td>\n<\/tr>\n<tr style=\"height: 40px; background-color: #ebebeb;\">\n<td style=\"width: 22.6796%; height: 24px;\"><span style=\"font-size: 12pt;\"><strong><span style=\"font-family: arial, helvetica, sans-serif;\">Impression<\/span><\/strong><\/span><\/td>\n<td style=\"width: 78.2121%; height: 24px;\"><span style=\"font-family: arial, helvetica, sans-serif; font-size: 12pt;\">CMJN (1 \u00e0 10 couleurs), pas d&#039;impression (ordinaire)<\/span><\/td>\n<\/tr>\n<tr style=\"height: 40px; background-color: #99ccff;\">\n<td style=\"width: 22.6796%; height: 24px;\"><span style=\"font-size: 12pt;\"><strong><span style=\"font-family: arial, helvetica, sans-serif;\">Manipulation des surfaces<\/span><\/strong><\/span><\/td>\n<td style=\"width: 78.2121%; height: 24px;\"><span style=\"font-family: arial, helvetica, sans-serif; font-size: 12pt;\">Impression offset<\/span><\/td>\n<\/tr>\n<tr style=\"height: 40px; background-color: #ebebeb;\">\n<td style=\"width: 22.6796%; height: 24px;\"><span style=\"font-size: 12pt;\"><strong><span style=\"font-family: arial, helvetica, sans-serif;\">Material<\/span><\/strong><\/span><\/td>\n<td style=\"width: 78.2121%; height: 24px;\"><span style=\"font-family: arial, helvetica, sans-serif; font-size: 12pt;\">Feuille d&#039;aluminium<\/span><\/td>\n<\/tr>\n<tr style=\"height: 40px; background-color: #99ccff;\">\n<td style=\"width: 22.6796%; height: 24px;\"><span style=\"font-size: 12pt;\"><strong><span style=\"font-family: arial, helvetica, sans-serif;\">Taille<\/span><\/strong><\/span><\/td>\n<td style=\"width: 78.2121%; height: 24px;\"><span style=\"font-family: arial, helvetica, sans-serif; font-size: 12pt;\">5*7 cm, 6*9 cm, 7*10 cm, 8*12 cm, 9*13 cm, 10*15 cm, 12*18 cm, 14*20 cm, 16*24 cm, 20*30 cm ou personnalis\u00e9<\/span><\/td>\n<\/tr>\n<tr style=\"height: 40px; background-color: #ebebeb;\">\n<td style=\"width: 22.6796%; height: 24px;\"><span style=\"font-size: 12pt;\"><strong><span style=\"font-family: arial, helvetica, sans-serif;\">\u00c9paisseur<\/span><\/strong><\/span><\/td>\n<td style=\"width: 78.2121%; height: 24px;\"><span style=\"font-family: arial, helvetica, sans-serif; font-size: 12pt;\">120 microns pour les doubles faces, acceptez une \u00e9paisseur personnalis\u00e9e<\/span><\/td>\n<\/tr>\n<tr style=\"height: 40px; background-color: #99ccff;\">\n<td style=\"width: 22.6796%; height: 24px;\"><span style=\"font-size: 12pt;\"><strong><span style=\"font-family: arial, helvetica, sans-serif;\">Exp\u00e9dition<\/span><\/strong><\/span><\/td>\n<td style=\"width: 78.2121%; height: 24px;\"><span style=\"font-family: arial, helvetica, sans-serif; font-size: 12pt;\">Air, Mer, Express<\/span><\/td>\n<\/tr>\n<tr style=\"height: 40px; background-color: #ebebeb;\">\n<td style=\"width: 22.6796%; height: 24px;\"><span style=\"font-size: 12pt;\"><strong><span style=\"font-family: arial, helvetica, sans-serif;\">D\u00e9lai d&#039;ex\u00e9cution<\/span><\/strong><\/span><\/td>\n<td style=\"width: 78.2121%; height: 24px;\"><span style=\"font-family: arial, helvetica, sans-serif; font-size: 12pt;\">7 \u00e0 15 jours ouvrables, RUSH<\/span><\/td>\n<\/tr>\n<\/tbody>\n<\/table>\n<p>&nbsp;<\/p>","protected":false},"featured_media":1932,"comment_status":"open","ping_status":"closed","template":"","meta":[],"product_brand":[],"product_cat":[26,19],"product_tag":[],"class_list":{"0":"post-1931","1":"product","2":"type-product","3":"status-publish","4":"has-post-thumbnail","6":"product_cat-food-packaging","7":"product_cat-heat-sealing-bag","9":"first","10":"instock","11":"shipping-taxable","12":"product-type-simple"},"_links":{"self":[{"href":"https:\/\/polysmarts.com\/fr\/wp-json\/wp\/v2\/product\/1931","targetHints":{"allow":["GET"]}}],"collection":[{"href":"https:\/\/polysmarts.com\/fr\/wp-json\/wp\/v2\/product"}],"about":[{"href":"https:\/\/polysmarts.com\/fr\/wp-json\/wp\/v2\/types\/product"}],"replies":[{"embeddable":true,"href":"https:\/\/polysmarts.com\/fr\/wp-json\/wp\/v2\/comments?post=1931"}],"version-history":[{"count":2,"href":"https:\/\/polysmarts.com\/fr\/wp-json\/wp\/v2\/product\/1931\/revisions"}],"predecessor-version":[{"id":1938,"href":"https:\/\/polysmarts.com\/fr\/wp-json\/wp\/v2\/product\/1931\/revisions\/1938"}],"wp:featuredmedia":[{"embeddable":true,"href":"https:\/\/polysmarts.com\/fr\/wp-json\/wp\/v2\/media\/1932"}],"wp:attachment":[{"href":"https:\/\/polysmarts.com\/fr\/wp-json\/wp\/v2\/media?parent=1931"}],"wp:term":[{"taxonomy":"product_brand","embeddable":true,"href":"https:\/\/polysmarts.com\/fr\/wp-json\/wp\/v2\/product_brand?post=1931"},{"taxonomy":"product_cat","embeddable":true,"href":"https:\/\/polysmarts.com\/fr\/wp-json\/wp\/v2\/product_cat?post=1931"},{"taxonomy":"product_tag","embeddable":true,"href":"https:\/\/polysmarts.com\/fr\/wp-json\/wp\/v2\/product_tag?post=1931"}],"curies":[{"name":"wp","href":"https:\/\/api.w.org\/{rel}","templated":true}]}}