{"id":1922,"date":"2024-03-09T09:35:01","date_gmt":"2024-03-09T09:35:01","guid":{"rendered":"https:\/\/polysmarts.com\/?post_type=product&#038;p=1922"},"modified":"2024-03-09T09:45:30","modified_gmt":"2024-03-09T09:45:30","slug":"emballage-alimentaire-sec-en-papier-daluminium-mat","status":"publish","type":"product","link":"https:\/\/polysmarts.com\/fr\/product\/matte-aluminum-foil-dry-food-packaging\/","title":{"rendered":"Emballage alimentaire sec en papier d&#039;aluminium mat"},"content":{"rendered":"<p>Assurez la s\u00e9curit\u00e9 et la fra\u00eecheur de vos produits alimentaires secs avec notre emballage alimentaire sec en aluminium mat. Con\u00e7us dans un souci de qualit\u00e9 et de commodit\u00e9, ces sacs offrent une multitude d\u2019avantages pour r\u00e9pondre \u00e0 vos besoins d\u2019emballage.<\/p>\n<p>S\u00e9curit\u00e9 alimentaire : soyez assur\u00e9 que nos sacs sont sans danger pour un usage alimentaire, ce qui les rend parfaits pour stocker les grains de caf\u00e9 ou cr\u00e9er des paquets de collations pour une consommation en d\u00e9placement. Que vous pr\u00e9pariez des repas pour les enfants, pr\u00e9pariez des d\u00e9jeuners pour le travail ou que vous vous lanciez dans des aventures en plein air, nos sacs alimentaires sont le choix id\u00e9al.<\/p>\n<p>Construction durable : fabriqu\u00e9 \u00e0 partir de mylar m\u00e9tallique de 3,9 MIL d&#039;\u00e9paisseur, notre emballage offre une durabilit\u00e9 et une protection exceptionnelles contre les rayons UV et les dommages caus\u00e9s par la vapeur d&#039;eau. Vous pouvez emballer, transporter et stocker vos produits secs en toute confiance sans vous soucier des dommages ou de la d\u00e9t\u00e9rioration.<\/p>\n<p>Polyvalent : nos sacs en aluminium mat sont incroyablement polyvalents et conviennent \u00e0 une large gamme de produits en poudre ou secs. Des grains de caf\u00e9 aux m\u00e9langes de collations, ces sacs sont con\u00e7us pour accueillir facilement n&#039;importe quel produit.<\/p>\n<p>Caract\u00e9ristiques personnalisables de l&#039;emballage alimentaire tr\u00e8s sec : Nous comprenons que chaque produit a des exigences uniques, c&#039;est pourquoi notre emballage est hautement personnalisable pour r\u00e9pondre \u00e0 vos besoins sp\u00e9cifiques. Les fonctionnalit\u00e9s incluent:<\/p>\n<ul>\n<li>Fermetures \u00e9clair refermables : pour un acc\u00e8s et un rangement pratiques.<\/li>\n<li>Thermoscellable : pour garantir une fermeture s\u00e9curis\u00e9e et une fra\u00eecheur maximale.<\/li>\n<li>Encoches de d\u00e9chirure : pour une ouverture facile sans avoir besoin de ciseaux.<\/li>\n<li>Mat\u00e9riau r\u00e9sistant \u00e0 la perforation : pour une protection suppl\u00e9mentaire lors de la manipulation et du transport.<\/li>\n<li>Films haute barri\u00e8re ou sp\u00e9ciaux : pour conserver la fra\u00eecheur et supprimer les odeurs.<\/li>\n<li>Vitrines enti\u00e8rement transparentes en fa\u00e7ade : pour mettre en valeur vos produits et s\u00e9duire les clients.<\/li>\n<\/ul>\n<p>En r\u00e9sum\u00e9, notre emballage pour aliments secs en aluminium mat offre une protection, une commodit\u00e9 et une polyvalence am\u00e9lior\u00e9es pour vos produits. Choisissez nos solutions d\u2019emballage de produits alimentaires secs pour rehausser votre marque et garantir la qualit\u00e9 et la fra\u00eecheur de vos produits.<\/p>","protected":false},"excerpt":{"rendered":"<table style=\"height: 360px; width: 99.8505%; border-collapse: collapse;\" border=\"2\">\n<tbody>\n<tr style=\"height: 40px;\">\n<td style=\"width: 22.6796%; height: 30px; background-color: #99ccff;\"><span style=\"font-family: arial, helvetica, sans-serif; font-size: 12pt;\"><strong>Dimensions et style<\/strong><\/span><\/td>\n<td style=\"width: 77.3204%; height: 30px; background-color: #99ccff;\"><span style=\"font-family: arial, helvetica, sans-serif; font-size: 12pt;\">Formes et tailles personnalis\u00e9es<\/span><\/td>\n<\/tr>\n<tr style=\"height: 40px;\">\n<td style=\"width: 22.6796%; height: 34px; background-color: #ebebeb;\"><span style=\"font-size: 12pt;\"><strong><span style=\"font-family: arial, helvetica, sans-serif;\">Quantit\u00e9 minimum d&#039;achat<\/span><\/strong><\/span><\/td>\n<td style=\"width: 77.3204%; height: 34px; background-color: #ebebeb;\"><span style=\"font-family: arial, helvetica, sans-serif; font-size: 12pt;\">1000 pi\u00e8ces sans personnalisation, 10000 pi\u00e8ces pour personnalisation<\/span><\/td>\n<\/tr>\n<tr style=\"height: 40px; background-color: #99ccff;\">\n<td style=\"width: 22.6796%; height: 24px;\"><span style=\"font-size: 12pt;\"><strong><span style=\"font-family: arial, helvetica, sans-serif;\">Type d&#039;emballage<\/span><\/strong><\/span><\/td>\n<td style=\"width: 77.3204%; height: 24px;\"><span style=\"font-family: arial, helvetica, sans-serif; font-size: 12pt;\">Pochette debout<\/span><\/td>\n<\/tr>\n<tr style=\"height: 40px; background-color: #ebebeb;\">\n<td style=\"width: 22.6796%; height: 24px;\"><span style=\"font-size: 12pt;\"><strong><span style=\"font-family: arial, helvetica, sans-serif;\">Impression<\/span><\/strong><\/span><\/td>\n<td style=\"width: 77.3204%; height: 24px;\"><span style=\"font-family: arial, helvetica, sans-serif; font-size: 12pt;\">CMJN (1 \u00e0 10 couleurs), pas d&#039;impression (ordinaire)<\/span><\/td>\n<\/tr>\n<tr style=\"height: 40px; background-color: #99ccff;\">\n<td style=\"width: 22.6796%; height: 24px;\"><span style=\"font-size: 12pt;\"><strong><span style=\"font-family: arial, helvetica, sans-serif;\">Finition<\/span><\/strong><\/span><\/td>\n<td style=\"width: 77.3204%; height: 24px;\"><span style=\"font-family: arial, helvetica, sans-serif; font-size: 12pt;\">Stratification brillante\/mate, impression offset<\/span><\/td>\n<\/tr>\n<tr style=\"height: 40px; background-color: #ebebeb;\">\n<td style=\"width: 22.6796%; height: 24px;\"><span style=\"font-size: 12pt;\"><strong><span style=\"font-family: arial, helvetica, sans-serif;\">Options incluses<\/span><\/strong><\/span><\/td>\n<td style=\"width: 77.3204%; height: 24px;\"><span style=\"font-family: arial, helvetica, sans-serif; font-size: 12pt;\">D\u00e9coupe, thermoscellage<\/span><\/td>\n<\/tr>\n<tr style=\"height: 40px; background-color: #99ccff;\">\n<td style=\"width: 22.6796%; height: 24px;\"><span style=\"font-size: 12pt;\"><strong><span style=\"font-family: arial, helvetica, sans-serif;\">Preuve<\/span><\/strong><\/span><\/td>\n<td style=\"width: 77.3204%; height: 24px;\"><span style=\"font-family: arial, helvetica, sans-serif; font-size: 12pt;\">Preuves d&#039;odeur\u00a0<\/span><\/td>\n<\/tr>\n<tr style=\"height: 40px; background-color: #ebebeb;\">\n<td style=\"width: 22.6796%; height: 24px;\"><span style=\"font-size: 12pt;\"><strong><span style=\"font-family: arial, helvetica, sans-serif;\">D\u00e9lai d&#039;ex\u00e9cution<\/span><\/strong><\/span><\/td>\n<td style=\"width: 77.3204%; height: 24px;\"><span style=\"font-family: arial, helvetica, sans-serif; font-size: 12pt;\">7 \u00e0 15 jours ouvrables, RUSH<\/span><\/td>\n<\/tr>\n<tr style=\"height: 40px; background-color: #99ccff;\">\n<td style=\"width: 22.6796%; height: 24px;\"><span style=\"font-size: 12pt;\"><strong><span style=\"font-family: arial, helvetica, sans-serif;\">Exp\u00e9dition<\/span><\/strong><\/span><\/td>\n<td style=\"width: 77.3204%; height: 24px;\"><span style=\"font-family: arial, helvetica, sans-serif; font-size: 12pt;\">Air, Mer, Express<\/span><\/td>\n<\/tr>\n<\/tbody>\n<\/table>\n<p>&nbsp;<\/p>","protected":false},"featured_media":1923,"comment_status":"open","ping_status":"closed","template":"","meta":[],"product_brand":[],"product_cat":[26,27,18],"product_tag":[],"class_list":{"0":"post-1922","1":"product","2":"type-product","3":"status-publish","4":"has-post-thumbnail","6":"product_cat-food-packaging","7":"product_cat-coffee-and-tea-packaging","8":"product_cat-zipper-bags","10":"first","11":"instock","12":"shipping-taxable","13":"product-type-simple"},"_links":{"self":[{"href":"https:\/\/polysmarts.com\/fr\/wp-json\/wp\/v2\/product\/1922","targetHints":{"allow":["GET"]}}],"collection":[{"href":"https:\/\/polysmarts.com\/fr\/wp-json\/wp\/v2\/product"}],"about":[{"href":"https:\/\/polysmarts.com\/fr\/wp-json\/wp\/v2\/types\/product"}],"replies":[{"embeddable":true,"href":"https:\/\/polysmarts.com\/fr\/wp-json\/wp\/v2\/comments?post=1922"}],"version-history":[{"count":2,"href":"https:\/\/polysmarts.com\/fr\/wp-json\/wp\/v2\/product\/1922\/revisions"}],"predecessor-version":[{"id":1930,"href":"https:\/\/polysmarts.com\/fr\/wp-json\/wp\/v2\/product\/1922\/revisions\/1930"}],"wp:featuredmedia":[{"embeddable":true,"href":"https:\/\/polysmarts.com\/fr\/wp-json\/wp\/v2\/media\/1923"}],"wp:attachment":[{"href":"https:\/\/polysmarts.com\/fr\/wp-json\/wp\/v2\/media?parent=1922"}],"wp:term":[{"taxonomy":"product_brand","embeddable":true,"href":"https:\/\/polysmarts.com\/fr\/wp-json\/wp\/v2\/product_brand?post=1922"},{"taxonomy":"product_cat","embeddable":true,"href":"https:\/\/polysmarts.com\/fr\/wp-json\/wp\/v2\/product_cat?post=1922"},{"taxonomy":"product_tag","embeddable":true,"href":"https:\/\/polysmarts.com\/fr\/wp-json\/wp\/v2\/product_tag?post=1922"}],"curies":[{"name":"wp","href":"https:\/\/api.w.org\/{rel}","templated":true}]}}