{"id":1902,"date":"2024-03-07T13:39:35","date_gmt":"2024-03-07T13:39:35","guid":{"rendered":"https:\/\/polysmarts.com\/?post_type=product&#038;p=1902"},"modified":"2024-03-07T13:46:57","modified_gmt":"2024-03-07T13:46:57","slug":"fournisseur-demballages-alimentaires-respectueux-de-lenvironnement","status":"publish","type":"product","link":"https:\/\/polysmarts.com\/fr\/product\/eco-friendly-food-packaging-supplier\/","title":{"rendered":"Fournisseur d&#039;emballages alimentaires respectueux de l&#039;environnement"},"content":{"rendered":"<p>Bienvenue chez votre source incontournable de solutions d&#039;emballage alimentaire respectueuses de l&#039;environnement\u00a0! En tant que fournisseur leader du secteur, nous sommes fiers de proposer une gamme d&#039;options durables pour r\u00e9pondre \u00e0 vos besoins en mati\u00e8re d&#039;emballage.<\/p>\n<p>Pr\u00e9sentation de nos solutions d\u2019emballage alimentaire \u00e9cologiques\u00a0! \u00c9galement connus sous le nom de sachets debout, nos emballages de collations personnalis\u00e9s sont fabriqu\u00e9s \u00e0 partir de mat\u00e9riaux recyclables, ce qui en fait un choix respectueux de l&#039;environnement pour emballer des collations comme des noix, des bonbons et des chips.<\/p>\n<p>Hautement personnalisable pour s&#039;adapter \u00e0 vos produits \u2022 Fermetures \u00e9clair refermables \u2022 Thermoscellable \u2022 Encoches de d\u00e9chirure pour une ouverture facile \u2022 Mat\u00e9riau r\u00e9sistant \u00e0 la perforation \u2022 Films \u00e0 haute barri\u00e8re ou sp\u00e9ciaux pour maintenir la fra\u00eecheur et supprimer les odeurs \u2022 Fen\u00eatres claires ou troubles pour mettre en valeur vos produits<\/p>\n<p>Nous comprenons que chaque produit est unique, c&#039;est pourquoi notre emballage est hautement personnalisable. Que vous ayez besoin de fermetures \u00e9clair refermables pour un acc\u00e8s facile, de sachets thermoscellables pour conserver la fra\u00eecheur ou d&#039;encoches d\u00e9tachables pour une ouverture sans effort, nous avons les options qui r\u00e9pondent \u00e0 vos besoins.<\/p>\n<p>Nos sachets sont fabriqu\u00e9s \u00e0 partir d&#039;un mat\u00e9riau r\u00e9sistant \u00e0 la perforation, garantissant que vos collations restent intactes pendant la manipulation et le transport. De plus, nos films \u00e0 haute barri\u00e8re pr\u00e9servent la fra\u00eecheur et suppriment les odeurs, permettant ainsi \u00e0 vos collations de conserver leur bon go\u00fbt plus longtemps.<\/p>\n<p>En r\u00e9sum\u00e9, en tant que fournisseur d&#039;emballages alimentaires respectueux de l&#039;environnement, nous nous engageons \u00e0 fournir des solutions durables qui r\u00e9pondent \u00e0 vos besoins tout en prenant soin de la plan\u00e8te. Choisissez-nous pour vos besoins d\u2019emballage et ayez un impact positif sur l\u2019environnement.<\/p>","protected":false},"excerpt":{"rendered":"<table style=\"height: 360px; width: 99.8505%; border-collapse: collapse;\" border=\"2\">\n<tbody>\n<tr style=\"height: 40px;\">\n<td style=\"width: 22.6796%; height: 30px; background-color: #99ccff;\"><span style=\"font-family: arial, helvetica, sans-serif; font-size: 12pt;\"><strong>Dimensions et style<\/strong><\/span><\/td>\n<td style=\"width: 77.3204%; height: 30px; background-color: #99ccff;\"><span style=\"font-family: arial, helvetica, sans-serif; font-size: 12pt;\">Formes et tailles personnalis\u00e9es<\/span><\/td>\n<\/tr>\n<tr style=\"height: 40px;\">\n<td style=\"width: 22.6796%; height: 34px; background-color: #ebebeb;\"><span style=\"font-size: 12pt;\"><strong><span style=\"font-family: arial, helvetica, sans-serif;\">Quantit\u00e9 minimum d&#039;achat<\/span><\/strong><\/span><\/td>\n<td style=\"width: 77.3204%; height: 34px; background-color: #ebebeb;\"><span style=\"font-family: arial, helvetica, sans-serif; font-size: 12pt;\">1000 pi\u00e8ces sans personnalisation, 10000 pi\u00e8ces pour personnalisation<\/span><\/td>\n<\/tr>\n<tr style=\"height: 40px; background-color: #99ccff;\">\n<td style=\"width: 22.6796%; height: 24px;\"><span style=\"font-size: 12pt;\"><strong><span style=\"font-family: arial, helvetica, sans-serif;\">Type d&#039;emballage<\/span><\/strong><\/span><\/td>\n<td style=\"width: 77.3204%; height: 24px;\"><span style=\"font-family: arial, helvetica, sans-serif; font-size: 12pt;\">Pochette debout<\/span><\/td>\n<\/tr>\n<tr style=\"height: 40px; background-color: #ebebeb;\">\n<td style=\"width: 22.6796%; height: 24px;\"><span style=\"font-size: 12pt;\"><strong><span style=\"font-family: arial, helvetica, sans-serif;\">Impression<\/span><\/strong><\/span><\/td>\n<td style=\"width: 77.3204%; height: 24px;\"><span style=\"font-family: arial, helvetica, sans-serif; font-size: 12pt;\">CMJN (1 \u00e0 10 couleurs), pas d&#039;impression (ordinaire)<\/span><\/td>\n<\/tr>\n<tr style=\"height: 40px; background-color: #99ccff;\">\n<td style=\"width: 22.6796%; height: 24px;\"><span style=\"font-size: 12pt;\"><strong><span style=\"font-family: arial, helvetica, sans-serif;\">Finition<\/span><\/strong><\/span><\/td>\n<td style=\"width: 77.3204%; height: 24px;\"><span style=\"font-family: arial, helvetica, sans-serif; font-size: 12pt;\">Stratification brillante\/mate, impression offset<\/span><\/td>\n<\/tr>\n<tr style=\"height: 40px; background-color: #ebebeb;\">\n<td style=\"width: 22.6796%; height: 24px;\"><span style=\"font-size: 12pt;\"><strong><span style=\"font-family: arial, helvetica, sans-serif;\">Options incluses<\/span><\/strong><\/span><\/td>\n<td style=\"width: 77.3204%; height: 24px;\"><span style=\"font-family: arial, helvetica, sans-serif; font-size: 12pt;\">D\u00e9coupe, thermoscellage<\/span><\/td>\n<\/tr>\n<tr style=\"height: 40px; background-color: #99ccff;\">\n<td style=\"width: 22.6796%; height: 24px;\"><span style=\"font-size: 12pt;\"><strong><span style=\"font-family: arial, helvetica, sans-serif;\">Preuve<\/span><\/strong><\/span><\/td>\n<td style=\"width: 77.3204%; height: 24px;\"><span style=\"font-family: arial, helvetica, sans-serif; font-size: 12pt;\">Preuves d&#039;odeur\u00a0<\/span><\/td>\n<\/tr>\n<tr style=\"height: 40px; background-color: #ebebeb;\">\n<td style=\"width: 22.6796%; height: 24px;\"><span style=\"font-size: 12pt;\"><strong><span style=\"font-family: arial, helvetica, sans-serif;\">D\u00e9lai d&#039;ex\u00e9cution<\/span><\/strong><\/span><\/td>\n<td style=\"width: 77.3204%; height: 24px;\"><span style=\"font-family: arial, helvetica, sans-serif; font-size: 12pt;\">7 \u00e0 15 jours ouvrables, RUSH<\/span><\/td>\n<\/tr>\n<tr style=\"height: 40px; background-color: #99ccff;\">\n<td style=\"width: 22.6796%; height: 24px;\"><span style=\"font-size: 12pt;\"><strong><span style=\"font-family: arial, helvetica, sans-serif;\">Exp\u00e9dition<\/span><\/strong><\/span><\/td>\n<td style=\"width: 77.3204%; height: 24px;\"><span style=\"font-family: arial, helvetica, sans-serif; font-size: 12pt;\">Air, Mer, Express<\/span><\/td>\n<\/tr>\n<\/tbody>\n<\/table>\n<p>&nbsp;<\/p>","protected":false},"featured_media":1903,"comment_status":"open","ping_status":"closed","template":"","meta":[],"product_brand":[],"product_cat":[26,18],"product_tag":[],"class_list":{"0":"post-1902","1":"product","2":"type-product","3":"status-publish","4":"has-post-thumbnail","6":"product_cat-food-packaging","7":"product_cat-zipper-bags","9":"first","10":"instock","11":"shipping-taxable","12":"product-type-simple"},"_links":{"self":[{"href":"https:\/\/polysmarts.com\/fr\/wp-json\/wp\/v2\/product\/1902","targetHints":{"allow":["GET"]}}],"collection":[{"href":"https:\/\/polysmarts.com\/fr\/wp-json\/wp\/v2\/product"}],"about":[{"href":"https:\/\/polysmarts.com\/fr\/wp-json\/wp\/v2\/types\/product"}],"replies":[{"embeddable":true,"href":"https:\/\/polysmarts.com\/fr\/wp-json\/wp\/v2\/comments?post=1902"}],"version-history":[{"count":2,"href":"https:\/\/polysmarts.com\/fr\/wp-json\/wp\/v2\/product\/1902\/revisions"}],"predecessor-version":[{"id":1910,"href":"https:\/\/polysmarts.com\/fr\/wp-json\/wp\/v2\/product\/1902\/revisions\/1910"}],"wp:featuredmedia":[{"embeddable":true,"href":"https:\/\/polysmarts.com\/fr\/wp-json\/wp\/v2\/media\/1903"}],"wp:attachment":[{"href":"https:\/\/polysmarts.com\/fr\/wp-json\/wp\/v2\/media?parent=1902"}],"wp:term":[{"taxonomy":"product_brand","embeddable":true,"href":"https:\/\/polysmarts.com\/fr\/wp-json\/wp\/v2\/product_brand?post=1902"},{"taxonomy":"product_cat","embeddable":true,"href":"https:\/\/polysmarts.com\/fr\/wp-json\/wp\/v2\/product_cat?post=1902"},{"taxonomy":"product_tag","embeddable":true,"href":"https:\/\/polysmarts.com\/fr\/wp-json\/wp\/v2\/product_tag?post=1902"}],"curies":[{"name":"wp","href":"https:\/\/api.w.org\/{rel}","templated":true}]}}