{"id":1893,"date":"2024-03-07T13:21:17","date_gmt":"2024-03-07T13:21:17","guid":{"rendered":"https:\/\/polysmarts.com\/?post_type=product&#038;p=1893"},"modified":"2024-03-07T13:31:08","modified_gmt":"2024-03-07T13:31:08","slug":"sacs-demballage-de-collations-personnalises-pochette-debout","status":"publish","type":"product","link":"https:\/\/polysmarts.com\/fr\/product\/custom-snack-packaging-bags-stand-up-pouch\/","title":{"rendered":"Les sacs d&#039;emballage de collations personnalis\u00e9s tiennent la pochette"},"content":{"rendered":"<p>Pr\u00e9sentation de nos sacs d&#039;emballage de collations, pochettes debout\u00a0! Fabriqu\u00e9s \u00e0 la perfection, ces sachets offrent une mani\u00e8re durable et \u00e9l\u00e9gante d&#039;emballer vos collations pr\u00e9f\u00e9r\u00e9es, des noix aux bonbons et chips. Fabriqu\u00e9s \u00e0 partir de mat\u00e9riaux recyclables et approuv\u00e9s par la FDA, nos sachets de collations donnent la priorit\u00e9 \u00e0 la fois \u00e0 l&#039;environnement et \u00e0 votre sant\u00e9.<\/p>\n<p>Ce qui distingue ces emballages de collations, c&#039;est leur polyvalence et leurs options de personnalisation. Vous avez la libert\u00e9 de les adapter \u00e0 vos produits uniques. Besoin de fermetures \u00e9clair refermables pour un acc\u00e8s facile ? Nous avons ce qu&#039;il vous faut. Vous recherchez des sachets thermoscellables pour conserver la fra\u00eecheur ? V\u00e9rifier. De plus, les encoches de d\u00e9chirure facilitent l&#039;ouverture et le mat\u00e9riau r\u00e9sistant aux perforations garantit que vos collations restent intactes, quoi qu&#039;il arrive.<\/p>\n<p>Mais ce n&#039;est pas tout! Nos sachets sont \u00e9galement livr\u00e9s avec des films haute barri\u00e8re, gardant vos collations fra\u00eeches et sans odeur. Et si vous souhaitez donner aux clients un aper\u00e7u de ce qu\u2019il y a \u00e0 l\u2019int\u00e9rieur, optez pour des fen\u00eatres claires ou opaques. Parfait pour ravir vos papilles !<\/p>\n<p>Oh, et avons-nous mentionn\u00e9 les trous de suspension\u00a0? Ils facilitent grandement la pr\u00e9sentation au d\u00e9tail, permettant \u00e0 vos collations d&#039;\u00eatre accroch\u00e9es fi\u00e8rement sur des \u00e9tag\u00e8res ou des crochets.<\/p>\n<p>En r\u00e9sum\u00e9, nos sacs d&#039;emballage de collations Stand Up Pouches offrent le m\u00e9lange parfait de durabilit\u00e9, de fonctionnalit\u00e9 et de style. Choisissez-les pour donner \u00e0 vos snacks l&#039;emballage qu&#039;ils m\u00e9ritent, tout en faisant votre part pour la plan\u00e8te.<\/p>","protected":false},"excerpt":{"rendered":"<table style=\"height: 360px; width: 99.8505%; border-collapse: collapse;\" border=\"2\">\n<tbody>\n<tr style=\"height: 40px;\">\n<td style=\"width: 22.6796%; height: 30px; background-color: #99ccff;\"><span style=\"font-family: arial, helvetica, sans-serif; font-size: 12pt;\"><strong>Dimensions et style<\/strong><\/span><\/td>\n<td style=\"width: 77.3204%; height: 30px; background-color: #99ccff;\"><span style=\"font-family: arial, helvetica, sans-serif; font-size: 12pt;\">Formes et tailles personnalis\u00e9es<\/span><\/td>\n<\/tr>\n<tr style=\"height: 40px;\">\n<td style=\"width: 22.6796%; height: 34px; background-color: #ebebeb;\"><span style=\"font-size: 12pt;\"><strong><span style=\"font-family: arial, helvetica, sans-serif;\">Quantit\u00e9 minimum d&#039;achat<\/span><\/strong><\/span><\/td>\n<td style=\"width: 77.3204%; height: 34px; background-color: #ebebeb;\"><span style=\"font-family: arial, helvetica, sans-serif; font-size: 12pt;\">1000 pi\u00e8ces sans personnalisation, 10000 pi\u00e8ces pour personnalisation<\/span><\/td>\n<\/tr>\n<tr style=\"height: 40px; background-color: #99ccff;\">\n<td style=\"width: 22.6796%; height: 24px;\"><span style=\"font-size: 12pt;\"><strong><span style=\"font-family: arial, helvetica, sans-serif;\">Type d&#039;emballage<\/span><\/strong><\/span><\/td>\n<td style=\"width: 77.3204%; height: 24px;\"><span style=\"font-family: arial, helvetica, sans-serif; font-size: 12pt;\">Pochette debout<\/span><\/td>\n<\/tr>\n<tr style=\"height: 40px; background-color: #ebebeb;\">\n<td style=\"width: 22.6796%; height: 24px;\"><span style=\"font-size: 12pt;\"><strong><span style=\"font-family: arial, helvetica, sans-serif;\">Impression<\/span><\/strong><\/span><\/td>\n<td style=\"width: 77.3204%; height: 24px;\"><span style=\"font-family: arial, helvetica, sans-serif; font-size: 12pt;\">CMJN (1 \u00e0 10 couleurs), pas d&#039;impression (ordinaire)<\/span><\/td>\n<\/tr>\n<tr style=\"height: 40px; background-color: #99ccff;\">\n<td style=\"width: 22.6796%; height: 24px;\"><span style=\"font-size: 12pt;\"><strong><span style=\"font-family: arial, helvetica, sans-serif;\">Finition<\/span><\/strong><\/span><\/td>\n<td style=\"width: 77.3204%; height: 24px;\"><span style=\"font-family: arial, helvetica, sans-serif; font-size: 12pt;\">Stratification brillante\/mate, impression offset<\/span><\/td>\n<\/tr>\n<tr style=\"height: 40px; background-color: #ebebeb;\">\n<td style=\"width: 22.6796%; height: 24px;\"><span style=\"font-size: 12pt;\"><strong><span style=\"font-family: arial, helvetica, sans-serif;\">Options incluses<\/span><\/strong><\/span><\/td>\n<td style=\"width: 77.3204%; height: 24px;\"><span style=\"font-family: arial, helvetica, sans-serif; font-size: 12pt;\">D\u00e9coupe, thermoscellage<\/span><\/td>\n<\/tr>\n<tr style=\"height: 40px; background-color: #99ccff;\">\n<td style=\"width: 22.6796%; height: 24px;\"><span style=\"font-size: 12pt;\"><strong><span style=\"font-family: arial, helvetica, sans-serif;\">Preuve<\/span><\/strong><\/span><\/td>\n<td style=\"width: 77.3204%; height: 24px;\"><span style=\"font-family: arial, helvetica, sans-serif; font-size: 12pt;\">Preuves d&#039;odeur\u00a0<\/span><\/td>\n<\/tr>\n<tr style=\"height: 40px; background-color: #ebebeb;\">\n<td style=\"width: 22.6796%; height: 24px;\"><span style=\"font-size: 12pt;\"><strong><span style=\"font-family: arial, helvetica, sans-serif;\">D\u00e9lai d&#039;ex\u00e9cution<\/span><\/strong><\/span><\/td>\n<td style=\"width: 77.3204%; height: 24px;\"><span style=\"font-family: arial, helvetica, sans-serif; font-size: 12pt;\">7 \u00e0 15 jours ouvrables, RUSH<\/span><\/td>\n<\/tr>\n<tr style=\"height: 40px; background-color: #99ccff;\">\n<td style=\"width: 22.6796%; height: 24px;\"><span style=\"font-size: 12pt;\"><strong><span style=\"font-family: arial, helvetica, sans-serif;\">Exp\u00e9dition<\/span><\/strong><\/span><\/td>\n<td style=\"width: 77.3204%; height: 24px;\"><span style=\"font-family: arial, helvetica, sans-serif; font-size: 12pt;\">Air, Mer, Express<\/span><\/td>\n<\/tr>\n<\/tbody>\n<\/table>\n<p>&nbsp;<\/p>","protected":false},"featured_media":1895,"comment_status":"open","ping_status":"closed","template":"","meta":[],"product_brand":[],"product_cat":[26,18],"product_tag":[],"class_list":{"0":"post-1893","1":"product","2":"type-product","3":"status-publish","4":"has-post-thumbnail","6":"product_cat-food-packaging","7":"product_cat-zipper-bags","9":"first","10":"instock","11":"shipping-taxable","12":"product-type-simple"},"_links":{"self":[{"href":"https:\/\/polysmarts.com\/fr\/wp-json\/wp\/v2\/product\/1893","targetHints":{"allow":["GET"]}}],"collection":[{"href":"https:\/\/polysmarts.com\/fr\/wp-json\/wp\/v2\/product"}],"about":[{"href":"https:\/\/polysmarts.com\/fr\/wp-json\/wp\/v2\/types\/product"}],"replies":[{"embeddable":true,"href":"https:\/\/polysmarts.com\/fr\/wp-json\/wp\/v2\/comments?post=1893"}],"version-history":[{"count":2,"href":"https:\/\/polysmarts.com\/fr\/wp-json\/wp\/v2\/product\/1893\/revisions"}],"predecessor-version":[{"id":1901,"href":"https:\/\/polysmarts.com\/fr\/wp-json\/wp\/v2\/product\/1893\/revisions\/1901"}],"wp:featuredmedia":[{"embeddable":true,"href":"https:\/\/polysmarts.com\/fr\/wp-json\/wp\/v2\/media\/1895"}],"wp:attachment":[{"href":"https:\/\/polysmarts.com\/fr\/wp-json\/wp\/v2\/media?parent=1893"}],"wp:term":[{"taxonomy":"product_brand","embeddable":true,"href":"https:\/\/polysmarts.com\/fr\/wp-json\/wp\/v2\/product_brand?post=1893"},{"taxonomy":"product_cat","embeddable":true,"href":"https:\/\/polysmarts.com\/fr\/wp-json\/wp\/v2\/product_cat?post=1893"},{"taxonomy":"product_tag","embeddable":true,"href":"https:\/\/polysmarts.com\/fr\/wp-json\/wp\/v2\/product_tag?post=1893"}],"curies":[{"name":"wp","href":"https:\/\/api.w.org\/{rel}","templated":true}]}}