{"id":1880,"date":"2024-03-07T12:50:41","date_gmt":"2024-03-07T12:50:41","guid":{"rendered":"https:\/\/polysmarts.com\/?post_type=product&#038;p=1880"},"modified":"2024-03-07T13:16:54","modified_gmt":"2024-03-07T13:16:54","slug":"emballage-de-sacs-de-collation-imprimes-sur-mesure","status":"publish","type":"product","link":"https:\/\/polysmarts.com\/fr\/product\/custom-print-snack-bags-packaging\/","title":{"rendered":"Emballage de sacs de collation imprim\u00e9s personnalis\u00e9s"},"content":{"rendered":"<ul>\n<li>Pr\u00e9sentation de nos emballages de sacs \u00e0 collation personnalisables, \u00e9galement connus sous le nom de pochettes stand-up, con\u00e7us pour mettre en valeur vos collations tout en offrant durabilit\u00e9 et commodit\u00e9. Fabriqu\u00e9s \u00e0 partir de mat\u00e9riaux recyclables et approuv\u00e9s par la FDA, ces sachets \u00e0 collation offrent un moyen durable d&#039;emballer des noix, des bonbons, des chips et bien plus encore. Caract\u00e9ristiques hautement personnalisables : nos emballages de sacs \u00e0 collation offrent une gamme de fonctionnalit\u00e9s personnalisables pour s&#039;adapter \u00e0 vos produits et \u00e0 l&#039;identit\u00e9 de votre marque :\n<ul>\n<li>Fermetures \u00e9clair refermables : permettent une ouverture et une fermeture faciles, garantissant une fra\u00eecheur \u00e0 chaque utilisation.<\/li>\n<li>Thermoscellable : Fournit une fermeture s\u00e9curis\u00e9e pour garder vos collations prot\u00e9g\u00e9es.<\/li>\n<li>Encoches de d\u00e9chirure : facilitent une ouverture sans effort pour un acc\u00e8s rapide \u00e0 vos collations.<\/li>\n<li>Mat\u00e9riau r\u00e9sistant \u00e0 la perforation : Offre durabilit\u00e9 et protection pendant la manipulation et le transport.<\/li>\n<li>Films \u00e0 haute barri\u00e8re ou sp\u00e9ciaux\u00a0: pr\u00e9servez la fra\u00eecheur et supprimez les odeurs, prolongeant ainsi la dur\u00e9e de conservation de vos collations.<\/li>\n<li>Fen\u00eatres claires ou assombries\u00a0: mettez en valeur vos produits tout en les prot\u00e9geant.<\/li>\n<li>Trous de suspension\u00a0: parfaits pour l\u2019affichage au d\u00e9tail, permettant une suspension facile sur des crochets ou des supports.<\/li>\n<\/ul>\n<p>Design personnalisable : nos emballages de sacs \u00e0 collations sont hautement personnalisables, vous permettant de cr\u00e9er un design unique qui refl\u00e8te l&#039;identit\u00e9 de votre marque. Que vous pr\u00e9sentiez des graphismes audacieux, des couleurs vives ou des motifs complexes, nos capacit\u00e9s d&#039;impression garantissent que votre emballage se d\u00e9marque sur les \u00e9tag\u00e8res et captive l&#039;attention des clients.<\/p>\n<p>Solution durable : en plus d&#039;\u00eatre personnalisables, nos emballages de sacs \u00e0 collations sont respectueux de l&#039;environnement, fabriqu\u00e9s \u00e0 partir de mat\u00e9riaux recyclables. En choisissant notre solution d&#039;emballage durable, vous pouvez aligner votre marque sur des valeurs respectueuses de l&#039;environnement et r\u00e9duire votre impact environnemental.<\/p>\n<p>Polyvalent et pratique : parfait pour une vari\u00e9t\u00e9 de collations, nos sachets debout offrent polyvalence et commodit\u00e9. Que vous emballiez des noix, des bonbons, des chips ou d&#039;autres friandises, nos sacs \u00e0 collations offrent une solution pratique et \u00e9l\u00e9gante pour les collations en d\u00e9placement, les pr\u00e9sentations au d\u00e9tail ou les cadeaux.<\/p>\n<p>En r\u00e9sum\u00e9, nos emballages de sacs \u00e0 collations imprim\u00e9s personnalis\u00e9s offrent un m\u00e9lange de durabilit\u00e9, de polyvalence et de personnalisation, vous permettant de rehausser votre marque et de pr\u00e9senter vos collations avec style. Choisissez notre solution d&#039;emballage respectueuse de l&#039;environnement pour avoir un impact positif tout en ravissant vos clients avec des collations fra\u00eeches et attrayantes.<\/li>\n<\/ul>","protected":false},"excerpt":{"rendered":"<table style=\"height: 360px; width: 99.8505%; border-collapse: collapse;\" border=\"2\">\n<tbody>\n<tr style=\"height: 40px;\">\n<td style=\"width: 22.6796%; height: 30px; background-color: #99ccff;\"><span style=\"font-family: arial, helvetica, sans-serif; font-size: 12pt;\"><strong>Dimensions et style<\/strong><\/span><\/td>\n<td style=\"width: 77.3204%; height: 30px; background-color: #99ccff;\"><span style=\"font-family: arial, helvetica, sans-serif; font-size: 12pt;\">Formes et tailles personnalis\u00e9es<\/span><\/td>\n<\/tr>\n<tr style=\"height: 40px;\">\n<td style=\"width: 22.6796%; height: 34px; background-color: #ebebeb;\"><span style=\"font-size: 12pt;\"><strong><span style=\"font-family: arial, helvetica, sans-serif;\">Quantit\u00e9 minimum d&#039;achat<\/span><\/strong><\/span><\/td>\n<td style=\"width: 77.3204%; height: 34px; background-color: #ebebeb;\"><span style=\"font-family: arial, helvetica, sans-serif; font-size: 12pt;\">1000 pi\u00e8ces sans personnalisation, 10000 pi\u00e8ces pour personnalisation<\/span><\/td>\n<\/tr>\n<tr style=\"height: 40px; background-color: #99ccff;\">\n<td style=\"width: 22.6796%; height: 24px;\"><span style=\"font-size: 12pt;\"><strong><span style=\"font-family: arial, helvetica, sans-serif;\">Type d&#039;emballage<\/span><\/strong><\/span><\/td>\n<td style=\"width: 77.3204%; height: 24px;\"><span style=\"font-family: arial, helvetica, sans-serif; font-size: 12pt;\">Pochette debout<\/span><\/td>\n<\/tr>\n<tr style=\"height: 40px; background-color: #ebebeb;\">\n<td style=\"width: 22.6796%; height: 24px;\"><span style=\"font-size: 12pt;\"><strong><span style=\"font-family: arial, helvetica, sans-serif;\">Impression<\/span><\/strong><\/span><\/td>\n<td style=\"width: 77.3204%; height: 24px;\"><span style=\"font-family: arial, helvetica, sans-serif; font-size: 12pt;\">CMJN (1 \u00e0 10 couleurs), pas d&#039;impression (ordinaire)<\/span><\/td>\n<\/tr>\n<tr style=\"height: 40px; background-color: #99ccff;\">\n<td style=\"width: 22.6796%; height: 24px;\"><span style=\"font-size: 12pt;\"><strong><span style=\"font-family: arial, helvetica, sans-serif;\">Finition<\/span><\/strong><\/span><\/td>\n<td style=\"width: 77.3204%; height: 24px;\"><span style=\"font-family: arial, helvetica, sans-serif; font-size: 12pt;\">Stratification brillante\/mate, impression offset<\/span><\/td>\n<\/tr>\n<tr style=\"height: 40px; background-color: #ebebeb;\">\n<td style=\"width: 22.6796%; height: 24px;\"><span style=\"font-size: 12pt;\"><strong><span style=\"font-family: arial, helvetica, sans-serif;\">Options incluses<\/span><\/strong><\/span><\/td>\n<td style=\"width: 77.3204%; height: 24px;\"><span style=\"font-family: arial, helvetica, sans-serif; font-size: 12pt;\">D\u00e9coupe, thermoscellage<\/span><\/td>\n<\/tr>\n<tr style=\"height: 40px; background-color: #99ccff;\">\n<td style=\"width: 22.6796%; height: 24px;\"><span style=\"font-size: 12pt;\"><strong><span style=\"font-family: arial, helvetica, sans-serif;\">Preuve<\/span><\/strong><\/span><\/td>\n<td style=\"width: 77.3204%; height: 24px;\"><span style=\"font-family: arial, helvetica, sans-serif; font-size: 12pt;\">Preuves d&#039;odeur\u00a0<\/span><\/td>\n<\/tr>\n<tr style=\"height: 40px; background-color: #ebebeb;\">\n<td style=\"width: 22.6796%; height: 24px;\"><span style=\"font-size: 12pt;\"><strong><span style=\"font-family: arial, helvetica, sans-serif;\">D\u00e9lai d&#039;ex\u00e9cution<\/span><\/strong><\/span><\/td>\n<td style=\"width: 77.3204%; height: 24px;\"><span style=\"font-family: arial, helvetica, sans-serif; font-size: 12pt;\">7 \u00e0 15 jours ouvrables, RUSH<\/span><\/td>\n<\/tr>\n<tr style=\"height: 40px; background-color: #99ccff;\">\n<td style=\"width: 22.6796%; height: 24px;\"><span style=\"font-size: 12pt;\"><strong><span style=\"font-family: arial, helvetica, sans-serif;\">Exp\u00e9dition<\/span><\/strong><\/span><\/td>\n<td style=\"width: 77.3204%; height: 24px;\"><span style=\"font-family: arial, helvetica, sans-serif; font-size: 12pt;\">Air, Mer, Express<\/span><\/td>\n<\/tr>\n<\/tbody>\n<\/table>\n<p>&nbsp;<\/p>","protected":false},"featured_media":1882,"comment_status":"open","ping_status":"closed","template":"","meta":[],"product_brand":[],"product_cat":[26,18],"product_tag":[],"class_list":{"0":"post-1880","1":"product","2":"type-product","3":"status-publish","4":"has-post-thumbnail","6":"product_cat-food-packaging","7":"product_cat-zipper-bags","9":"first","10":"instock","11":"shipping-taxable","12":"product-type-simple"},"_links":{"self":[{"href":"https:\/\/polysmarts.com\/fr\/wp-json\/wp\/v2\/product\/1880","targetHints":{"allow":["GET"]}}],"collection":[{"href":"https:\/\/polysmarts.com\/fr\/wp-json\/wp\/v2\/product"}],"about":[{"href":"https:\/\/polysmarts.com\/fr\/wp-json\/wp\/v2\/types\/product"}],"replies":[{"embeddable":true,"href":"https:\/\/polysmarts.com\/fr\/wp-json\/wp\/v2\/comments?post=1880"}],"version-history":[{"count":3,"href":"https:\/\/polysmarts.com\/fr\/wp-json\/wp\/v2\/product\/1880\/revisions"}],"predecessor-version":[{"id":1892,"href":"https:\/\/polysmarts.com\/fr\/wp-json\/wp\/v2\/product\/1880\/revisions\/1892"}],"wp:featuredmedia":[{"embeddable":true,"href":"https:\/\/polysmarts.com\/fr\/wp-json\/wp\/v2\/media\/1882"}],"wp:attachment":[{"href":"https:\/\/polysmarts.com\/fr\/wp-json\/wp\/v2\/media?parent=1880"}],"wp:term":[{"taxonomy":"product_brand","embeddable":true,"href":"https:\/\/polysmarts.com\/fr\/wp-json\/wp\/v2\/product_brand?post=1880"},{"taxonomy":"product_cat","embeddable":true,"href":"https:\/\/polysmarts.com\/fr\/wp-json\/wp\/v2\/product_cat?post=1880"},{"taxonomy":"product_tag","embeddable":true,"href":"https:\/\/polysmarts.com\/fr\/wp-json\/wp\/v2\/product_tag?post=1880"}],"curies":[{"name":"wp","href":"https:\/\/api.w.org\/{rel}","templated":true}]}}