{"id":1867,"date":"2024-03-05T10:58:22","date_gmt":"2024-03-05T10:58:22","guid":{"rendered":"https:\/\/polysmarts.com\/?post_type=product&#038;p=1867"},"modified":"2024-03-05T14:29:06","modified_gmt":"2024-03-05T14:29:06","slug":"emballage-de-the-ecologique-personnalise","status":"publish","type":"product","link":"https:\/\/polysmarts.com\/fr\/product\/custom-eco-friendly-tea-packaging\/","title":{"rendered":"Emballage de th\u00e9 \u00e9cologique personnalis\u00e9"},"content":{"rendered":"<p>D\u00e9couvrez la solution parfaite pour vos besoins d&#039;emballage de th\u00e9 personnalis\u00e9 et respectueux de l&#039;environnement avec nos sacs \u00e0 fermeture \u00e9clair polyvalents et de haute qualit\u00e9. Con\u00e7us \u00e0 des fins multiples, ces sacs offrent une protection \u00e9tanche lorsqu&#039;ils sont bien ferm\u00e9s, ce qui les rend id\u00e9aux pour un large \u00e9ventail d&#039;applications.<\/p>\n<p>Large gamme d&#039;applications : nos sacs \u00e0 fermeture \u00e9clair ne sont pas seulement destin\u00e9s \u00e0 l&#039;emballage du th\u00e9 : ils sont parfaits pour les bonbons, les bijoux, les biscuits, les r\u00e9cipients anti-odeurs, le stockage des sandwichs, les articles de dispensaire, les collations, les produits frais, le stockage d&#039;\u00e9chantillons, et plus encore. Gr\u00e2ce \u00e0 leur conception polyvalente, ces sacs offrent une protection fiable \u00e0 tous vos biens.<\/p>\n<p>Sacs anti-odeurs de qualit\u00e9 sup\u00e9rieure : fabriqu\u00e9s \u00e0 partir de papier d&#039;aluminium de haute qualit\u00e9, nos sacs garantissent une r\u00e9sistance et une t\u00e9nacit\u00e9 exceptionnelles, conservant leur forme m\u00eame apr\u00e8s une utilisation r\u00e9p\u00e9t\u00e9e. Ils pr\u00e9sentent une excellente r\u00e9sistance \u00e0 la d\u00e9chirure, \u00e0 la perforation, \u00e0 l&#039;eau et \u00e0 la stabilit\u00e9 globale, garantissant un stockage \u00e0 long terme de votre th\u00e9 et d&#039;autres produits.<\/p>\n<p>Conviviaux et recyclables : nos sacs anti-odeurs sont non seulement conviviaux mais \u00e9galement recyclables, permettant une utilisation r\u00e9p\u00e9t\u00e9e tout en minimisant l&#039;impact environnemental. Le joint \u00e9tanche garantit la durabilit\u00e9 et \u00e9vite les fuites, tandis que la fen\u00eatre mate visible au milieu vous permet d&#039;identifier le contenu sans compromettre le joint. Ouvrez et fermez simplement la partie de la fermeture \u00e9clair en toute simplicit\u00e9, garantissant ainsi la fra\u00eecheur et \u00e9vitant les fuites.<\/p>\n<p>Sacs refermables \u00e0 fermeture \u00e9clair : \u00e9quip\u00e9s d&#039;une bande d&#039;\u00e9tanch\u00e9it\u00e9, nos sacs refermables facilitent l&#039;ouverture et la fermeture, offrant ainsi plus de commodit\u00e9 pour un usage quotidien. Parfaits pour prot\u00e9ger les articles fr\u00e9quemment utilis\u00e9s contre les insectes, les odeurs, l&#039;humidit\u00e9 et plus encore, ces sacs sont id\u00e9aux pour stocker des \u00e9pices, des noix, des biscuits, des c\u00e9r\u00e9ales, des grains de caf\u00e9, des friandises pour animaux de compagnie, et plus encore.<\/p>\n<p>En r\u00e9sum\u00e9, notre emballage de th\u00e9 personnalis\u00e9 et respectueux de l&#039;environnement offre le m\u00e9lange parfait de polyvalence, de durabilit\u00e9 et de durabilit\u00e9. \u00c9levez votre marque et offrez une protection fiable \u00e0 votre th\u00e9 et autres produits avec ces sacs \u00e0 fermeture \u00e9clair de haute qualit\u00e9, garantissant fra\u00eecheur et commodit\u00e9 \u00e0 chaque utilisation.<\/p>","protected":false},"excerpt":{"rendered":"<table style=\"height: 360px; width: 99.8505%; border-collapse: collapse;\" border=\"2\">\n<tbody>\n<tr style=\"height: 40px;\">\n<td style=\"width: 22.6796%; height: 30px; background-color: #99ccff;\"><span style=\"font-family: arial, helvetica, sans-serif; font-size: 12pt;\"><strong>Dimensions et style<\/strong><\/span><\/td>\n<td style=\"width: 77.3204%; height: 30px; background-color: #99ccff;\"><span style=\"font-family: arial, helvetica, sans-serif; font-size: 12pt;\">Formes et tailles personnalis\u00e9es<\/span><\/td>\n<\/tr>\n<tr style=\"height: 40px;\">\n<td style=\"width: 22.6796%; height: 34px; background-color: #ebebeb;\"><span style=\"font-size: 12pt;\"><strong><span style=\"font-family: arial, helvetica, sans-serif;\">Quantit\u00e9 minimum d&#039;achat<\/span><\/strong><\/span><\/td>\n<td style=\"width: 77.3204%; height: 34px; background-color: #ebebeb;\"><span style=\"font-family: arial, helvetica, sans-serif; font-size: 12pt;\">1000 pi\u00e8ces sans personnalisation, 10000 pi\u00e8ces pour personnalisation<\/span><\/td>\n<\/tr>\n<tr style=\"height: 40px; background-color: #99ccff;\">\n<td style=\"width: 22.6796%; height: 24px;\"><span style=\"font-size: 12pt;\"><strong><span style=\"font-family: arial, helvetica, sans-serif;\">Type d&#039;emballage<\/span><\/strong><\/span><\/td>\n<td style=\"width: 77.3204%; height: 24px;\"><span style=\"font-family: arial, helvetica, sans-serif; font-size: 12pt;\">Pochette debout<\/span><\/td>\n<\/tr>\n<tr style=\"height: 40px; background-color: #ebebeb;\">\n<td style=\"width: 22.6796%; height: 24px;\"><span style=\"font-size: 12pt;\"><strong><span style=\"font-family: arial, helvetica, sans-serif;\">Impression<\/span><\/strong><\/span><\/td>\n<td style=\"width: 77.3204%; height: 24px;\"><span style=\"font-family: arial, helvetica, sans-serif; font-size: 12pt;\">CMJN (1 \u00e0 10 couleurs), pas d&#039;impression (ordinaire)<\/span><\/td>\n<\/tr>\n<tr style=\"height: 40px; background-color: #99ccff;\">\n<td style=\"width: 22.6796%; height: 24px;\"><span style=\"font-size: 12pt;\"><strong><span style=\"font-family: arial, helvetica, sans-serif;\">Finition<\/span><\/strong><\/span><\/td>\n<td style=\"width: 77.3204%; height: 24px;\"><span style=\"font-family: arial, helvetica, sans-serif; font-size: 12pt;\">Stratification brillante\/mate, impression offset<\/span><\/td>\n<\/tr>\n<tr style=\"height: 40px; background-color: #ebebeb;\">\n<td style=\"width: 22.6796%; height: 24px;\"><span style=\"font-size: 12pt;\"><strong><span style=\"font-family: arial, helvetica, sans-serif;\">Options incluses<\/span><\/strong><\/span><\/td>\n<td style=\"width: 77.3204%; height: 24px;\"><span style=\"font-family: arial, helvetica, sans-serif; font-size: 12pt;\">D\u00e9coupe, thermoscellage<\/span><\/td>\n<\/tr>\n<tr style=\"height: 40px; background-color: #99ccff;\">\n<td style=\"width: 22.6796%; height: 24px;\"><span style=\"font-size: 12pt;\"><strong><span style=\"font-family: arial, helvetica, sans-serif;\">Preuve<\/span><\/strong><\/span><\/td>\n<td style=\"width: 77.3204%; height: 24px;\"><span style=\"font-family: arial, helvetica, sans-serif; font-size: 12pt;\">Preuves d&#039;odeur\u00a0<\/span><\/td>\n<\/tr>\n<tr style=\"height: 40px; background-color: #ebebeb;\">\n<td style=\"width: 22.6796%; height: 24px;\"><span style=\"font-size: 12pt;\"><strong><span style=\"font-family: arial, helvetica, sans-serif;\">D\u00e9lai d&#039;ex\u00e9cution<\/span><\/strong><\/span><\/td>\n<td style=\"width: 77.3204%; height: 24px;\"><span style=\"font-family: arial, helvetica, sans-serif; font-size: 12pt;\">7 \u00e0 15 jours ouvrables, RUSH<\/span><\/td>\n<\/tr>\n<tr style=\"height: 40px; background-color: #99ccff;\">\n<td style=\"width: 22.6796%; height: 24px;\"><span style=\"font-size: 12pt;\"><strong><span style=\"font-family: arial, helvetica, sans-serif;\">Exp\u00e9dition<\/span><\/strong><\/span><\/td>\n<td style=\"width: 77.3204%; height: 24px;\"><span style=\"font-family: arial, helvetica, sans-serif; font-size: 12pt;\">Air, Mer, Express<\/span><\/td>\n<\/tr>\n<\/tbody>\n<\/table>\n<p>&nbsp;<\/p>","protected":false},"featured_media":1873,"comment_status":"open","ping_status":"closed","template":"","meta":[],"product_brand":[],"product_cat":[27,18],"product_tag":[],"class_list":{"0":"post-1867","1":"product","2":"type-product","3":"status-publish","4":"has-post-thumbnail","6":"product_cat-coffee-and-tea-packaging","7":"product_cat-zipper-bags","9":"first","10":"instock","11":"shipping-taxable","12":"product-type-simple"},"_links":{"self":[{"href":"https:\/\/polysmarts.com\/fr\/wp-json\/wp\/v2\/product\/1867","targetHints":{"allow":["GET"]}}],"collection":[{"href":"https:\/\/polysmarts.com\/fr\/wp-json\/wp\/v2\/product"}],"about":[{"href":"https:\/\/polysmarts.com\/fr\/wp-json\/wp\/v2\/types\/product"}],"replies":[{"embeddable":true,"href":"https:\/\/polysmarts.com\/fr\/wp-json\/wp\/v2\/comments?post=1867"}],"version-history":[{"count":2,"href":"https:\/\/polysmarts.com\/fr\/wp-json\/wp\/v2\/product\/1867\/revisions"}],"predecessor-version":[{"id":1875,"href":"https:\/\/polysmarts.com\/fr\/wp-json\/wp\/v2\/product\/1867\/revisions\/1875"}],"wp:featuredmedia":[{"embeddable":true,"href":"https:\/\/polysmarts.com\/fr\/wp-json\/wp\/v2\/media\/1873"}],"wp:attachment":[{"href":"https:\/\/polysmarts.com\/fr\/wp-json\/wp\/v2\/media?parent=1867"}],"wp:term":[{"taxonomy":"product_brand","embeddable":true,"href":"https:\/\/polysmarts.com\/fr\/wp-json\/wp\/v2\/product_brand?post=1867"},{"taxonomy":"product_cat","embeddable":true,"href":"https:\/\/polysmarts.com\/fr\/wp-json\/wp\/v2\/product_cat?post=1867"},{"taxonomy":"product_tag","embeddable":true,"href":"https:\/\/polysmarts.com\/fr\/wp-json\/wp\/v2\/product_tag?post=1867"}],"curies":[{"name":"wp","href":"https:\/\/api.w.org\/{rel}","templated":true}]}}