{"id":1857,"date":"2024-03-05T09:29:42","date_gmt":"2024-03-05T09:29:42","guid":{"rendered":"https:\/\/polysmarts.com\/?post_type=product&#038;p=1857"},"modified":"2024-03-05T09:49:57","modified_gmt":"2024-03-05T09:49:57","slug":"sacs-de-boulangerie-de-serrure-donglet-de-cravate-detain-de-papier-kraft","status":"publish","type":"product","link":"https:\/\/polysmarts.com\/fr\/product\/kraft-paper-tin-tie-tab-lock-bakery-bags\/","title":{"rendered":"Sacs de boulangerie de serrure d&#039;onglet de lien d&#039;\u00e9tain de papier kraft"},"content":{"rendered":"<p>Sacs de boulangerie en \u00e9tain Tie Tab Lock Sac en papier kraft Disponibles en diff\u00e9rentes tailles, y compris les dimensions populaires de 4,5 \u00d7 2,36 \u00d7 9,6 \u2033, nos sacs de boulangerie sont id\u00e9aux pour \u00eatre utilis\u00e9s comme sacs cadeaux pour les grains de caf\u00e9 torr\u00e9fi\u00e9s de 8 oz, les biscuits, le granola, le m\u00e9lange montagnard, le pop-corn , des barres chocolat\u00e9es et bien plus encore. Que vous emballiez des friandises pour votre plaisir personnel ou comme cadeaux pour des occasions sp\u00e9ciales, nos sacs offrent la combinaison parfaite de fonctionnalit\u00e9 et d&#039;\u00e9l\u00e9gance.<\/p>\n<p>Doublure en poly lamin\u00e9 : dites adieu aux fuites salissantes et aux situations collantes avec la doublure en poly lamin\u00e9 de nos sacs de boulangerie. Cette fonctionnalit\u00e9 innovante garantit que votre contenu reste frais et d\u00e9licieux sans que la graisse des biscuits au beurre ne coule \u00e0 travers ou que les biscuits ne collent au papier. De plus, il n&#039;y a pas de bavures ni de saignements lors de l&#039;\u00e9criture sur les sacs, ce qui permet une personnalisation et un \u00e9tiquetage faciles.<\/p>\n<p>Sacs de boulangerie en \u00e9tain avec fen\u00eatre : nos sacs sont \u00e9quip\u00e9s d&#039;une fen\u00eatre de visualisation pratique, vous permettant de pr\u00e9senter vos friandises tout en offrant un aper\u00e7u \u00e0 vos clients. Les languettes m\u00e9talliques assurent une ouverture facile et une fermeture s\u00e9curis\u00e9e, ce qui les rend adapt\u00e9es pour stocker et transporter vos friandises en toute confiance. Parfaits pour les mariages, les f\u00eates ou tout \u00e9v\u00e9nement sp\u00e9cial, ces sacs offrent une alternative \u00e9l\u00e9gante et pratique aux assiettes ou aux tasses, permettant aux invit\u00e9s de sceller et de ramener \u00e0 la maison leurs friandises pr\u00e9f\u00e9r\u00e9es.<\/p>\n<p>Respectueux de l&#039;environnement : chez Polysmarts, nous accordons la priorit\u00e9 \u00e0 la durabilit\u00e9. C&#039;est pourquoi nos sacs de boulangerie en papier kraft Tin Tie Tab Lock sont recyclables, ce qui en fait un choix \u00e9cologique pour vos besoins d&#039;emballage. Retirez simplement l&#039;attache en \u00e9tain et la doublure en poly lamin\u00e9 avant de recycler, r\u00e9duisant ainsi les d\u00e9chets et minimisant votre empreinte environnementale.<\/p>\n<p>Utilisations multiples : nos sacs de boulangerie ne se limitent pas aux produits de boulangerie. Ils sont polyvalents et parfaits pour contenir du savon \u00e0 lessive fait main, des friandises pour chiens, des tartelettes \u00e0 la cire et bien plus encore. Ajoutez une touche personnalis\u00e9e en apposant un logo autocollant ou de jolies \u00e9tiquettes, ce qui les rend parfaits aussi bien pour les entreprises que pour les occasions sp\u00e9ciales.<\/p>\n<p>En r\u00e9sum\u00e9, nos sacs de boulangerie en papier kraft offrent le m\u00e9lange parfait de style, de fonctionnalit\u00e9 et de durabilit\u00e9. \u00c9levez votre marque et ravissez vos clients avec ces sacs polyvalents et respectueux de l&#039;environnement, garantissant que vos friandises restent fra\u00eeches et m\u00e9morables \u00e0 chaque utilisation.<\/p>","protected":false},"excerpt":{"rendered":"<table style=\"height: 360px; width: 99.8505%; border-collapse: collapse;\" border=\"2\">\n<tbody>\n<tr style=\"height: 40px;\">\n<td style=\"width: 22.6796%; height: 30px; background-color: #99ccff;\"><span style=\"font-family: arial, helvetica, sans-serif; font-size: 12pt;\"><strong>Dimensions et style<\/strong><\/span><\/td>\n<td style=\"width: 77.3204%; height: 30px; background-color: #99ccff;\"><span style=\"font-family: arial, helvetica, sans-serif; font-size: 12pt;\">Formes et tailles personnalis\u00e9es<\/span><\/td>\n<\/tr>\n<tr style=\"height: 40px;\">\n<td style=\"width: 22.6796%; height: 34px; background-color: #ebebeb;\"><span style=\"font-size: 12pt;\"><strong><span style=\"font-family: arial, helvetica, sans-serif;\">Quantit\u00e9 minimum d&#039;achat<\/span><\/strong><\/span><\/td>\n<td style=\"width: 77.3204%; height: 34px; background-color: #ebebeb;\"><span style=\"font-family: arial, helvetica, sans-serif; font-size: 12pt;\">1000 pi\u00e8ces sans personnalisation, 10000 pi\u00e8ces pour personnalisation<\/span><\/td>\n<\/tr>\n<tr style=\"height: 40px; background-color: #99ccff;\">\n<td style=\"width: 22.6796%; height: 24px;\"><span style=\"font-size: 12pt;\"><strong><span style=\"font-family: arial, helvetica, sans-serif;\">Type d&#039;emballage<\/span><\/strong><\/span><\/td>\n<td style=\"width: 77.3204%; height: 24px;\"><span style=\"font-family: arial, helvetica, sans-serif; font-size: 12pt;\">Kraft Paper Bags<\/span><\/td>\n<\/tr>\n<tr style=\"height: 40px; background-color: #ebebeb;\">\n<td style=\"width: 22.6796%; height: 24px;\"><span style=\"font-size: 12pt;\"><strong><span style=\"font-family: arial, helvetica, sans-serif;\">Impression<\/span><\/strong><\/span><\/td>\n<td style=\"width: 77.3204%; height: 24px;\"><span style=\"font-family: arial, helvetica, sans-serif; font-size: 12pt;\">CMJN (1 \u00e0 8 couleurs), pas d&#039;impression (ordinaire)<\/span><\/td>\n<\/tr>\n<tr style=\"height: 40px; background-color: #99ccff;\">\n<td style=\"width: 22.6796%; height: 24px;\"><span style=\"font-size: 12pt;\"><strong><span style=\"font-family: arial, helvetica, sans-serif;\">Finition<\/span><\/strong><\/span><\/td>\n<td style=\"width: 77.3204%; height: 24px;\"><span style=\"font-family: arial, helvetica, sans-serif; font-size: 12pt;\">Impression Flexo<\/span><\/td>\n<\/tr>\n<tr style=\"height: 40px; background-color: #ebebeb;\">\n<td style=\"width: 22.6796%; height: 24px;\"><span style=\"font-size: 12pt;\"><strong><span style=\"font-family: arial, helvetica, sans-serif;\">Mot-cl\u00e9<\/span><\/strong><\/span><\/td>\n<td style=\"width: 77.3204%; height: 24px;\"><span style=\"font-family: arial, helvetica, sans-serif; font-size: 12pt;\">Sacs de boulangerie \u00e0 fermeture \u00e0 onglet en \u00e9tain<\/span><\/td>\n<\/tr>\n<tr style=\"height: 40px; background-color: #99ccff;\">\n<td style=\"width: 22.6796%; height: 24px;\"><span style=\"font-size: 12pt;\"><strong><span style=\"font-family: arial, helvetica, sans-serif;\">Fonctionnalit\u00e9<\/span><\/strong><\/span><\/td>\n<td style=\"width: 77.3204%; height: 24px;\"><span style=\"font-family: arial, helvetica, sans-serif; font-size: 12pt;\">Mat\u00e9riau et encre de qualit\u00e9 alimentaire, emballage respectueux de l&#039;environnement.<\/span><\/td>\n<\/tr>\n<tr style=\"height: 40px; background-color: #ebebeb;\">\n<td style=\"width: 22.6796%; height: 24px;\"><span style=\"font-size: 12pt;\"><strong><span style=\"font-family: arial, helvetica, sans-serif;\">D\u00e9lai d&#039;ex\u00e9cution<\/span><\/strong><\/span><\/td>\n<td style=\"width: 77.3204%; height: 24px;\"><span style=\"font-family: arial, helvetica, sans-serif; font-size: 12pt;\">7 \u00e0 15 jours ouvrables, RUSH<\/span><\/td>\n<\/tr>\n<tr style=\"height: 40px; background-color: #99ccff;\">\n<td style=\"width: 22.6796%; height: 24px;\"><span style=\"font-size: 12pt;\"><strong><span style=\"font-family: arial, helvetica, sans-serif;\">Exp\u00e9dition<\/span><\/strong><\/span><\/td>\n<td style=\"width: 77.3204%; height: 24px;\"><span style=\"font-family: arial, helvetica, sans-serif; font-size: 12pt;\">Air, Mer, Express<\/span><\/td>\n<\/tr>\n<\/tbody>\n<\/table>\n<p>&nbsp;<\/p>","protected":false},"featured_media":1858,"comment_status":"open","ping_status":"closed","template":"","meta":[],"product_brand":[],"product_cat":[26,20,34,27],"product_tag":[],"class_list":{"0":"post-1857","1":"product","2":"type-product","3":"status-publish","4":"has-post-thumbnail","6":"product_cat-food-packaging","7":"product_cat-kraft-paper-bag","8":"product_cat-paper-packing","9":"product_cat-coffee-and-tea-packaging","11":"first","12":"instock","13":"shipping-taxable","14":"product-type-simple"},"_links":{"self":[{"href":"https:\/\/polysmarts.com\/fr\/wp-json\/wp\/v2\/product\/1857","targetHints":{"allow":["GET"]}}],"collection":[{"href":"https:\/\/polysmarts.com\/fr\/wp-json\/wp\/v2\/product"}],"about":[{"href":"https:\/\/polysmarts.com\/fr\/wp-json\/wp\/v2\/types\/product"}],"replies":[{"embeddable":true,"href":"https:\/\/polysmarts.com\/fr\/wp-json\/wp\/v2\/comments?post=1857"}],"version-history":[{"count":3,"href":"https:\/\/polysmarts.com\/fr\/wp-json\/wp\/v2\/product\/1857\/revisions"}],"predecessor-version":[{"id":1866,"href":"https:\/\/polysmarts.com\/fr\/wp-json\/wp\/v2\/product\/1857\/revisions\/1866"}],"wp:featuredmedia":[{"embeddable":true,"href":"https:\/\/polysmarts.com\/fr\/wp-json\/wp\/v2\/media\/1858"}],"wp:attachment":[{"href":"https:\/\/polysmarts.com\/fr\/wp-json\/wp\/v2\/media?parent=1857"}],"wp:term":[{"taxonomy":"product_brand","embeddable":true,"href":"https:\/\/polysmarts.com\/fr\/wp-json\/wp\/v2\/product_brand?post=1857"},{"taxonomy":"product_cat","embeddable":true,"href":"https:\/\/polysmarts.com\/fr\/wp-json\/wp\/v2\/product_cat?post=1857"},{"taxonomy":"product_tag","embeddable":true,"href":"https:\/\/polysmarts.com\/fr\/wp-json\/wp\/v2\/product_tag?post=1857"}],"curies":[{"name":"wp","href":"https:\/\/api.w.org\/{rel}","templated":true}]}}