{"id":1819,"date":"2024-03-01T13:35:09","date_gmt":"2024-03-01T13:35:09","guid":{"rendered":"https:\/\/polysmarts.com\/?post_type=product&#038;p=1819"},"modified":"2024-03-01T14:58:35","modified_gmt":"2024-03-01T14:58:35","slug":"sacs-demballage-en-papier-de-pain-de-boulangerie-personnalises","status":"publish","type":"product","link":"https:\/\/polysmarts.com\/fr\/product\/custom-bakery-bread-paper-packaging-bags\/","title":{"rendered":"Sacs d&#039;emballage en papier de pain de boulangerie personnalis\u00e9s"},"content":{"rendered":"<p>Nos sacs d&#039;emballage en papier pour pain de boulangerie personnalis\u00e9s sont con\u00e7us pour am\u00e9liorer la pr\u00e9sentation de vos produits de boulangerie tout en garantissant durabilit\u00e9 et fiabilit\u00e9. Dot\u00e9s d&#039;un design \u00e9l\u00e9gant qui respire la sophistication, ces sacs sont con\u00e7us pour durer. La construction robuste les rend faciles \u00e0 transporter, tandis que le fond carr\u00e9 garantit qu&#039;ils tiennent debout tout seuls, mettant en valeur vos d\u00e9licieuses friandises avec \u00e9l\u00e9gance.<\/p>\n<p>Conception de fen\u00eatre innovante : dites adieu aux devinettes gr\u00e2ce \u00e0 notre conception de fen\u00eatre innovante. Chaque sac est \u00e9quip\u00e9 d&#039;une fen\u00eatre unique qui offre un aper\u00e7u all\u00e9chant de vos friandises sans avoir besoin d&#039;ouvrir le sac. Cela permet aux clients d&#039;identifier facilement ce qu&#039;il y a \u00e0 l&#039;int\u00e9rieur, les attirant gr\u00e2ce \u00e0 l&#039;attrait visuel de vos produits de boulangerie.<\/p>\n<p>R\u00e9utilisables et s\u00e9curis\u00e9s : nos sacs sont non seulement \u00e9l\u00e9gants mais aussi pratiques. \u00c9quip\u00e9s de languettes m\u00e9talliques et d&#039;attaches en \u00e9tain, ils peuvent \u00eatre ouverts et ferm\u00e9s facilement \u00e0 plusieurs reprises. Cela fournit une fermeture s\u00e9curis\u00e9e, \u00e9tanche \u00e0 la poussi\u00e8re et \u00e0 l&#039;humidit\u00e9, garantissant que vos aliments restent frais et d\u00e9licieux pendant de longues p\u00e9riodes. Qu&#039;il s&#039;agisse de pain fra\u00eechement sorti du four, de p\u00e2tisseries ou de biscuits, nos sacs vous offrent la tranquillit\u00e9 d&#039;esprit en sachant que vos friandises sont prot\u00e9g\u00e9es.<\/p>\n<p>Polyvalent et pratique : parfaits pour une vari\u00e9t\u00e9 d&#039;utilisations, nos sacs d&#039;emballage en papier pour pain de boulangerie avec fen\u00eatre sont incroyablement polyvalents et pratiques. Que vous emballiez des produits de boulangerie, des commandes \u00e0 emporter ou que vous cr\u00e9iez des sacs cadeaux, ces sacs sont \u00e0 la hauteur. Id\u00e9als pour les pique-niques, les f\u00eates ou pour un usage quotidien, ils constituent une solution \u00e9l\u00e9gante et pratique pour stocker et transporter vos p\u00e2tisseries. Des grains de caf\u00e9 et granola au pop-corn et aux barres chocolat\u00e9es, les possibilit\u00e9s sont infinies avec nos sacs personnalisables.<\/p>\n<p>En r\u00e9sum\u00e9, nos sacs d&#039;emballage en papier pour pain de boulangerie personnalis\u00e9s allient \u00e9l\u00e9gance, durabilit\u00e9 et fonctionnalit\u00e9 pour rehausser votre marque et ravir vos clients. Avec leur conception de fen\u00eatre innovante, leurs caract\u00e9ristiques r\u00e9utilisables et leur polyvalence, ces sacs offrent une solution d&#039;emballage haut de gamme pour vos produits de boulangerie, garantissant qu&#039;ils se d\u00e9marquent de la foule et laissent une impression durable.<\/p>","protected":false},"excerpt":{"rendered":"<table style=\"height: 360px; width: 99.8505%; border-collapse: collapse;\" border=\"2\">\n<tbody>\n<tr style=\"height: 40px;\">\n<td style=\"width: 22.6796%; height: 30px; background-color: #99ccff;\"><span style=\"font-family: arial, helvetica, sans-serif; font-size: 12pt;\"><strong>Dimensions et style<\/strong><\/span><\/td>\n<td style=\"width: 77.3204%; height: 30px; background-color: #99ccff;\"><span style=\"font-family: arial, helvetica, sans-serif; font-size: 12pt;\">Formes et tailles personnalis\u00e9es<\/span><\/td>\n<\/tr>\n<tr style=\"height: 40px;\">\n<td style=\"width: 22.6796%; height: 34px; background-color: #ebebeb;\"><span style=\"font-size: 12pt;\"><strong><span style=\"font-family: arial, helvetica, sans-serif;\">Quantit\u00e9 minimum d&#039;achat<\/span><\/strong><\/span><\/td>\n<td style=\"width: 77.3204%; height: 34px; background-color: #ebebeb;\"><span style=\"font-family: arial, helvetica, sans-serif; font-size: 12pt;\">1000 pi\u00e8ces sans personnalisation, 10000 pi\u00e8ces pour personnalisation<\/span><\/td>\n<\/tr>\n<tr style=\"height: 40px; background-color: #99ccff;\">\n<td style=\"width: 22.6796%; height: 24px;\"><span style=\"font-size: 12pt;\"><strong><span style=\"font-family: arial, helvetica, sans-serif;\">Type d&#039;emballage<\/span><\/strong><\/span><\/td>\n<td style=\"width: 77.3204%; height: 24px;\"><span style=\"font-family: arial, helvetica, sans-serif; font-size: 12pt;\">Kraft Paper Bags<\/span><\/td>\n<\/tr>\n<tr style=\"height: 40px; background-color: #ebebeb;\">\n<td style=\"width: 22.6796%; height: 24px;\"><span style=\"font-size: 12pt;\"><strong><span style=\"font-family: arial, helvetica, sans-serif;\">Impression<\/span><\/strong><\/span><\/td>\n<td style=\"width: 77.3204%; height: 24px;\"><span style=\"font-family: arial, helvetica, sans-serif; font-size: 12pt;\">CMJN (1 \u00e0 8 couleurs), pas d&#039;impression (ordinaire)<\/span><\/td>\n<\/tr>\n<tr style=\"height: 40px; background-color: #99ccff;\">\n<td style=\"width: 22.6796%; height: 24px;\"><span style=\"font-size: 12pt;\"><strong><span style=\"font-family: arial, helvetica, sans-serif;\">Finition<\/span><\/strong><\/span><\/td>\n<td style=\"width: 77.3204%; height: 24px;\"><span style=\"font-family: arial, helvetica, sans-serif; font-size: 12pt;\">Stratification brillante\/mate, rev\u00eatement aqueux, vernis ponctuel, rev\u00eatement UV, gaufrage, gaufrage, impression sur feuille<\/span><\/td>\n<\/tr>\n<tr style=\"height: 40px; background-color: #ebebeb;\">\n<td style=\"width: 22.6796%; height: 24px;\"><span style=\"font-size: 12pt;\"><strong><span style=\"font-family: arial, helvetica, sans-serif;\">Mot-cl\u00e9<\/span><\/strong><\/span><\/td>\n<td style=\"width: 77.3204%; height: 24px;\"><span style=\"font-family: arial, helvetica, sans-serif; font-size: 12pt;\">Sacs d&#039;emballage en papier \u00e0 pain<\/span><\/td>\n<\/tr>\n<tr style=\"height: 40px; background-color: #99ccff;\">\n<td style=\"width: 22.6796%; height: 24px;\"><span style=\"font-size: 12pt;\"><strong><span style=\"font-family: arial, helvetica, sans-serif;\">Fonctionnalit\u00e9<\/span><\/strong><\/span><\/td>\n<td style=\"width: 77.3204%; height: 24px;\"><span style=\"font-family: arial, helvetica, sans-serif; font-size: 12pt;\">Mat\u00e9riau et encre de qualit\u00e9 alimentaire, emballage respectueux de l&#039;environnement.<\/span><\/td>\n<\/tr>\n<tr style=\"height: 40px; background-color: #ebebeb;\">\n<td style=\"width: 22.6796%; height: 24px;\"><span style=\"font-size: 12pt;\"><strong><span style=\"font-family: arial, helvetica, sans-serif;\">D\u00e9lai d&#039;ex\u00e9cution<\/span><\/strong><\/span><\/td>\n<td style=\"width: 77.3204%; height: 24px;\"><span style=\"font-family: arial, helvetica, sans-serif; font-size: 12pt;\">7 \u00e0 15 jours ouvrables, RUSH<\/span><\/td>\n<\/tr>\n<tr style=\"height: 40px; background-color: #99ccff;\">\n<td style=\"width: 22.6796%; height: 24px;\"><span style=\"font-size: 12pt;\"><strong><span style=\"font-family: arial, helvetica, sans-serif;\">Exp\u00e9dition<\/span><\/strong><\/span><\/td>\n<td style=\"width: 77.3204%; height: 24px;\"><span style=\"font-family: arial, helvetica, sans-serif; font-size: 12pt;\">Air, Mer, Express<\/span><\/td>\n<\/tr>\n<\/tbody>\n<\/table>\n<p>&nbsp;<\/p>","protected":false},"featured_media":1825,"comment_status":"open","ping_status":"closed","template":"","meta":[],"product_brand":[],"product_cat":[26,20],"product_tag":[],"class_list":{"0":"post-1819","1":"product","2":"type-product","3":"status-publish","4":"has-post-thumbnail","6":"product_cat-food-packaging","7":"product_cat-kraft-paper-bag","9":"first","10":"instock","11":"shipping-taxable","12":"product-type-simple"},"_links":{"self":[{"href":"https:\/\/polysmarts.com\/fr\/wp-json\/wp\/v2\/product\/1819","targetHints":{"allow":["GET"]}}],"collection":[{"href":"https:\/\/polysmarts.com\/fr\/wp-json\/wp\/v2\/product"}],"about":[{"href":"https:\/\/polysmarts.com\/fr\/wp-json\/wp\/v2\/types\/product"}],"replies":[{"embeddable":true,"href":"https:\/\/polysmarts.com\/fr\/wp-json\/wp\/v2\/comments?post=1819"}],"version-history":[{"count":3,"href":"https:\/\/polysmarts.com\/fr\/wp-json\/wp\/v2\/product\/1819\/revisions"}],"predecessor-version":[{"id":1828,"href":"https:\/\/polysmarts.com\/fr\/wp-json\/wp\/v2\/product\/1819\/revisions\/1828"}],"wp:featuredmedia":[{"embeddable":true,"href":"https:\/\/polysmarts.com\/fr\/wp-json\/wp\/v2\/media\/1825"}],"wp:attachment":[{"href":"https:\/\/polysmarts.com\/fr\/wp-json\/wp\/v2\/media?parent=1819"}],"wp:term":[{"taxonomy":"product_brand","embeddable":true,"href":"https:\/\/polysmarts.com\/fr\/wp-json\/wp\/v2\/product_brand?post=1819"},{"taxonomy":"product_cat","embeddable":true,"href":"https:\/\/polysmarts.com\/fr\/wp-json\/wp\/v2\/product_cat?post=1819"},{"taxonomy":"product_tag","embeddable":true,"href":"https:\/\/polysmarts.com\/fr\/wp-json\/wp\/v2\/product_tag?post=1819"}],"curies":[{"name":"wp","href":"https:\/\/api.w.org\/{rel}","templated":true}]}}