{"id":1798,"date":"2024-02-29T09:38:00","date_gmt":"2024-02-29T09:38:00","guid":{"rendered":"https:\/\/polysmarts.com\/?post_type=product&#038;p=1798"},"modified":"2024-02-29T10:39:46","modified_gmt":"2024-02-29T10:39:46","slug":"sacs-de-forme-decoupes-avec-hologramme-mylar-personnalise","status":"publish","type":"product","link":"https:\/\/polysmarts.com\/fr\/product\/custom-mylar-hologram-die-cut-shape-bags\/","title":{"rendered":"Sacs de forme d\u00e9coup\u00e9s avec hologramme Mylar personnalis\u00e9s"},"content":{"rendered":"<p>Les sacs d\u00e9coup\u00e9s sur mesure offrent la solution ultime pour prot\u00e9ger une large gamme de produits tout en \u00e9levant votre image de marque vers de nouveaux sommets. Avec la flexibilit\u00e9 d&#039;adopter n&#039;importe quelle forme qui compl\u00e8te parfaitement votre produit, ces sacs offrent une solution d&#039;emballage unique et accrocheuse.<\/p>\n<p>La combinaison de couches de protection utilis\u00e9es dans la fabrication de sacs Mylar d\u00e9coup\u00e9s sur mesure garantit la plus grande fra\u00eecheur et conservation des produits comestibles. Que vous emballiez des collations, des bonbons ou des friandises gastronomiques, ces sacs offrent une protection et une fra\u00eecheur in\u00e9gal\u00e9es, conservant ainsi la qualit\u00e9 optimale de vos produits.<\/p>\n<p>En plus de leur fonctionnalit\u00e9, les sacs Mylar d\u00e9coup\u00e9s servent \u00e9galement de toile pour mettre en valeur les \u00e9l\u00e9ments de votre marque. De l&#039;incorporation de votre logo et des couleurs de votre marque \u00e0 la cr\u00e9ation de formes personnalis\u00e9es qui refl\u00e8tent l&#039;essence de votre produit, ces sacs vous permettent de laisser une impression durable sur vos clients.<\/p>\n<p>Id\u00e9als pour stocker des produits de qualit\u00e9 sup\u00e9rieure, les sacs en forme d&#039;hologramme Mylar personnalis\u00e9s ajoutent une touche de sophistication et d&#039;exclusivit\u00e9 \u00e0 votre emballage. Que vous travailliez dans l&#039;industrie alimentaire, cosm\u00e9tique ou au d\u00e9tail, ces sacs constituent une solution d&#039;emballage polyvalente et efficace qui distingue votre marque de la concurrence.<\/p>\n<p>En r\u00e9sum\u00e9, les sacs en forme d&#039;hologramme Mylar personnalis\u00e9s allient fonctionnalit\u00e9, esth\u00e9tique et am\u00e9lioration de la marque pour fournir une solution d&#039;emballage sup\u00e9rieure pour vos produits. \u00c9levez votre image de marque et assurez la fra\u00eecheur et la qualit\u00e9 de vos produits avec ces sacs innovants et personnalisables.<\/p>","protected":false},"excerpt":{"rendered":"<table style=\"height: 360px; width: 99.8505%; border-collapse: collapse;\" border=\"2\">\n<tbody>\n<tr style=\"height: 40px;\">\n<td style=\"width: 22.6796%; height: 30px; background-color: #99ccff;\"><span style=\"font-family: arial, helvetica, sans-serif; font-size: 12pt;\"><strong>Dimensions et style<\/strong><\/span><\/td>\n<td style=\"width: 77.3204%; height: 30px; background-color: #99ccff;\"><span style=\"font-family: arial, helvetica, sans-serif; font-size: 12pt;\">Formes et tailles personnalis\u00e9es<\/span><\/td>\n<\/tr>\n<tr style=\"height: 40px;\">\n<td style=\"width: 22.6796%; height: 34px; background-color: #ebebeb;\"><span style=\"font-size: 12pt;\"><strong><span style=\"font-family: arial, helvetica, sans-serif;\">Quantit\u00e9 minimum d&#039;achat<\/span><\/strong><\/span><\/td>\n<td style=\"width: 77.3204%; height: 34px; background-color: #ebebeb;\"><span style=\"font-family: arial, helvetica, sans-serif; font-size: 12pt;\">1000 pi\u00e8ces sans personnalisation, 10000 pi\u00e8ces pour personnalisation<\/span><\/td>\n<\/tr>\n<tr style=\"height: 40px; background-color: #99ccff;\">\n<td style=\"width: 22.6796%; height: 24px;\"><span style=\"font-size: 12pt;\"><strong><span style=\"font-family: arial, helvetica, sans-serif;\">Type d&#039;emballage<\/span><\/strong><\/span><\/td>\n<td style=\"width: 77.3204%; height: 24px;\"><span style=\"font-family: arial, helvetica, sans-serif; font-size: 12pt;\">Sacs holographiques en forme d\u00e9coup\u00e9e en Mylar<\/span><\/td>\n<\/tr>\n<tr style=\"height: 40px; background-color: #ebebeb;\">\n<td style=\"width: 22.6796%; height: 24px;\"><span style=\"font-size: 12pt;\"><strong><span style=\"font-family: arial, helvetica, sans-serif;\">Impression<\/span><\/strong><\/span><\/td>\n<td style=\"width: 77.3204%; height: 24px;\"><span style=\"font-family: arial, helvetica, sans-serif; font-size: 12pt;\">Impression h\u00e9lio<\/span><\/td>\n<\/tr>\n<tr style=\"height: 40px; background-color: #99ccff;\">\n<td style=\"width: 22.6796%; height: 24px;\"><span style=\"font-size: 12pt;\"><strong><span style=\"font-family: arial, helvetica, sans-serif;\">\u00c9tanch\u00e9it\u00e9 et poign\u00e9e<\/span><\/strong><\/span><\/td>\n<td style=\"width: 77.3204%; height: 24px;\"><span style=\"font-family: arial, helvetica, sans-serif; font-size: 12pt;\">Joint thermique<\/span><\/td>\n<\/tr>\n<tr style=\"height: 40px; background-color: #ebebeb;\">\n<td style=\"width: 22.6796%; height: 24px;\"><span style=\"font-size: 12pt;\"><strong><span style=\"font-family: arial, helvetica, sans-serif;\">Material<\/span><\/strong><\/span><\/td>\n<td style=\"width: 77.3204%; height: 24px;\"><span style=\"font-family: arial, helvetica, sans-serif; font-size: 12pt;\">OPP + VMPET + LDPE<\/span><\/td>\n<\/tr>\n<tr style=\"height: 40px; background-color: #99ccff;\">\n<td style=\"width: 22.6796%; height: 24px;\"><span style=\"font-size: 12pt;\"><strong><span style=\"font-family: arial, helvetica, sans-serif;\">Preuve<\/span><\/strong><\/span><\/td>\n<td style=\"width: 77.3204%; height: 24px;\"><span style=\"font-family: arial, helvetica, sans-serif; font-size: 12pt;\">Preuves d&#039;odeur\u00a0<\/span><\/td>\n<\/tr>\n<tr style=\"height: 40px; background-color: #ebebeb;\">\n<td style=\"width: 22.6796%; height: 24px;\"><span style=\"font-size: 12pt;\"><strong><span style=\"font-family: arial, helvetica, sans-serif;\">D\u00e9lai d&#039;ex\u00e9cution<\/span><\/strong><\/span><\/td>\n<td style=\"width: 77.3204%; height: 24px;\"><span style=\"font-family: arial, helvetica, sans-serif; font-size: 12pt;\">7 \u00e0 12 jours ouvrables, RUSH<\/span><\/td>\n<\/tr>\n<tr style=\"height: 40px; background-color: #99ccff;\">\n<td style=\"width: 22.6796%; height: 24px;\"><span style=\"font-size: 12pt;\"><strong><span style=\"font-family: arial, helvetica, sans-serif;\">Exp\u00e9dition<\/span><\/strong><\/span><\/td>\n<td style=\"width: 77.3204%; height: 24px;\"><span style=\"font-family: arial, helvetica, sans-serif; font-size: 12pt;\">Air, Mer, Express<\/span><\/td>\n<\/tr>\n<\/tbody>\n<\/table>\n<p>&nbsp;<\/p>","protected":false},"featured_media":1804,"comment_status":"open","ping_status":"closed","template":"","meta":[],"product_brand":[],"product_cat":[32,30,35,18],"product_tag":[],"class_list":{"0":"post-1798","1":"product","2":"type-product","3":"status-publish","4":"has-post-thumbnail","6":"product_cat-3c-packaging","7":"product_cat-cosmetics-packaging","8":"product_cat-mylar-bags","9":"product_cat-zipper-bags","11":"first","12":"instock","13":"shipping-taxable","14":"product-type-simple"},"_links":{"self":[{"href":"https:\/\/polysmarts.com\/fr\/wp-json\/wp\/v2\/product\/1798","targetHints":{"allow":["GET"]}}],"collection":[{"href":"https:\/\/polysmarts.com\/fr\/wp-json\/wp\/v2\/product"}],"about":[{"href":"https:\/\/polysmarts.com\/fr\/wp-json\/wp\/v2\/types\/product"}],"replies":[{"embeddable":true,"href":"https:\/\/polysmarts.com\/fr\/wp-json\/wp\/v2\/comments?post=1798"}],"version-history":[{"count":2,"href":"https:\/\/polysmarts.com\/fr\/wp-json\/wp\/v2\/product\/1798\/revisions"}],"predecessor-version":[{"id":1806,"href":"https:\/\/polysmarts.com\/fr\/wp-json\/wp\/v2\/product\/1798\/revisions\/1806"}],"wp:featuredmedia":[{"embeddable":true,"href":"https:\/\/polysmarts.com\/fr\/wp-json\/wp\/v2\/media\/1804"}],"wp:attachment":[{"href":"https:\/\/polysmarts.com\/fr\/wp-json\/wp\/v2\/media?parent=1798"}],"wp:term":[{"taxonomy":"product_brand","embeddable":true,"href":"https:\/\/polysmarts.com\/fr\/wp-json\/wp\/v2\/product_brand?post=1798"},{"taxonomy":"product_cat","embeddable":true,"href":"https:\/\/polysmarts.com\/fr\/wp-json\/wp\/v2\/product_cat?post=1798"},{"taxonomy":"product_tag","embeddable":true,"href":"https:\/\/polysmarts.com\/fr\/wp-json\/wp\/v2\/product_tag?post=1798"}],"curies":[{"name":"wp","href":"https:\/\/api.w.org\/{rel}","templated":true}]}}