{"id":1779,"date":"2024-02-29T07:06:49","date_gmt":"2024-02-29T07:06:49","guid":{"rendered":"https:\/\/polysmarts.com\/?post_type=product&#038;p=1779"},"modified":"2024-02-29T07:19:38","modified_gmt":"2024-02-29T07:19:38","slug":"sacs-a-fermeture-eclair-de-noel-pochette-de-bonbons-personnalisee","status":"publish","type":"product","link":"https:\/\/polysmarts.com\/fr\/product\/christmas-zipper-bags-custom-candy-pouch\/","title":{"rendered":"Sacs \u00e0 fermeture \u00e9clair de No\u00ebl Pochette de bonbons personnalis\u00e9e"},"content":{"rendered":"<p>Embrassez l&#039;esprit de l&#039;hiver et des sacs \u00e0 fermeture \u00e9clair de No\u00ebl avec notre pochette rouge vif orn\u00e9e d&#039;ornements imprim\u00e9s blancs et d&#039;une grande fen\u00eatre rectangulaire. Parfait pour pr\u00e9senter des friandises faites maison comme des biscuits et du fudge, ou pour remplir de bonbons et de jouets de saison. Le panneau avant pr\u00e9sente de charmants ornements blancs pr\u00e9-imprim\u00e9s, tandis que le panneau arri\u00e8re rouge uni offre suffisamment d&#039;espace pour les \u00e9tiquettes ou le marquage. Fabriqu\u00e9 \u00e0 partir d&#039;un mat\u00e9riau de qualit\u00e9 alimentaire de 4,0 mil et thermoscellable pour plus de fra\u00eecheur.<\/p>\n<p>Description du produit : Offrez-vous la joie de la p\u00e9riode des f\u00eates avec nos ravissants sacs \u00e0 fermeture \u00e9clair de No\u00ebl, con\u00e7us pour ajouter une touche de joie festive \u00e0 vos friandises. Rayonnant d&#039;un rouge houx, ces sachets de qualit\u00e9 alimentaire disposent d&#039;une g\u00e9n\u00e9reuse fen\u00eatre transparente qui affiche fi\u00e8rement le contenu, invitant les clients, les amis et la famille \u00e0 se joindre aux festivit\u00e9s des f\u00eates.<\/p>\n<p>La fermeture \u00e9clair herm\u00e9tique et refermable garantit que vos friandises restent fra\u00eeches et d\u00e9licieuses, tandis que les encoches de d\u00e9chirure situ\u00e9es au-dessus de la fermeture \u00e9clair offrent un acc\u00e8s facile une fois ferm\u00e9e \u00e0 chaud. Nos sachets debout sont con\u00e7us pour conserver leur forme et leur stabilit\u00e9, ce qui les rend pr\u00eats \u00e0 \u00eatre expos\u00e9s sur des \u00e9tag\u00e8res ou des comptoirs.<\/p>\n<p>Que vous emballiez des friandises faites maison pour les offrir ou que vous remplissiez vos \u00e9tag\u00e8res de friandises saisonni\u00e8res, nos sacs \u00e0 fermeture \u00e9clair de No\u00ebl sont le choix parfait. Leur design festif et leur fonctionnalit\u00e9 pratique en font un ajout d\u00e9licieux \u00e0 toute c\u00e9l\u00e9bration des f\u00eates.<\/p>\n<p>En r\u00e9sum\u00e9, nos sacs zipp\u00e9s de No\u00ebl allient charme festif et fonctionnalit\u00e9 pratique pour rehausser la pr\u00e9sentation et la fra\u00eecheur de vos d\u00e9lices de saison. Embrassez l&#039;esprit des f\u00eates et ravissez vos clients avec ces pochettes joyeuses qui ne manqueront pas de r\u00e9pandre la joie et la joie tout au long de la saison.<\/p>","protected":false},"excerpt":{"rendered":"<table style=\"height: 360px; width: 99.8505%; border-collapse: collapse;\" border=\"2\">\n<tbody>\n<tr style=\"height: 40px;\">\n<td style=\"width: 22.6796%; height: 30px; background-color: #99ccff;\"><span style=\"font-family: arial, helvetica, sans-serif; font-size: 12pt;\"><strong>Dimensions et style<\/strong><\/span><\/td>\n<td style=\"width: 77.3204%; height: 30px; background-color: #99ccff;\"><span style=\"font-family: arial, helvetica, sans-serif; font-size: 12pt;\">Formes et tailles personnalis\u00e9es<\/span><\/td>\n<\/tr>\n<tr style=\"height: 40px;\">\n<td style=\"width: 22.6796%; height: 34px; background-color: #ebebeb;\"><span style=\"font-size: 12pt;\"><strong><span style=\"font-family: arial, helvetica, sans-serif;\">Quantit\u00e9 minimum d&#039;achat<\/span><\/strong><\/span><\/td>\n<td style=\"width: 77.3204%; height: 34px; background-color: #ebebeb;\"><span style=\"font-family: arial, helvetica, sans-serif; font-size: 12pt;\">1000 pi\u00e8ces sans personnalisation, 10000 pi\u00e8ces pour personnalisation<\/span><\/td>\n<\/tr>\n<tr style=\"height: 40px; background-color: #99ccff;\">\n<td style=\"width: 22.6796%; height: 24px;\"><span style=\"font-size: 12pt;\"><strong><span style=\"font-family: arial, helvetica, sans-serif;\">Type d&#039;emballage<\/span><\/strong><\/span><\/td>\n<td style=\"width: 77.3204%; height: 24px;\"><span style=\"font-family: arial, helvetica, sans-serif; font-size: 12pt;\">Sacs \u00e0 fermeture \u00e9clair de No\u00ebl<\/span><\/td>\n<\/tr>\n<tr style=\"height: 40px; background-color: #ebebeb;\">\n<td style=\"width: 22.6796%; height: 24px;\"><span style=\"font-size: 12pt;\"><strong><span style=\"font-family: arial, helvetica, sans-serif;\">Impression<\/span><\/strong><\/span><\/td>\n<td style=\"width: 77.3204%; height: 24px;\"><span style=\"font-family: arial, helvetica, sans-serif; font-size: 12pt;\">CMJN (1 \u00e0 10 couleurs), pas d&#039;impression (ordinaire)<\/span><\/td>\n<\/tr>\n<tr style=\"height: 40px; background-color: #99ccff;\">\n<td style=\"width: 22.6796%; height: 24px;\"><span style=\"font-size: 12pt;\"><strong><span style=\"font-family: arial, helvetica, sans-serif;\">Finition<\/span><\/strong><\/span><\/td>\n<td style=\"width: 77.3204%; height: 24px;\"><span style=\"font-family: arial, helvetica, sans-serif; font-size: 12pt;\">Stratification brillante\/mate, impression offset<\/span><\/td>\n<\/tr>\n<tr style=\"height: 40px; background-color: #ebebeb;\">\n<td style=\"width: 22.6796%; height: 24px;\"><span style=\"font-size: 12pt;\"><strong><span style=\"font-family: arial, helvetica, sans-serif;\">Options incluses<\/span><\/strong><\/span><\/td>\n<td style=\"width: 77.3204%; height: 24px;\"><span style=\"font-family: arial, helvetica, sans-serif; font-size: 12pt;\">D\u00e9coupe, thermoscellage<\/span><\/td>\n<\/tr>\n<tr style=\"height: 40px; background-color: #99ccff;\">\n<td style=\"width: 22.6796%; height: 24px;\"><span style=\"font-size: 12pt;\"><strong><span style=\"font-family: arial, helvetica, sans-serif;\">Preuve<\/span><\/strong><\/span><\/td>\n<td style=\"width: 77.3204%; height: 24px;\"><span style=\"font-family: arial, helvetica, sans-serif; font-size: 12pt;\">Preuves d&#039;odeur\u00a0<\/span><\/td>\n<\/tr>\n<tr style=\"height: 40px; background-color: #ebebeb;\">\n<td style=\"width: 22.6796%; height: 24px;\"><span style=\"font-size: 12pt;\"><strong><span style=\"font-family: arial, helvetica, sans-serif;\">D\u00e9lai d&#039;ex\u00e9cution<\/span><\/strong><\/span><\/td>\n<td style=\"width: 77.3204%; height: 24px;\"><span style=\"font-family: arial, helvetica, sans-serif; font-size: 12pt;\">7 \u00e0 15 jours ouvrables, RUSH<\/span><\/td>\n<\/tr>\n<tr style=\"height: 40px; background-color: #99ccff;\">\n<td style=\"width: 22.6796%; height: 24px;\"><span style=\"font-size: 12pt;\"><strong><span style=\"font-family: arial, helvetica, sans-serif;\">Exp\u00e9dition<\/span><\/strong><\/span><\/td>\n<td style=\"width: 77.3204%; height: 24px;\"><span style=\"font-family: arial, helvetica, sans-serif; font-size: 12pt;\">Air, Mer, Express<\/span><\/td>\n<\/tr>\n<\/tbody>\n<\/table>\n<p>&nbsp;<\/p>","protected":false},"featured_media":1780,"comment_status":"open","ping_status":"closed","template":"","meta":[],"product_brand":[],"product_cat":[26,18],"product_tag":[],"class_list":{"0":"post-1779","1":"product","2":"type-product","3":"status-publish","4":"has-post-thumbnail","6":"product_cat-food-packaging","7":"product_cat-zipper-bags","9":"first","10":"instock","11":"shipping-taxable","12":"product-type-simple"},"_links":{"self":[{"href":"https:\/\/polysmarts.com\/fr\/wp-json\/wp\/v2\/product\/1779","targetHints":{"allow":["GET"]}}],"collection":[{"href":"https:\/\/polysmarts.com\/fr\/wp-json\/wp\/v2\/product"}],"about":[{"href":"https:\/\/polysmarts.com\/fr\/wp-json\/wp\/v2\/types\/product"}],"replies":[{"embeddable":true,"href":"https:\/\/polysmarts.com\/fr\/wp-json\/wp\/v2\/comments?post=1779"}],"version-history":[{"count":2,"href":"https:\/\/polysmarts.com\/fr\/wp-json\/wp\/v2\/product\/1779\/revisions"}],"predecessor-version":[{"id":1786,"href":"https:\/\/polysmarts.com\/fr\/wp-json\/wp\/v2\/product\/1779\/revisions\/1786"}],"wp:featuredmedia":[{"embeddable":true,"href":"https:\/\/polysmarts.com\/fr\/wp-json\/wp\/v2\/media\/1780"}],"wp:attachment":[{"href":"https:\/\/polysmarts.com\/fr\/wp-json\/wp\/v2\/media?parent=1779"}],"wp:term":[{"taxonomy":"product_brand","embeddable":true,"href":"https:\/\/polysmarts.com\/fr\/wp-json\/wp\/v2\/product_brand?post=1779"},{"taxonomy":"product_cat","embeddable":true,"href":"https:\/\/polysmarts.com\/fr\/wp-json\/wp\/v2\/product_cat?post=1779"},{"taxonomy":"product_tag","embeddable":true,"href":"https:\/\/polysmarts.com\/fr\/wp-json\/wp\/v2\/product_tag?post=1779"}],"curies":[{"name":"wp","href":"https:\/\/api.w.org\/{rel}","templated":true}]}}