{"id":1722,"date":"2024-02-25T16:07:18","date_gmt":"2024-02-25T16:07:18","guid":{"rendered":"https:\/\/polysmarts.com\/?post_type=product&#038;p=1722"},"modified":"2024-02-25T16:25:35","modified_gmt":"2024-02-25T16:25:35","slug":"emballage-comestible-holographique-sac-en-mylar-decoupe","status":"publish","type":"product","link":"https:\/\/polysmarts.com\/fr\/product\/holographic-edible-packaging-die-cut-mylar-bag\/","title":{"rendered":"Sac en Mylar d\u00e9coup\u00e9 avec des matrices d&#039;emballage comestible holographique"},"content":{"rendered":"<p>Offrez-vous la commodit\u00e9 et le c\u00f4t\u00e9 pratique de nos sacs en Mylar d\u00e9coup\u00e9s avec des matrices d&#039;emballage comestible holographique. Fabriqu\u00e9s \u00e0 partir d&#039;un film m\u00e9tallis\u00e9 de qualit\u00e9 sup\u00e9rieure, ces sacs offrent durabilit\u00e9 et style. Avec un design personnalisable offrant jusqu&#039;\u00e0 10 couleurs vives et une fen\u00eatre avant transparente, ils allient harmonieusement fonctionnalit\u00e9 et esth\u00e9tique.<\/p>\n<p>Id\u00e9als pour une multitude d\u2019usages, ces merveilles d\u2019emballage maintiennent l\u2019humidit\u00e9 \u00e0 distance tout en simplifiant les efforts de stockage et d\u2019organisation. Des fleurs s\u00e9ch\u00e9es aux essentiels de p\u00e2tisserie en passant par les fruits secs, les collations et les herbes, ces sacs polyvalents r\u00e9pondent \u00e0 divers besoins de stockage. De plus, avec des options de taille personnalisables, nous garantissons un ajustement parfait pour chaque exigence.<\/p>\n<p>Am\u00e9liorez votre jeu d&#039;emballage avec nos sacs en Mylar d\u00e9coup\u00e9s sous forme d&#039;emballage comestible holographique, offrant \u00e0 la fois style et substance pour vos solutions de stockage.<\/p>\n<p>Offrez-vous la commodit\u00e9 et le c\u00f4t\u00e9 pratique de nos sacs en Mylar d\u00e9coup\u00e9s avec des matrices d&#039;emballage comestible holographique. Fabriqu\u00e9s \u00e0 partir d&#039;un film m\u00e9tallis\u00e9 de qualit\u00e9 sup\u00e9rieure, ces sacs offrent durabilit\u00e9 et style. Avec un design personnalisable offrant jusqu&#039;\u00e0 10 couleurs vives et une fen\u00eatre avant transparente, ils allient harmonieusement fonctionnalit\u00e9 et esth\u00e9tique.<\/p>\n<p>Id\u00e9als pour une multitude d\u2019usages, ces merveilles d\u2019emballage maintiennent l\u2019humidit\u00e9 \u00e0 distance tout en simplifiant les efforts de stockage et d\u2019organisation. Des fleurs s\u00e9ch\u00e9es aux essentiels de p\u00e2tisserie en passant par les fruits secs, les collations et les herbes, ces sacs polyvalents r\u00e9pondent \u00e0 divers besoins de stockage. De plus, avec des options de taille personnalisables, nous garantissons un ajustement parfait pour chaque exigence.<\/p>\n<p>Am\u00e9liorez votre jeu d&#039;emballage avec nos sacs en Mylar d\u00e9coup\u00e9s sous forme d&#039;emballage comestible holographique, offrant \u00e0 la fois style et substance pour vos solutions de stockage.<\/p>","protected":false},"excerpt":{"rendered":"<table style=\"height: 360px; width: 99.8505%; border-collapse: collapse;\" border=\"2\">\n<tbody>\n<tr style=\"height: 40px;\">\n<td style=\"width: 22.6796%; height: 30px; background-color: #99ccff;\"><span style=\"font-family: arial, helvetica, sans-serif; font-size: 12pt;\"><strong>Dimensions et style<\/strong><\/span><\/td>\n<td style=\"width: 77.3204%; height: 30px; background-color: #99ccff;\"><span style=\"font-family: arial, helvetica, sans-serif; font-size: 12pt;\">Formes et tailles personnalis\u00e9es<\/span><\/td>\n<\/tr>\n<tr style=\"height: 40px;\">\n<td style=\"width: 22.6796%; height: 34px; background-color: #ebebeb;\"><span style=\"font-size: 12pt;\"><strong><span style=\"font-family: arial, helvetica, sans-serif;\">Quantit\u00e9 minimum d&#039;achat<\/span><\/strong><\/span><\/td>\n<td style=\"width: 77.3204%; height: 34px; background-color: #ebebeb;\"><span style=\"font-family: arial, helvetica, sans-serif; font-size: 12pt;\">1000 pi\u00e8ces sans personnalisation, 10000 pi\u00e8ces pour personnalisation<\/span><\/td>\n<\/tr>\n<tr style=\"height: 40px; background-color: #99ccff;\">\n<td style=\"width: 22.6796%; height: 24px;\"><span style=\"font-size: 12pt;\"><strong><span style=\"font-family: arial, helvetica, sans-serif;\">Type d&#039;emballage<\/span><\/strong><\/span><\/td>\n<td style=\"width: 77.3204%; height: 24px;\"><span style=\"font-family: arial, helvetica, sans-serif; font-size: 12pt;\">Pochette debout<\/span><\/td>\n<\/tr>\n<tr style=\"height: 40px; background-color: #ebebeb;\">\n<td style=\"width: 22.6796%; height: 24px;\"><span style=\"font-size: 12pt;\"><strong><span style=\"font-family: arial, helvetica, sans-serif;\">Impression<\/span><\/strong><\/span><\/td>\n<td style=\"width: 77.3204%; height: 24px;\"><span style=\"font-family: arial, helvetica, sans-serif; font-size: 12pt;\">CMJN (1 \u00e0 10 couleurs), pas d&#039;impression (ordinaire)<\/span><\/td>\n<\/tr>\n<tr style=\"height: 40px; background-color: #99ccff;\">\n<td style=\"width: 22.6796%; height: 24px;\"><span style=\"font-size: 12pt;\"><strong><span style=\"font-family: arial, helvetica, sans-serif;\">Finition<\/span><\/strong><\/span><\/td>\n<td style=\"width: 77.3204%; height: 24px;\"><span style=\"font-family: arial, helvetica, sans-serif; font-size: 12pt;\">Stratification brillante\/mate, impression offset<\/span><\/td>\n<\/tr>\n<tr style=\"height: 40px; background-color: #ebebeb;\">\n<td style=\"width: 22.6796%; height: 24px;\"><span style=\"font-size: 12pt;\"><strong><span style=\"font-family: arial, helvetica, sans-serif;\">Options incluses<\/span><\/strong><\/span><\/td>\n<td style=\"width: 77.3204%; height: 24px;\"><span style=\"font-family: arial, helvetica, sans-serif; font-size: 12pt;\">D\u00e9coupe, thermoscellage<\/span><\/td>\n<\/tr>\n<tr style=\"height: 40px; background-color: #99ccff;\">\n<td style=\"width: 22.6796%; height: 24px;\"><span style=\"font-size: 12pt;\"><strong><span style=\"font-family: arial, helvetica, sans-serif;\">Preuve<\/span><\/strong><\/span><\/td>\n<td style=\"width: 77.3204%; height: 24px;\"><span style=\"font-family: arial, helvetica, sans-serif; font-size: 12pt;\">Preuves d&#039;odeur\u00a0<\/span><\/td>\n<\/tr>\n<tr style=\"height: 40px; background-color: #ebebeb;\">\n<td style=\"width: 22.6796%; height: 24px;\"><span style=\"font-size: 12pt;\"><strong><span style=\"font-family: arial, helvetica, sans-serif;\">D\u00e9lai d&#039;ex\u00e9cution<\/span><\/strong><\/span><\/td>\n<td style=\"width: 77.3204%; height: 24px;\"><span style=\"font-family: arial, helvetica, sans-serif; font-size: 12pt;\">7 \u00e0 15 jours ouvrables, RUSH<\/span><\/td>\n<\/tr>\n<tr style=\"height: 40px; background-color: #99ccff;\">\n<td style=\"width: 22.6796%; height: 24px;\"><span style=\"font-size: 12pt;\"><strong><span style=\"font-family: arial, helvetica, sans-serif;\">Exp\u00e9dition<\/span><\/strong><\/span><\/td>\n<td style=\"width: 77.3204%; height: 24px;\"><span style=\"font-family: arial, helvetica, sans-serif; font-size: 12pt;\">Air, Mer, Express<\/span><\/td>\n<\/tr>\n<\/tbody>\n<\/table>\n<p>&nbsp;<\/p>","protected":false},"featured_media":1723,"comment_status":"open","ping_status":"closed","template":"","meta":[],"product_brand":[],"product_cat":[26,18],"product_tag":[],"class_list":{"0":"post-1722","1":"product","2":"type-product","3":"status-publish","4":"has-post-thumbnail","6":"product_cat-food-packaging","7":"product_cat-zipper-bags","9":"first","10":"instock","11":"shipping-taxable","12":"product-type-simple"},"_links":{"self":[{"href":"https:\/\/polysmarts.com\/fr\/wp-json\/wp\/v2\/product\/1722","targetHints":{"allow":["GET"]}}],"collection":[{"href":"https:\/\/polysmarts.com\/fr\/wp-json\/wp\/v2\/product"}],"about":[{"href":"https:\/\/polysmarts.com\/fr\/wp-json\/wp\/v2\/types\/product"}],"replies":[{"embeddable":true,"href":"https:\/\/polysmarts.com\/fr\/wp-json\/wp\/v2\/comments?post=1722"}],"version-history":[{"count":3,"href":"https:\/\/polysmarts.com\/fr\/wp-json\/wp\/v2\/product\/1722\/revisions"}],"predecessor-version":[{"id":1733,"href":"https:\/\/polysmarts.com\/fr\/wp-json\/wp\/v2\/product\/1722\/revisions\/1733"}],"wp:featuredmedia":[{"embeddable":true,"href":"https:\/\/polysmarts.com\/fr\/wp-json\/wp\/v2\/media\/1723"}],"wp:attachment":[{"href":"https:\/\/polysmarts.com\/fr\/wp-json\/wp\/v2\/media?parent=1722"}],"wp:term":[{"taxonomy":"product_brand","embeddable":true,"href":"https:\/\/polysmarts.com\/fr\/wp-json\/wp\/v2\/product_brand?post=1722"},{"taxonomy":"product_cat","embeddable":true,"href":"https:\/\/polysmarts.com\/fr\/wp-json\/wp\/v2\/product_cat?post=1722"},{"taxonomy":"product_tag","embeddable":true,"href":"https:\/\/polysmarts.com\/fr\/wp-json\/wp\/v2\/product_tag?post=1722"}],"curies":[{"name":"wp","href":"https:\/\/api.w.org\/{rel}","templated":true}]}}